{"id":71890,"date":"2026-03-19T12:22:39","date_gmt":"2026-03-19T12:22:39","guid":{"rendered":"https:\/\/soydeaqui.ddns.net\/pachuca\/index.php\/producto\/servidor-nas-para-rack-de-12-bahias-expandible-hasta-180-bahias-hasta-1536-tb\/"},"modified":"2026-03-19T12:22:48","modified_gmt":"2026-03-19T12:22:48","slug":"servidor-nas-para-rack-de-12-bahias-expandible-hasta-180-bahias-hasta-1536-tb","status":"publish","type":"product","link":"https:\/\/soydeaqui.ddns.net\/pachuca\/index.php\/producto\/servidor-nas-para-rack-de-12-bahias-expandible-hasta-180-bahias-hasta-1536-tb\/","title":{"rendered":"Servidor NAS para rack de 12 bah\u00edas \/ Expandible hasta 180 bah\u00edas \/ Hasta 1,536 TB"},"content":{"rendered":"<div style='width: 100%; max-width: 1200px; margin: 0 auto; font-family: sans-serif; line-height: 1.6; color: inherit; background-color: transparent;'> <!-- Banner garant\u00eda --> <\/p>\n<div style='width: 100%; text-align: center; margin: 20px 0;'> <a href='https:\/\/ftp3.syscom.mx\/usuarios\/nortega\/synology\/PROCEDIMIENTO%20DE%20GARANTIAS.pdf'> <img style='width: 100%; max-width: 900px; height: auto; border: 1px solid rgba(150&comma;150&comma;150&comma;0.3); border-radius: 8px;' src='https:\/\/ftp3.syscom.mx\/usuarios\/nortega\/synology\/imagenes\/cintillo%20garantia.jpg' alt='Garant\u00eda' \/> <\/a> <\/div>\n<p> <!-- Secci\u00f3n principal --> <\/p>\n<div style='display: flex; flex-wrap: wrap; gap: 30px; margin: 80px 0; background-color: rgba(221&comma;229&comma;237&comma;0.3); padding: 20px; border-radius: 8px;'>\n<div style='flex: 1 1 300px; min-width: 280px;'>\n<h1 style='font-size: 28px; margin-top: 0; color: inherit;'>SA3600<\/h1>\n<p style='color: inherit;'>La soluci\u00f3n de copia de seguridad definitiva el SA3600 integra varias aplicaciones de copia de seguridad para proteger sus datos importantes en cualquier dispositivo con una interfaz de usuario intuitiva y tecnolog\u00edas de almacenamiento duradero.<\/p>\n<\/p><\/div>\n<div style='flex: 1 1 300px; min-width: 280px; position: relative; width: 100%;'> <img style='width: 100%; max-width: 100%; height: auto; border: 1px solid rgba(150&comma;150&comma;150&comma;0.3); border-radius: 8px;' src='http:\/\/172.31.13.99\/usuarios\/nortega\/synology\/imagenes\/sa3600\/heading.png' alt='SA3600' \/> <\/div>\n<\/p><\/div>\n<p> <!-- Secci\u00f3n de caracter\u00edsticas --> <\/p>\n<div style='margin: 40px 0;'>\n<h2 style='font-size: 24px; border-bottom: 2px solid currentColor; padding-bottom: 8px; margin-top: 0; color: inherit; opacity: 0.8;'>Almacenamiento altamente escalable con un rendimiento sin concesiones<\/h2>\n<p style='margin-bottom: 30px; color: inherit;'>Synology SA3600 es un servidor de montaje en bastidor 2U con escalabilidad y rendimiento de almacenamiento flexibles. Equipado con una CPU de 12 n\u00facleos y compatibilidad con redes de alta velocidad&comma; SA3600 ofrece un rendimiento secuencial de m\u00e1s de 5561 MB\/s. El SA3600&comma; que es compatible con unidades SAS y SATA&comma; proporciona una soluci\u00f3n de almacenamiento flexible y ampliable con un coste total de propiedad optimizado.<\/p>\n<p> <!-- Caracter\u00edsticas t\u00e9cnicas --> <\/p>\n<div style='display: flex; flex-wrap: wrap; gap: 15px; margin-bottom: 30px;'>\n<div style='flex: 1 1 200px; border: 1px solid rgba(150&comma;150&comma;150&comma;0.4); border-radius: 8px; padding: 15px; background-color: rgba(255&comma;255&comma;255&comma;0.05);'>\n<h3 style='font-size: 18px; margin-top: 0; color: inherit;'>CPU<\/h3>\n<p style='margin: 5px 0; color: inherit;'><strong>Intel\u00ae Xeon\u00ae D-1567 de 12 n\u00facleos y 2&comma;1 GHz<\/strong><\/p>\n<\/p><\/div>\n<div style='flex: 1 1 200px; border: 1px solid rgba(150&comma;150&comma;150&comma;0.4); border-radius: 8px; padding: 15px; background-color: rgba(255&comma;255&comma;255&comma;0.05);'>\n<h3 style='font-size: 18px; margin-top: 0; color: inherit;'>Memoria<\/h3>\n<p style='margin: 5px 0; color: inherit;'><strong>16 GB DDR4 ECC RDIMM&comma; hasta 128 GB<\/strong><\/p>\n<\/p><\/div>\n<div style='flex: 1 1 200px; border: 1px solid rgba(150&comma;150&comma;150&comma;0.4); border-radius: 8px; padding: 15px; background-color: rgba(255&comma;255&comma;255&comma;0.05);'>\n<h3 style='font-size: 18px; margin-top: 0; color: inherit;'>Escalabilidad<\/h3>\n<p style='margin: 5px 0; color: inherit;'><strong>Hasta 180\/96 unidades SAS\/SATA<sup style='font-size: 12px;'>2<\/sup><\/strong><\/p>\n<\/p><\/div>\n<div style='flex: 1 1 200px; border: 1px solid rgba(150&comma;150&comma;150&comma;0.4); border-radius: 8px; padding: 15px; background-color: rgba(255&comma;255&comma;255&comma;0.05);'>\n<h3 style='font-size: 18px; margin-top: 0; color: inherit;'>Ampliabilidad<\/h3>\n<p style='margin: 5px 0; color: inherit;'><strong>2 PCIe 3.0 para expansi\u00f3n mediante tarjetas adicionales<\/strong><\/p>\n<\/p><\/div>\n<\/p><\/div>\n<\/p><\/div>\n<p> <!-- Secci\u00f3n de texto destacado --> <\/p>\n<div style='background-color: #1f242d; padding: 15px; color: white; border-radius: 8px; margin: 25px 0; display: flex; flex-wrap: wrap; gap: 20px;'>\n<div style='flex: 1 1 300px; min-width: 280px;'>\n<p style='color: inherit;'>Almacenamiento escalable con un rendimiento excelente Hasta 180 unidades de almacenamiento y m\u00e1s de 1 petabyte de capacidad sin procesar&comma; el SA3600 satisface con facilidad las necesidades de la posproducci\u00f3n de v\u00eddeo y la implementaci\u00f3n de vigilancia masiva.<\/p>\n<\/p><\/div>\n<div style='flex: 1 1 300px; min-width: 280px;'>\n<p style='color: inherit;'>Dos puertos Ethernet 10GBASE-T integrados&comma; ranuras PCIe 3.0 para ampliar a 10\/25GbE adicionales&comma; el SA3600 ofrece una soluci\u00f3n de almacenamiento flexible y ampliable con un coste total de propiedad optimizado. El SA3600 cuenta con una CPU Intel\u00ae Xeon\u00ae D-1567 de 12 n\u00facleos y 16 GB de memoria RDIMM ECC (ampliable a 128 GB) para garantizar el rendimiento del sistema y la integridad de los datos.<\/p>\n<\/p><\/div>\n<\/p><\/div>\n<p> <!-- Secci\u00f3n de garant\u00eda --> <\/p>\n<div style='background-color: rgba(221&comma;229&comma;237&comma;0.3); padding: 15px; border-radius: 8px; margin: 25px 0; display: flex; flex-wrap: wrap; gap: 20px; align-items: center;'>\n<div style='flex: 1 1 150px; min-width: 120px; text-align: center;'> <img style='max-width: 150px; height: auto; border: 1px solid rgba(150&comma;150&comma;150&comma;0.3); border-radius: 8px;' src='https:\/\/ftp3.syscom.mx\/usuarios\/ftp\/single_page\/synology\/5year_warranty_02.png' alt='Garant\u00eda' \/> <\/div>\n<div style='flex: 1 1 300px; min-width: 280px;'>\n<p style='color: inherit;'>Gracias a la y al servicio de sustituci\u00f3n de hardware con gran capacidad de respuesta proporcionados por Synology&comma; con el SA3600 disfrutar\u00e1 de un servidor fiable&comma; que le permitir\u00e1 maximizar el tiempo de actividad de los servicios y reducir las p\u00e9rdidas provocadas por fallos de hardware inesperados.<\/p>\n<\/p><\/div>\n<\/p><\/div>\n<p> <!-- Especificaciones t\u00e9cnicas --> <\/p>\n<div style='margin: 40px 0;'>\n<h2 style='font-size: 24px; border-bottom: 2px solid currentColor; padding-bottom: 8px; margin-top: 0; color: inherit; opacity: 0.8;'>Especificaciones t\u00e9cnicas<\/h2>\n<div style='display: flex; flex-wrap: wrap; gap: 20px; margin-top: 20px;'> <!-- Columna izquierda --> <\/p>\n<div style='flex: 1 1 300px; min-width: 280px;'>\n<div style='border: 1px solid rgba(150&comma;150&comma;150&comma;0.4); border-radius: 8px; overflow: hidden; margin-bottom: 20px;'>\n<div style='padding: 15px; border-bottom: 1px solid rgba(150&comma;150&comma;150&comma;0.2); font-weight: bold; font-size: 18px; background-color: rgba(221&comma;229&comma;237&comma;0.1); color: inherit;'>Procesador<\/div>\n<div style='padding: 15px; color: inherit;'>\n<ul style='padding-left: 20px; margin: 0; font-size: 14px; list-style-type: disc;'>\n<li style='margin-bottom: 5px;'>Intel Xeon D-1567<\/li>\n<li style='margin-bottom: 5px;'>64-bit<\/li>\n<li style='margin-bottom: 5px;'>12 Core 2.2GHz<\/li>\n<\/ul><\/div>\n<\/p><\/div>\n<div style='border: 1px solid rgba(150&comma;150&comma;150&comma;0.4); border-radius: 8px; overflow: hidden; margin-bottom: 20px;'>\n<div style='padding: 15px; border-bottom: 1px solid rgba(150&comma;150&comma;150&comma;0.2); font-weight: bold; font-size: 18px; background-color: rgba(221&comma;229&comma;237&comma;0.1); color: inherit;'>Almacenamiento<\/div>\n<div style='padding: 15px; color: inherit;'>\n<ul style='padding-left: 20px; margin: 0; font-size: 14px; list-style-type: disc;'>\n<li style='margin-bottom: 5px;'>12 Bah\u00edas para Disco Duro (no incluidos)<\/li>\n<li style='margin-bottom: 5px;'>Expandible hasta 96 bah\u00edas con unidad de expansi\u00f3n RX1217SAS o 180 bah\u00edas con unidad de expansi\u00f3n RX2417SAS<\/li>\n<li style='margin-bottom: 5px;'>Soporta discos duros HDD\/SSD de 3.5\u201d&comma; 2.5\u201d. SATA HDD\/SSD o SAS<\/li>\n<li style='margin-bottom: 5px;'>Soporta discos duros de hasta 16TB<\/li>\n<li style='margin-bottom: 5px;'>Capacidad de hasta 192TB internos&comma; hasta 1&comma;536TB usando la Unidad de Expansi\u00f3n RS1217SAS(x7) o hasta 422.4TB usando la unidad de expansi\u00f3n RS2417SAS(x7)<\/li>\n<li style='margin-bottom: 5px;'>Hot Swap<\/li>\n<\/ul><\/div>\n<\/p><\/div>\n<div style='border: 1px solid rgba(150&comma;150&comma;150&comma;0.4); border-radius: 8px; overflow: hidden; margin-bottom: 20px;'>\n<div style='padding: 15px; border-bottom: 1px solid rgba(150&comma;150&comma;150&comma;0.2); font-weight: bold; font-size: 18px; background-color: rgba(221&comma;229&comma;237&comma;0.1); color: inherit;'>Puertos<\/div>\n<div style='padding: 15px; color: inherit;'>\n<ul style='padding-left: 20px; margin: 0; font-size: 14px; list-style-type: disc;'>\n<li style='margin-bottom: 5px;'>4 Puertos RJ45 Gigabit (Con soporte de conmutaci\u00f3n por error \/ Link Aggregation)<\/li>\n<li style='margin-bottom: 5px;'>2 Puertos RJ45 10GbE (Con soporte de conmutaci\u00f3n por error \/ Link Aggregation)<\/li>\n<li style='margin-bottom: 5px;'>2 Puertos USB 3.0<\/li>\n<li style='margin-bottom: 5px;'>1 Puerto de expansi\u00f3n<\/li>\n<\/ul><\/div>\n<\/p><\/div>\n<div style='border: 1px solid rgba(150&comma;150&comma;150&comma;0.4); border-radius: 8px; overflow: hidden; margin-bottom: 20px;'>\n<div style='padding: 15px; border-bottom: 1px solid rgba(150&comma;150&comma;150&comma;0.2); font-weight: bold; font-size: 18px; background-color: rgba(221&comma;229&comma;237&comma;0.1); color: inherit;'>RAID Compatible<\/div>\n<div style='padding: 15px; color: inherit;'>\n<ul style='padding-left: 20px; margin: 0; font-size: 14px; list-style-type: disc;'>\n<li style='margin-bottom: 5px;'>JBOD<\/li>\n<li style='margin-bottom: 5px;'>RAID 0<\/li>\n<li style='margin-bottom: 5px;'>RAID 1<\/li>\n<li style='margin-bottom: 5px;'>RAID 5<\/li>\n<li style='margin-bottom: 5px;'>RAID 6<\/li>\n<li style='margin-bottom: 5px;'>RAID 10<\/li>\n<\/ul><\/div>\n<\/p><\/div>\n<\/p><\/div>\n<p> <!-- Columna derecha --> <\/p>\n<div style='flex: 1 1 300px; min-width: 280px;'>\n<div style='border: 1px solid rgba(150&comma;150&comma;150&comma;0.4); border-radius: 8px; overflow: hidden; margin-bottom: 20px;'>\n<div style='padding: 15px; border-bottom: 1px solid rgba(150&comma;150&comma;150&comma;0.2); font-weight: bold; font-size: 18px; background-color: rgba(221&comma;229&comma;237&comma;0.1); color: inherit;'>Software<\/div>\n<div style='padding: 15px; color: inherit;'>\n<p style='margin-bottom: 15px; color: inherit;'>Synology DiskStation Manager (DSM) es un elegante sistema operativo basado en navegador&comma; lo que hace que Synology NAS sea muy f\u00e1cil de utilizar. Para conocer todas las aplicaciones adicionales (Add-Ons)&comma; como Servidor de Archivos&comma; de correo&comma; FTP&comma; impresi\u00f3n&comma; fotos&comma; videos y muchos m\u00e1s&comma; consulte la Hoja de Especificaciones.<\/p>\n<\/p><\/div>\n<\/p><\/div>\n<div style='border: 1px solid rgba(150&comma;150&comma;150&comma;0.4); border-radius: 8px; overflow: hidden; margin-bottom: 20px;'>\n<div style='padding: 15px; border-bottom: 1px solid rgba(150&comma;150&comma;150&comma;0.2); font-weight: bold; font-size: 18px; background-color: rgba(221&comma;229&comma;237&comma;0.1); color: inherit;'>Caracter\u00edsticas F\u00edsicas y El\u00e9ctricas<\/div>\n<div style='padding: 15px; color: inherit;'>\n<ul style='padding-left: 20px; margin: 0; font-size: 14px; list-style-type: disc;'>\n<li style='margin-bottom: 5px;'>Alimentaci\u00f3n: 100 a 240VCA<\/li>\n<li style='margin-bottom: 5px;'>Consumo: 137.17W<\/li>\n<li style='margin-bottom: 5px;'>Temperatura de operaci\u00f3n: 5 a 35 \u00b0C<\/li>\n<li style='margin-bottom: 5px;'>Dimensiones: 88 X 482 X 724 mm<\/li>\n<li style='margin-bottom: 5px;'>Peso: 14.5Kg<\/li>\n<li style='margin-bottom: 5px;'>Para instalaci\u00f3n en rack de 4 postes (utilizar RKS1317)<\/li>\n<\/ul>\n<p style='margin-top: 15px; color: inherit;'><strong>Garant\u00eda 5 a\u00f1os.<\/strong><br \/><em>*No incluye discos duros.<\/em><\/p>\n<\/p><\/div>\n<\/p><\/div>\n<div style='border: 1px solid rgba(150&comma;150&comma;150&comma;0.4); border-radius: 8px; overflow: hidden; margin-bottom: 20px; background-color: rgba(221&comma;229&comma;237&comma;0.1);'>\n<div style='padding: 15px; color: inherit;'>\n<h3 style='font-size: 20px; margin-top: 0; color: inherit;'>\u00bfQue servidor NAS es el mas adecuado para usted?<\/h3>\n<p> <a style='display: inline-block; padding: 8px 15px; background-color: #007bff; color: white; text-decoration: none; border-radius: 4px; font-size: 14px;' href='https:\/\/www.synology.com\/es-mx\/support\/nas_selector' target='_blank' rel='noopener'>Selector de servidor NAS<\/a> <\/div>\n<\/p><\/div>\n<\/p><\/div>\n<\/p><\/div>\n<\/p><\/div>\n<p> <!-- Banner compatibilidad --> <\/p>\n<div style='width: 100%; margin: 40px 0;'> <a style='display: block;' href='https:\/\/www.synology.com\/es-mx\/compatibility' target='_blank' rel='noopener'> <img style='width: 100%; height: auto; border: 1px solid rgba(150&comma;150&comma;150&comma;0.3); border-radius: 8px;' src='http:\/\/ftp3.syscom.mx\/usuarios\/nortega\/synology\/compatibilidad.jpg' alt='Compatibilidad' \/> <\/a> <\/div>\n<p> <!-- Separador final --> <\/p>\n<hr style='border: 0; border-top: 1px solid rgba(150&comma;150&comma;150&comma;0.3); margin: 40px 0;'> <\/div>\n","protected":false},"excerpt":{"rendered":"<p>Servidor NAS para rack de 12 bah\u00edas \/ Expandible hasta 180 bah\u00edas \/ Hasta 1,536 TB<\/p>\n","protected":false},"featured_media":71889,"comment_status":"open","ping_status":"closed","template":"","meta":[],"product_brand":[],"product_cat":[2067],"product_tag":[1974,2068,1976],"class_list":{"0":"post-71890","1":"product","2":"type-product","3":"status-publish","4":"has-post-thumbnail","6":"product_cat-servidores-nas","7":"product_tag-almacenamiento","8":"product_tag-servidores-nas","9":"product_tag-synology","11":"first","12":"outofstock","13":"sale","14":"shipping-taxable","15":"purchasable","16":"product-type-simple"},"_links":{"self":[{"href":"https:\/\/soydeaqui.ddns.net\/pachuca\/index.php\/wp-json\/wp\/v2\/product\/71890","targetHints":{"allow":["GET"]}}],"collection":[{"href":"https:\/\/soydeaqui.ddns.net\/pachuca\/index.php\/wp-json\/wp\/v2\/product"}],"about":[{"href":"https:\/\/soydeaqui.ddns.net\/pachuca\/index.php\/wp-json\/wp\/v2\/types\/product"}],"replies":[{"embeddable":true,"href":"https:\/\/soydeaqui.ddns.net\/pachuca\/index.php\/wp-json\/wp\/v2\/comments?post=71890"}],"wp:featuredmedia":[{"embeddable":true,"href":"https:\/\/soydeaqui.ddns.net\/pachuca\/index.php\/wp-json\/wp\/v2\/media\/71889"}],"wp:attachment":[{"href":"https:\/\/soydeaqui.ddns.net\/pachuca\/index.php\/wp-json\/wp\/v2\/media?parent=71890"}],"wp:term":[{"taxonomy":"product_brand","embeddable":true,"href":"https:\/\/soydeaqui.ddns.net\/pachuca\/index.php\/wp-json\/wp\/v2\/product_brand?post=71890"},{"taxonomy":"product_cat","embeddable":true,"href":"https:\/\/soydeaqui.ddns.net\/pachuca\/index.php\/wp-json\/wp\/v2\/product_cat?post=71890"},{"taxonomy":"product_tag","embeddable":true,"href":"https:\/\/soydeaqui.ddns.net\/pachuca\/index.php\/wp-json\/wp\/v2\/product_tag?post=71890"}],"curies":[{"name":"wp","href":"https:\/\/api.w.org\/{rel}","templated":true}]}}