{"id":71879,"date":"2026-03-19T12:22:09","date_gmt":"2026-03-19T12:22:09","guid":{"rendered":"https:\/\/soydeaqui.ddns.net\/pachuca\/index.php\/producto\/probador-de-cables-de-red-y-probador-de-cables-de-datos-lan-explorer-con-transmisor-remoto\/"},"modified":"2026-03-19T12:22:09","modified_gmt":"2026-03-19T12:22:09","slug":"probador-de-cables-de-red-y-probador-de-cables-de-datos-lan-explorer-con-transmisor-remoto","status":"publish","type":"product","link":"https:\/\/soydeaqui.ddns.net\/pachuca\/index.php\/producto\/probador-de-cables-de-red-y-probador-de-cables-de-datos-lan-explorer-con-transmisor-remoto\/","title":{"rendered":"Probador de Cables de Red y Probador de Cables de Datos LAN Explorer\u2122 con Transmisor Remoto."},"content":{"rendered":"<div style='width: 100%; max-width: 1200px; margin: 0 auto; font-family: sans-serif; line-height: 1.6; color: inherit; background-color: transparent;'> <!-- Secci\u00f3n de caracter\u00edsticas --> <\/p>\n<div style='display: flex; flex-wrap: wrap; gap: 30px; margin-bottom: 30px;'>\n<div style='flex: 1 1 300px; min-width: 280px;'>\n<h3 style='font-size: 22px; border-bottom: 2px solid currentColor; padding-bottom: 5px; margin-top: 0; color: inherit; opacity: 0.8;'>Caracter\u00edsticas<\/h3>\n<ul style='padding-left: 20px; font-size: 15px; color: inherit;'>\n<li style='margin-bottom: 5px;'><span style='font-size: 10pt; font-family: verdana&comma; geneva&comma; sans-serif;'>Probador de cables con bot\u00f3n \u00fanico de prueba de cables de voz y datos terminados RJ11&comma; RJ12 y RJ45.<\/span><\/li>\n<li style='margin-bottom: 5px;'><span style='font-size: 10pt; font-family: verdana&comma; geneva&comma; sans-serif;'>Prueba cables CAT3&comma; CAT5e y CAT6\/6A.<\/span><\/li>\n<li style='margin-bottom: 5px;'><span style='font-size: 10pt; font-family: verdana&comma; geneva&comma; sans-serif;'>Las r\u00e1pidas respuestas LED indican el estado del cable (Aprobado&comma; Error de cableado&comma; Falla de circuito abierto&comma; Falla de cortocircuito&comma; y Blindaje).<\/span><\/li>\n<li style='margin-bottom: 5px;'><span style='font-size: 10pt; font-family: verdana&comma; geneva&comma; sans-serif;'>Transmisor remoto de prueba que se almacena de forma segura en el cuerpo del probador.<\/span><\/li>\n<li style='margin-bottom: 5px;'><span style='font-size: 10pt; font-family: verdana&comma; geneva&comma; sans-serif;'>Probador compacto que se adapta f\u00e1cilmente a su bolsillo.<\/span><\/li>\n<li style='margin-bottom: 5px;'><span style='font-size: 10pt; font-family: verdana&comma; geneva&comma; sans-serif;'>Funci\u00f3n de apagado autom\u00e1tico para ahorrar bater\u00eda (de 9 V incluida).<\/span><\/li>\n<li style='margin-bottom: 5px;'><span style='font-size: 10pt; font-family: verdana&comma; geneva&comma; sans-serif;'>Indicador de bater\u00eda baja.<\/span><\/li>\n<\/ul><\/div>\n<\/p><\/div>\n<p> <!-- Secci\u00f3n de especificaciones --> <\/p>\n<div style='display: flex; flex-wrap: wrap; gap: 20px; margin-bottom: 30px;'>\n<div style='flex: 1 1 250px; border: 1px solid rgba(150&comma; 150&comma; 150&comma; 0.4); border-radius: 8px; overflow: hidden; display: flex; flex-direction: column;'>\n<div style='padding: 15px; border-bottom: 1px solid rgba(150&comma; 150&comma; 150&comma; 0.2); font-weight: bold; font-size: 18px; color: inherit;'>Dimensiones y Especificaciones<\/div>\n<div style='padding: 15px; color: inherit;'>\n<ul style='padding-left: 20px; margin: 0; font-size: 14px; list-style-type: disc;'>\n<li style='margin-bottom: 5px;'><span style='font-size: 10pt; font-family: verdana&comma; geneva&comma; sans-serif; color: #000000;'>Aplicaci\u00f3n: Prueba de cables<\/span><\/li>\n<li style='margin-bottom: 5px;'><span style='font-size: 10pt; font-family: verdana&comma; geneva&comma; sans-serif; color: #000000;'>Tipo: Cable de par trenzado&comma; datos&comma; voz&comma; LAN<\/span><\/li>\n<li style='margin-bottom: 5px;'><span style='font-size: 10pt; font-family: verdana&comma; geneva&comma; sans-serif; color: #000000;'>Caracter\u00edsticas especiales: Respuesta LED<\/span><\/li>\n<li style='margin-bottom: 5px;'><span style='font-size: 10pt; font-family: verdana&comma; geneva&comma; sans-serif; color: #000000;'>Tipo de cable: CAT3&comma; CAT5e y CAT6\/6A<\/span><\/li>\n<li style='margin-bottom: 5px;'><span style='font-size: 10pt; font-family: verdana&comma; geneva&comma; sans-serif; color: #000000;'>Longitud total: 5&#8242; (127 mm)<\/span><\/li>\n<li style='margin-bottom: 5px;'><span style='font-size: 10pt; font-family: verdana&comma; geneva&comma; sans-serif; color: #000000;'>Altura total: 1.25&#8242; (32 mm)<\/span><\/li>\n<li style='margin-bottom: 5px;'><span style='font-size: 10pt; font-family: verdana&comma; geneva&comma; sans-serif; color: #000000;'>Ancho total: 2.5&#8242; (64 mm)<\/span><\/li>\n<li style='margin-bottom: 5px;'><span style='font-size: 10pt; font-family: verdana&comma; geneva&comma; sans-serif; color: #000000;'>Material: Pl\u00e1stico y metal estampado<\/span><\/li>\n<li style='margin-bottom: 5px;'><span style='font-size: 10pt; font-family: verdana&comma; geneva&comma; sans-serif; color: #000000;'>Transmisores remotos de ID Test n-Map: 1<\/span><\/li>\n<li style='margin-bottom: 5px;'><span style='font-size: 10pt; font-family: verdana&comma; geneva&comma; sans-serif; color: #000000;'>Bater\u00edas: 1 de 9 V<\/span><\/li>\n<li style='margin-bottom: 5px;'><span style='font-size: 10pt; font-family: verdana&comma; geneva&comma; sans-serif; color: #000000;'>Vida \u00fatil de la bater\u00eda: En actividad: 80 horas&comma; modo en espera: 3.5 a\u00f1os<\/span><\/li>\n<li style='margin-bottom: 5px;'><span style='font-size: 10pt; font-family: verdana&comma; geneva&comma; sans-serif; color: #000000;'>Protecci\u00f3n anti ca\u00eddas: 2&#8242; (0.6 m)<\/span><\/li>\n<li style='margin-bottom: 5px;'><span style='font-size: 10pt; font-family: verdana&comma; geneva&comma; sans-serif; color: #000000;'>Tipos de conectores y adaptadores: RJ11&comma; RJ12 y RJ45<\/span><\/li>\n<li style='margin-bottom: 5px;'><span style='font-size: 10pt; font-family: verdana&comma; geneva&comma; sans-serif; color: #000000;'>Generador de tono estilo m\u00faltiple: No<\/span><\/li>\n<li style='margin-bottom: 5px;'><span style='font-size: 10pt; font-family: verdana&comma; geneva&comma; sans-serif; color: #000000;'>Fallas detectadas: Prueba aprobada&comma; error de cableado&comma; falla de circuito abierto&comma; falla de cortocircuito y blindaje<\/span><\/li>\n<li style='margin-bottom: 5px;'><span style='font-size: 10pt; font-family: verdana&comma; geneva&comma; sans-serif; color: #000000;'>Tipos de prueba y medici\u00f3n: Voz&comma; datos&comma; RJ45&comma; RJ11<\/span><\/li>\n<li style='margin-bottom: 5px;'><span style='font-size: 10pt; font-family: verdana&comma; geneva&comma; sans-serif; color: #000000;'>Incluidas: Probador&comma; transmisor remoto y bater\u00eda de 9 V<\/span><\/li>\n<li style='margin-bottom: 5px;'><span style='font-size: 10pt; font-family: verdana&comma; geneva&comma; sans-serif; color: #000000;'>Peso: 116 g (4 oz)<\/span><\/li>\n<\/ul><\/div>\n<\/p><\/div>\n<\/p><\/div>\n<p> <!-- Separador --> <\/p>\n<hr style='border: 0; border-top: 1px solid rgba(150&comma; 150&comma; 150&comma; 0.3); margin: 30px 0;'> <\/div>\n","protected":false},"excerpt":{"rendered":"<p>Probador de Cables de Red y Probador de Cables de Datos LAN Explorer\u2122 con Transmisor Remoto.<\/p>\n","protected":false},"featured_media":71878,"comment_status":"open","ping_status":"closed","template":"","meta":[],"product_brand":[],"product_cat":[130],"product_tag":[25,131,432],"class_list":{"0":"post-71879","1":"product","2":"type-product","3":"status-publish","4":"has-post-thumbnail","6":"product_cat-herramientas-electricas","7":"product_tag-herramientas","8":"product_tag-herramientas-electricas","9":"product_tag-klein-tools","11":"first","12":"instock","13":"sale","14":"shipping-taxable","15":"purchasable","16":"product-type-simple"},"_links":{"self":[{"href":"https:\/\/soydeaqui.ddns.net\/pachuca\/index.php\/wp-json\/wp\/v2\/product\/71879","targetHints":{"allow":["GET"]}}],"collection":[{"href":"https:\/\/soydeaqui.ddns.net\/pachuca\/index.php\/wp-json\/wp\/v2\/product"}],"about":[{"href":"https:\/\/soydeaqui.ddns.net\/pachuca\/index.php\/wp-json\/wp\/v2\/types\/product"}],"replies":[{"embeddable":true,"href":"https:\/\/soydeaqui.ddns.net\/pachuca\/index.php\/wp-json\/wp\/v2\/comments?post=71879"}],"wp:featuredmedia":[{"embeddable":true,"href":"https:\/\/soydeaqui.ddns.net\/pachuca\/index.php\/wp-json\/wp\/v2\/media\/71878"}],"wp:attachment":[{"href":"https:\/\/soydeaqui.ddns.net\/pachuca\/index.php\/wp-json\/wp\/v2\/media?parent=71879"}],"wp:term":[{"taxonomy":"product_brand","embeddable":true,"href":"https:\/\/soydeaqui.ddns.net\/pachuca\/index.php\/wp-json\/wp\/v2\/product_brand?post=71879"},{"taxonomy":"product_cat","embeddable":true,"href":"https:\/\/soydeaqui.ddns.net\/pachuca\/index.php\/wp-json\/wp\/v2\/product_cat?post=71879"},{"taxonomy":"product_tag","embeddable":true,"href":"https:\/\/soydeaqui.ddns.net\/pachuca\/index.php\/wp-json\/wp\/v2\/product_tag?post=71879"}],"curies":[{"name":"wp","href":"https:\/\/api.w.org\/{rel}","templated":true}]}}