{"id":71860,"date":"2026-03-19T12:21:30","date_gmt":"2026-03-19T12:21:30","guid":{"rendered":"https:\/\/soydeaqui.ddns.net\/pachuca\/index.php\/producto\/router-industrial-lte-4g-con-1-puerto-ethernet-10-100-1000mbps-gigabit\/"},"modified":"2026-03-19T12:21:40","modified_gmt":"2026-03-19T12:21:40","slug":"router-industrial-lte-4g-con-1-puerto-ethernet-10-100-1000mbps-gigabit","status":"publish","type":"product","link":"https:\/\/soydeaqui.ddns.net\/pachuca\/index.php\/producto\/router-industrial-lte-4g-con-1-puerto-ethernet-10-100-1000mbps-gigabit\/","title":{"rendered":"Router Industrial LTE 4G, con 1 puerto Ethernet 10\/100\/1000Mbps Gigabit"},"content":{"rendered":"<div style='width: 100%; max-width: 1200px; margin: 0 auto; font-family: sans-serif; line-height: 1.6; color: inherit; background-color: transparent;'>\n<div style='width: 100%; max-width: 1200px; margin: 0 auto;'> <img style='width: 100%; height: auto; border: 1px solid rgba(150&comma;150&comma;150&comma;0.3); border-radius: 8px;' src='https:\/\/ftp3.syscom.mx\/usuarios\/fotos\/TRB140\/193707-banner_trb140_es.png' alt='Banner TRB140'> <\/div>\n<div style='width: 100%; padding: 0 70px; margin: 30px 0;'>\n<p style='font-size: 14pt; text-align: justify; color: inherit;'>TRB140 es una puerta de enlace industrial ultrapeque\u00f1a&comma; ligera y energ\u00e9ticamente eficiente equipada con capacidades LTE Cat 4 de misi\u00f3n cr\u00edtica&comma; interfaz Gigabit Ethernet&comma; entradas\/salidas digitales y puerto micro-USB.<\/p>\n<p style='font-size: 14pt; text-align: justify; color: inherit;'>Debido a su dise\u00f1o compacto&comma; este producto es perfecto para proyectos y aplicaciones donde un solo gadget requiere conectividad a Internet confiable.<\/p>\n<p style='font-size: 14pt; text-align: justify; color: inherit;'>TRB140 est\u00e1 especialmente dise\u00f1ado para ser utilizado en el sector industrial y tiene una amplia gama de caracter\u00edsticas de seguridad de software&comma; como control SMS&comma; firewall&comma; VPN abierta&comma; IPsec&comma; sistema de gesti\u00f3n remota (RMS) y soporte FOTA.<\/p>\n<\/p><\/div>\n<div style='width: 100%; margin: 30px 0;'>\n<h2 style='color: inherit; border-bottom: 2px solid currentColor; padding-bottom: 5px; margin: 0 0 20px 0;'>Caracter\u00edsticas<\/h2>\n<\/p><\/div>\n<div style='display: flex; flex-wrap: wrap; gap: 30px; margin-bottom: 30px;'>\n<div style='flex: 1 1 300px; min-width: 280px;'>\n<div style='border: 1px solid rgba(150&comma; 150&comma; 150&comma; 0.4); border-radius: 8px; overflow: hidden; display: flex; flex-direction: column;'>\n<div style='padding: 15px; border-bottom: 1px solid rgba(150&comma; 150&comma; 150&comma; 0.2); background-color: rgba(53&comma; 152&comma; 219&comma; 0.1); color: inherit; font-weight: bold; font-size: 18px;'>Generales<\/div>\n<div style='padding: 15px; color: inherit;'>\n<ul style='padding-left: 20px; margin: 0; font-size: 14px; list-style-type: disc; color: inherit;'>\n<li style='margin-bottom: 5px;'>Administraci\u00f3n Remota por RMS.<\/li>\n<li style='margin-bottom: 5px;'>Construcci\u00f3n robusta en carcasa de aluminio con opci\u00f3n de montaje en riel DIN.<\/li>\n<li style='margin-bottom: 5px;'>Gran rango de operaci\u00f3n en ambientes extremos.<\/li>\n<li style='margin-bottom: 5px;'>Tama\u00f1o compacto.<\/li>\n<\/ul><\/div>\n<\/p><\/div>\n<\/p><\/div>\n<div style='flex: 1 1 300px; min-width: 280px;'>\n<div style='border: 1px solid rgba(150&comma; 150&comma; 150&comma; 0.4); border-radius: 8px; overflow: hidden; display: flex; flex-direction: column;'>\n<div style='padding: 15px; border-bottom: 1px solid rgba(150&comma; 150&comma; 150&comma; 0.2); background-color: rgba(53&comma; 152&comma; 219&comma; 0.1); color: inherit; font-weight: bold; font-size: 18px;'>Conectividad<\/div>\n<div style='padding: 15px; color: inherit;'>\n<ul style='padding-left: 20px; margin: 0; font-size: 14px; list-style-type: disc; color: inherit;'>\n<li style='margin-bottom: 5px;'>4G (LTE) &#8211; Cat 4 hasta 150 Mbps<\/li>\n<li style='margin-bottom: 5px;'>1 Puerto LAN&comma; 10\/100\/1000 Mbps<\/li>\n<li style='margin-bottom: 5px;'>Conexion por VPN (RMS)<\/li>\n<\/ul><\/div>\n<\/p><\/div>\n<div style='margin-top: 20px; border: 1px solid rgba(150&comma; 150&comma; 150&comma; 0.4); border-radius: 8px; overflow: hidden; display: flex; flex-direction: column;'>\n<div style='padding: 15px; border-bottom: 1px solid rgba(150&comma; 150&comma; 150&comma; 0.2); background-color: rgba(53&comma; 152&comma; 219&comma; 0.1); color: inherit; font-weight: bold; font-size: 18px;'>Hardware<\/div>\n<div style='padding: 15px; color: inherit;'>\n<ul style='padding-left: 20px; margin: 0; font-size: 14px; list-style-type: disc; color: inherit;'>\n<li style='margin-bottom: 5px;'>CPU: ARM Cortex A7&comma; 1.2 GHz<\/li>\n<li style='margin-bottom: 5px;'>RAM: 128 MB<\/li>\n<\/ul><\/div>\n<\/p><\/div>\n<\/p><\/div>\n<div style='flex: 1 1 300px; min-width: 280px;'>\n<div style='border: 1px solid rgba(150&comma; 150&comma; 150&comma; 0.4); border-radius: 8px; overflow: hidden; display: flex; flex-direction: column;'>\n<div style='padding: 15px; border-bottom: 1px solid rgba(150&comma; 150&comma; 150&comma; 0.2); background-color: rgba(53&comma; 152&comma; 219&comma; 0.1); color: inherit; font-weight: bold; font-size: 18px;'>El\u00e9ctricas y F\u00edsicas<\/div>\n<div style='padding: 15px; color: inherit;'>\n<ul style='padding-left: 20px; margin: 0; font-size: 14px; list-style-type: disc; color: inherit;'>\n<li style='margin-bottom: 5px;'>Alimentaci\u00f3n: 9 &#8211; 30 Vcc&comma; PoE pasivo puerto LAN<\/li>\n<li style='margin-bottom: 5px;'>Consumo: 5 W<\/li>\n<li style='margin-bottom: 5px;'>Peso: 134 g<\/li>\n<li style='margin-bottom: 5px;'>Dimensiones: 74.5x25x64.4 mm (An x Al x Pr)<\/li>\n<li style='margin-bottom: 5px;'>Temperatura de Operaci\u00f3n: -40 a 75\u00ba C<\/li>\n<li style='margin-bottom: 5px;'>Protecci\u00f3n de ingreso: IP30<\/li>\n<\/ul><\/div>\n<\/p><\/div>\n<\/p><\/div>\n<\/p><\/div>\n<hr style='border: 0; border-top: 1px solid rgba(150&comma; 150&comma; 150&comma; 0.3); margin: 30px 0;'>\n<div style='width: 100%; margin: 30px 0;'>\n<h2 style='color: inherit; border-bottom: 2px solid currentColor; padding-bottom: 5px; margin: 0 0 20px 0;'>Remote Management System RMS<\/h2>\n<\/p><\/div>\n<div style='display: flex; flex-wrap: wrap; gap: 30px; justify-content: space-between;'>\n<div style='flex: 1 1 560px; min-width: 300px;'>\n<div style='position: relative; padding-bottom: 56.25%; height: 0; overflow: hidden; margin-bottom: 30px;'>   <\/div>\n<\/p><\/div>\n<div style='flex: 1 1 560px; min-width: 300px;'>\n<div style='position: relative; padding-bottom: 56.25%; height: 0; overflow: hidden; margin-bottom: 30px;'>   <\/div>\n<\/p><\/div>\n<\/p><\/div>\n<\/p><\/div>\n","protected":false},"excerpt":{"rendered":"<p>Router Industrial LTE 4G, con 1 puerto Ethernet 10\/100\/1000Mbps Gigabit<\/p>\n","protected":false},"featured_media":71859,"comment_status":"open","ping_status":"closed","template":"","meta":[],"product_brand":[],"product_cat":[1984],"product_tag":[1985,664,1430],"class_list":{"0":"post-71860","1":"product","2":"type-product","3":"status-publish","4":"has-post-thumbnail","6":"product_cat-industrial","7":"product_tag-industrial","8":"product_tag-networking","9":"product_tag-teltonika","11":"first","12":"instock","13":"sale","14":"shipping-taxable","15":"purchasable","16":"product-type-simple"},"_links":{"self":[{"href":"https:\/\/soydeaqui.ddns.net\/pachuca\/index.php\/wp-json\/wp\/v2\/product\/71860","targetHints":{"allow":["GET"]}}],"collection":[{"href":"https:\/\/soydeaqui.ddns.net\/pachuca\/index.php\/wp-json\/wp\/v2\/product"}],"about":[{"href":"https:\/\/soydeaqui.ddns.net\/pachuca\/index.php\/wp-json\/wp\/v2\/types\/product"}],"replies":[{"embeddable":true,"href":"https:\/\/soydeaqui.ddns.net\/pachuca\/index.php\/wp-json\/wp\/v2\/comments?post=71860"}],"wp:featuredmedia":[{"embeddable":true,"href":"https:\/\/soydeaqui.ddns.net\/pachuca\/index.php\/wp-json\/wp\/v2\/media\/71859"}],"wp:attachment":[{"href":"https:\/\/soydeaqui.ddns.net\/pachuca\/index.php\/wp-json\/wp\/v2\/media?parent=71860"}],"wp:term":[{"taxonomy":"product_brand","embeddable":true,"href":"https:\/\/soydeaqui.ddns.net\/pachuca\/index.php\/wp-json\/wp\/v2\/product_brand?post=71860"},{"taxonomy":"product_cat","embeddable":true,"href":"https:\/\/soydeaqui.ddns.net\/pachuca\/index.php\/wp-json\/wp\/v2\/product_cat?post=71860"},{"taxonomy":"product_tag","embeddable":true,"href":"https:\/\/soydeaqui.ddns.net\/pachuca\/index.php\/wp-json\/wp\/v2\/product_tag?post=71860"}],"curies":[{"name":"wp","href":"https:\/\/api.w.org\/{rel}","templated":true}]}}