{"id":71852,"date":"2026-03-19T12:21:10","date_gmt":"2026-03-19T12:21:10","guid":{"rendered":"https:\/\/soydeaqui.ddns.net\/pachuca\/index.php\/producto\/enlace-backhaul-completo-de-alta-capacidad-incluye-2x-ptp550ce-2x-nptr3-37-dbi-4x-jumpers\/"},"modified":"2026-03-19T12:21:12","modified_gmt":"2026-03-19T12:21:12","slug":"enlace-backhaul-completo-de-alta-capacidad-incluye-2x-ptp550ce-2x-nptr3-37-dbi-4x-jumpers","status":"publish","type":"product","link":"https:\/\/soydeaqui.ddns.net\/pachuca\/index.php\/producto\/enlace-backhaul-completo-de-alta-capacidad-incluye-2x-ptp550ce-2x-nptr3-37-dbi-4x-jumpers\/","title":{"rendered":"Enlace Backhaul completo de alta capacidad, incluye: 2x PTP550CE, 2x NPTR3 (37 dBi), 4x Jumpers"},"content":{"rendered":"<div style='width: 100%; max-width: 1200px; margin: 0 auto; font-family: sans-serif; line-height: 1.6; color: inherit; background-color: transparent;'>\n<h2 style='font-size: 28px; margin: 20px 0; padding: 0; color: inherit; font-weight: 600; border-left: 4px solid rgba(0&comma; 123&comma; 255&comma; 0.7); padding-left: 10px;'>Enlace Backhaul completo de PTP550CE Conectorizado con antenas NPTR3<\/h2>\n<div style='display: flex; flex-wrap: wrap; gap: 15px; margin: 20px 0;'>\n<div style='flex: 1 1 200px; min-width: 180px; border: 1px solid rgba(150&comma;150&comma;150&comma;0.3); border-radius: 6px; padding: 12px; background-color: rgba(128&comma;128&comma;128&comma;0.05);'> <span style='display: block; font-size: 16px; margin-bottom: 8px; color: inherit; opacity: 0.8;'>Frecuencia<\/span> <\/p>\n<div style='display: inline-block; background: rgba(0&comma;123&comma;255&comma;0.1); padding: 6px 12px; border-radius: 4px; color: inherit; font-weight: 500;'>4910 &#8211; 6200 MHz<\/div>\n<\/p><\/div>\n<div style='flex: 1 1 200px; min-width: 180px; border: 1px solid rgba(150&comma;150&comma;150&comma;0.3); border-radius: 6px; padding: 12px; background-color: rgba(128&comma;128&comma;128&comma;0.05);'> <span style='display: block; font-size: 16px; margin-bottom: 8px; color: inherit; opacity: 0.8;'>Throughput<\/span> <\/p>\n<div style='display: inline-block; background: rgba(0&comma;123&comma;255&comma;0.1); padding: 6px 12px; border-radius: 4px; color: inherit; font-weight: 500;'>1.36 Gbps<\/div>\n<\/p><\/div>\n<div style='flex: 1 1 200px; min-width: 180px; border: 1px solid rgba(150&comma;150&comma;150&comma;0.3); border-radius: 6px; padding: 12px; background-color: rgba(128&comma;128&comma;128&comma;0.05);'> <span style='display: block; font-size: 16px; margin-bottom: 8px; color: inherit; opacity: 0.8;'>Caracter\u00edstica<\/span> <\/p>\n<div style='display: inline-block; background: rgba(0&comma;123&comma;255&comma;0.1); padding: 6px 12px; border-radius: 4px; color: inherit; font-weight: 500;'>Analizador de espectro din\u00e1mico<\/div>\n<\/p><\/div>\n<div style='flex: 1 1 200px; min-width: 180px; border: 1px solid rgba(150&comma;150&comma;150&comma;0.3); border-radius: 6px; padding: 12px; background-color: rgba(128&comma;128&comma;128&comma;0.05);'> <span style='display: block; font-size: 16px; margin-bottom: 8px; color: inherit; opacity: 0.8;'>Conectores<\/span> <\/p>\n<div style='display: inline-block; background: rgba(0&comma;123&comma;255&comma;0.1); padding: 6px 12px; border-radius: 4px; color: inherit; font-weight: 500;'>2 x Conectores N-Hembra<\/div>\n<\/p><\/div>\n<\/p><\/div>\n<div style='margin: 30px 0;'>\n<h3 style='font-size: 20px; border-bottom: 2px solid currentColor; padding-bottom: 5px; margin-top: 0; color: inherit; opacity: 0.8;'>Caracter\u00edsticas principales<\/h3>\n<ul style='padding-left: 20px; font-size: 14px; color: inherit;'>\n<li style='margin-bottom: 8px;'>Equipo PTP 550 Cambium Networks dise\u00f1ado para construir canales de comunicaci\u00f3n troncales con ancho de banda alto de hasta 1.4 Gbps<\/li>\n<li style='margin-bottom: 8px;'>Basado en chipset 802.11 AC wave 2 con tecnolog\u00eda Multi User MIMO 4: 4&#215;4 (MU-MIMO 4: 4&#215;4)<\/li>\n<li style='margin-bottom: 8px;'>Transmisor que opera en dos canales de frecuencia 2x MIMO 2&#215;2&comma; con anchos de canal de 20&comma; 40 y 80 MHz<\/li>\n<li style='margin-bottom: 8px;'>Tecnolog\u00eda MU-MIMO que permite alimentaci\u00f3n de dos canales en una \u00fanica antena y diferentes bandas de frecuencia<\/li>\n<li style='margin-bottom: 8px;'>Rendimiento determinado por agregaci\u00f3n de dos canales de frecuencia independientes MIMO 2&#215;2<\/li>\n<li style='margin-bottom: 8px;'>Soporta configuraciones como 5.3 GHz y 5.6 GHz (80 + 80 MHz) o 4910-6200 MHz (20 + 80 MHz)<\/li>\n<\/ul><\/div>\n<div style='display: grid; grid-template-columns: repeat(auto-fill&comma; minmax(280px&comma; 1fr)); gap: 20px; margin: 30px 0;'>\n<div style='border: 1px solid rgba(150&comma; 150&comma; 150&comma; 0.3); border-radius: 8px; overflow: hidden; background-color: rgba(128&comma;128&comma;128&comma;0.03);'>\n<div style='padding: 12px 15px; border-bottom: 1px solid rgba(150&comma; 150&comma; 150&comma; 0.2); font-weight: 600; font-size: 16px; color: inherit;'>Frecuencia y Rendimiento<\/div>\n<div style='padding: 15px; color: inherit;'>\n<ul style='padding-left: 20px; margin: 0; font-size: 14px; list-style-type: disc;'>\n<li style='margin-bottom: 6px;'><strong>Banda de operaci\u00f3n:<\/strong> 4.9 GHz &#8211; 6.2 GHz<\/li>\n<li style='margin-bottom: 6px;'><strong>Throughput:<\/strong> Hasta 1.36 Gbps<\/li>\n<li style='margin-bottom: 6px;'><strong>Latencia:<\/strong> 2.2 &#8211; 6 mseg<\/li>\n<li style='margin-bottom: 6px;'><strong>Ancho de canal:<\/strong> 2 x (20&comma; 40&comma; 80 MHz)<\/li>\n<li style='margin-bottom: 6px;'><strong>Eficiencia espectral:<\/strong> 8.5 bps\/Hz<\/li>\n<\/ul><\/div>\n<\/p><\/div>\n<div style='border: 1px solid rgba(150&comma; 150&comma; 150&comma; 0.3); border-radius: 8px; overflow: hidden; background-color: rgba(128&comma;128&comma;128&comma;0.03);'>\n<div style='padding: 12px 15px; border-bottom: 1px solid rgba(150&comma; 150&comma; 150&comma; 0.2); font-weight: 600; font-size: 16px; color: inherit;'>Caracter\u00edsticas t\u00e9cnicas<\/div>\n<div style='padding: 15px; color: inherit;'>\n<ul style='padding-left: 20px; margin: 0; font-size: 14px; list-style-type: disc;'>\n<li style='margin-bottom: 6px;'><strong>Selecci\u00f3n de canal:<\/strong> Autom\u00e1tico (DSO) o manual<\/li>\n<li style='margin-bottom: 6px;'><strong>Potencia m\u00e1xima:<\/strong> Hasta 26 dBm<\/li>\n<li style='margin-bottom: 6px;'><strong>Protecci\u00f3n exterior:<\/strong> IP66 &#8211; IP67<\/li>\n<li style='margin-bottom: 6px;'><strong>Temperatura de operaci\u00f3n:<\/strong> -40\u00b0 a +60\u00b0 C<\/li>\n<li style='margin-bottom: 6px;'><strong>Protocolo:<\/strong> IEEE 802.3<\/li>\n<\/ul><\/div>\n<\/p><\/div>\n<div style='border: 1px solid rgba(150&comma; 150&comma; 150&comma; 0.3); border-radius: 8px; overflow: hidden; background-color: rgba(128&comma;128&comma;128&comma;0.03);'>\n<div style='padding: 12px 15px; border-bottom: 1px solid rgba(150&comma; 150&comma; 150&comma; 0.2); font-weight: 600; font-size: 16px; color: inherit;'>Especificaciones f\u00edsicas<\/div>\n<div style='padding: 15px; color: inherit;'>\n<ul style='padding-left: 20px; margin: 0; font-size: 14px; list-style-type: disc;'>\n<li style='margin-bottom: 6px;'><strong>Dimensiones:<\/strong> 278mm x 185mm x 88mm<\/li>\n<li style='margin-bottom: 6px;'><strong>Peso:<\/strong> 1.6 kg (3.5 lbs) incluido soporte<\/li>\n<li style='margin-bottom: 6px;'><strong>Puertos:<\/strong> 1 x Gigabit Ethernet con PoE 802.3at&comma; 1 x SFP (mono-modo\/multi-modo)<\/li>\n<li style='margin-bottom: 6px;'><strong>Consumo:<\/strong> 30 W m\u00e1ximo<\/li>\n<li style='margin-bottom: 6px;'><strong>Alimentaci\u00f3n:<\/strong> 90-240 VAC&comma; 50\/60Hz<\/li>\n<\/ul><\/div>\n<\/p><\/div>\n<\/p><\/div>\n<div style='margin: 30px 0;'>\n<h3 style='font-size: 20px; border-bottom: 2px solid currentColor; padding-bottom: 5px; margin-top: 0; color: inherit; opacity: 0.8;'>Funcionalidades avanzadas<\/h3>\n<ul style='padding-left: 20px; font-size: 14px; color: inherit;'>\n<li style='margin-bottom: 8px;'><strong style='color: inherit;'>Selecci\u00f3n Din\u00e1mica de Canales (DCS):<\/strong> Los sistemas 550 optimizan constantemente el canal de operaci\u00f3n para maximizar la confiabilidad y rendimiento del enlace&comma; buscando el espectro m\u00e1s claro y movi\u00e9ndose a \u00e9l sin interrupciones<\/li>\n<li style='margin-bottom: 8px;'><strong style='color: inherit;'>Agregaci\u00f3n Asim\u00e9trica de Canales No Contiguos:<\/strong> Espectro de 5 GHz con cifrado AES 128<\/li>\n<li style='margin-bottom: 8px;'><strong style='color: inherit;'>Channel Bonding:<\/strong> Cada canal puede tener frecuencia y ancho independiente&comma; proporcionando flexibilidad en selecci\u00f3n de canales&comma; banda y requisitos de rendimiento<\/li>\n<\/ul><\/div>\n<div style='display: grid; grid-template-columns: repeat(auto-fill&comma; minmax(280px&comma; 1fr)); gap: 20px; margin: 30px 0;'>\n<div style='border: 1px solid rgba(150&comma; 150&comma; 150&comma; 0.3); border-radius: 8px; overflow: hidden; background-color: rgba(128&comma;128&comma;128&comma;0.03);'>\n<div style='padding: 12px 15px; border-bottom: 1px solid rgba(150&comma; 150&comma; 150&comma; 0.2); font-weight: 600; font-size: 16px; color: inherit;'>Especificaciones el\u00e9ctricas<\/div>\n<div style='padding: 15px; color: inherit;'>\n<ul style='padding-left: 20px; margin: 0; font-size: 14px; list-style-type: disc;'>\n<li style='margin-bottom: 6px;'><strong>Rango de frecuencia:<\/strong> 4.9 &#8211; 6.2 GHz<\/li>\n<li style='margin-bottom: 6px;'><strong>Ganancia:<\/strong> 35.2 dBi (baja)&comma; 35.7 dBi (media)&comma; 37.0 dBi (alta)<\/li>\n<li style='margin-bottom: 6px;'><strong>VSWR\/Perdida de retorno:<\/strong> 4.43:1\/15 dB<\/li>\n<li style='margin-bottom: 6px;'><strong>Aislamiento:<\/strong> 35 dB<\/li>\n<li style='margin-bottom: 6px;'><strong>Polarizaci\u00f3n:<\/strong> Dual<\/li>\n<\/ul><\/div>\n<\/p><\/div>\n<div style='border: 1px solid rgba(150&comma; 150&comma; 150&comma; 0.3); border-radius: 8px; overflow: hidden; background-color: rgba(128&comma;128&comma;128&comma;0.03);'>\n<div style='padding: 12px 15px; border-bottom: 1px solid rgba(150&comma; 150&comma; 150&comma; 0.2); font-weight: 600; font-size: 16px; color: inherit;'>Caracter\u00edsticas f\u00edsicas de la antena<\/div>\n<div style='padding: 15px; color: inherit;'>\n<ul style='padding-left: 20px; margin: 0; font-size: 14px; list-style-type: disc;'>\n<li style='margin-bottom: 6px;'><strong>Di\u00e1metro:<\/strong> 1.20 m<\/li>\n<li style='margin-bottom: 6px;'><strong>Discriminaci\u00f3n polar cruzada:<\/strong> 30 dB<\/li>\n<li style='margin-bottom: 6px;'><strong>Humedad relativa:<\/strong> 15 a 100%<\/li>\n<li style='margin-bottom: 6px;'><strong>Temperatura de operaci\u00f3n:<\/strong> -45 a +55 \u00b0C<\/li>\n<\/ul><\/div>\n<\/p><\/div>\n<\/p><\/div>\n<div style='margin: 30px 0;'>\n<h3 style='font-size: 20px; border-bottom: 2px solid currentColor; padding-bottom: 5px; margin-top: 0; color: inherit; opacity: 0.8;'>Diferenciadores<\/h3>\n<ul style='padding-left: 20px; font-size: 14px; color: inherit;'>\n<li style='margin-bottom: 8px;'>Rango de frecuencia m\u00e1s amplio en el mercado<\/li>\n<li style='margin-bottom: 8px;'>Compatibilidad con equipos de otras marcas (Ubiquiti&comma; Mimosa&comma; Cambium&comma; etc.)<\/li>\n<li style='margin-bottom: 8px;'>Polarizaci\u00f3n a 45\u00b0 tipo Slant para reducci\u00f3n de niveles de ruido<\/li>\n<li style='margin-bottom: 8px;'>Montaje con ajuste fino&comma; altamente robusto y estable<\/li>\n<li style='margin-bottom: 8px;'>Personalizaci\u00f3n: Adaptaciones para resistencia a vientos&comma; corrosi\u00f3n y montaje en todo tipo de torres<\/li>\n<\/ul><\/div>\n<div style='margin: 30px 0;'>\n<h3 style='font-size: 20px; border-bottom: 2px solid currentColor; padding-bottom: 5px; margin-top: 0; color: inherit; opacity: 0.8;'>Detalles constructivos<\/h3>\n<ul style='padding-left: 20px; font-size: 14px; color: inherit;'>\n<li style='margin-bottom: 8px;'>Reflector parab\u00f3lico de alta precisi\u00f3n<\/li>\n<li style='margin-bottom: 8px;'>Fabricaci\u00f3n en aluminio extruido<\/li>\n<li style='margin-bottom: 8px;'>Polarizaci\u00f3n Dual V\/H<\/li>\n<li style='margin-bottom: 0px;'>Incluye montaje y soporte para Radio Universal<\/li>\n<li style='margin-bottom: 8px;'>Capacidad para fijar polarizaci\u00f3n a 45\u00b0<\/li>\n<li style='margin-bottom: 8px;'>Compatible con radomo modelo AJ-RD120<\/li>\n<\/ul><\/div>\n<div style='margin: 30px 0;'> <img style='width: 100%; height: auto; border: 1px solid rgba(150&comma;150&comma;150&comma;0.3); border-radius: 8px;' src='https:\/\/community.cambiumnetworks.com\/t5\/image\/serverpage\/image-id\/7874i036BB12BEEB9171C\/image-size\/large?v=1.0&#038;px=999' alt='lb.jpg'> <\/div>\n<div style='margin: 30px 0;'> <img style='width: 100%; height: auto; border: 1px solid rgba(150&comma;150&comma;150&comma;0.3); border-radius: 8px;' src='https:\/\/ftp3.syscom.mx\/usuarios\/hortega\/Cambium\/PTP550\/Tabla%20PTP550.png' alt=''> <\/div>\n<div style='margin: 30px 0;'> <img style='width: 100%; height: auto; border: 1px solid rgba(150&comma;150&comma;150&comma;0.3); border-radius: 8px;' src='https:\/\/ftp3.syscom.mx\/usuarios\/hortega\/Cambium\/PTP550\/PTP5505.jpg' alt=''> <\/div>\n<div style='margin: 30px 0;'> <img style='width: 160px; height: auto; border: 1px solid rgba(150&comma;150&comma;150&comma;0.3); border-radius: 8px;' src='https:\/\/ftp3.syscom.mx\/usuarios\/fotos\/logotipos\/netpoint.png' alt=''> <\/div>\n<\/p><\/div>\n","protected":false},"excerpt":{"rendered":"<p>Enlace Backhaul completo de alta capacidad, incluye: 2x PTP550CE, 2x NPTR3 (37 dBi), 4x Jumpers<\/p>\n","protected":false},"featured_media":71851,"comment_status":"open","ping_status":"closed","template":"","meta":[],"product_brand":[],"product_cat":[1998],"product_tag":[1999,1316,1980],"class_list":{"0":"post-71852","1":"product","2":"type-product","3":"status-publish","4":"has-post-thumbnail","6":"product_cat-5-y-6-ghz","7":"product_tag-5-y-6-ghz","8":"product_tag-cambium-networks","9":"product_tag-enlaces-ptp-y-ptmp","11":"first","12":"outofstock","13":"sale","14":"shipping-taxable","15":"purchasable","16":"product-type-simple"},"_links":{"self":[{"href":"https:\/\/soydeaqui.ddns.net\/pachuca\/index.php\/wp-json\/wp\/v2\/product\/71852","targetHints":{"allow":["GET"]}}],"collection":[{"href":"https:\/\/soydeaqui.ddns.net\/pachuca\/index.php\/wp-json\/wp\/v2\/product"}],"about":[{"href":"https:\/\/soydeaqui.ddns.net\/pachuca\/index.php\/wp-json\/wp\/v2\/types\/product"}],"replies":[{"embeddable":true,"href":"https:\/\/soydeaqui.ddns.net\/pachuca\/index.php\/wp-json\/wp\/v2\/comments?post=71852"}],"wp:featuredmedia":[{"embeddable":true,"href":"https:\/\/soydeaqui.ddns.net\/pachuca\/index.php\/wp-json\/wp\/v2\/media\/71851"}],"wp:attachment":[{"href":"https:\/\/soydeaqui.ddns.net\/pachuca\/index.php\/wp-json\/wp\/v2\/media?parent=71852"}],"wp:term":[{"taxonomy":"product_brand","embeddable":true,"href":"https:\/\/soydeaqui.ddns.net\/pachuca\/index.php\/wp-json\/wp\/v2\/product_brand?post=71852"},{"taxonomy":"product_cat","embeddable":true,"href":"https:\/\/soydeaqui.ddns.net\/pachuca\/index.php\/wp-json\/wp\/v2\/product_cat?post=71852"},{"taxonomy":"product_tag","embeddable":true,"href":"https:\/\/soydeaqui.ddns.net\/pachuca\/index.php\/wp-json\/wp\/v2\/product_tag?post=71852"}],"curies":[{"name":"wp","href":"https:\/\/api.w.org\/{rel}","templated":true}]}}