{"id":71823,"date":"2026-03-19T12:19:59","date_gmt":"2026-03-19T12:19:59","guid":{"rendered":"https:\/\/soydeaqui.ddns.net\/pachuca\/index.php\/producto\/switch-industrial-no-administrable-de-8-puertos-gibabit-10-100-1000t-disenado-para-montaje-en-pared-y-riel-din\/"},"modified":"2026-03-19T12:20:11","modified_gmt":"2026-03-19T12:20:11","slug":"switch-industrial-no-administrable-de-8-puertos-gibabit-10-100-1000t-disenado-para-montaje-en-pared-y-riel-din","status":"publish","type":"product","link":"https:\/\/soydeaqui.ddns.net\/pachuca\/index.php\/producto\/switch-industrial-no-administrable-de-8-puertos-gibabit-10-100-1000t-disenado-para-montaje-en-pared-y-riel-din\/","title":{"rendered":"Switch Industrial No Administrable de 8 Puertos Gibabit 10\/100\/1000T, Dise\u00f1ado para Montaje en Pared y Riel DIN"},"content":{"rendered":"<div style='width: 100%; max-width: 1200px; margin: 0 auto; font-family: sans-serif; line-height: 1.6; color: inherit; background-color: transparent;'>\n<div style='display: flex; flex-wrap: wrap; gap: 30px; margin-bottom: 30px;'>\n<div style='flex: 1 1 300px; min-width: 280px;'>\n<h3 style='font-size: 22px; border-bottom: 2px solid currentColor; padding-bottom: 5px; margin-top: 0; color: inherit; opacity: 0.8;'>Caracter\u00edsticas Generales<\/h3>\n<ul style='padding-left: 20px; font-size: 15px; color: inherit;'>\n<li style='margin-bottom: 5px;'>Proporciona un alto nivel de inmunidad contra la interferencia electromagn\u00e9tica y las fuertes sobretensiones el\u00e9ctricas<\/li>\n<li style='margin-bottom: 5px;'>Rango de temperatura de operaci\u00f3n: -40 a 75 grados C<\/li>\n<li style='margin-bottom: 5px;'>Carcasa met\u00e1lica industrial con protecci\u00f3n IP30<\/li>\n<\/ul><\/div>\n<\/p><\/div>\n<div style='display: flex; flex-wrap: wrap; gap: 20px; margin-bottom: 30px;'>\n<div style='flex: 1 1 250px; border: 1px solid rgba(150&comma; 150&comma; 150&comma; 0.4); border-radius: 8px; overflow: hidden; display: flex; flex-direction: column;'>\n<div style='padding: 15px; border-bottom: 1px solid rgba(150&comma; 150&comma; 150&comma; 0.2); font-weight: bold; font-size: 18px; color: inherit;'>Puerto f\u00edsico<\/div>\n<div style='padding: 15px; color: inherit;'>\n<ul style='padding-left: 20px; margin: 0; font-size: 14px; list-style-type: disc;'>\n<li style='margin-bottom: 5px;'>RJ45 10\/100\/1000BASE-T de 8 puertos con funci\u00f3n autom\u00e1tica MDI\/MDI-X<\/li>\n<\/ul><\/div>\n<\/p><\/div>\n<div style='flex: 1 1 250px; border: 1px solid rgba(150&comma; 150&comma; 150&comma; 0.4); border-radius: 8px; overflow: hidden; display: flex; flex-direction: column;'>\n<div style='padding: 15px; border-bottom: 1px solid rgba(150&comma; 150&comma; 150&comma; 0.2); font-weight: bold; font-size: 18px; color: inherit;'>Caracter\u00edsticas de la capa 2<\/div>\n<div style='padding: 15px; color: inherit;'>\n<ul style='padding-left: 20px; margin: 0; font-size: 14px; list-style-type: disc;'>\n<li style='margin-bottom: 5px;'>Cumple con est\u00e1ndar Ethernet IEEE 802.3 10BASE-T&comma; IEEE 802.3u 100BASE-TX&comma; IEEE 802.3ab 1000BASE-T<\/li>\n<li style='margin-bottom: 5px;'>Negociaci\u00f3n autom\u00e1tica y modo d\u00faplex medio\/completo de 10\/100 Mbps y d\u00faplex completo de 1000 Mbps<\/li>\n<li style='margin-bottom: 5px;'>Arquitectura Store and Forward&comma; control de tormentas de difusi\u00f3n y filtrado Runt\/CRC<\/li>\n<li style='margin-bottom: 5px;'>Control de flujo IEEE 802.3x (d\u00faplex completo) y contrapresi\u00f3n (semid\u00faplex)<\/li>\n<li style='margin-bottom: 5px;'>Direcci\u00f3n MAC absoluta 4K y compatibilidad con tejido de conmutaci\u00f3n de 16 Gbps<\/li>\n<li style='margin-bottom: 5px;'>B\u00fafer de paquetes SRAM de 1.5 Mbits<\/li>\n<li style='margin-bottom: 5px;'>Soporte de paquetes jumbo de 9K<\/li>\n<li style='margin-bottom: 5px;'>Compatibilidad con IEEE 802.1p CoS<\/li>\n<li style='margin-bottom: 5px;'>Aprendizaje autom\u00e1tico de direcciones y envejecimiento<\/li>\n<li style='margin-bottom: 5px;'>Protocolo CSMA\/CD<\/li>\n<\/ul><\/div>\n<\/p><\/div>\n<div style='flex: 1 1 250px; border: 1px solid rgba(150&comma; 150&comma; 150&comma; 0.4); border-radius: 8px; overflow: hidden; display: flex; flex-direction: column;'>\n<div style='padding: 15px; border-bottom: 1px solid rgba(150&comma; 150&comma; 150&comma; 0.2); font-weight: bold; font-size: 18px; color: inherit;'>Caja e instalaci\u00f3n industrial<\/div>\n<div style='padding: 15px; color: inherit;'>\n<ul style='padding-left: 20px; margin: 0; font-size: 14px; list-style-type: disc;'>\n<li style='margin-bottom: 5px;'>Carcasa met\u00e1lica IP30<\/li>\n<li style='margin-bottom: 5px;'>Dise\u00f1o para montaje en pared y riel DIN<\/li>\n<li style='margin-bottom: 5px;'>Alimentaci\u00f3n 12-48 Vcc con protecci\u00f3n contra inversi\u00f3n de polaridad<\/li>\n<li style='margin-bottom: 5px;'>Soporte de alimentaci\u00f3n de 24 Vca<\/li>\n<li style='margin-bottom: 5px;'>Rango de temperatura de operaci\u00f3n: -40 a 75 grados C<\/li>\n<\/ul><\/div>\n<\/p><\/div>\n<\/p><\/div>\n<\/p><\/div>\n","protected":false},"excerpt":{"rendered":"<p>Switch Industrial No Administrable de 8 Puertos Gibabit 10\/100\/1000T, Dise\u00f1ado para Montaje en Pared y Riel DIN<\/p>\n","protected":false},"featured_media":71822,"comment_status":"open","ping_status":"closed","template":"","meta":[],"product_brand":[],"product_cat":[1970],"product_tag":[664,2033,1971],"class_list":{"0":"post-71823","1":"product","2":"type-product","3":"status-publish","4":"has-post-thumbnail","6":"product_cat-switches","7":"product_tag-networking","8":"product_tag-planet","9":"product_tag-switches","11":"first","12":"outofstock","13":"sale","14":"shipping-taxable","15":"purchasable","16":"product-type-simple"},"_links":{"self":[{"href":"https:\/\/soydeaqui.ddns.net\/pachuca\/index.php\/wp-json\/wp\/v2\/product\/71823","targetHints":{"allow":["GET"]}}],"collection":[{"href":"https:\/\/soydeaqui.ddns.net\/pachuca\/index.php\/wp-json\/wp\/v2\/product"}],"about":[{"href":"https:\/\/soydeaqui.ddns.net\/pachuca\/index.php\/wp-json\/wp\/v2\/types\/product"}],"replies":[{"embeddable":true,"href":"https:\/\/soydeaqui.ddns.net\/pachuca\/index.php\/wp-json\/wp\/v2\/comments?post=71823"}],"wp:featuredmedia":[{"embeddable":true,"href":"https:\/\/soydeaqui.ddns.net\/pachuca\/index.php\/wp-json\/wp\/v2\/media\/71822"}],"wp:attachment":[{"href":"https:\/\/soydeaqui.ddns.net\/pachuca\/index.php\/wp-json\/wp\/v2\/media?parent=71823"}],"wp:term":[{"taxonomy":"product_brand","embeddable":true,"href":"https:\/\/soydeaqui.ddns.net\/pachuca\/index.php\/wp-json\/wp\/v2\/product_brand?post=71823"},{"taxonomy":"product_cat","embeddable":true,"href":"https:\/\/soydeaqui.ddns.net\/pachuca\/index.php\/wp-json\/wp\/v2\/product_cat?post=71823"},{"taxonomy":"product_tag","embeddable":true,"href":"https:\/\/soydeaqui.ddns.net\/pachuca\/index.php\/wp-json\/wp\/v2\/product_tag?post=71823"}],"curies":[{"name":"wp","href":"https:\/\/api.w.org\/{rel}","templated":true}]}}