{"id":71810,"date":"2026-03-19T12:19:28","date_gmt":"2026-03-19T12:19:28","guid":{"rendered":"https:\/\/soydeaqui.ddns.net\/pachuca\/index.php\/producto\/convertidor-de-medios-rj45-100-1000-mbps-sfp-1000-mbps\/"},"modified":"2026-03-19T12:19:41","modified_gmt":"2026-03-19T12:19:41","slug":"convertidor-de-medios-rj45-100-1000-mbps-sfp-1000-mbps","status":"publish","type":"product","link":"https:\/\/soydeaqui.ddns.net\/pachuca\/index.php\/producto\/convertidor-de-medios-rj45-100-1000-mbps-sfp-1000-mbps\/","title":{"rendered":"Convertidor de Medios RJ45 100\/1000 Mbps + SFP 1000 Mbps"},"content":{"rendered":"<div style='width: 100%; max-width: 1200px; margin: 0 auto; font-family: sans-serif; line-height: 1.6; color: inherit; background-color: transparent;'> <!-- Secci\u00f3n de contenido con flex\/grid --> <\/p>\n<div style='display: flex; flex-wrap: wrap; gap: 30px; margin-bottom: 30px;'>\n<div style='flex: 1 1 300px; min-width: 280px;'>\n<h3 style='font-size: 22px; border-bottom: 2px solid currentColor; padding-bottom: 5px; margin-top: 0; color: inherit; opacity: 0.8;'>Caracter\u00edsticas<\/h3>\n<ul style='padding-left: 20px; font-size: 15px; color: inherit;'>\n<li style='margin-bottom: 5px;'><strong>Interfaz:<\/strong> 1 puerto 1000Mbps SFP&comma; 1 puerto Ethernet de 1000Mbps<\/li>\n<li style='margin-bottom: 5px;'><strong>Longitud de Onda:<\/strong> 850nm\/1310nm\/1550nm<\/li>\n<li style='margin-bottom: 5px;'><strong>Medio:<\/strong> Fibra monomodo \/ Fibra multimodo<\/li>\n<li style='margin-bottom: 5px;'><strong>Rango de Transmisi\u00f3n:<\/strong> Depende del SFP insertado<\/li>\n<li style='margin-bottom: 5px;'><strong>Fuente de Alimentaci\u00f3n:<\/strong> 5V\/2A<\/li>\n<li style='margin-bottom: 5px;'><strong>Dimensiones:<\/strong> 94*73*27 mm<\/li>\n<li style='margin-bottom: 5px;'><strong>Aplicaci\u00f3n:<\/strong> Interno<\/li>\n<li style='margin-bottom: 5px;'><strong>Certificaci\u00f3n:<\/strong> CE&comma; FCC&comma; RoHS<\/li>\n<li style='margin-bottom: 5px;'><strong>Contenido del Paquete:<\/strong> 1 x Convertidor de Medio&comma; 1 x Adaptador de Corriente&comma; 1 x Tarjeta de Garant\u00eda<\/li>\n<li style='margin-bottom: 5px;'><strong>Entorno:<\/strong> Temperatura de Operaci\u00f3n: 0\u00b0C-40\u00b0C (32\u00b0F-104\u00b0F)&comma; Temperatura de Almacenamiento: -40\u00b0C-70\u00b0C (-40\u00b0F-158\u00b0F)&comma; Humedad de Operaci\u00f3n: 10%-90% sin condensaci\u00f3n&comma; Humedad de Almacenamiento: 5%-90% sin condensaci\u00f3n<\/li>\n<\/ul><\/div>\n<\/p><\/div>\n<p> <!-- Secci\u00f3n de cards con especificaciones --> <\/p>\n<div style='display: flex; flex-wrap: wrap; gap: 20px; margin-bottom: 30px;'>\n<div style='flex: 1 1 250px; border: 1px solid rgba(150&comma; 150&comma; 150&comma; 0.4); border-radius: 8px; overflow: hidden; display: flex; flex-direction: column;'>\n<div style='padding: 15px; border-bottom: 1px solid rgba(150&comma; 150&comma; 150&comma; 0.2); font-weight: bold; font-size: 18px; color: inherit;'>Modelo<\/div>\n<div style='padding: 15px; color: inherit;'>\n<ul style='padding-left: 20px; margin: 0; font-size: 14px; list-style-type: disc;'>\n<li style='margin-bottom: 5px;'>WI-MC111G<\/li>\n<\/ul><\/div>\n<\/p><\/div>\n<\/p><\/div>\n<p> <!-- Separador --> <\/p>\n<hr style='border: 0; border-top: 1px solid rgba(150&comma; 150&comma; 150&comma; 0.3); margin: 30px 0;'> <\/div>\n","protected":false},"excerpt":{"rendered":"<p>Convertidor de Medios RJ45 100\/1000 Mbps + SFP 1000 Mbps<\/p>\n","protected":false},"featured_media":71809,"comment_status":"open","ping_status":"closed","template":"","meta":[],"product_brand":[],"product_cat":[2000],"product_tag":[2001,664,1262],"class_list":{"0":"post-71810","1":"product","2":"type-product","3":"status-publish","4":"has-post-thumbnail","6":"product_cat-convertidores-de-medios","7":"product_tag-convertidores-de-medios","8":"product_tag-networking","9":"product_tag-wi-tek","11":"first","12":"instock","13":"sale","14":"shipping-taxable","15":"purchasable","16":"product-type-simple"},"_links":{"self":[{"href":"https:\/\/soydeaqui.ddns.net\/pachuca\/index.php\/wp-json\/wp\/v2\/product\/71810","targetHints":{"allow":["GET"]}}],"collection":[{"href":"https:\/\/soydeaqui.ddns.net\/pachuca\/index.php\/wp-json\/wp\/v2\/product"}],"about":[{"href":"https:\/\/soydeaqui.ddns.net\/pachuca\/index.php\/wp-json\/wp\/v2\/types\/product"}],"replies":[{"embeddable":true,"href":"https:\/\/soydeaqui.ddns.net\/pachuca\/index.php\/wp-json\/wp\/v2\/comments?post=71810"}],"wp:featuredmedia":[{"embeddable":true,"href":"https:\/\/soydeaqui.ddns.net\/pachuca\/index.php\/wp-json\/wp\/v2\/media\/71809"}],"wp:attachment":[{"href":"https:\/\/soydeaqui.ddns.net\/pachuca\/index.php\/wp-json\/wp\/v2\/media?parent=71810"}],"wp:term":[{"taxonomy":"product_brand","embeddable":true,"href":"https:\/\/soydeaqui.ddns.net\/pachuca\/index.php\/wp-json\/wp\/v2\/product_brand?post=71810"},{"taxonomy":"product_cat","embeddable":true,"href":"https:\/\/soydeaqui.ddns.net\/pachuca\/index.php\/wp-json\/wp\/v2\/product_cat?post=71810"},{"taxonomy":"product_tag","embeddable":true,"href":"https:\/\/soydeaqui.ddns.net\/pachuca\/index.php\/wp-json\/wp\/v2\/product_tag?post=71810"}],"curies":[{"name":"wp","href":"https:\/\/api.w.org\/{rel}","templated":true}]}}