{"id":71799,"date":"2026-03-19T12:19:02","date_gmt":"2026-03-19T12:19:02","guid":{"rendered":"https:\/\/soydeaqui.ddns.net\/pachuca\/index.php\/producto\/kit-de-onu-gigabit-xz000g3-con-router-router-inalambrico-isp-doble-banda-ac-hasta-1167-mbps-4-antenas-externas-omnidireccional-puertos-gigabit\/"},"modified":"2026-03-19T12:19:03","modified_gmt":"2026-03-19T12:19:03","slug":"kit-de-onu-gigabit-xz000g3-con-router-router-inalambrico-isp-doble-banda-ac-hasta-1167-mbps-4-antenas-externas-omnidireccional-puertos-gigabit","status":"publish","type":"product","link":"https:\/\/soydeaqui.ddns.net\/pachuca\/index.php\/producto\/kit-de-onu-gigabit-xz000g3-con-router-router-inalambrico-isp-doble-banda-ac-hasta-1167-mbps-4-antenas-externas-omnidireccional-puertos-gigabit\/","title":{"rendered":"Kit de ONU Gigabit XZ000G3 con Router Router Inal\u00e1mbrico ISP doble banda AC, Hasta 1167 Mbps, 4 antenas externas omnidireccional, Puertos Gigabit"},"content":{"rendered":"<div style='width: 100%; max-width: 1200px; margin: 0 auto; font-family: sans-serif; line-height: 1.6; color: inherit; background-color: transparent;'>\n<div style='display: flex; flex-wrap: wrap; gap: 30px; margin-bottom: 30px;'>\n<div style='flex: 1 1 300px; min-width: 280px; text-align: center;'> <img style='width: 100%; height: auto; border: 1px solid rgba(150&comma;150&comma;150&comma;0.3); border-radius: 8px;' src='https:\/\/ftp3.syscom.mx\/usuarios\/fotos\/TLWR840N\/96518-tp-link.png' alt=''> <\/div>\n<\/p><\/div>\n<div style='display: flex; flex-wrap: wrap; gap: 30px; margin-bottom: 30px;'>\n<div style='flex: 1 1 300px; min-width: 280px;'>\n<h3 style='font-size: 22px; border-bottom: 2px solid currentColor; padding-bottom: 5px; margin-top: 0; color: inherit; opacity: 0.8;'>Caracter\u00edsticas del Router Wi-Fi AC1200<\/h3>\n<ul style='padding-left: 20px; font-size: 15px; color: inherit;'>\n<li style='margin-bottom: 5px;'>Actualice a Wi-Fi de quinta generaci\u00f3n&comma; 300Mbps a 2.4GHz + 867Mbps a banda dual de 5GHz<\/li>\n<li style='margin-bottom: 5px;'>F\u00e1cil administraci\u00f3n remota&comma; el protocolo TR-069 permite a un operador configurar y administrar de forma remota los dispositivos del usuario final<\/li>\n<li style='margin-bottom: 5px;'>IPv6: compatible con IPv6 (Protocolo de Internet versi\u00f3n 6)<\/li>\n<li style='margin-bottom: 5px;'>IPTV: admite IGMP Proxy \/ Snooping&comma; Bridge y Tag VLAN para optimizar la transmisi\u00f3n de IPTV<\/li>\n<li style='margin-bottom: 5px;'>Puertos Gigabit completos&comma; compatible con puerto WAN de 1000 Mbps y cuatro puertos LAN de 1000 Mbps&comma; para velocidades de transferencia de datos ultrarr\u00e1pidas<\/li>\n<\/ul><\/div>\n<\/p><\/div>\n<div style='display: flex; flex-wrap: wrap; gap: 30px; margin-bottom: 30px;'>\n<div style='flex: 1 1 250px;'>\n<div style='border: 1px solid rgba(150&comma;150&comma;150&comma;0.4); border-radius: 8px; overflow: hidden; display: flex; flex-direction: column;'>\n<div style='padding: 15px; border-bottom: 1px solid rgba(150&comma;150&comma;150&comma;0.2); font-weight: bold; font-size: 18px; color: inherit;'>Caracter\u00edsticas principales Router<\/div>\n<div style='padding: 15px; color: inherit;'>\n<ul style='padding-left: 20px; margin: 0; font-size: 14px; list-style-type: disc;'>\n<li style='margin-bottom: 5px;'>3 Puertos LAN 10\/100\/1000<\/li>\n<li style='margin-bottom: 5px;'>1 Puerto WAN 10\/100\/1000<\/li>\n<li style='margin-bottom: 5px;'>4 Antenas omnidireccionales<\/li>\n<li style='margin-bottom: 5px;'>Doble banda<\/li>\n<li style='margin-bottom: 5px;'>Control de acceso<\/li>\n<li style='margin-bottom: 5px;'>Alimentaci\u00f3n 12V (fuente incluida)<\/li>\n<li style='margin-bottom: 5px;'>Material: Pl\u00e1stico<\/li>\n<\/ul><\/div>\n<\/p><\/div>\n<\/p><\/div>\n<div style='flex: 1 1 250px;'>\n<div style='border: 1px solid rgba(150&comma;150&comma;150&comma;0.4); border-radius: 8px; overflow: hidden; display: flex; flex-direction: column;'>\n<div style='padding: 15px; border-bottom: 1px solid rgba(150&comma;150&comma;150&comma;0.2); font-weight: bold; font-size: 18px; color: inherit;'>Caracter\u00edsticas principales ONU<\/div>\n<div style='padding: 15px; color: inherit;'>\n<ul style='padding-left: 20px; margin: 0; font-size: 14px; list-style-type: disc;'>\n<li style='margin-bottom: 5px;'>Interfaz: 1 puerto RJ45 10\/100 \/ 1000Mbps&comma; 1 puerto SC \/ APC<\/li>\n<li style='margin-bottom: 5px;'>Bot\u00f3n: 1 bot\u00f3n RESET<\/li>\n<li style='margin-bottom: 5px;'>Upstream: 1.244Gbps&comma; Downstream: 2.488Gbps<\/li>\n<li style='margin-bottom: 5px;'>Est\u00e1ndares GPON: UIT-T G.988&comma; G.984.1&comma; G.984.2&comma; G.984.3&comma; G.984.4<\/li>\n<li style='margin-bottom: 5px;'>M\u00f3dulo \u00f3ptico: Clase B +<\/li>\n<\/ul><\/div>\n<\/p><\/div>\n<\/p><\/div>\n<div style='flex: 1 1 250px;'>\n<div style='border: 1px solid rgba(150&comma;150&comma;150&comma;0.4); border-radius: 8px; overflow: hidden; display: flex; flex-direction: column;'>\n<div style='padding: 15px; border-bottom: 1px solid rgba(150&comma;150&comma;150&comma;0.2); font-weight: bold; font-size: 18px; color: inherit;'>Beneficios<\/div>\n<div style='padding: 15px; color: inherit;'>\n<ul style='padding-left: 20px; margin: 0; font-size: 14px; list-style-type: disc;'>\n<li style='margin-bottom: 5px;'>Calidad en el servicio<\/li>\n<li style='margin-bottom: 5px;'>Agil Config<\/li>\n<li style='margin-bottom: 5px;'>Control de ancho de banda<\/li>\n<li style='margin-bottom: 5px;'>VPN Cliente: PPTP&comma; L2TP&comma; IPSec (ESP Head)<\/li>\n<li style='margin-bottom: 5px;'>Protecci\u00f3n DoS<\/li>\n<li style='margin-bottom: 5px;'>Firewall IP Address\/MAC Address<\/li>\n<li style='margin-bottom: 5px;'>Filtrado de contenido (URL\u00b4s)<\/li>\n<li style='margin-bottom: 5px;'>Port forwarding: Servidor virtual&comma; Port Triggering&comma; UPnP y DMZ<\/li>\n<\/ul><\/div>\n<\/p><\/div>\n<\/p><\/div>\n<div style='flex: 1 1 250px;'>\n<div style='border: 1px solid rgba(150&comma;150&comma;150&comma;0.4); border-radius: 8px; overflow: hidden; display: flex; flex-direction: column;'>\n<div style='padding: 15px; border-bottom: 1px solid rgba(150&comma;150&comma;150&comma;0.2); font-weight: bold; font-size: 18px; color: inherit;'>Aplicaciones<\/div>\n<div style='padding: 15px; color: inherit;'>\n<ul style='padding-left: 20px; margin: 0; font-size: 14px; list-style-type: disc;'>\n<li style='margin-bottom: 5px;'>GPON<\/li>\n<li style='margin-bottom: 5px;'>Casas<\/li>\n<li style='margin-bottom: 5px;'>Peque\u00f1os negocios<\/li>\n<li style='margin-bottom: 5px;'>Tiendas peque\u00f1as<\/li>\n<\/ul><\/div>\n<\/p><\/div>\n<\/p><\/div>\n<div style='flex: 1 1 250px;'>\n<div style='border: 1px solid rgba(150&comma;150&comma;150&comma;0.4); border-radius: 8px; overflow: hidden; display: flex; flex-direction: column;'>\n<div style='padding: 15px; border-bottom: 1px solid rgba(150&comma;150&comma;150&comma;0.2); font-weight: bold; font-size: 18px; color: inherit;'>Contenido del kit<\/div>\n<div style='padding: 15px; color: inherit;'>\n<ul style='padding-left: 20px; margin: 0; font-size: 14px; list-style-type: disc;'>\n<li style='margin-bottom: 5px;'>Router Archer EC220-G5<\/li>\n<li style='margin-bottom: 5px;'>ONU XZ000G3<\/li>\n<li style='margin-bottom: 5px;'>Fuentes de poder<\/li>\n<li style='margin-bottom: 5px;'>Cable ethernet<\/li>\n<li style='margin-bottom: 5px;'>Gu\u00eda de instalaci\u00f3n r\u00e1pida<\/li>\n<\/ul><\/div>\n<\/p><\/div>\n<\/p><\/div>\n<\/p><\/div>\n<div style='display: flex; flex-wrap: wrap; gap: 30px; margin-bottom: 30px;'>\n<div style='flex: 1 1 300px; min-width: 280px; text-align: center;'> <img style='width: 100%; height: auto; border: 1px solid rgba(150&comma;150&comma;150&comma;0.3); border-radius: 8px;' src='https:\/\/ftp3.syscom.mx\/usuarios\/fotos\/KITONUTLWR850N\/196366-zx000-g3_tl-wr850n.png' alt=''> <\/div>\n<\/p><\/div>\n<div style='display: flex; flex-wrap: wrap; gap: 30px; margin-bottom: 30px;'>\n<div style='flex: 1 1 300px; min-width: 280px; text-align: center;'> <img style='width: 100%; height: auto; border: 1px solid rgba(150&comma;150&comma;150&comma;0.3); border-radius: 8px;' src='https:\/\/ftp3.syscom.mx\/usuarios\/fotos\/EC220G5\/193051-captura_de_pantalla_2021-01-07_a_la(s)_17.16.07.png' alt=''> <\/div>\n<\/p><\/div>\n<\/p><\/div>\n","protected":false},"excerpt":{"rendered":"<p>Kit de ONU Gigabit XZ000G3 con Router Router Inal\u00e1mbrico ISP doble banda AC, Hasta 1167 Mbps, 4 antenas externas omnidireccional, Puertos Gigabit<\/p>\n","protected":false},"featured_media":71798,"comment_status":"open","ping_status":"closed","template":"","meta":[],"product_brand":[],"product_cat":[2024],"product_tag":[1479,2025,71],"class_list":{"0":"post-71799","1":"product","2":"type-product","3":"status-publish","4":"has-post-thumbnail","6":"product_cat-routers-inalambricos","7":"product_tag-redes-wifi","8":"product_tag-routers-inalambricos","9":"product_tag-tp-link","11":"first","12":"instock","13":"sale","14":"shipping-taxable","15":"purchasable","16":"product-type-simple"},"_links":{"self":[{"href":"https:\/\/soydeaqui.ddns.net\/pachuca\/index.php\/wp-json\/wp\/v2\/product\/71799","targetHints":{"allow":["GET"]}}],"collection":[{"href":"https:\/\/soydeaqui.ddns.net\/pachuca\/index.php\/wp-json\/wp\/v2\/product"}],"about":[{"href":"https:\/\/soydeaqui.ddns.net\/pachuca\/index.php\/wp-json\/wp\/v2\/types\/product"}],"replies":[{"embeddable":true,"href":"https:\/\/soydeaqui.ddns.net\/pachuca\/index.php\/wp-json\/wp\/v2\/comments?post=71799"}],"wp:featuredmedia":[{"embeddable":true,"href":"https:\/\/soydeaqui.ddns.net\/pachuca\/index.php\/wp-json\/wp\/v2\/media\/71798"}],"wp:attachment":[{"href":"https:\/\/soydeaqui.ddns.net\/pachuca\/index.php\/wp-json\/wp\/v2\/media?parent=71799"}],"wp:term":[{"taxonomy":"product_brand","embeddable":true,"href":"https:\/\/soydeaqui.ddns.net\/pachuca\/index.php\/wp-json\/wp\/v2\/product_brand?post=71799"},{"taxonomy":"product_cat","embeddable":true,"href":"https:\/\/soydeaqui.ddns.net\/pachuca\/index.php\/wp-json\/wp\/v2\/product_cat?post=71799"},{"taxonomy":"product_tag","embeddable":true,"href":"https:\/\/soydeaqui.ddns.net\/pachuca\/index.php\/wp-json\/wp\/v2\/product_tag?post=71799"}],"curies":[{"name":"wp","href":"https:\/\/api.w.org\/{rel}","templated":true}]}}