{"id":71760,"date":"2026-03-19T12:17:35","date_gmt":"2026-03-19T12:17:35","guid":{"rendered":"https:\/\/soydeaqui.ddns.net\/pachuca\/index.php\/producto\/adaptador-sma-para-antenas-starterdish-rf-elements\/"},"modified":"2026-03-19T12:17:41","modified_gmt":"2026-03-19T12:17:41","slug":"adaptador-sma-para-antenas-starterdish-rf-elements","status":"publish","type":"product","link":"https:\/\/soydeaqui.ddns.net\/pachuca\/index.php\/producto\/adaptador-sma-para-antenas-starterdish-rf-elements\/","title":{"rendered":"Adaptador SMA para antenas StarterDish RF elements"},"content":{"rendered":"<div style='width: 100%; max-width: 1200px; margin: 0 auto; font-family: sans-serif; line-height: 1.6; color: inherit; background-color: transparent;'>\n<div style='display: flex; flex-direction: column; align-items: center; margin-bottom: 30px;'>\n<h2 style='font-size: 36px; color: inherit; opacity: 0.9; margin: 0; padding-bottom: 15px; border-bottom: 2px solid currentColor;'>Conectores RP-SMA para Antenas StarterDish<span style='font-size: 21.6px; vertical-align: super; opacity: 0.7;'>TM<\/span><\/h2>\n<\/p><\/div>\n<div style='display: flex; flex-wrap: wrap; gap: 30px; margin-bottom: 30px;'>\n<div style='flex: 1 1 300px; min-width: 280px;'>\n<p style='font-size: 15px; color: inherit;'>El StarterAdapter<span style='font-size: 9.6px; vertical-align: super; opacity: 0.7;'>TM<\/span> SMA se conecta a antenas StarterDish<span style='font-size: 9.6px; vertical-align: super; opacity: 0.7;'>TM<\/span> y proporciona conectores hembra RP-SMA: interfaz coaxial est\u00e1ndar para cualquier radio de terceros. STA-SMA tiene polarizaci\u00f3n lineal dual H + V.<\/p>\n<\/p><\/div>\n<\/p><\/div>\n<div style='display: flex; justify-content: center; margin: 30px 0;'> <img style='width: 100%; height: auto; border: 1px solid rgba(150&comma;150&comma;150&comma;0.3); border-radius: 8px;' src='https:\/\/rfelements.com\/assets\/Uploads\/STA-SMA-RP-SMA-03.jpg' alt=''> <\/div>\n<div style='display: flex; flex-direction: column; align-items: center; margin-bottom: 30px;'>\n<h3 style='font-size: 28px; color: inherit; opacity: 0.8; margin: 0; padding-bottom: 10px; border-bottom: 2px solid currentColor;'>Performance<\/h3>\n<\/p><\/div>\n<div style='display: flex; flex-wrap: wrap; gap: 30px; margin-bottom: 30px;'>\n<div style='flex: 1 1 300px; min-width: 280px;'>\n<p style='font-size: 15px; color: inherit;'>El STA-SMA cubre un amplio espectro de 5150 &#8211; 5950 MHz con VSWR muy por debajo de 1.8 en todo el ancho de banda.<\/p>\n<\/p><\/div>\n<\/p><\/div>\n<div style='display: flex; justify-content: center; flex-wrap: wrap; gap: 20px; margin: 30px 0;'> <img style='width: 100%; height: auto; border: 1px solid rgba(150&comma;150&comma;150&comma;0.3); border-radius: 8px;' src='https:\/\/rfelements.com\/assets\/Uploads\/STA-SMA-Performance-vswr-02.jpg' alt='STA SMA Performance vswr 02'> <img style='width: 100%; height: auto; border: 1px solid rgba(150&comma;150&comma;150&comma;0.3); border-radius: 8px;' src='https:\/\/rfelements.com\/assets\/Uploads\/STA-SMA-Performance-vswr-03.jpg' alt=''> <\/div>\n<div style='display: flex; flex-direction: column; align-items: center; margin-bottom: 30px;'>\n<h3 style='font-size: 28px; color: inherit; opacity: 0.8; margin: 0; padding-bottom: 10px; border-bottom: 2px solid currentColor;'>P\u00e9rdida minimizada<\/h3>\n<\/p><\/div>\n<div style='display: flex; flex-wrap: wrap; gap: 30px; margin-bottom: 30px;'>\n<div style='flex: 1 1 300px; min-width: 280px;'>\n<p style='font-size: 15px; color: inherit;'>STA-SMA es un adaptador basado en gu\u00eda de ondas. Dado que la gu\u00eda de ondas tiene una p\u00e9rdida cercana a cero&comma; el adaptador introduce una atenuaci\u00f3n pr\u00e1cticamente nula en la parte de la gu\u00eda de ondas. La transici\u00f3n de conectores coaxiales a alimentador de gu\u00eda de ondas tambi\u00e9n est\u00e1 optimizada para una p\u00e9rdida m\u00ednima.<\/p>\n<\/p><\/div>\n<\/p><\/div>\n<div style='display: flex; justify-content: center; margin: 30px 0;'> <img style='width: 100%; height: auto; border: 1px solid rgba(150&comma;150&comma;150&comma;0.3); border-radius: 8px;' src='https:\/\/rfelements.com\/assets\/Uploads\/STA-SMA-Minimized-Loss-v3.jpg' alt=''> <\/div>\n<div style='display: flex; justify-content: center; margin: 30px 0;'>\n<div style='position: relative; padding-bottom: 56.25%; height: 0; overflow: hidden; width: 100%; max-width: 800px;'>   <\/div>\n<\/p><\/div>\n<\/p><\/div>\n","protected":false},"excerpt":{"rendered":"<p>Adaptador SMA para antenas StarterDish RF elements<\/p>\n","protected":false},"featured_media":71759,"comment_status":"open","ping_status":"closed","template":"","meta":[],"product_brand":[],"product_cat":[1983],"product_tag":[93,1404,1988],"class_list":{"0":"post-71760","1":"product","2":"type-product","3":"status-publish","4":"has-post-thumbnail","6":"product_cat-accesorios-antenas-redes-e-it","7":"product_tag-accesorios","8":"product_tag-antenas","9":"product_tag-rf-elements","11":"first","12":"outofstock","13":"sale","14":"shipping-taxable","15":"purchasable","16":"product-type-simple"},"_links":{"self":[{"href":"https:\/\/soydeaqui.ddns.net\/pachuca\/index.php\/wp-json\/wp\/v2\/product\/71760","targetHints":{"allow":["GET"]}}],"collection":[{"href":"https:\/\/soydeaqui.ddns.net\/pachuca\/index.php\/wp-json\/wp\/v2\/product"}],"about":[{"href":"https:\/\/soydeaqui.ddns.net\/pachuca\/index.php\/wp-json\/wp\/v2\/types\/product"}],"replies":[{"embeddable":true,"href":"https:\/\/soydeaqui.ddns.net\/pachuca\/index.php\/wp-json\/wp\/v2\/comments?post=71760"}],"wp:featuredmedia":[{"embeddable":true,"href":"https:\/\/soydeaqui.ddns.net\/pachuca\/index.php\/wp-json\/wp\/v2\/media\/71759"}],"wp:attachment":[{"href":"https:\/\/soydeaqui.ddns.net\/pachuca\/index.php\/wp-json\/wp\/v2\/media?parent=71760"}],"wp:term":[{"taxonomy":"product_brand","embeddable":true,"href":"https:\/\/soydeaqui.ddns.net\/pachuca\/index.php\/wp-json\/wp\/v2\/product_brand?post=71760"},{"taxonomy":"product_cat","embeddable":true,"href":"https:\/\/soydeaqui.ddns.net\/pachuca\/index.php\/wp-json\/wp\/v2\/product_cat?post=71760"},{"taxonomy":"product_tag","embeddable":true,"href":"https:\/\/soydeaqui.ddns.net\/pachuca\/index.php\/wp-json\/wp\/v2\/product_tag?post=71760"}],"curies":[{"name":"wp","href":"https:\/\/api.w.org\/{rel}","templated":true}]}}