{"id":7176,"date":"2026-03-18T06:52:53","date_gmt":"2026-03-18T06:52:53","guid":{"rendered":"https:\/\/soydeaqui.ddns.net\/pachuca\/index.php\/producto\/bobina-de-152-metros-500-pies-de-cable-4-x-16-awg-cable-audacious-riser-libre-de-oxgeno-color-blanco-aplicaciones-de-alarmas-de-intrusin-y-automatizacin\/"},"modified":"2026-03-18T06:52:53","modified_gmt":"2026-03-18T06:52:53","slug":"bobina-de-152-metros-500-pies-de-cable-4-x-16-awg-cable-audacious-riser-libre-de-oxgeno-color-blanco-aplicaciones-de-alarmas-de-intrusin-y-automatizacin","status":"publish","type":"product","link":"https:\/\/soydeaqui.ddns.net\/pachuca\/index.php\/producto\/bobina-de-152-metros-500-pies-de-cable-4-x-16-awg-cable-audacious-riser-libre-de-oxgeno-color-blanco-aplicaciones-de-alarmas-de-intrusin-y-automatizacin\/","title":{"rendered":"Bobina de 152 Metros (500 Pies) de Cable \/ 4 x 16 AWG \/ Cable Audacious \/ Riser \/ Libre de Ox?geno \/ Color Blanco \/ Aplicaciones de Alarmas de Intrusi?n y Automatizaci?n"},"content":{"rendered":"<div style='width: 100%; max-width: 1200px; margin: 0 auto; font-family: sans-serif; line-height: 1.6; color: inherit; background-color: transparent;'>\n<div style='display: flex; flex-wrap: wrap; gap: 15px; margin-bottom: 20px;'> <img style='width: 59px; height: auto; border: 1px solid rgba(150&comma;150&comma;150&comma;0.3); border-radius: 8px;' src='https:\/\/ftp3.syscom.mx\/usuarios\/maguilar\/Icons\/RoHS%20Icon.png' alt=''> <img style='width: 59px; height: auto; border: 1px solid rgba(150&comma;150&comma;150&comma;0.3); border-radius: 8px;' src='https:\/\/ftp3.syscom.mx\/usuarios\/maguilar\/Icons\/Riser%20Icon.png' alt=''> <\/div>\n<div style='margin-bottom: 30px;'>\n<p style='font-size: 16px; font-weight: bold; color: inherit; margin-top: 0; margin-bottom: 15px;'> CABLE DE 4 CONDUCTORES CALIBRE 16 CON FORRO BLANCO PARA APLICACIONES EN ALARMAS Y SISTEMAS DE AUTOMATIZACION. <\/p>\n<p style='font-size: 14px; color: inherit; margin-bottom: 15px;'> Conductores de cobre suave s\u00f3lido aislamiento de PVC&comma; uso en aplicaciones de alarmas&comma; cableado de sensores&comma; cableado de sirenas y sistemas de automatizaci\u00f3n. <\/p>\n<\/p><\/div>\n<div style='display: flex; flex-wrap: wrap; gap: 30px; margin-bottom: 30px;'>\n<div style='flex: 1 1 300px; min-width: 280px;'>\n<h3 style='font-size: 20px; border-bottom: 2px solid currentColor; padding-bottom: 5px; margin-top: 0; color: inherit; opacity: 0.8;'>Caracter\u00edsticas<\/h3>\n<ul style='padding-left: 20px; font-size: 14px; color: inherit;'>\n<li style='margin-bottom: 8px;'><strong>Cable para aplicaciones de audio profesional.<\/strong><\/li>\n<li style='margin-bottom: 8px;'>Alarmas de intrusi\u00f3n: Sensores&comma; tecnolog\u00edas convencionales&comma; sirenas&comma; estrobos.<\/li>\n<li style='margin-bottom: 8px;'>Sistemas de control de automatizaci\u00f3n<\/li>\n<li style='margin-bottom: 8px;'><strong>Libre de Ox\u00edgeno<\/strong><\/li>\n<\/ul><\/div>\n<div style='flex: 1 1 300px; min-width: 280px;'>\n<h3 style='font-size: 20px; border-bottom: 2px solid currentColor; padding-bottom: 5px; margin-top: 0; color: inherit; opacity: 0.8;'>Caracter\u00edsticas f\u00edsicas y el\u00e9ctricas<\/h3>\n<ul style='padding-left: 20px; font-size: 14px; color: inherit;'>\n<li style='margin-bottom: 8px;'><strong>Tipo:<\/strong> Cable (2 pares)<\/li>\n<li style='margin-bottom: 8px;'><strong>Impedancia (\u03a9):<\/strong> 85<\/li>\n<li style='margin-bottom: 8px;'><strong>Resistencia en \u03a9 a 100 m.:<\/strong> 4.19<\/li>\n<li style='margin-bottom: 8px;'><strong>Di\u00e1metro exterior:<\/strong> 7.46 mm<\/li>\n<li style='margin-bottom: 8px;'><strong>Calibre:<\/strong> 16<\/li>\n<li style='margin-bottom: 8px;'><strong>Color externo:<\/strong> Blanco<\/li>\n<li style='margin-bottom: 8px;'><strong>Tipo:<\/strong> UL 1666 Riser<\/li>\n<li style='margin-bottom: 8px;'><strong>Temperatura de operaci\u00f3n:<\/strong> -20\u00b0C a 60\u00b0C<\/li>\n<\/ul><\/div>\n<div style='flex: 1 1 300px; min-width: 280px;'>\n<h3 style='font-size: 20px; border-bottom: 2px solid currentColor; padding-bottom: 5px; margin-top: 0; color: inherit; opacity: 0.8;'>Est\u00e1ndares<\/h3>\n<ul style='padding-left: 20px; font-size: 14px; color: inherit;'>\n<li style='margin-bottom: 8px;'>UL 1666 Riser<\/li>\n<li style='margin-bottom: 8px;'>CMR<\/li>\n<li style='margin-bottom: 8px;'>CL3R<\/li>\n<li style='margin-bottom: 8px;'>FT4<\/li>\n<li style='margin-bottom: 8px;'>RoHS Compliant<\/li>\n<\/ul><\/div>\n<\/p><\/div>\n<div style='margin-top: 20px;'>\n<p style='font-size: 14px; font-weight: bold; color: inherit; margin: 0;'><strong>* Precio por bobina de 152 metros.<\/strong><\/p>\n<\/p><\/div>\n<\/p><\/div>\n","protected":false},"excerpt":{"rendered":"<p>Bobina de 152 Metros (500 Pies) de Cable \/ 4 x 16 AWG \/ Cable Audacious \/ Riser \/ Libre de Ox?geno \/ Color Blanco \/ Aplicaciones de Alarmas de Intrusi?n y Automatizaci?n<\/p>\n","protected":false},"featured_media":7175,"comment_status":"open","ping_status":"closed","template":"","meta":[],"product_brand":[],"product_cat":[137],"product_tag":[138,139,62],"class_list":{"0":"post-7176","1":"product","2":"type-product","3":"status-publish","4":"has-post-thumbnail","6":"product_cat-todos-cables","7":"product_tag-cables","8":"product_tag-genesis","9":"product_tag-todos","11":"first","12":"instock","13":"sale","14":"shipping-taxable","15":"purchasable","16":"product-type-simple"},"_links":{"self":[{"href":"https:\/\/soydeaqui.ddns.net\/pachuca\/index.php\/wp-json\/wp\/v2\/product\/7176","targetHints":{"allow":["GET"]}}],"collection":[{"href":"https:\/\/soydeaqui.ddns.net\/pachuca\/index.php\/wp-json\/wp\/v2\/product"}],"about":[{"href":"https:\/\/soydeaqui.ddns.net\/pachuca\/index.php\/wp-json\/wp\/v2\/types\/product"}],"replies":[{"embeddable":true,"href":"https:\/\/soydeaqui.ddns.net\/pachuca\/index.php\/wp-json\/wp\/v2\/comments?post=7176"}],"wp:featuredmedia":[{"embeddable":true,"href":"https:\/\/soydeaqui.ddns.net\/pachuca\/index.php\/wp-json\/wp\/v2\/media\/7175"}],"wp:attachment":[{"href":"https:\/\/soydeaqui.ddns.net\/pachuca\/index.php\/wp-json\/wp\/v2\/media?parent=7176"}],"wp:term":[{"taxonomy":"product_brand","embeddable":true,"href":"https:\/\/soydeaqui.ddns.net\/pachuca\/index.php\/wp-json\/wp\/v2\/product_brand?post=7176"},{"taxonomy":"product_cat","embeddable":true,"href":"https:\/\/soydeaqui.ddns.net\/pachuca\/index.php\/wp-json\/wp\/v2\/product_cat?post=7176"},{"taxonomy":"product_tag","embeddable":true,"href":"https:\/\/soydeaqui.ddns.net\/pachuca\/index.php\/wp-json\/wp\/v2\/product_tag?post=7176"}],"curies":[{"name":"wp","href":"https:\/\/api.w.org\/{rel}","templated":true}]}}