{"id":71756,"date":"2026-03-19T12:17:26","date_gmt":"2026-03-19T12:17:26","guid":{"rendered":"https:\/\/soydeaqui.ddns.net\/pachuca\/index.php\/producto\/switch-industrial-poe-no-administrable-de-8-puertos-10-100tx-802-3at-hasta-240-w-combo-tp-sfp-gigabit-tp-sfp-40-75-grados-c\/"},"modified":"2026-03-19T12:17:33","modified_gmt":"2026-03-19T12:17:33","slug":"switch-industrial-poe-no-administrable-de-8-puertos-10-100tx-802-3at-hasta-240-w-combo-tp-sfp-gigabit-tp-sfp-40-75-grados-c","status":"publish","type":"product","link":"https:\/\/soydeaqui.ddns.net\/pachuca\/index.php\/producto\/switch-industrial-poe-no-administrable-de-8-puertos-10-100tx-802-3at-hasta-240-w-combo-tp-sfp-gigabit-tp-sfp-40-75-grados-c\/","title":{"rendered":"Switch Industrial PoE no administrable de 8 Puertos 10\/100TX 802.3at,  Hasta 240 W, Combo TP \/ SFP Gigabit TP \/ SFP  (-40 ~ 75 grados C)"},"content":{"rendered":"<div style='width: 100%; max-width: 1200px; margin: 0 auto; font-family: sans-serif; line-height: 1.6; color: inherit; background-color: transparent;'>\n<div style='display: flex; flex-wrap: wrap; gap: 30px; margin-bottom: 30px;'>\n<div style='flex: 1 1 300px; min-width: 280px;'> <img style='width: 100%; height: auto; border: 1px solid rgba(150&comma;150&comma;150&comma;0.3); border-radius: 8px;' src='https:\/\/www.planet.com.tw\/storage\/products\/49075\/IFGS-1022HPT-4_L.jpg' alt=''> <\/div>\n<div style='flex: 1 1 300px; min-width: 280px;'>\n<p style='margin: 0 0 15px; color: inherit; font-size: 15px;'> Dise\u00f1ado para instalarse plug-and-play en entornos industriales exigentes&comma; el IFGS-1022HPT es un conmutador no administrable de tipo riel DIN de grado industrial con puertos PoE+ 8 10\/100BASE-TX que ofrecen 30-Watt 802.3at PoE+ y 2 interfaces adicionales Gigabit de cobre \/ interfaces combo SFP para la extensi\u00f3n de enlace ascendente Gigabit Ethernet y v\u00eddeo. <\/p>\n<\/p><\/div>\n<\/p><\/div>\n<div style='display: flex; flex-wrap: wrap; gap: 20px; margin-bottom: 30px;'>\n<div style='flex: 1 1 250px; border: 1px solid rgba(150&comma; 150&comma; 150&comma; 0.4); border-radius: 8px; overflow: hidden; display: flex; flex-direction: column;'>\n<div style='padding: 15px; border-bottom: 1px solid rgba(150&comma; 150&comma; 150&comma; 0.2); font-weight: bold; font-size: 18px; color: inherit; background-color: rgba(80&comma; 112&comma; 171&comma; 0.1);'>Alimentaci\u00f3n a trav\u00e9s de Ethernet<\/div>\n<div style='padding: 15px; color: inherit;'>\n<ul style='padding-left: 20px; margin: 0; font-size: 14px; list-style-type: disc;'>\n<li style='margin-bottom: 5px;'><span style='color: inherit;'>Cumple con IEEE 802.3at Power over Ethernet Plus&comma; end-span PSE<\/span><\/li>\n<li style='margin-bottom: 5px;'><span style='color: inherit;'>Compatible con versiones anteriores con IEEE 802.3af Power over Ethernet<\/span><\/li>\n<li style='margin-bottom: 5px;'><span style='color: inherit;'>Hasta 8 puertos de dispositivos IEEE 802.3af \/ 802.3at<\/span><\/li>\n<li style='margin-bottom: 5px;'><strong style='color: inherit;'>M\u00e1ximo PoE de 240 W<\/strong><\/li>\n<li style='margin-bottom: 5px;'><span style='color: inherit;'>Admite alimentaci\u00f3n PoE de hasta 30 vatios para cada puerto PoE<\/span><\/li>\n<li style='margin-bottom: 5px;'><span style='color: inherit;'>Detecta autom\u00e1ticamente el dispositivo alimentado (PD)<\/span><\/li>\n<li style='margin-bottom: 5px;'><span style='color: inherit;'>La protecci\u00f3n del circuito evita la interferencia de energ\u00eda entre los puertos<\/span><\/li>\n<li style='margin-bottom: 5px;'><span style='color: inherit;'>Alimentaci\u00f3n de energ\u00eda remota hasta 100 metros<\/span><\/li>\n<\/ul><\/div>\n<\/p><\/div>\n<div style='flex: 1 1 250px; border: 1px solid rgba(150&comma; 150&comma; 150&comma; 0.4); border-radius: 8px; overflow: hidden; display: flex; flex-direction: column;'>\n<div style='padding: 15px; border-bottom: 1px solid rgba(150&comma; 150&comma; 150&comma; 0.2); font-weight: bold; font-size: 18px; color: inherit; background-color: rgba(80&comma; 112&comma; 171&comma; 0.1);'>Dise\u00f1o industrial<\/div>\n<div style='padding: 15px; color: inherit;'>\n<ul style='padding-left: 20px; margin: 0; font-size: 14px; list-style-type: disc;'>\n<li style='margin-bottom: 5px;'><span style='color: inherit;'>Caja de metal IP30<\/span><\/li>\n<li style='margin-bottom: 5px;'><span style='color: inherit;'>Dise\u00f1o de montaje en pared y riel DIN<\/span><\/li>\n<li style='margin-bottom: 5px;'><span style='color: inherit;'>48 ~ 56 V CC&comma; alimentaci\u00f3n redundante con funci\u00f3n de protecci\u00f3n inversa de polaridad<\/span><\/li>\n<li style='margin-bottom: 5px;'><span style='color: inherit;'>Admite protecci\u00f3n ESD Ethernet de 6000 V CC<\/span><\/li>\n<li style='margin-bottom: 5px;'><span style='color: inherit;'>Hasta -40 a 75 grados C de temperatura en funcionamiento<\/span><\/li>\n<\/ul><\/div>\n<\/p><\/div>\n<div style='flex: 1 1 250px; border: 1px solid rgba(150&comma; 150&comma; 150&comma; 0.4); border-radius: 8px; overflow: hidden; display: flex; flex-direction: column;'>\n<div style='padding: 15px; border-bottom: 1px solid rgba(150&comma; 150&comma; 150&comma; 0.2); font-weight: bold; font-size: 18px; color: inherit; background-color: rgba(80&comma; 112&comma; 171&comma; 0.1);'>Conmutaci\u00f3n<\/div>\n<div style='padding: 15px; color: inherit;'>\n<ul style='padding-left: 20px; margin: 0; font-size: 14px; list-style-type: disc;'>\n<li style='margin-bottom: 5px;'><span style='color: inherit;'>10\/100 Mbps (half\/full duplex) basado en hardware&comma; 1000 Mbps (full duplex)&comma; negociaci\u00f3n autom\u00e1tica y MDI \/ MDI-X autom\u00e1tico<\/span><\/li>\n<li style='margin-bottom: 5px;'><span style='color: inherit;'>Cuenta con el modo Store-and-Forward con filtrado de velocidad de cable y tasas de reenv\u00edo<\/span><\/li>\n<li style='margin-bottom: 5px;'><span style='color: inherit;'>Control de flujo IEEE 802.3x para operaci\u00f3n full duplex y contrapresi\u00f3n para operaci\u00f3n half duplex<\/span><\/li>\n<li style='margin-bottom: 5px;'><span style='color: inherit;'>Tama\u00f1o de la tabla de direcciones MAC de 16K<\/span><\/li>\n<li style='margin-bottom: 5px;'><span style='color: inherit;'>Marco jumbo de 10K<\/span><\/li>\n<li style='margin-bottom: 5px;'><span style='color: inherit;'>Transparencia de VLAN IEEE 802.1Q<\/span><\/li>\n<li style='margin-bottom: 5px;'><span style='color: inherit;'>Interruptor DIP de hardware para la selecci\u00f3n del modo &#8216;Est\u00e1ndar&#8217; y &#8216;Extender&#8217;; el modo &#8216;Extender&#8217; cuenta con una distancia de transmisi\u00f3n PoE de 30 Watts a 250 m con una velocidad de 10 Mbps<\/span><\/li>\n<li style='margin-bottom: 5px;'><span style='color: inherit;'>Soporta protocolo CSMA \/ CD<\/span><\/li>\n<\/ul><\/div>\n<\/p><\/div>\n<\/p><\/div>\n<hr style='border: 0; border-top: 1px solid rgba(150&comma; 150&comma; 150&comma; 0.3); margin: 30px 0;'> <\/div>\n","protected":false},"excerpt":{"rendered":"<p>Switch Industrial PoE no administrable de 8 Puertos 10\/100TX 802.3at,  Hasta 240 W, Combo TP \/ SFP Gigabit TP \/ SFP  (-40 ~ 75 grados C)<\/p>\n","protected":false},"featured_media":71755,"comment_status":"open","ping_status":"closed","template":"","meta":[],"product_brand":[],"product_cat":[1984],"product_tag":[1985,664,2033],"class_list":{"0":"post-71756","1":"product","2":"type-product","3":"status-publish","4":"has-post-thumbnail","6":"product_cat-industrial","7":"product_tag-industrial","8":"product_tag-networking","9":"product_tag-planet","11":"first","12":"outofstock","13":"sale","14":"shipping-taxable","15":"purchasable","16":"product-type-simple"},"_links":{"self":[{"href":"https:\/\/soydeaqui.ddns.net\/pachuca\/index.php\/wp-json\/wp\/v2\/product\/71756","targetHints":{"allow":["GET"]}}],"collection":[{"href":"https:\/\/soydeaqui.ddns.net\/pachuca\/index.php\/wp-json\/wp\/v2\/product"}],"about":[{"href":"https:\/\/soydeaqui.ddns.net\/pachuca\/index.php\/wp-json\/wp\/v2\/types\/product"}],"replies":[{"embeddable":true,"href":"https:\/\/soydeaqui.ddns.net\/pachuca\/index.php\/wp-json\/wp\/v2\/comments?post=71756"}],"wp:featuredmedia":[{"embeddable":true,"href":"https:\/\/soydeaqui.ddns.net\/pachuca\/index.php\/wp-json\/wp\/v2\/media\/71755"}],"wp:attachment":[{"href":"https:\/\/soydeaqui.ddns.net\/pachuca\/index.php\/wp-json\/wp\/v2\/media?parent=71756"}],"wp:term":[{"taxonomy":"product_brand","embeddable":true,"href":"https:\/\/soydeaqui.ddns.net\/pachuca\/index.php\/wp-json\/wp\/v2\/product_brand?post=71756"},{"taxonomy":"product_cat","embeddable":true,"href":"https:\/\/soydeaqui.ddns.net\/pachuca\/index.php\/wp-json\/wp\/v2\/product_cat?post=71756"},{"taxonomy":"product_tag","embeddable":true,"href":"https:\/\/soydeaqui.ddns.net\/pachuca\/index.php\/wp-json\/wp\/v2\/product_tag?post=71756"}],"curies":[{"name":"wp","href":"https:\/\/api.w.org\/{rel}","templated":true}]}}