{"id":71750,"date":"2026-03-19T12:17:11","date_gmt":"2026-03-19T12:17:11","guid":{"rendered":"https:\/\/soydeaqui.ddns.net\/pachuca\/index.php\/producto\/antena-sectorial-simetrica-starter-horn-de-30o-5150-5950-mhz-ganancia-de-18-dbi-conexion-rp-sma\/"},"modified":"2026-03-19T12:17:21","modified_gmt":"2026-03-19T12:17:21","slug":"antena-sectorial-simetrica-starter-horn-de-30o-5150-5950-mhz-ganancia-de-18-dbi-conexion-rp-sma","status":"publish","type":"product","link":"https:\/\/soydeaqui.ddns.net\/pachuca\/index.php\/producto\/antena-sectorial-simetrica-starter-horn-de-30o-5150-5950-mhz-ganancia-de-18-dbi-conexion-rp-sma\/","title":{"rendered":"Antena Sectorial Sim\u00e9trica Starter Horn de 30\u00ba, 5150 &#8211; 5950 MHz, ganancia de 18 dBi, conexi\u00f3n RP-SMA"},"content":{"rendered":"<div style='width: 100%; max-width: 1200px; margin: 0 auto; font-family: sans-serif; line-height: 1.6; color: inherit; background-color: transparent;'>\n<div style='width: 100%; padding: 0 15px; margin-bottom: 30px;'>\n<h2 style='font-size: 28px; color: inherit; border-bottom: 2px solid currentColor; padding-bottom: 10px; margin-top: 0;'>Antena Sectorial StarterHorn<span style='font-size: 14px; vertical-align: super;'>TM<\/span><\/h2>\n<p style='font-size: 15px; margin-top: 15px;'>STH-30-USMA es una antena tipo cuerno escalar con un patr\u00f3n de radiaci\u00f3n sim\u00e9trico y conectores RP-SMA para una f\u00e1cil conectividad. La StarterHorn<span style='font-size: 14px; vertical-align: super;'>TM<\/span> 30 USMA es un comienzo conveniente para los clientes nuevos en la tecnolog\u00eda de antenas tipo horn que solicitan una baja inversi\u00f3n inicial.<\/p>\n<div style='margin: 20px 0;'> <img style='width: 100%; height: auto; border: 1px solid rgba(150&comma;150&comma;150&comma;0.3); border-radius: 8px;' src='https:\/\/rfelements.com\/assets\/Uploads\/STH-30-USMA-Group-v3.jpg' alt='STH 30 USMA Group v3'> <\/div>\n<\/p><\/div>\n<div style='width: 100%; padding: 0 15px; margin-bottom: 30px;'>\n<h3 style='font-size: 22px; color: inherit; border-bottom: 2px solid currentColor; padding-bottom: 5px; margin-top: 0; opacity: 0.8;'>Rendimiento de Ancho de Haz Premium<\/h3>\n<p style='font-size: 15px; margin-top: 15px;'>La StarterHorn<span style='font-size: 12px; vertical-align: super;'>TM<\/span> 30 USMA tiene un patr\u00f3n de radiaci\u00f3n \u00fanico. El haz principal es sim\u00e9trico&comma; con una secci\u00f3n transversal circular: los anchos de haz de azimuth y elevaci\u00f3n son ambos de 30\u00ba a -6 dB.<\/p>\n<div style='position: relative; padding-bottom: 56.25%; height: 0; overflow: hidden; margin: 20px 0;'>   <\/div>\n<\/p><\/div>\n<div style='width: 100%; padding: 0 15px; margin-bottom: 30px;'>\n<h3 style='font-size: 22px; color: inherit; border-bottom: 2px solid currentColor; padding-bottom: 5px; margin-top: 0; opacity: 0.8;'>Excelente Inmunidad al Ruido<\/h3>\n<p style='font-size: 15px; margin-top: 15px;'>El ruido en las redes inal\u00e1mbricas de 5 GHz sin licencia es causado por los l\u00f3bulos laterales de las antenas de arreglo de parches tradicionales ampliamente utilizadas. La StarterHorn<span style='font-size: 12px; vertical-align: super;'>TM<\/span> 30 USMA no tiene l\u00f3bulos laterales&comma; lo que garantiza un uso eficiente del espectro. Como resultado&comma; su red inal\u00e1mbrica no sufre grandes interferencias.<\/p>\n<div style='position: relative; padding-bottom: 56.25%; height: 0; overflow: hidden; margin: 20px 0;'>   <\/div>\n<\/p><\/div>\n<div style='width: 100%; padding: 0 15px; margin-bottom: 30px;'>\n<h3 style='font-size: 22px; color: inherit; border-bottom: 2px solid currentColor; padding-bottom: 5px; margin-top: 0; opacity: 0.8;'>Eficiencia Alta de Haz<\/h3>\n<p style='font-size: 15px; margin-top: 15px;'>La eficiencia del haz (BE) es una medida de los l\u00f3bulos laterales con valores de 0 a 100%. Cuanto m\u00e1s alto sea el BE&comma; menos l\u00f3bulos laterales tiene una antena: StarterHorn<span style='font-size: 12px; vertical-align: super;'>TM<\/span> 30\u00b0 USMA tiene un BE del 92%&comma; suprimiendo la gran mayor\u00eda de las interferencias y proporcionando un aumento del rendimiento que cambia el juego. Como referencia&comma; el BE de las antenas de sector de arreglo de parches ampliamente utilizadas rara vez supera el 58%.<\/p>\n<div style='position: relative; padding-bottom: 56.25%; height: 0; overflow: hidden; margin: 20px 0;'>   <\/div>\n<\/p><\/div>\n<div style='width: 100%; padding: 0 15px; margin-bottom: 30px;'>\n<h3 style='font-size: 22px; color: inherit; border-bottom: 2px solid currentColor; padding-bottom: 5px; margin-top: 0; opacity: 0.8;'>Ancho y Ganancia de Haz Independiente de la Frecuencia<\/h3>\n<p style='font-size: 15px; margin-top: 15px;'>La forma del l\u00f3bulo principal y la ganancia de StarterHorn<span style='font-size: 12px; vertical-align: super;'>TM<\/span> 30 USMA no cambian con la frecuencia. El rendimiento de la antena es s\u00faper estable en un amplio rango de frecuencias entre las bandas U-NII-1 y U-NII-3. Esto es extremadamente importante para los WISP que planifican sus implementaciones de red&comma; ya que pueden confiar en el rendimiento de la antena cada vez que cambian un canal.<\/p>\n<div style='position: relative; padding-bottom: 56.25%; height: 0; overflow: hidden; margin: 20px 0;'>   <\/div>\n<\/p><\/div>\n<div style='width: 100%; padding: 0 15px; margin-bottom: 30px;'>\n<h3 style='font-size: 22px; color: inherit; border-bottom: 2px solid currentColor; padding-bottom: 5px; margin-top: 0; opacity: 0.8;'>Conectividad Flexible<\/h3>\n<p style='font-size: 15px; margin-top: 15px;'>La StarterHorn<span style='font-size: 12px; vertical-align: super;'>TM<\/span> 30 USMA ofrece una amplia gama de opciones de conectividad de radio. Los puertos RP-SMA son adecuados para cualquier radio con salida coaxial. El puerto de gu\u00eda de ondas adicional permite la conectividad a IsoStation y PrismStation&comma; radios de gu\u00eda de ondas de Ubiquiti Networks.<\/p>\n<div style='position: relative; padding-bottom: 56.25%; height: 0; overflow: hidden; margin: 20px 0;'>   <\/div>\n<\/p><\/div>\n<div style='width: 100%; padding: 0 15px; margin-bottom: 30px;'>\n<h3 style='font-size: 22px; color: inherit; border-bottom: 2px solid currentColor; padding-bottom: 5px; margin-top: 0; opacity: 0.8;'>Compacta y Duradera<\/h3>\n<p style='font-size: 15px; margin-top: 15px;'>La StarterHorn<span style='font-size: 12px; vertical-align: super;'>TM<\/span> 30 USMA est\u00e1 construida con materiales de primera calidad&comma; pero a un precio razonable. La antena est\u00e1 construida en aluminio y por lo tanto es muy ligera. El montaje es simple y funcional&comma; con tuercas M6 hechas de acero inoxidable con revestimiento de superficie para evitar agarrotamientos.<\/p>\n<div style='position: relative; padding-bottom: 56.25%; height: 0; overflow: hidden; margin: 20px 0;'>   <\/div>\n<\/p><\/div>\n<div style='width: 100%; padding: 0 15px;'>\n<h3 style='font-size: 22px; color: inherit; border-bottom: 2px solid currentColor; padding-bottom: 5px; margin-top: 0; opacity: 0.8;'>F\u00e1cil Montaje e Instalaci\u00f3n<\/h3>\n<p style='font-size: 15px; margin-top: 15px;'>El montaje e instalaci\u00f3n de la StarterHorn<span style='font-size: 12px; vertical-align: super;'>TM<\/span> 30 USMA es sencillo y r\u00e1pido&comma; lo que hace que el trabajo de una tecnolog\u00eda de torre sea seguro y f\u00e1cil.<\/p>\n<\/p><\/div>\n<\/p><\/div>\n","protected":false},"excerpt":{"rendered":"<p>Antena Sectorial Sim\u00e9trica Starter Horn de 30\u00ba, 5150 &#8211; 5950 MHz, ganancia de 18 dBi, conexi\u00f3n RP-SMA<\/p>\n","protected":false},"featured_media":71749,"comment_status":"open","ping_status":"closed","template":"","meta":[],"product_brand":[],"product_cat":[1895],"product_tag":[1404,1988,1896],"class_list":{"0":"post-71750","1":"product","2":"type-product","3":"status-publish","4":"has-post-thumbnail","6":"product_cat-sectoriales","7":"product_tag-antenas","8":"product_tag-rf-elements","9":"product_tag-sectoriales","11":"first","12":"instock","13":"sale","14":"shipping-taxable","15":"purchasable","16":"product-type-simple"},"_links":{"self":[{"href":"https:\/\/soydeaqui.ddns.net\/pachuca\/index.php\/wp-json\/wp\/v2\/product\/71750","targetHints":{"allow":["GET"]}}],"collection":[{"href":"https:\/\/soydeaqui.ddns.net\/pachuca\/index.php\/wp-json\/wp\/v2\/product"}],"about":[{"href":"https:\/\/soydeaqui.ddns.net\/pachuca\/index.php\/wp-json\/wp\/v2\/types\/product"}],"replies":[{"embeddable":true,"href":"https:\/\/soydeaqui.ddns.net\/pachuca\/index.php\/wp-json\/wp\/v2\/comments?post=71750"}],"wp:featuredmedia":[{"embeddable":true,"href":"https:\/\/soydeaqui.ddns.net\/pachuca\/index.php\/wp-json\/wp\/v2\/media\/71749"}],"wp:attachment":[{"href":"https:\/\/soydeaqui.ddns.net\/pachuca\/index.php\/wp-json\/wp\/v2\/media?parent=71750"}],"wp:term":[{"taxonomy":"product_brand","embeddable":true,"href":"https:\/\/soydeaqui.ddns.net\/pachuca\/index.php\/wp-json\/wp\/v2\/product_brand?post=71750"},{"taxonomy":"product_cat","embeddable":true,"href":"https:\/\/soydeaqui.ddns.net\/pachuca\/index.php\/wp-json\/wp\/v2\/product_cat?post=71750"},{"taxonomy":"product_tag","embeddable":true,"href":"https:\/\/soydeaqui.ddns.net\/pachuca\/index.php\/wp-json\/wp\/v2\/product_tag?post=71750"}],"curies":[{"name":"wp","href":"https:\/\/api.w.org\/{rel}","templated":true}]}}