{"id":71708,"date":"2026-03-19T12:15:33","date_gmt":"2026-03-19T12:15:33","guid":{"rendered":"https:\/\/soydeaqui.ddns.net\/pachuca\/index.php\/producto\/inyector-hi-poe-60-w-gigabit-alimenta-equipos-poe-802-3-af-hasta-15w-poe-at-hasta-30w-poe-bt-hasta-60w-instalacion-para-interior-alcance-de-hasta-100-metros-plug-and-play-no-se-necesita\/"},"modified":"2026-03-19T12:15:45","modified_gmt":"2026-03-19T12:15:45","slug":"inyector-hi-poe-60-w-gigabit-alimenta-equipos-poe-802-3-af-hasta-15w-poe-at-hasta-30w-poe-bt-hasta-60w-instalacion-para-interior-alcance-de-hasta-100-metros-plug-and-play-no-se-necesita","status":"publish","type":"product","link":"https:\/\/soydeaqui.ddns.net\/pachuca\/index.php\/producto\/inyector-hi-poe-60-w-gigabit-alimenta-equipos-poe-802-3-af-hasta-15w-poe-at-hasta-30w-poe-bt-hasta-60w-instalacion-para-interior-alcance-de-hasta-100-metros-plug-and-play-no-se-necesita\/","title":{"rendered":"Inyector Hi-PoE 60 W Gigabit \/ Alimenta Equipos PoE 802.3 af Hasta 15W &#8211; PoE at Hasta 30W &#8211; PoE bt Hasta 60W \/ Instalaci\u00f3n Para Interior \/ Alcance de Hasta 100 metros \/ Plug and Play \/ No se Necesita Configurar"},"content":{"rendered":"<div style='width: 100%; max-width: 1200px; margin: 0 auto; font-family: sans-serif; line-height: 1.6; color: inherit; background-color: transparent;'> <!-- Secci\u00f3n principal --> <\/p>\n<div style='display: flex; flex-direction: column; align-items: center; padding: 15px 0;'>\n<h2 style='font-size: 24px; margin-bottom: 15px; color: inherit;'>Inyector Hi-PoE de hasta 60W<\/h2>\n<p style='font-size: 18px; color: inherit; opacity: 0.8; text-align: center; max-width: 800px;'> Con el Inyector PoE&comma; podemos integrar aplicaciones de CCTV&comma; contamos con una pr\u00e1ctica y f\u00e1cil instalaci\u00f3n. Hay que tener en cuenta que tenemos que instalar equipos que trabajen con el mismo voltaje. <\/p>\n<p> <img style='width: 100%; height: auto; border: 1px solid rgba(150&comma;150&comma;150&comma;0.3); border-radius: 8px; margin: 20px 0;' src='https:\/\/ftp3.syscom.mx\/usuarios\/fotos\/WIPOE5548V60W\/193504-20220829173305_24785.jpeg' alt='Inyector Hi-PoE'> <\/div>\n<p> <!-- Diagrama de instalaci\u00f3n --> <\/p>\n<div style='display: flex; flex-direction: column; align-items: center; padding: 15px 0;'>\n<h2 style='font-size: 24px; margin-bottom: 15px; color: inherit;'>Diagrama de instalaciones t\u00edpicas<\/h2>\n<p> <img style='width: 100%; height: auto; border: 1px solid rgba(150&comma;150&comma;150&comma;0.3); border-radius: 8px; margin: 20px 0;' src='https:\/\/ftp3.syscom.mx\/usuarios\/fotos\/WIPOE5548V60W\/193504-20220829173305_24785_copia.jpg' alt='Diagrama de instalaci\u00f3n'> <\/div>\n<p> <!-- Aplicaciones de conexi\u00f3n --> <\/p>\n<div style='display: flex; flex-direction: column; align-items: center; padding: 15px 0;'>\n<h2 style='font-size: 24px; margin-bottom: 15px; color: inherit;'>Aplicaciones de conexi\u00f3n con los Inyectores PoE<\/h2>\n<p> <img style='width: 100%; height: auto; border: 1px solid rgba(150&comma;150&comma;150&comma;0.3); border-radius: 8px; margin: 20px 0;' src='https:\/\/ftp3.syscom.mx\/usuarios\/fotos\/WIPOE5548V60W\/193504-20220829173313_21346.jpeg' alt='Aplicaciones de conexi\u00f3n'> <\/div>\n<p> <!-- Especificaciones --> <\/p>\n<div style='display: flex; flex-direction: column; align-items: center; padding: 15px 0;'>\n<h2 style='font-size: 24px; margin-bottom: 15px; color: inherit;'>Especificaciones<\/h2>\n<div style='width: 100%; max-width: 800px;'>\n<div style='display: flex; flex-wrap: wrap; gap: 15px; margin-bottom: 30px;'>\n<div style='flex: 1 1 250px; border: 1px solid rgba(150&comma; 150&comma; 150&comma; 0.4); border-radius: 8px; overflow: hidden; display: flex; flex-direction: column;'>\n<div style='padding: 15px; border-bottom: 1px solid rgba(150&comma; 150&comma; 150&comma; 0.2); font-weight: bold; font-size: 18px; color: inherit;'>Caracter\u00edsticas F\u00edsicas<\/div>\n<div style='padding: 15px; color: inherit;'>\n<ul style='padding-left: 20px; margin: 0; font-size: 14px; list-style-type: disc;'>\n<li style='margin-bottom: 5px;'><strong>Dimensiones:<\/strong> 113 x 48 x 30 mm<\/li>\n<\/ul><\/div>\n<\/p><\/div>\n<div style='flex: 1 1 250px; border: 1px solid rgba(150&comma; 150&comma; 150&comma; 0.4); border-radius: 8px; overflow: hidden; display: flex; flex-direction: column;'>\n<div style='padding: 15px; border-bottom: 1px solid rgba(150&comma; 150&comma; 150&comma; 0.2); font-weight: bold; font-size: 18px; color: inherit;'>Conectividad<\/div>\n<div style='padding: 15px; color: inherit;'>\n<ul style='padding-left: 20px; margin: 0; font-size: 14px; list-style-type: disc;'>\n<li style='margin-bottom: 5px;'><strong>Interfaces de Red:<\/strong> (2) Puertos 10\/100\/1000 Mbps<\/li>\n<li style='margin-bottom: 5px;'><strong>Bandwidth:<\/strong> 2 Gbps<\/li>\n<\/ul><\/div>\n<\/p><\/div>\n<div style='flex: 1 1 250px; border: 1px solid rgba(150&comma; 150&comma; 150&comma; 0.4); border-radius: 8px; overflow: hidden; display: flex; flex-direction: column;'>\n<div style='padding: 15px; border-bottom: 1px solid rgba(150&comma; 150&comma; 150&comma; 0.2); font-weight: bold; font-size: 18px; color: inherit;'>Energ\u00eda<\/div>\n<div style='padding: 15px; color: inherit;'>\n<ul style='padding-left: 20px; margin: 0; font-size: 14px; list-style-type: disc;'>\n<li style='margin-bottom: 5px;'><strong>Alimentaci\u00f3n:<\/strong> 100-240 Vca<\/li>\n<li style='margin-bottom: 5px;'><strong>PIN PoE:<\/strong> 1\/2(+)&comma; 3\/6(-) \u00f3 4\/5(+)&comma; 7\/8(-)<\/li>\n<li style='margin-bottom: 5px;'><strong>Puertos PoE (RJ45):<\/strong> 1 puerto 802.3 af\/at\/bt 60W<\/li>\n<\/ul><\/div>\n<\/p><\/div>\n<div style='flex: 1 1 250px; border: 1px solid rgba(150&comma; 150&comma; 150&comma; 0.4); border-radius: 8px; overflow: hidden; display: flex; flex-direction: column;'>\n<div style='padding: 15px; border-bottom: 1px solid rgba(150&comma; 150&comma; 150&comma; 0.2); font-weight: bold; font-size: 18px; color: inherit;'>Especificaciones T\u00e9cnicas<\/div>\n<div style='padding: 15px; color: inherit;'>\n<ul style='padding-left: 20px; margin: 0; font-size: 14px; list-style-type: disc;'>\n<li style='margin-bottom: 5px;'><strong>Temperatura de operaci\u00f3n:<\/strong> -10 to 55\u00b0 C<\/li>\n<li style='margin-bottom: 5px;'><strong>Certificaciones:<\/strong> CE&comma; FCC&comma; RoHS<\/li>\n<\/ul><\/div>\n<\/p><\/div>\n<div style='flex: 1 1 250px; border: 1px solid rgba(150&comma; 150&comma; 150&comma; 0.4); border-radius: 8px; overflow: hidden; display: flex; flex-direction: column;'>\n<div style='padding: 15px; border-bottom: 1px solid rgba(150&comma; 150&comma; 150&comma; 0.2); font-weight: bold; font-size: 18px; color: inherit;'>Contenido del Paquete<\/div>\n<div style='padding: 15px; color: inherit;'>\n<ul style='padding-left: 20px; margin: 0; font-size: 14px; list-style-type: disc;'>\n<li style='margin-bottom: 5px;'>Inyector PoE<\/li>\n<li style='margin-bottom: 5px;'>Cable de alimentaci\u00f3n<\/li>\n<li style='margin-bottom: 5px;'>Gu\u00eda de instalaci\u00f3n<\/li>\n<\/ul><\/div>\n<\/p><\/div>\n<\/p><\/div>\n<\/p><\/div>\n<\/p><\/div>\n<p> <!-- Separador final --> <\/p>\n<hr style='border: 0; border-top: 1px solid rgba(150&comma; 150&comma; 150&comma; 0.3); margin: 30px 0;'> <\/div>\n","protected":false},"excerpt":{"rendered":"<p>Inyector Hi-PoE 60 W Gigabit \/ Alimenta Equipos PoE 802.3 af Hasta 15W &#8211; PoE at Hasta 30W &#8211; PoE bt Hasta 60W \/ Instalaci\u00f3n Para Interior \/ Alcance de Hasta 100 metros \/ Plug and Play \/ No se Necesita Configurar<\/p>\n","protected":false},"featured_media":71707,"comment_status":"open","ping_status":"closed","template":"","meta":[],"product_brand":[],"product_cat":[1260],"product_tag":[1261,664,1262],"class_list":{"0":"post-71708","1":"product","2":"type-product","3":"status-publish","4":"has-post-thumbnail","6":"product_cat-inyectores-poe","7":"product_tag-inyectores-poe","8":"product_tag-networking","9":"product_tag-wi-tek","11":"first","12":"instock","13":"sale","14":"shipping-taxable","15":"purchasable","16":"product-type-simple"},"_links":{"self":[{"href":"https:\/\/soydeaqui.ddns.net\/pachuca\/index.php\/wp-json\/wp\/v2\/product\/71708","targetHints":{"allow":["GET"]}}],"collection":[{"href":"https:\/\/soydeaqui.ddns.net\/pachuca\/index.php\/wp-json\/wp\/v2\/product"}],"about":[{"href":"https:\/\/soydeaqui.ddns.net\/pachuca\/index.php\/wp-json\/wp\/v2\/types\/product"}],"replies":[{"embeddable":true,"href":"https:\/\/soydeaqui.ddns.net\/pachuca\/index.php\/wp-json\/wp\/v2\/comments?post=71708"}],"wp:featuredmedia":[{"embeddable":true,"href":"https:\/\/soydeaqui.ddns.net\/pachuca\/index.php\/wp-json\/wp\/v2\/media\/71707"}],"wp:attachment":[{"href":"https:\/\/soydeaqui.ddns.net\/pachuca\/index.php\/wp-json\/wp\/v2\/media?parent=71708"}],"wp:term":[{"taxonomy":"product_brand","embeddable":true,"href":"https:\/\/soydeaqui.ddns.net\/pachuca\/index.php\/wp-json\/wp\/v2\/product_brand?post=71708"},{"taxonomy":"product_cat","embeddable":true,"href":"https:\/\/soydeaqui.ddns.net\/pachuca\/index.php\/wp-json\/wp\/v2\/product_cat?post=71708"},{"taxonomy":"product_tag","embeddable":true,"href":"https:\/\/soydeaqui.ddns.net\/pachuca\/index.php\/wp-json\/wp\/v2\/product_tag?post=71708"}],"curies":[{"name":"wp","href":"https:\/\/api.w.org\/{rel}","templated":true}]}}