{"id":71672,"date":"2026-03-19T12:14:11","date_gmt":"2026-03-19T12:14:11","guid":{"rendered":"https:\/\/soydeaqui.ddns.net\/pachuca\/index.php\/producto\/subwoofer-subterraneo-altavoz-de-12-in-400-watts-4-ohms-70v-conmutable\/"},"modified":"2026-03-19T12:14:14","modified_gmt":"2026-03-19T12:14:14","slug":"subwoofer-subterraneo-altavoz-de-12-in-400-watts-4-ohms-70v-conmutable","status":"publish","type":"product","link":"https:\/\/soydeaqui.ddns.net\/pachuca\/index.php\/producto\/subwoofer-subterraneo-altavoz-de-12-in-400-watts-4-ohms-70v-conmutable\/","title":{"rendered":"Subwoofer subterr\u00e1neo | altavoz de 12 in | 400 Watts | 4 Ohms | 70V | conmutable."},"content":{"rendered":"<div style='width: 100%; max-width: 1200px; margin: 0 auto; font-family: sans-serif; line-height: 1.6; color: inherit; background-color: transparent;'> <!-- Logo --> <\/p>\n<div style='display: flex; justify-content: center; margin: 20px 0;'> <img style='width: 40%; height: auto; border: 1px solid rgba(150&comma;150&comma;150&comma;0.3); border-radius: 8px;' src='https:\/\/ftp3.syscom.mx\/usuarios\/luis.vargas\/Truaudio\/truaudio-logo.png' alt='Logo Truaudio'> <\/div>\n<p> <!-- Secci\u00f3n 1 --> <\/p>\n<div style='display: flex; flex-wrap: wrap; gap: 30px; margin: 30px 0;'>\n<div style='flex: 1 1 300px; min-width: 280px;'>\n<div style='font-size: 24px; color: inherit; opacity: 0.8; margin-bottom: 15px;'> <strong style='color: inherit;'>SUBTERRAIN<\/strong>\u2122 SERIES <\/div>\n<p style='font-size: 15px; color: inherit; text-align: justify;'> Los subwoofers SubTerrain de TruAudio est\u00e1n dise\u00f1ados para hacer exactamente lo que su nombre pretende: enterrarse en el suelo. Este factor de forma permite que la experiencia auditiva al aire libre ahora incluya graves profundos mientras se integra sin esfuerzo en cualquier paisaje. <\/p>\n<\/p><\/div>\n<div style='flex: 1 1 300px; min-width: 280px;'> <img style='width: 100%; height: auto; border: 1px solid rgba(150&comma;150&comma;150&comma;0.3); border-radius: 8px;' src='https:\/\/ftp3.syscom.mx\/usuarios\/luis.vargas\/Truaudio\/STPRO\/STPRO1.png' alt='Subwoofer ST12PRO'> <\/div>\n<\/p><\/div>\n<p> <!-- Secci\u00f3n 2 --> <\/p>\n<div style='display: flex; flex-wrap: wrap; gap: 30px; margin: 30px 0;'>\n<div style='flex: 1 1 300px; min-width: 280px;'>\n<p style='font-size: 15px; color: inherit; text-align: justify;'> Los subwoofers ST-10PRO y ST-12PRO de TruAudio est\u00e1n dise\u00f1ados para ser herm\u00e9ticos con una huella m\u00ednima. Se pueden instalar estrat\u00e9gicamente en casi cualquier espacio&comma; ofreciendo un sonido en auge desde una fuente convenientemente escondida en el paisaje. El ST-10PRO viene en 4 ohms&comma; y el ST-12PRO viene en 4 ohms o 70V&comma; lo que lo hace tan vers\u00e1til como potente. <\/p>\n<\/p><\/div>\n<div style='flex: 1 1 300px; min-width: 280px;'> <img style='width: 100%; height: auto; border: 1px solid rgba(150&comma;150&comma;150&comma;0.3); border-radius: 8px;' src='https:\/\/ftp3.syscom.mx\/usuarios\/luis.vargas\/Truaudio\/STPRO\/STPRO3.png' alt='Instalaci\u00f3n subwoofer'> <\/div>\n<\/p><\/div>\n<p> <!-- Imagen full width --> <\/p>\n<div style='margin: 30px 0;'> <img style='width: 100%; height: auto; border: 1px solid rgba(150&comma;150&comma;150&comma;0.3); border-radius: 8px;' src='https:\/\/ftp3.syscom.mx\/usuarios\/luis.vargas\/Truaudio\/Acousticscape\/AS2_4.png' alt='Aplicaci\u00f3n paisaje'> <\/div>\n<p> <!-- Caracter\u00edsticas --> <\/p>\n<div style='display: flex; flex-wrap: wrap; gap: 30px; margin: 30px 0;'>\n<div style='flex: 1 1 300px; min-width: 280px;'>\n<h3 style='font-size: 22px; border-bottom: 2px solid currentColor; padding-bottom: 5px; margin-top: 0; color: inherit; opacity: 0.8;'>Caracter\u00edsticas Generales<\/h3>\n<ul style='padding-left: 20px; font-size: 15px; color: inherit;'>\n<li style='margin-bottom: 5px;'><strong>Color:<\/strong> Verde<\/li>\n<li style='margin-bottom: 5px;'><strong>SPL:<\/strong> 110dB<\/li>\n<li style='margin-bottom: 5px;'><strong>Woofer:<\/strong> Polipropileno inyectado de 12&#8242;<\/li>\n<li style='margin-bottom: 5px;'><strong>Tipo de parrilla:<\/strong> Pl\u00e1stico reforzado con fibra de vidrio<\/li>\n<li style='margin-bottom: 5px;'><strong>Tipo de altavoz:<\/strong> Subwoofer subterr\u00e1neo (pasivo)<\/li>\n<li style='margin-bottom: 5px;'><strong>Enclosure:<\/strong> Pl\u00e1stico reforzado con fibra de vidrio (FRP)<\/li>\n<\/ul><\/div>\n<div style='flex: 1 1 300px; min-width: 280px;'>\n<h3 style='font-size: 22px; border-bottom: 2px solid currentColor; padding-bottom: 5px; margin-top: 0; color: inherit; opacity: 0.8;'>Especificaciones<\/h3>\n<ul style='padding-left: 20px; font-size: 15px; color: inherit;'>\n<li style='margin-bottom: 5px;'><strong>Potencia:<\/strong> 400W<\/li>\n<li style='margin-bottom: 5px;'><strong>70V Taps:<\/strong> 200W<\/li>\n<li style='margin-bottom: 5px;'><strong>Impedancia:<\/strong> 4\u03a9 \/ 70V<\/li>\n<li style='margin-bottom: 5px;'><strong>Sensibilidad:<\/strong> 69 dB<\/li>\n<li style='margin-bottom: 5px;'><strong>Respuesta de frecuencia:<\/strong> 30 &#8211; 120Hz. (+\/- 3 dB)<\/li>\n<li style='margin-bottom: 5px;'><strong>Dimensiones de acabado:<\/strong>\n<ul style='margin: 5px 0 0 20px; padding: 0;'>\n<li style='margin-bottom: 5px;'>L: 17.2&#8242; (437 mm)<\/li>\n<li style='margin-bottom: 5px;'>W: 17.2&#8242; (437 mm)<\/li>\n<li style='margin-bottom: 5px;'>H: 19.6&#8242; (504 mm)<\/li>\n<\/ul>\n<\/li>\n<\/ul><\/div>\n<\/p><\/div>\n<p> <!-- Separador --> <\/p>\n<hr style='border: 0; border-top: 1px solid rgba(150&comma; 150&comma; 150&comma; 0.3); margin: 30px 0;'> <!-- Videos --> <\/p>\n<div style='display: flex; flex-wrap: wrap; gap: 20px; margin: 30px 0;'> <!-- Video 1 --> <\/p>\n<div style='flex: 1 1 300px; min-width: 280px; position: relative; padding-bottom: 56.25%; height: 0; overflow: hidden;'>   <\/div>\n<p> <!-- Video 2 --> <\/p>\n<div style='flex: 1 1 300px; min-width: 280px; position: relative; padding-bottom: 56.25%; height: 0; overflow: hidden;'>   <\/div>\n<p> <!-- Video 3 --> <\/p>\n<div style='flex: 1 1 300px; min-width: 280px; position: relative; padding-bottom: 56.25%; height: 0; overflow: hidden;'>   <\/div>\n<\/p><\/div>\n<\/p><\/div>\n","protected":false},"excerpt":{"rendered":"<p>Subwoofer subterr\u00e1neo | altavoz de 12 in | 400 Watts | 4 Ohms | 70V | conmutable.<\/p>\n","protected":false},"featured_media":71671,"comment_status":"open","ping_status":"closed","template":"","meta":[],"product_brand":[],"product_cat":[422],"product_tag":[52,423,2060],"class_list":{"0":"post-71672","1":"product","2":"type-product","3":"status-publish","4":"has-post-thumbnail","6":"product_cat-bocinas-exterior","7":"product_tag-audio-residencial-comercial","8":"product_tag-bocinas-exterior","9":"product_tag-truaudio","11":"first","12":"instock","13":"sale","14":"shipping-taxable","15":"purchasable","16":"product-type-simple"},"_links":{"self":[{"href":"https:\/\/soydeaqui.ddns.net\/pachuca\/index.php\/wp-json\/wp\/v2\/product\/71672","targetHints":{"allow":["GET"]}}],"collection":[{"href":"https:\/\/soydeaqui.ddns.net\/pachuca\/index.php\/wp-json\/wp\/v2\/product"}],"about":[{"href":"https:\/\/soydeaqui.ddns.net\/pachuca\/index.php\/wp-json\/wp\/v2\/types\/product"}],"replies":[{"embeddable":true,"href":"https:\/\/soydeaqui.ddns.net\/pachuca\/index.php\/wp-json\/wp\/v2\/comments?post=71672"}],"wp:featuredmedia":[{"embeddable":true,"href":"https:\/\/soydeaqui.ddns.net\/pachuca\/index.php\/wp-json\/wp\/v2\/media\/71671"}],"wp:attachment":[{"href":"https:\/\/soydeaqui.ddns.net\/pachuca\/index.php\/wp-json\/wp\/v2\/media?parent=71672"}],"wp:term":[{"taxonomy":"product_brand","embeddable":true,"href":"https:\/\/soydeaqui.ddns.net\/pachuca\/index.php\/wp-json\/wp\/v2\/product_brand?post=71672"},{"taxonomy":"product_cat","embeddable":true,"href":"https:\/\/soydeaqui.ddns.net\/pachuca\/index.php\/wp-json\/wp\/v2\/product_cat?post=71672"},{"taxonomy":"product_tag","embeddable":true,"href":"https:\/\/soydeaqui.ddns.net\/pachuca\/index.php\/wp-json\/wp\/v2\/product_tag?post=71672"}],"curies":[{"name":"wp","href":"https:\/\/api.w.org\/{rel}","templated":true}]}}