{"id":71647,"date":"2026-03-19T12:13:16","date_gmt":"2026-03-19T12:13:16","guid":{"rendered":"https:\/\/soydeaqui.ddns.net\/pachuca\/index.php\/producto\/switch-jetstream-sdn-administrable-8-puertos-10-100-1000-mbps-2-puertos-sfp-administracion-centralizada-omada-sdn\/"},"modified":"2026-03-19T12:13:24","modified_gmt":"2026-03-19T12:13:24","slug":"switch-jetstream-sdn-administrable-8-puertos-10-100-1000-mbps-2-puertos-sfp-administracion-centralizada-omada-sdn","status":"publish","type":"product","link":"https:\/\/soydeaqui.ddns.net\/pachuca\/index.php\/producto\/switch-jetstream-sdn-administrable-8-puertos-10-100-1000-mbps-2-puertos-sfp-administracion-centralizada-omada-sdn\/","title":{"rendered":"Switch JetStream SDN Administrable 8 puertos 10\/100\/1000 Mbps + 2 puertos SFP, administraci\u00f3n centralizada OMADA SDN"},"content":{"rendered":"<div style='width: 100%; max-width: 1200px; margin: 0 auto; font-family: sans-serif; line-height: 1.6; color: inherit; background-color: transparent;'>\n<div style='text-align: center; margin: 30px 0;'>\n<h2><a href='https:\/\/www.tp-link.com\/es\/omada-sdn\/' style='color: inherit; text-decoration: none; font-size: 20px; font-weight: bold; border-bottom: 2px solid currentColor; padding-bottom: 5px;'>Aprende m\u00e1s sobre Omada<\/a><\/h2>\n<\/p><\/div>\n<div style='margin: 30px 0;'> <img style='width: 100%; height: auto; border: 1px solid rgba(150&comma;150&comma;150&comma;0.3); border-radius: 8px;' src='https:\/\/ftp3.syscom.mx\/usuarios\/fotos\/TLSG3210\/193901-captura_de_pantalla_2021-02-15_a_la(s)_12.55.26.png' alt=''> <\/div>\n<div style='margin: 30px 0;'>\n<div style='text-align: center;'>\n<h2 style='font-size: 24px; color: inherit; margin-bottom: 15px;'>Administraci\u00f3n con el controlador Omada&comma; generando una red unificada<\/h2>\n<p> <img style='width: 100%; height: auto; border: 1px solid rgba(150&comma;150&comma;150&comma;0.3); border-radius: 8px;' src='https:\/\/ftp3.syscom.mx\/usuarios\/fotos\/TLSX3008F\/208029-image_-_2023-02-27t093757.672.png' alt=''> <\/div>\n<\/p><\/div>\n<div style='margin: 30px 0;'>\n<div style='text-align: center;'>\n<h2 style='font-size: 24px; color: inherit; margin-bottom: 15px;'>Funciones avanzadas para la administraci\u00f3n de la red empresarial.<\/h2>\n<p> <img style='width: 100%; height: auto; border: 1px solid rgba(150&comma;150&comma;150&comma;0.3); border-radius: 8px;' src='https:\/\/ftp3.syscom.mx\/usuarios\/fotos\/TLSX3008F\/208029-image_-_2023-02-27t093748.969.png' alt=''> <\/div>\n<\/p><\/div>\n<div style='margin: 30px 0;'>\n<div style='text-align: center;'>\n<h2 style='font-size: 24px; color: inherit; margin-bottom: 15px;'>Alto rendimiento para una red empresarial.<\/h2>\n<\/p><\/div>\n<\/p><\/div>\n<div style='margin: 30px 0;'> <img style='width: 100%; height: auto; border: 1px solid rgba(150&comma;150&comma;150&comma;0.3); border-radius: 8px;' src='https:\/\/ftp3.syscom.mx\/usuarios\/fotos\/TLSG3428\/193908-image_-_2023-02-27t150520.583.png' alt=''> <\/div>\n<div style='margin: 30px 0;'>\n<div style='display: flex; flex-wrap: wrap; gap: 30px;'>\n<div style='flex: 1 1 300px; min-width: 280px;'>\n<h3 style='font-size: 22px; border-bottom: 2px solid currentColor; padding-bottom: 5px; margin-top: 0; color: inherit; opacity: 0.8;'>Especificaciones<\/h3>\n<ul style='padding-left: 20px; font-size: 15px; color: inherit;'>\n<li style='margin-bottom: 5px;'><strong>Dimensiones:<\/strong> 294 x 180 x 44 mm.<\/li>\n<li style='margin-bottom: 5px;'><strong>Puertos:<\/strong> 8 puertos RJ45 Gigabit&comma; 2 puertos 1G SFP&comma; 1 puerto consola micro-USB \/ consola RJ45<\/li>\n<li style='margin-bottom: 5px;'><strong>Ventilador:<\/strong> Ventilador<\/li>\n<li style='margin-bottom: 5px;'><strong>Alimentaci\u00f3n:<\/strong> 100-240 Vca&comma; 50\/60Hz<\/li>\n<li style='margin-bottom: 5px;'><strong>Rendimiento:<\/strong> 20 Gbps<\/li>\n<li style='margin-bottom: 5px;'><strong>Reenv\u00edo de paquetes:<\/strong> 14.89 Mpps<\/li>\n<li style='margin-bottom: 5px;'><strong>Tabla de MAC:<\/strong> 8 K<\/li>\n<li style='margin-bottom: 5px;'><strong>Memoria del buffer:<\/strong> 4.1 Mbit<\/li>\n<li style='margin-bottom: 5px;'><strong>Consumo M\u00e1ximo:<\/strong> 6.84 W<\/li>\n<li style='margin-bottom: 5px;'><strong>Temperatura de operaci\u00f3n:<\/strong> 0 &#8211; 45\u00b0 C<\/li>\n<li style='margin-bottom: 5px;'><strong>Certificaciones:<\/strong> CE&comma; FCC&comma; RoHS<\/li>\n<\/ul><\/div>\n<div style='flex: 1 1 300px; min-width: 280px;'>\n<h3 style='font-size: 22px; border-bottom: 2px solid currentColor; padding-bottom: 5px; margin-top: 0; color: inherit; opacity: 0.8;'>Caracter\u00edsticas<\/h3>\n<ul style='padding-left: 20px; font-size: 15px; color: inherit;'>\n<li style='margin-bottom: 5px;'><strong>Gesti\u00f3n centralizada:<\/strong> Controladora basada en la nube&comma; OC300&comma; OC200&comma; Controlador software Omada<\/li>\n<li style='margin-bottom: 5px;'><strong>Calidad de Servicio:<\/strong> 8 colas de prioridad&comma; Control de ancho de banda&comma; Mirror&comma; Prioridad 802.1p CoS\/DSCP&comma; Rendimiento m\u00e1s fluido<\/li>\n<li style='margin-bottom: 5px;'><strong>Caracter\u00edsticas L2 y L2+:<\/strong> Link Agregation&comma; LACP 802.3ad&comma; STP&comma; Control de flujo&comma; Reflejo<\/li>\n<li style='margin-bottom: 5px;'><strong>Caracter\u00edsticas L3:<\/strong> IGMP v2\/v3 proxy&comma; 16 interfaces IPv4 \/ IPv6&comma; Enrutamiento est\u00e1tico (48)&comma; ARP est\u00e1tico (128)&comma; Servidor DHCP&comma; ARP proxy<\/li>\n<li style='margin-bottom: 5px;'><strong>Caracter\u00edsticas avanzadas:<\/strong> Detecci\u00f3n autom\u00e1tica de dispositivos&comma; Configuraci\u00f3n unificada&comma; Actualizaci\u00f3n por lotes&comma; Advertencia de eventos anormales<\/li>\n<li style='margin-bottom: 5px;'><strong>Seguridad:<\/strong> Enlace de puerto IP-MAC&comma; Enlace IPv6-MAC-Port&comma; Defensa DoS&comma; hasta 64 direcciones MAC por puerto&comma; Aislamiento de puertos<\/li>\n<li style='margin-bottom: 5px;'><strong>IPv4 \/ IPv6:<\/strong> S\u00ed<\/li>\n<li style='margin-bottom: 5px;'><strong>Aprovisionamiento:<\/strong> Es necesario el controlador.<\/li>\n<\/ul><\/div>\n<div style='flex: 1 1 300px; min-width: 280px;'>\n<h3 style='font-size: 22px; border-bottom: 2px solid currentColor; padding-bottom: 5px; margin-top: 0; color: inherit; opacity: 0.8;'>Contenido del Paquete<\/h3>\n<ul style='padding-left: 20px; font-size: 15px; color: inherit;'>\n<li style='margin-bottom: 5px;'>TL-SG3210<\/li>\n<li style='margin-bottom: 5px;'>Cable de alimentaci\u00f3n<\/li>\n<li style='margin-bottom: 5px;'>Kit de montaje<\/li>\n<li style='margin-bottom: 5px;'>Patas de goma<\/li>\n<li style='margin-bottom: 5px;'>Gu\u00eda de instalaci\u00f3n<\/li>\n<\/ul><\/div>\n<\/p><\/div>\n<\/p><\/div>\n<hr style='border: 0; border-top: 1px solid rgba(150&comma; 150&comma; 150&comma; 0.3); margin: 30px 0;'> <\/div>\n","protected":false},"excerpt":{"rendered":"<p>Switch JetStream SDN Administrable 8 puertos 10\/100\/1000 Mbps + 2 puertos SFP, administraci\u00f3n centralizada OMADA SDN<\/p>\n","protected":false},"featured_media":71646,"comment_status":"open","ping_status":"closed","template":"","meta":[],"product_brand":[],"product_cat":[1970],"product_tag":[664,1971,71],"class_list":{"0":"post-71647","1":"product","2":"type-product","3":"status-publish","4":"has-post-thumbnail","6":"product_cat-switches","7":"product_tag-networking","8":"product_tag-switches","9":"product_tag-tp-link","11":"first","12":"instock","13":"sale","14":"shipping-taxable","15":"purchasable","16":"product-type-simple"},"_links":{"self":[{"href":"https:\/\/soydeaqui.ddns.net\/pachuca\/index.php\/wp-json\/wp\/v2\/product\/71647","targetHints":{"allow":["GET"]}}],"collection":[{"href":"https:\/\/soydeaqui.ddns.net\/pachuca\/index.php\/wp-json\/wp\/v2\/product"}],"about":[{"href":"https:\/\/soydeaqui.ddns.net\/pachuca\/index.php\/wp-json\/wp\/v2\/types\/product"}],"replies":[{"embeddable":true,"href":"https:\/\/soydeaqui.ddns.net\/pachuca\/index.php\/wp-json\/wp\/v2\/comments?post=71647"}],"wp:featuredmedia":[{"embeddable":true,"href":"https:\/\/soydeaqui.ddns.net\/pachuca\/index.php\/wp-json\/wp\/v2\/media\/71646"}],"wp:attachment":[{"href":"https:\/\/soydeaqui.ddns.net\/pachuca\/index.php\/wp-json\/wp\/v2\/media?parent=71647"}],"wp:term":[{"taxonomy":"product_brand","embeddable":true,"href":"https:\/\/soydeaqui.ddns.net\/pachuca\/index.php\/wp-json\/wp\/v2\/product_brand?post=71647"},{"taxonomy":"product_cat","embeddable":true,"href":"https:\/\/soydeaqui.ddns.net\/pachuca\/index.php\/wp-json\/wp\/v2\/product_cat?post=71647"},{"taxonomy":"product_tag","embeddable":true,"href":"https:\/\/soydeaqui.ddns.net\/pachuca\/index.php\/wp-json\/wp\/v2\/product_tag?post=71647"}],"curies":[{"name":"wp","href":"https:\/\/api.w.org\/{rel}","templated":true}]}}