{"id":71619,"date":"2026-03-19T12:12:07","date_gmt":"2026-03-19T12:12:07","guid":{"rendered":"https:\/\/soydeaqui.ddns.net\/pachuca\/index.php\/producto\/convertidor-de-medios-gigabit-ethernet-a-fibra-optica-conector-sc-multimodo-mmf-distancia-de-220-hasta-500-m-con-fuente-de-alimentacion-multi-region\/"},"modified":"2026-03-19T12:12:08","modified_gmt":"2026-03-19T12:12:08","slug":"convertidor-de-medios-gigabit-ethernet-a-fibra-optica-conector-sc-multimodo-mmf-distancia-de-220-hasta-500-m-con-fuente-de-alimentacion-multi-region","status":"publish","type":"product","link":"https:\/\/soydeaqui.ddns.net\/pachuca\/index.php\/producto\/convertidor-de-medios-gigabit-ethernet-a-fibra-optica-conector-sc-multimodo-mmf-distancia-de-220-hasta-500-m-con-fuente-de-alimentacion-multi-region\/","title":{"rendered":"Convertidor de medios Gigabit Ethernet a fibra \u00f3ptica, conector SC, multimodo (MMF), distancia de 220 hasta 500 m, con fuente de alimentaci\u00f3n multi-regi\u00f3n"},"content":{"rendered":"<div style='width: 100%; max-width: 1200px; margin: 0 auto; font-family: sans-serif; line-height: 1.6; color: inherit; background-color: transparent;'>\n<div style='display: flex; flex-wrap: wrap; gap: 30px; margin-bottom: 30px;'>\n<div style='flex: 1 1 300px; min-width: 280px;'>\n<h3 style='font-size: 22px; border-bottom: 2px solid currentColor; padding-bottom: 5px; margin-top: 0; color: inherit; opacity: 0.8;'>Puertos<\/h3>\n<ul style='padding-left: 20px; font-size: 15px; color: inherit;'>\n<li style='margin-bottom: 5px;'>1 x 1000 BaseT (RJ45)<\/li>\n<li style='margin-bottom: 5px;'>1 x 1000 SX\/SC<\/li>\n<\/ul><\/div>\n<\/p><\/div>\n<div style='display: flex; flex-wrap: wrap; gap: 30px; margin-bottom: 30px;'>\n<div style='flex: 1 1 300px; min-width: 280px;'>\n<h3 style='font-size: 22px; border-bottom: 2px solid currentColor; padding-bottom: 5px; margin-top: 0; color: inherit; opacity: 0.8;'>Caracter\u00edsticas<\/h3>\n<ul style='padding-left: 20px; font-size: 15px; color: inherit;'>\n<li style='margin-bottom: 5px;'>Auto Negociaci\u00f3n<\/li>\n<li style='margin-bottom: 5px;'>Transparente a paquetes IEEE 802.1Q<\/li>\n<li style='margin-bottom: 5px;'>10 K byte Jumbo packets<\/li>\n<li style='margin-bottom: 5px;'>Auto MDI\/MDIX<\/li>\n<li style='margin-bottom: 5px;'>Smart MissingLink<\/li>\n<li style='margin-bottom: 5px;'>Smart Link Restoration<\/li>\n<li style='margin-bottom: 5px;'>Link test<\/li>\n<\/ul><\/div>\n<\/p><\/div>\n<div style='display: flex; flex-wrap: wrap; gap: 30px; margin-bottom: 30px;'>\n<div style='flex: 1 1 300px; min-width: 280px;'>\n<h3 style='font-size: 22px; border-bottom: 2px solid currentColor; padding-bottom: 5px; margin-top: 0; color: inherit; opacity: 0.8;'>Caracter\u00edsticas f\u00edsicas y el\u00e9ctricas<\/h3>\n<ul style='padding-left: 20px; font-size: 15px; color: inherit;'>\n<li style='margin-bottom: 5px;'><strong>Alimentaci\u00f3n:<\/strong> 12 Vcc&comma; 140 mA (incluye fuente de alimentaci\u00f3n multi-regi\u00f3n)<\/li>\n<li style='margin-bottom: 5px;'><strong>Dimensiones:<\/strong> 56 x 101.6 x 21.8 mm<\/li>\n<li style='margin-bottom: 5px;'><strong>Peso:<\/strong> 0.17 kg<\/li>\n<li style='margin-bottom: 5px;'><strong>Temperatura de Operaci\u00f3n:<\/strong> 0 a 50 \u00b0C<\/li>\n<\/ul><\/div>\n<\/p><\/div>\n<div style='display: flex; flex-wrap: wrap; gap: 30px; margin-bottom: 30px;'>\n<div style='flex: 1 1 300px; min-width: 280px;'> <img style='width: 100%; height: auto; border: 1px solid rgba(150&comma;150&comma;150&comma;0.3); border-radius: 8px;' src='https:\/\/ftp3.syscom.mx\/usuarios\/adiaz\/AlliedTelesis\/MMC2000\/AT-MMC2000-LC-90.png' alt=''> <\/div>\n<\/p><\/div>\n<div style='display: flex; flex-wrap: wrap; gap: 30px; margin-bottom: 30px;'>\n<div style='flex: 1 1 300px; min-width: 280px;'>\n<h3 style='font-size: 22px; border-bottom: 2px solid currentColor; padding-bottom: 5px; margin-top: 0; color: inherit; opacity: 0.8;'>Garant\u00eda<\/h3>\n<p style='font-size: 15px; color: inherit; margin: 0 0 15px 0;'>1 a\u00f1o&comma; para un a\u00f1o adicional registra el producto en el siguiente link:<\/p>\n<p> <a href='http:\/\/www.alliedtelesis.com\/support\/maintenance-and-warranty\/register' style='color: #007bff; text-decoration: none; font-size: 15px;'>http:\/\/www.alliedtelesis.com\/support\/maintenance-and-warranty\/register<\/a> <\/div>\n<\/p><\/div>\n<\/p><\/div>\n","protected":false},"excerpt":{"rendered":"<p>Convertidor de medios Gigabit Ethernet a fibra \u00f3ptica, conector SC, multimodo (MMF), distancia de 220 hasta 500 m, con fuente de alimentaci\u00f3n multi-regi\u00f3n<\/p>\n","protected":false},"featured_media":71618,"comment_status":"open","ping_status":"closed","template":"","meta":[],"product_brand":[],"product_cat":[2000],"product_tag":[1995,2001,664],"class_list":{"0":"post-71619","1":"product","2":"type-product","3":"status-publish","4":"has-post-thumbnail","6":"product_cat-convertidores-de-medios","7":"product_tag-allied-telesis","8":"product_tag-convertidores-de-medios","9":"product_tag-networking","11":"first","12":"outofstock","13":"sale","14":"shipping-taxable","15":"purchasable","16":"product-type-simple"},"_links":{"self":[{"href":"https:\/\/soydeaqui.ddns.net\/pachuca\/index.php\/wp-json\/wp\/v2\/product\/71619","targetHints":{"allow":["GET"]}}],"collection":[{"href":"https:\/\/soydeaqui.ddns.net\/pachuca\/index.php\/wp-json\/wp\/v2\/product"}],"about":[{"href":"https:\/\/soydeaqui.ddns.net\/pachuca\/index.php\/wp-json\/wp\/v2\/types\/product"}],"replies":[{"embeddable":true,"href":"https:\/\/soydeaqui.ddns.net\/pachuca\/index.php\/wp-json\/wp\/v2\/comments?post=71619"}],"wp:featuredmedia":[{"embeddable":true,"href":"https:\/\/soydeaqui.ddns.net\/pachuca\/index.php\/wp-json\/wp\/v2\/media\/71618"}],"wp:attachment":[{"href":"https:\/\/soydeaqui.ddns.net\/pachuca\/index.php\/wp-json\/wp\/v2\/media?parent=71619"}],"wp:term":[{"taxonomy":"product_brand","embeddable":true,"href":"https:\/\/soydeaqui.ddns.net\/pachuca\/index.php\/wp-json\/wp\/v2\/product_brand?post=71619"},{"taxonomy":"product_cat","embeddable":true,"href":"https:\/\/soydeaqui.ddns.net\/pachuca\/index.php\/wp-json\/wp\/v2\/product_cat?post=71619"},{"taxonomy":"product_tag","embeddable":true,"href":"https:\/\/soydeaqui.ddns.net\/pachuca\/index.php\/wp-json\/wp\/v2\/product_tag?post=71619"}],"curies":[{"name":"wp","href":"https:\/\/api.w.org\/{rel}","templated":true}]}}