{"id":71604,"date":"2026-03-19T12:11:36","date_gmt":"2026-03-19T12:11:36","guid":{"rendered":"https:\/\/soydeaqui.ddns.net\/pachuca\/index.php\/producto\/transceptor-minigbic-sfp-monomodo-1000lx-distancia-hasta-10km-conector-lc-version-taa\/"},"modified":"2026-03-19T12:11:46","modified_gmt":"2026-03-19T12:11:46","slug":"transceptor-minigbic-sfp-monomodo-1000lx-distancia-hasta-10km-conector-lc-version-taa","status":"publish","type":"product","link":"https:\/\/soydeaqui.ddns.net\/pachuca\/index.php\/producto\/transceptor-minigbic-sfp-monomodo-1000lx-distancia-hasta-10km-conector-lc-version-taa\/","title":{"rendered":"Transceptor MiniGbic SFP Monomodo 1000LX, distancia hasta 10Km, conector LC, Versi\u00f3n TAA"},"content":{"rendered":"<div style='width: 100%; max-width: 1200px; margin: 0 auto; font-family: sans-serif; line-height: 1.6; color: inherit; background-color: transparent;'>\n<div style='display: flex; flex-wrap: wrap; gap: 30px; margin-bottom: 30px;'>\n<div style='flex: 1 1 300px; min-width: 280px;'>\n<h3 style='font-size: 22px; border-bottom: 2px solid currentColor; padding-bottom: 5px; margin-top: 0; color: inherit; opacity: 0.8;'>Especificaciones del producto<\/h3>\n<ul style='padding-left: 20px; font-size: 15px; color: inherit;'>\n<li style='margin-bottom: 5px;'><strong>Modelo:<\/strong> AT-SPLX10a<\/li>\n<li style='margin-bottom: 5px;'><strong>Tipo de Fibra:<\/strong> SMF<\/li>\n<li style='margin-bottom: 5px;'><strong>Tipo de Conector:<\/strong> LC<\/li>\n<li style='margin-bottom: 5px;'><strong>Distancia m\u00e1xima:<\/strong> 10 km<\/li>\n<li style='margin-bottom: 5px;'><strong>Longitud de onda Tx\/Rx (nm):<\/strong> 1310<\/li>\n<li style='margin-bottom: 5px;'><strong>DDM:<\/strong> Si<\/li>\n<li style='margin-bottom: 5px;'><strong>Transmisi\u00f3n M\u00ednima \/ M\u00e1xima:<\/strong> -9 dBm \/ -3 dBm<\/li>\n<li style='margin-bottom: 5px;'><strong>Sensibilidad:<\/strong> -20 dBm<\/li>\n<li style='margin-bottom: 5px;'><strong>Power Budget:<\/strong> 11 dBm<\/li>\n<li style='margin-bottom: 5px;'><strong>Overload:<\/strong> -3 dBm<\/li>\n<li style='margin-bottom: 5px;'><strong>Temperatura de operaci\u00f3n:<\/strong> -40 to 70\u00b0 C (32 to 158\u00b0 F)<\/li>\n<\/ul><\/div>\n<\/p><\/div>\n<div style='display: flex; flex-wrap: wrap; gap: 20px; margin-bottom: 30px;'>\n<div style='flex: 1 1 250px; border: 1px solid rgba(150&comma; 150&comma; 150&comma; 0.4); border-radius: 8px; overflow: hidden; display: flex; flex-direction: column;'>\n<div style='padding: 15px; border-bottom: 1px solid rgba(150&comma; 150&comma; 150&comma; 0.2); font-weight: bold; font-size: 18px; color: inherit;'>Abreviaturas<\/div>\n<div style='padding: 15px; color: inherit;'>\n<ul style='padding-left: 20px; margin: 0; font-size: 14px; list-style-type: disc;'>\n<li style='margin-bottom: 5px;'>SMF = Single Mode Fiber<\/li>\n<li style='margin-bottom: 5px;'>DDM = Digital Diagnostics Monitoring<\/li>\n<\/ul><\/div>\n<\/p><\/div>\n<\/p><\/div>\n<div style='display: flex; flex-wrap: wrap; gap: 20px; margin-bottom: 30px;'>\n<div style='flex: 1 1 250px; border: 1px solid rgba(150&comma; 150&comma; 150&comma; 0.4); border-radius: 8px; overflow: hidden; display: flex; flex-direction: column;'>\n<div style='padding: 15px; border-bottom: 1px solid rgba(150&comma; 150&comma; 150&comma; 0.2); font-weight: bold; font-size: 18px; color: inherit;'>Garant\u00eda<\/div>\n<div style='padding: 15px; color: inherit;'>\n<p style='margin: 0 0 15px 0;'>Garant\u00eda 1 a\u00f1o&comma; para un a\u00f1o adicional registra el producto en el siguiente link:<\/p>\n<p> <a href='http:\/\/www.alliedtelesis.com\/support\/maintenance-and-warranty\/register' style='color: inherit; text-decoration: underline;'>http:\/\/www.alliedtelesis.com\/support\/maintenance-and-warranty\/register<\/a> <\/div>\n<\/p><\/div>\n<\/p><\/div>\n<hr style='border: 0; border-top: 1px solid rgba(150&comma; 150&comma; 150&comma; 0.3); margin: 30px 0;'> <\/div>\n","protected":false},"excerpt":{"rendered":"<p>Transceptor MiniGbic SFP Monomodo 1000LX, distancia hasta 10Km, conector LC, Versi\u00f3n TAA<\/p>\n","protected":false},"featured_media":71603,"comment_status":"open","ping_status":"closed","template":"","meta":[],"product_brand":[],"product_cat":[663],"product_tag":[1995,664,665],"class_list":{"0":"post-71604","1":"product","2":"type-product","3":"status-publish","4":"has-post-thumbnail","6":"product_cat-transceptores-de-fibra","7":"product_tag-allied-telesis","8":"product_tag-networking","9":"product_tag-transceptores-de-fibra","11":"first","12":"instock","13":"sale","14":"shipping-taxable","15":"purchasable","16":"product-type-simple"},"_links":{"self":[{"href":"https:\/\/soydeaqui.ddns.net\/pachuca\/index.php\/wp-json\/wp\/v2\/product\/71604","targetHints":{"allow":["GET"]}}],"collection":[{"href":"https:\/\/soydeaqui.ddns.net\/pachuca\/index.php\/wp-json\/wp\/v2\/product"}],"about":[{"href":"https:\/\/soydeaqui.ddns.net\/pachuca\/index.php\/wp-json\/wp\/v2\/types\/product"}],"replies":[{"embeddable":true,"href":"https:\/\/soydeaqui.ddns.net\/pachuca\/index.php\/wp-json\/wp\/v2\/comments?post=71604"}],"wp:featuredmedia":[{"embeddable":true,"href":"https:\/\/soydeaqui.ddns.net\/pachuca\/index.php\/wp-json\/wp\/v2\/media\/71603"}],"wp:attachment":[{"href":"https:\/\/soydeaqui.ddns.net\/pachuca\/index.php\/wp-json\/wp\/v2\/media?parent=71604"}],"wp:term":[{"taxonomy":"product_brand","embeddable":true,"href":"https:\/\/soydeaqui.ddns.net\/pachuca\/index.php\/wp-json\/wp\/v2\/product_brand?post=71604"},{"taxonomy":"product_cat","embeddable":true,"href":"https:\/\/soydeaqui.ddns.net\/pachuca\/index.php\/wp-json\/wp\/v2\/product_cat?post=71604"},{"taxonomy":"product_tag","embeddable":true,"href":"https:\/\/soydeaqui.ddns.net\/pachuca\/index.php\/wp-json\/wp\/v2\/product_tag?post=71604"}],"curies":[{"name":"wp","href":"https:\/\/api.w.org\/{rel}","templated":true}]}}