{"id":7160,"date":"2026-03-18T06:52:38","date_gmt":"2026-03-18T06:52:38","guid":{"rendered":"https:\/\/soydeaqui.ddns.net\/pachuca\/index.php\/producto\/detector-pir-inalambrico-con-inmunidad-a-mascotas-de-25kg-linea-force\/"},"modified":"2026-03-18T06:52:43","modified_gmt":"2026-03-18T06:52:43","slug":"detector-pir-inalambrico-con-inmunidad-a-mascotas-de-25kg-linea-force","status":"publish","type":"product","link":"https:\/\/soydeaqui.ddns.net\/pachuca\/index.php\/producto\/detector-pir-inalambrico-con-inmunidad-a-mascotas-de-25kg-linea-force\/","title":{"rendered":"DETECTOR PIR INALAMBRICO CON INMUNIDAD A MASCOTAS DE 25KG  LINEA FORCE"},"content":{"rendered":"<div style='width: 100%; max-width: 1200px; margin: 0 auto; font-family: sans-serif; line-height: 1.6; color: inherit; background-color: transparent;'>\n<div style='display: flex; flex-direction: column; gap: 20px;'>\n<div style='text-align: center;'> <a style='box-sizing: border-box; color: #005cb9; text-decoration-line: none;' href='https:\/\/www.syscom.mx\/principal\/consultarproductosazul?global_search=cfh500&#038;ordenar=Relevancia&#038;pag=1' target='_blank' rel='noopener'> <img style='width: 100%; height: auto; border: 1px solid rgba(150&comma;150&comma;150&comma;0.3); border-radius: 8px;' src='http:\/\/ftp3.syscom.mx\/usuarios\/yhermosillo\/PIMA\/Cloud_PIMA.png' alt='' \/> <\/a> <\/div>\n<div>\n<h3 style='font-size: 22px; border-bottom: 2px solid currentColor; padding-bottom: 5px; margin-top: 0; color: inherit; opacity: 0.8;'>DPS y DPP \u2013 Detectores inal\u00e1mbricos PIR de movimiento Est\u00e1ndar e Inmune a mascotas<\/h3>\n<p style='font-size: 15px; margin-bottom: 15px;'>Los detectores DPS (Est\u00e1ndar) y DPP (Inmune a mascotas) son detectores inal\u00e1mbricos PIR (infrarrojos pasivos) de movimiento con tecnolog\u00eda FastLink&comma; dise\u00f1ados para los sistemas de alarma de la serie <em style='font-style: italic; font-weight: bold;'>FORCE<\/em>. La comunicaci\u00f3n FastLink es encriptada utilizando un cifrado AES de 128 bits para brindar un alto nivel de seguridad. Para usar los detectores DPS\/DPP se requiere la previa instalaci\u00f3n de un receptor inal\u00e1mbrico.<\/p>\n<p style='font-size: 15px; margin-bottom: 15px;'>Los dos detectores trabajan basados en procesamiento digital y utilizan un algoritmo avanzado de detecci\u00f3n de movimiento. El DPS y el DPP se pueden usar en apartamentos&comma; casas privadas y oficinas.<\/p>\n<p style='font-size: 15px; margin-bottom: 15px;'>El DPP tiene inmunidad a mascotas y animales que pesen hasta 25 kilogramos. El DPS y el DPP tienen un dise\u00f1o elegante. Al detectar movimiento&comma; los detectores transmiten una se\u00f1al de alarma al panel de control.<\/p>\n<p style='font-size: 15px; margin-bottom: 15px;'>Los detectores tienen un interruptor contra sabotaje (tamper) que alerta cuando su gabinete se abre o cuando el detector es removido de la pared.<\/p>\n<p style='font-size: 15px; margin-bottom: 15px;'>El DPS y el DPP transmiten un evento de supervisi\u00f3n cada 15 minutos y tambi\u00e9n al reemplazar la bater\u00eda. Los dos detectores alertan sobre la condici\u00f3n de bater\u00eda baja. Para informaci\u00f3n sobre como registrar (enrolar) el dispositivo&comma; consulte la gu\u00eda de instalaci\u00f3n del sistema de alarma.<\/p>\n<\/p><\/div>\n<div style='display: flex; flex-wrap: wrap; gap: 20px;'>\n<div style='flex: 1 1 250px; border: 1px solid rgba(150&comma; 150&comma; 150&comma; 0.4); border-radius: 8px; overflow: hidden; display: flex; flex-direction: column;'>\n<div style='padding: 15px; border-bottom: 1px solid rgba(150&comma; 150&comma; 150&comma; 0.2); font-weight: bold; font-size: 18px; color: inherit;'>Especificaciones t\u00e9cnicas<\/div>\n<div style='padding: 15px; color: inherit;'>\n<ul style='padding-left: 20px; margin: 0; font-size: 14px; list-style-type: disc;'>\n<li style='margin-bottom: 5px;'><strong>Frecuencias (MHz):<\/strong><\/li>\n<li style='margin-bottom: 5px;'>DPS\/DPP143: 433.92<\/li>\n<li style='margin-bottom: 5px;'><strong>Bater\u00eda:<\/strong> 1X CR123A&comma; 3.0VDC&comma; Litio<\/li>\n<li style='margin-bottom: 5px;'><strong>Duraci\u00f3n estimada de la bater\u00eda:<\/strong> Hasta 5 a\u00f1os (en uso t\u00edpico)<\/li>\n<li style='margin-bottom: 5px;'><strong>Dimensiones:<\/strong> 11 X 5.5 X 5.5cm<\/li>\n<li style='margin-bottom: 5px;'><strong>Peso:<\/strong> 110gr<\/li>\n<li style='margin-bottom: 5px;'><strong>Normativa:<\/strong> CE<\/li>\n<li style='margin-bottom: 5px;'><strong>Temperaturas de operaci\u00f3n:<\/strong> de -10 a +55 \u00b0C<\/li>\n<li style='margin-bottom: 5px;'><strong>Humedad (M\u00e1x.):<\/strong> 93% R.H.&comma; Sin condensaci\u00f3n<\/li>\n<\/ul><\/div>\n<\/p><\/div>\n<div style='flex: 1 1 250px; border: 1px solid rgba(150&comma; 150&comma; 150&comma; 0.4); border-radius: 8px; overflow: hidden; display: flex; flex-direction: column;'>\n<div style='padding: 15px; border-bottom: 1px solid rgba(150&comma; 150&comma; 150&comma; 0.2); font-weight: bold; font-size: 18px; color: inherit;'>Contenido del paquete<\/div>\n<div style='padding: 15px; color: inherit;'>\n<ul style='padding-left: 20px; margin: 0; font-size: 14px; list-style-type: disc;'>\n<li style='margin-bottom: 5px;'>DPS\/DPP 143\/187<\/li>\n<li style='margin-bottom: 5px;'>Tornillos y cintas de montaje<\/li>\n<li style='margin-bottom: 5px;'>Esta gu\u00eda<\/li>\n<\/ul><\/div>\n<\/p><\/div>\n<\/p><\/div>\n<div style='text-align: center;'> <img style='width: 100%; height: auto; border: 1px solid rgba(150&comma;150&comma;150&comma;0.3); border-radius: 8px;' src='http:\/\/ftp3.syscom.mx\/usuarios\/yhermosillo\/PIMA\/Nuevo_force_panel.jpg' alt='' \/> <\/div>\n<\/p><\/div>\n<\/p><\/div>\n","protected":false},"excerpt":{"rendered":"<p>DETECTOR PIR INALAMBRICO CON INMUNIDAD A MASCOTAS DE 25KG  LINEA FORCE<\/p>\n","protected":false},"featured_media":7159,"comment_status":"open","ping_status":"closed","template":"","meta":[],"product_brand":[],"product_cat":[18],"product_tag":[19,20,496],"class_list":{"0":"post-7160","1":"product","2":"type-product","3":"status-publish","4":"has-post-thumbnail","6":"product_cat-movimiento-para-interior","7":"product_tag-detectores-sensores","8":"product_tag-movimiento-para-interior","9":"product_tag-pima","11":"first","12":"outofstock","13":"sale","14":"shipping-taxable","15":"purchasable","16":"product-type-simple"},"_links":{"self":[{"href":"https:\/\/soydeaqui.ddns.net\/pachuca\/index.php\/wp-json\/wp\/v2\/product\/7160","targetHints":{"allow":["GET"]}}],"collection":[{"href":"https:\/\/soydeaqui.ddns.net\/pachuca\/index.php\/wp-json\/wp\/v2\/product"}],"about":[{"href":"https:\/\/soydeaqui.ddns.net\/pachuca\/index.php\/wp-json\/wp\/v2\/types\/product"}],"replies":[{"embeddable":true,"href":"https:\/\/soydeaqui.ddns.net\/pachuca\/index.php\/wp-json\/wp\/v2\/comments?post=7160"}],"wp:featuredmedia":[{"embeddable":true,"href":"https:\/\/soydeaqui.ddns.net\/pachuca\/index.php\/wp-json\/wp\/v2\/media\/7159"}],"wp:attachment":[{"href":"https:\/\/soydeaqui.ddns.net\/pachuca\/index.php\/wp-json\/wp\/v2\/media?parent=7160"}],"wp:term":[{"taxonomy":"product_brand","embeddable":true,"href":"https:\/\/soydeaqui.ddns.net\/pachuca\/index.php\/wp-json\/wp\/v2\/product_brand?post=7160"},{"taxonomy":"product_cat","embeddable":true,"href":"https:\/\/soydeaqui.ddns.net\/pachuca\/index.php\/wp-json\/wp\/v2\/product_cat?post=7160"},{"taxonomy":"product_tag","embeddable":true,"href":"https:\/\/soydeaqui.ddns.net\/pachuca\/index.php\/wp-json\/wp\/v2\/product_tag?post=7160"}],"curies":[{"name":"wp","href":"https:\/\/api.w.org\/{rel}","templated":true}]}}