{"id":71575,"date":"2026-03-19T12:10:31","date_gmt":"2026-03-19T12:10:31","guid":{"rendered":"https:\/\/soydeaqui.ddns.net\/pachuca\/index.php\/producto\/switch-poe-no-administrable-poe-de-largo-alcance-hasta-250m-8-puertos-poe-10-100mbps-puerto-1-hasta-60w-puertos-2-al-8-hasta-30w-2-puertos-gigabit-uplink-presupuesto-120-w-plug-and-play\/"},"modified":"2026-03-19T12:10:32","modified_gmt":"2026-03-19T12:10:32","slug":"switch-poe-no-administrable-poe-de-largo-alcance-hasta-250m-8-puertos-poe-10-100mbps-puerto-1-hasta-60w-puertos-2-al-8-hasta-30w-2-puertos-gigabit-uplink-presupuesto-120-w-plug-and-play","status":"publish","type":"product","link":"https:\/\/soydeaqui.ddns.net\/pachuca\/index.php\/producto\/switch-poe-no-administrable-poe-de-largo-alcance-hasta-250m-8-puertos-poe-10-100mbps-puerto-1-hasta-60w-puertos-2-al-8-hasta-30w-2-puertos-gigabit-uplink-presupuesto-120-w-plug-and-play\/","title":{"rendered":"Switch PoE No administrable \/ PoE de Largo Alcance Hasta 250m \/ 8 Puertos PoE 10\/100Mbps (Puerto 1 Hasta 60W, Puertos 2 al 8 Hasta 30W) + 2 Puertos Gigabit Uplink \/ Presupuesto 120 W \/ Plug and Play"},"content":{"rendered":"<div style='width: 100%; max-width: 1200px; margin: 0 auto; font-family: sans-serif; line-height: 1.6; color: inherit; background-color: transparent;'>\n<div style='display: flex; flex-wrap: wrap; gap: 30px; margin-bottom: 30px;'>\n<div style='flex: 1 1 300px; min-width: 280px;'>\n<h3 style='font-size: 22px; border-bottom: 2px solid currentColor; padding-bottom: 5px; margin-top: 0; color: inherit; opacity: 0.8;'>Descripci\u00f3n<\/h3>\n<p style='font-size: 15px; color: inherit; margin-top: 10px;'>El switch WI-PS210G ofrece 8 puertos PoE de 100 Mbps. Algunos puertos PoE pueden alcanzar una potencia de salida de hasta 90 W&comma; ideal para alimentar dispositivos de alta potencia y satisfacer la demanda de suficiente alimentaci\u00f3n PoE para la vigilancia IP HD. Ofrece una soluci\u00f3n de alimentaci\u00f3n inteligente&comma; fiable y f\u00e1cil de usar para redes de CCTV. Esta serie de switches admite la gesti\u00f3n en la nube&comma; lo que permite gestionar remotamente los dispositivos desde la plataforma en la nube o la aplicaci\u00f3n m\u00f3vil&comma; lo que proporciona medidas de gesti\u00f3n inteligentes&comma; sencillas y de f\u00e1cil mantenimiento. Los usuarios pueden consultar el estado de la red&comma; modificar la configuraci\u00f3n y solucionar problemas en casa en cualquier momento.<\/p>\n<\/p><\/div>\n<div style='flex: 1 1 300px; min-width: 280px;'> <img style='width: 100%; height: auto; border: 1px solid rgba(150&comma;150&comma;150&comma;0.3); border-radius: 8px;' src='https:\/\/ftp3.syscom.mx\/usuarios\/fotos\/WIPS210G\/189891-wi-pces210g_imagen.jpg' alt=''> <\/div>\n<\/p><\/div>\n<div style='display: flex; flex-wrap: wrap; gap: 20px; margin-bottom: 30px;'>\n<div style='flex: 1 1 250px; border: 1px solid rgba(150&comma; 150&comma; 150&comma; 0.4); border-radius: 8px; overflow: hidden; display: flex; flex-direction: column;'>\n<div style='padding: 15px; border-bottom: 1px solid rgba(150&comma; 150&comma; 150&comma; 0.2); font-weight: bold; font-size: 18px; color: inherit;'>Caracter\u00edsticas Principales:<\/div>\n<div style='padding: 15px; color: inherit;'>\n<ul style='padding-left: 20px; margin: 0; font-size: 14px; list-style-type: disc;'>\n<li style='margin-bottom: 5px;'><strong>8 Puertos PoE<\/strong> 10\/100Mbps<\/li>\n<li style='margin-bottom: 5px;'><strong>Puerto 1-2:<\/strong> Hi-PoE 45W<\/li>\n<li style='margin-bottom: 5px;'><strong>Puerto 3-8:<\/strong> 802.3af\/at 30W<\/li>\n<li style='margin-bottom: 5px;'><strong>2 Puertos Uplink:<\/strong> 10\/100\/1000 Mbps Ethernet<\/li>\n<li style='margin-bottom: 5px;'><strong>Switching Capacity:<\/strong> 5.6 Gbps<\/li>\n<li style='margin-bottom: 5px;'><strong>Packet Forwarding Rate:<\/strong> 4.17 Mpps<\/li>\n<li style='margin-bottom: 5px;'><strong>MAC Address Table:<\/strong> 4k<\/li>\n<li style='margin-bottom: 5px;'><strong>Packet Buffer Memory:<\/strong> 4Mbit<\/li>\n<li style='margin-bottom: 5px;'><strong>Jumbo Frame:<\/strong> 9216Byte<\/li>\n<li style='margin-bottom: 5px;'><strong>Caracter\u00edsticas:<\/strong> Port Mirroring \/ Port Isolation \/ Storm Control \/ Extend PoE \/ PD Alive \/ ONVIF<\/li>\n<li style='margin-bottom: 5px;'><strong>Cloud:<\/strong> <a href='https:\/\/app-gateway.wireless-tek.com\/witek-auth\/oauth2\/authorize?access_type=online&#038;client_id=671944230925173991&#038;code_challenge=UZAr9_TA2fAZJjIRZFRkeZpdEQyJ6XjCx5oVlnfP8sE&#038;code_challenge_method=S256&#038;redirect_uri=https%3A%2F%2Fcloud2.wireless-tek.com%2Fv1%2Fuser%2Foauth2&#038;response_type=code&#038;state=1#\/login' target='_blank' rel='noopener' style='color: inherit; text-decoration: underline; font-weight: normal;'>Acceso a plataforma en la nube<\/a><\/li>\n<li style='margin-bottom: 5px;'><strong>Certificaciones:<\/strong> CE&comma; FCC&comma; RoHS&comma; UKCA&comma; RCM<\/li>\n<\/ul><\/div>\n<\/p><\/div>\n<div style='flex: 1 1 250px; border: 1px solid rgba(150&comma; 150&comma; 150&comma; 0.4); border-radius: 8px; overflow: hidden; display: flex; flex-direction: column;'>\n<div style='padding: 15px; border-bottom: 1px solid rgba(150&comma; 150&comma; 150&comma; 0.2); font-weight: bold; font-size: 18px; color: inherit;'>Caracter\u00edsticas F\u00edsicas y El\u00e9ctricas:<\/div>\n<div style='padding: 15px; color: inherit;'>\n<ul style='padding-left: 20px; margin: 0; font-size: 14px; list-style-type: disc;'>\n<li style='margin-bottom: 5px;'><strong>Dimensiones:<\/strong> 169\u00d795\u00d732 mm<\/li>\n<li style='margin-bottom: 5px;'><strong>Peso:<\/strong> 0.48 kg<\/li>\n<li style='margin-bottom: 5px;'><strong>Alimentaci\u00f3n:<\/strong> 100~240V AC 50\/60Hz<\/li>\n<li style='margin-bottom: 5px;'><strong>Presupuesto PoE:<\/strong> 100 W<\/li>\n<li style='margin-bottom: 5px;'><strong>Consumo m\u00e1ximo:<\/strong> Idle: 2.4W 100% Traffic Rate with PoE: 102.4W<\/li>\n<li style='margin-bottom: 5px;'><strong>Temperatura de operaci\u00f3n:<\/strong> -10\u2103-50\u2103 (14\u2109-122\u2109)<\/li>\n<li style='margin-bottom: 5px;'><strong>Humedad de operaci\u00f3n:<\/strong> 10-90 % de humedad relativa sin condensaci\u00f3n<\/li>\n<li style='margin-bottom: 5px;'><strong>Bot\u00f3n:<\/strong> Reset<\/li>\n<\/ul><\/div>\n<\/p><\/div>\n<div style='flex: 1 1 250px; border: 1px solid rgba(150&comma; 150&comma; 150&comma; 0.4); border-radius: 8px; overflow: hidden; display: flex; flex-direction: column;'>\n<div style='padding: 15px; border-bottom: 1px solid rgba(150&comma; 150&comma; 150&comma; 0.2); font-weight: bold; font-size: 18px; color: inherit;'>Contenido del Paquete:<\/div>\n<div style='padding: 15px; color: inherit;'>\n<ul style='padding-left: 20px; margin: 0; font-size: 14px; list-style-type: disc;'>\n<li style='margin-bottom: 5px;'>1 Switch WI-PCES210G<\/li>\n<li style='margin-bottom: 5px;'>1 Cable de corriente<\/li>\n<li style='margin-bottom: 5px;'>1 Gu\u00eda de instalaci\u00f3n<\/li>\n<\/ul><\/div>\n<\/p><\/div>\n<\/p><\/div>\n<hr style='border: 0; border-top: 1px solid rgba(150&comma; 150&comma; 150&comma; 0.3); margin: 30px 0;'> <\/div>\n","protected":false},"excerpt":{"rendered":"<p>Switch PoE No administrable \/ PoE de Largo Alcance Hasta 250m \/ 8 Puertos PoE 10\/100Mbps (Puerto 1 Hasta 60W, Puertos 2 al 8 Hasta 30W) + 2 Puertos Gigabit Uplink \/ Presupuesto 120 W \/ Plug and Play<\/p>\n","protected":false},"featured_media":71574,"comment_status":"open","ping_status":"closed","template":"","meta":[],"product_brand":[],"product_cat":[1986],"product_tag":[664,1987,1262],"class_list":{"0":"post-71575","1":"product","2":"type-product","3":"status-publish","4":"has-post-thumbnail","6":"product_cat-switches-poe","7":"product_tag-networking","8":"product_tag-switches-poe","9":"product_tag-wi-tek","11":"first","12":"instock","13":"sale","14":"shipping-taxable","15":"purchasable","16":"product-type-simple"},"_links":{"self":[{"href":"https:\/\/soydeaqui.ddns.net\/pachuca\/index.php\/wp-json\/wp\/v2\/product\/71575","targetHints":{"allow":["GET"]}}],"collection":[{"href":"https:\/\/soydeaqui.ddns.net\/pachuca\/index.php\/wp-json\/wp\/v2\/product"}],"about":[{"href":"https:\/\/soydeaqui.ddns.net\/pachuca\/index.php\/wp-json\/wp\/v2\/types\/product"}],"replies":[{"embeddable":true,"href":"https:\/\/soydeaqui.ddns.net\/pachuca\/index.php\/wp-json\/wp\/v2\/comments?post=71575"}],"wp:featuredmedia":[{"embeddable":true,"href":"https:\/\/soydeaqui.ddns.net\/pachuca\/index.php\/wp-json\/wp\/v2\/media\/71574"}],"wp:attachment":[{"href":"https:\/\/soydeaqui.ddns.net\/pachuca\/index.php\/wp-json\/wp\/v2\/media?parent=71575"}],"wp:term":[{"taxonomy":"product_brand","embeddable":true,"href":"https:\/\/soydeaqui.ddns.net\/pachuca\/index.php\/wp-json\/wp\/v2\/product_brand?post=71575"},{"taxonomy":"product_cat","embeddable":true,"href":"https:\/\/soydeaqui.ddns.net\/pachuca\/index.php\/wp-json\/wp\/v2\/product_cat?post=71575"},{"taxonomy":"product_tag","embeddable":true,"href":"https:\/\/soydeaqui.ddns.net\/pachuca\/index.php\/wp-json\/wp\/v2\/product_tag?post=71575"}],"curies":[{"name":"wp","href":"https:\/\/api.w.org\/{rel}","templated":true}]}}