{"id":71535,"date":"2026-03-19T12:08:54","date_gmt":"2026-03-19T12:08:54","guid":{"rendered":"https:\/\/soydeaqui.ddns.net\/pachuca\/index.php\/producto\/olt-carrier-class-modular-gpon-6-ranuras-de-servicio-incluye-1-tarjeta-de-servicio-16-puertos-gpon-crecimiento-hasta-96-puertos-gpon-6-ur-gestion-por-unm2000-cli-incluye-instalacion-de-softwar\/"},"modified":"2026-03-19T12:09:03","modified_gmt":"2026-03-19T12:09:03","slug":"olt-carrier-class-modular-gpon-6-ranuras-de-servicio-incluye-1-tarjeta-de-servicio-16-puertos-gpon-crecimiento-hasta-96-puertos-gpon-6-ur-gestion-por-unm2000-cli-incluye-instalacion-de-softwar","status":"publish","type":"product","link":"https:\/\/soydeaqui.ddns.net\/pachuca\/index.php\/producto\/olt-carrier-class-modular-gpon-6-ranuras-de-servicio-incluye-1-tarjeta-de-servicio-16-puertos-gpon-crecimiento-hasta-96-puertos-gpon-6-ur-gestion-por-unm2000-cli-incluye-instalacion-de-softwar\/","title":{"rendered":"OLT Carrier Class Modular GPON, 6 Ranuras de Servicio, Incluye 1 Tarjeta de Servicio 16 puertos GPON, crecimiento hasta 96 puertos GPON, 6 UR, Gesti\u00f3n por UNM2000, CLI, (Incluye Instalaci\u00f3n de software UNM2000)"},"content":{"rendered":"<div style='width: 100%; max-width: 1200px; margin: 0 auto; font-family: sans-serif; line-height: 1.6; color: inherit; background-color: transparent;'> <!-- Imagen principal --> <\/p>\n<div style='margin-bottom: 30px;'> <img style='width: 100%; height: auto; border: 1px solid rgba(150&comma;150&comma;150&comma;0.3); border-radius: 8px;' src='https:\/\/ftp3.syscom.mx\/usuarios\/fotos\/HG6543C\/187432-fiberjom.jpg' alt='OLT Fiberhome AN6000-7'> <\/div>\n<p> <!-- Descripci\u00f3n principal --> <\/p>\n<div style='margin-bottom: 30px; font-size: 24px; color: inherit;'>\n<p style='text-align: justify; color: inherit;'>La OLT <strong>AN6000-7<\/strong> Carrier Class con tecnolog\u00eda l\u00edder en la industria y admite todas las tarjetas de servicio en la parte frontal. Dispone de 6 ranuras de servicio y permite un crecimiento por medio de tarjetas de servicio de hasta 96 puertos GPON o 48 XGPON para integrar m\u00faltiples servicios.<\/p>\n<\/p><\/div>\n<p> <!-- Grid de secciones --> <\/p>\n<div style='display: flex; flex-wrap: wrap; gap: 30px; margin-bottom: 30px;'> <!-- Caracter\u00edsticas Principales --> <\/p>\n<div style='flex: 1 1 300px; min-width: 280px;'>\n<div style='border: 1px solid rgba(150&comma; 150&comma; 150&comma; 0.4); border-radius: 8px; overflow: hidden; display: flex; flex-direction: column;'>\n<div style='padding: 15px; border-bottom: 1px solid rgba(150&comma; 150&comma; 150&comma; 0.2); font-weight: bold; font-size: 18px; color: inherit; background-color: rgba(0&comma; 123&comma; 255&comma; 0.1);'>Caracter\u00edsticas Principales:<\/div>\n<div style='padding: 15px; color: inherit;'>\n<ul style='padding-left: 20px; margin: 0; font-size: 14px; list-style-type: disc; color: inherit;'>\n<li style='margin-bottom: 5px;'><span style='color: inherit;'>Estandar de 19&#8242; y 6 unidades de rack para montaje universal<\/span><\/li>\n<li style='margin-bottom: 5px;'><span style='color: inherit;'>Fuente redundante DC -48V<\/span><\/li>\n<li style='margin-bottom: 5px;'><span style='color: inherit;'>Dimensiones: 266 x 480 x 254 mm (Alto x Ancho x Profundidad)<\/span><\/li>\n<li style='margin-bottom: 5px;'><span style='color: inherit;'>6 Ranuras de Servicio (Incluye 1 tarjeta de servicio GPOA)<\/span><\/li>\n<li style='margin-bottom: 5px;'><span style='color: inherit;'>Capacidad de switching: 6.8T<\/span><\/li>\n<li style='margin-bottom: 5px;'><span style='color: inherit;'>Ancho de banda entre slots: 200 G<\/span><\/li>\n<li style='margin-bottom: 5px;'><span style='color: inherit;'>Maxima cantidad de ONTs: 8&comma;000<\/span><\/li>\n<li style='margin-bottom: 5px;'><span style='color: inherit;'>Maximo numero de suscriptores 4K: 8&comma;000<\/span><\/li>\n<li style='margin-bottom: 5px;'><span style='color: inherit;'>MAC Adress: 256 K<\/span><\/li>\n<li style='margin-bottom: 5px;'><span style='color: inherit;'>ARP\/Router: 128 K<\/span><\/li>\n<li style='margin-bottom: 5px;'><span style='color: inherit;'>Consumo en modo est\u00e1tico: 481W<\/span><\/li>\n<li style='margin-bottom: 5px;'><span style='color: inherit;'>Consumo t\u00edpico: 527W<\/span><\/li>\n<li style='margin-bottom: 0;'><span style='color: inherit;'>Consumo m\u00e1ximo: 790W<\/span><\/li>\n<\/ul><\/div>\n<\/p><\/div>\n<\/p><\/div>\n<p> <!-- Incluye --> <\/p>\n<div style='flex: 1 1 300px; min-width: 280px;'>\n<div style='border: 1px solid rgba(150&comma; 150&comma; 150&comma; 0.4); border-radius: 8px; overflow: hidden; display: flex; flex-direction: column;'>\n<div style='padding: 15px; border-bottom: 1px solid rgba(150&comma; 150&comma; 150&comma; 0.2); font-weight: bold; font-size: 18px; color: inherit; background-color: rgba(0&comma; 123&comma; 255&comma; 0.1);'>Incluye:<\/div>\n<div style='padding: 15px; color: inherit;'>\n<ul style='padding-left: 20px; margin: 0; font-size: 14px; list-style-type: disc; color: inherit;'>\n<li style='margin-bottom: 5px;'><span style='color: inherit;'>1 Subrack (chasis) AN6000-7 para montaje en rack de 19&#8242;<\/span><\/li>\n<li style='margin-bottom: 5px;'><span style='color: inherit;'>1 Tarjeta de Servicio 16 puertos GPON (GPOA)<\/span><\/li>\n<li style='margin-bottom: 5px;'><span style='color: inherit;'>16 m\u00f3dulos GPON SFP clase C+ (FH-PON-GP-20C)<\/span><\/li>\n<li style='margin-bottom: 5px;'><span style='color: inherit;'>1 Unidad de Ventilacion (FAN)<\/span><\/li>\n<li style='margin-bottom: 5px;'><span style='color: inherit;'>2 Fuentes de Alimentacion DC -48V (PIBA)<\/span><\/li>\n<li style='margin-bottom: 5px;'><span style='color: inherit;'>2 Tarjetas controladoras (HSCA)<\/span><\/li>\n<li style='margin-bottom: 5px;'><span style='color: inherit;'>1 Tarjeta Uplink (HU8A) con 8 puertos SFP+ 10G<\/span><\/li>\n<li style='margin-bottom: 5px;'><span style='color: inherit;'>1 M\u00f3dulo Uplink adaptador SFP &#8211; RJ45 10\/100\/1000<\/span><\/li>\n<li style='margin-bottom: 5px;'><span style='color: inherit;'>1 M\u00f3dulo Uplink SFP Gigabit 10 km (GE-OM10KM-V2)<\/span><\/li>\n<li style='margin-bottom: 5px;'><span style='color: inherit;'>2 M\u00f3dulos Uplink SFP+ 10G 10 km (XGE-OM10KM-V2)<\/span><\/li>\n<li style='margin-bottom: 5px;'><span style='color: inherit;'>1 Cable Ethernet RJ45 10m (cruzado)<\/span><\/li>\n<li style='margin-bottom: 5px;'><span style='color: inherit;'>4 Jumper monomodo de fibra \u00f3ptica simplex LC-LC (OFC-LC\/PC-LC\/PC-S-30-20)<\/span><\/li>\n<li style='margin-bottom: 5px;'><span style='color: inherit;'>16 Jumper monomodo de fibra \u00f3ptica simplex SC\/UPC-SC\/UPC (OFC-SC\/UPC-SC\/UPC-30-20)<\/span><\/li>\n<li style='margin-bottom: 0;'><span style='color: #d35400;'><strong>Instalaci\u00f3n de software UNM2000<\/strong><\/span><\/li>\n<\/ul><\/div>\n<\/p><\/div>\n<\/p><\/div>\n<p> <!-- Aplicaciones --> <\/p>\n<div style='flex: 1 1 300px; min-width: 280px;'>\n<div style='border: 1px solid rgba(150&comma; 150&comma; 150&comma; 0.4); border-radius: 8px; overflow: hidden; display: flex; flex-direction: column;'>\n<div style='padding: 15px; border-bottom: 1px solid rgba(150&comma; 150&comma; 150&comma; 0.2); font-weight: bold; font-size: 18px; color: inherit; background-color: rgba(0&comma; 123&comma; 255&comma; 0.1);'>Aplicaciones:<\/div>\n<div style='padding: 15px; color: inherit;'>\n<ul style='padding-left: 20px; margin: 0; font-size: 14px; list-style-type: disc; color: inherit;'>\n<li style='margin-bottom: 5px;'><span style='color: inherit;'>Proveedores de internet con tecnolog\u00eda FTTH<\/span><\/li>\n<li style='margin-bottom: 0;'><span style='color: inherit;'>Compatible con VoIP&comma; TDM&comma; Datos&comma; IPTV y CATV<\/span><\/li>\n<\/ul><\/div>\n<\/p><\/div>\n<\/p><\/div>\n<\/p><\/div>\n<p> <!-- Separador --> <\/p>\n<hr style='border: 0; border-top: 1px solid rgba(150&comma; 150&comma; 150&comma; 0.3); margin: 30px 0;'> <!-- Software UNM2000 --> <\/p>\n<div style='margin-bottom: 30px;'>\n<h2 style='font-size: 24px; border-bottom: 2px solid currentColor; padding-bottom: 5px; margin-top: 0; margin-bottom: 20px; color: inherit; opacity: 0.8;'>Software de gesti\u00f3n Fiberhome UNM2000<\/h2>\n<p> <!-- Imagen UNM2000 --> <\/p>\n<div style='margin-bottom: 20px;'> <img style='width: 100%; height: auto; border: 1px solid rgba(150&comma;150&comma;150&comma;0.3); border-radius: 8px;' src='https:\/\/ftp3.syscom.mx\/usuarios\/fernando.hermosillo\/Fiberhome\/UNM2000.gif' alt='Interfaz UNM2000'> <\/div>\n<p> <!-- Caracter\u00edsticas UNM2000 --> <\/p>\n<ul style='padding-left: 20px; margin: 0 0 20px 0; font-size: 14px; list-style-type: disc; color: inherit;'>\n<li style='margin-bottom: 8px;'><span style='color: inherit;'><strong>Licencia sin costo.<\/strong><\/span><\/li>\n<li style='margin-bottom: 8px;'><span style='color: inherit;'><strong>Mejora la eficiencia en la gesti\u00f3n.<\/strong><\/span><\/li>\n<li style='margin-bottom: 8px;'><span style='color: inherit;'><strong>Configuraci\u00f3n de ONU\u00b4s\/ONT\u00b4s Fiberhome directamente desde la OLT.<\/strong><\/span><\/li>\n<li style='margin-bottom: 8px;'><span style='color: inherit;'><strong>Reduce costos de mantenimiento.<\/strong><\/span><\/li>\n<li style='margin-bottom: 8px;'><span style='color: inherit;'><strong>Perfil de auto aprovisionamiento con ONUs Fiberhome.<\/strong><\/span><\/li>\n<li style='margin-bottom: 0;'><a style='color: #007bff; text-decoration: underline;' href='https:\/\/drive.google.com\/drive\/folders\/1HgSDVo2skDeTHcrXWCxaDklqEXn9Z38V?usp=sharing' target='_blank' rel='noopener'>Descargue el software aqui.<\/a><\/li>\n<\/ul><\/div>\n<p> <!-- Informaci\u00f3n de instalaci\u00f3n --> <\/p>\n<div style='margin-bottom: 30px;'>\n<p style='font-size: 18px; margin-bottom: 15px; color: inherit;'>Instalaci\u00f3n: Para una correcta disipaci\u00f3n de calor&comma; necesita una unidad de rack libre en la parte superior e inferior.<\/p>\n<p> <!-- Imagen disipaci\u00f3n de calor --> <\/p>\n<div style='margin-bottom: 15px;'> <img style='width: 100%; height: auto; border: 1px solid rgba(150&comma;150&comma;150&comma;0.3); border-radius: 8px;' src='https:\/\/ftp3.syscom.mx\/usuarios\/orobles\/FiberHome\/GPON\/OLT\/AN6001-G16_heat_dissipation.JPG' alt='Disipaci\u00f3n de calor'> <\/div>\n<p style='font-size: 18px; margin-bottom: 0; color: inherit;'>Nota: En un gabinete se pueden instalar hasta 3 OLTs como m\u00e1ximo (Dejar al menos 1UR disponible entre cada OLT)<\/p>\n<\/p><\/div>\n<p> <!-- Enlace a gu\u00eda de configuraci\u00f3n --> <\/p>\n<div style='margin-bottom: 30px;'>\n<h3 style='font-size: 18px; margin: 0; color: inherit;'><a style='color: #007bff; text-decoration: underline;' href='https:\/\/soporte.syscom.mx\/es\/collections\/4669876-configuracion-inicial' target='_blank' rel='noopener'>Gu\u00eda de configuraci\u00f3n b\u00e1sica AQU\u00cd<\/a><\/h3>\n<\/p><\/div>\n<\/p><\/div>\n","protected":false},"excerpt":{"rendered":"<p>OLT Carrier Class Modular GPON, 6 Ranuras de Servicio, Incluye 1 Tarjeta de Servicio 16 puertos GPON, crecimiento hasta 96 puertos GPON, 6 UR, Gesti\u00f3n por UNM2000, CLI, (Incluye Instalaci\u00f3n de software UNM2000)<\/p>\n","protected":false},"featured_media":71534,"comment_status":"open","ping_status":"closed","template":"","meta":[],"product_brand":[],"product_cat":[2018],"product_tag":[639,2019,2011],"class_list":{"0":"post-71535","1":"product","2":"type-product","3":"status-publish","4":"has-post-thumbnail","6":"product_cat-olts","7":"product_tag-fiberhome","8":"product_tag-olts","9":"product_tag-redes-ftth-pon","11":"first","12":"instock","13":"sale","14":"shipping-taxable","15":"purchasable","16":"product-type-simple"},"_links":{"self":[{"href":"https:\/\/soydeaqui.ddns.net\/pachuca\/index.php\/wp-json\/wp\/v2\/product\/71535","targetHints":{"allow":["GET"]}}],"collection":[{"href":"https:\/\/soydeaqui.ddns.net\/pachuca\/index.php\/wp-json\/wp\/v2\/product"}],"about":[{"href":"https:\/\/soydeaqui.ddns.net\/pachuca\/index.php\/wp-json\/wp\/v2\/types\/product"}],"replies":[{"embeddable":true,"href":"https:\/\/soydeaqui.ddns.net\/pachuca\/index.php\/wp-json\/wp\/v2\/comments?post=71535"}],"wp:featuredmedia":[{"embeddable":true,"href":"https:\/\/soydeaqui.ddns.net\/pachuca\/index.php\/wp-json\/wp\/v2\/media\/71534"}],"wp:attachment":[{"href":"https:\/\/soydeaqui.ddns.net\/pachuca\/index.php\/wp-json\/wp\/v2\/media?parent=71535"}],"wp:term":[{"taxonomy":"product_brand","embeddable":true,"href":"https:\/\/soydeaqui.ddns.net\/pachuca\/index.php\/wp-json\/wp\/v2\/product_brand?post=71535"},{"taxonomy":"product_cat","embeddable":true,"href":"https:\/\/soydeaqui.ddns.net\/pachuca\/index.php\/wp-json\/wp\/v2\/product_cat?post=71535"},{"taxonomy":"product_tag","embeddable":true,"href":"https:\/\/soydeaqui.ddns.net\/pachuca\/index.php\/wp-json\/wp\/v2\/product_tag?post=71535"}],"curies":[{"name":"wp","href":"https:\/\/api.w.org\/{rel}","templated":true}]}}