{"id":71504,"date":"2026-03-19T12:07:40","date_gmt":"2026-03-19T12:07:40","guid":{"rendered":"https:\/\/soydeaqui.ddns.net\/pachuca\/index.php\/producto\/introduccion-a-radioenlaces-partes-que-lo-integran-funcion-general-y-marcas-para-poder-realizar-una-comparativa\/"},"modified":"2026-03-19T12:07:41","modified_gmt":"2026-03-19T12:07:41","slug":"introduccion-a-radioenlaces-partes-que-lo-integran-funcion-general-y-marcas-para-poder-realizar-una-comparativa","status":"publish","type":"product","link":"https:\/\/soydeaqui.ddns.net\/pachuca\/index.php\/producto\/introduccion-a-radioenlaces-partes-que-lo-integran-funcion-general-y-marcas-para-poder-realizar-una-comparativa\/","title":{"rendered":"Introducci\u00f3n a radioenlaces, partes que lo integran, funci\u00f3n general y marcas para poder realizar una comparativa"},"content":{"rendered":"<div style='width: 100%; max-width: 1200px; margin: 0 auto; font-family: sans-serif; line-height: 1.6; color: inherit; background-color: transparent;'> <!-- Secci\u00f3n de introducci\u00f3n --> <\/p>\n<div style='margin-bottom: 30px;'>\n<p style='margin-top: 0; margin-bottom: 15px; font-size: 16px; color: inherit;'><strong>Descripci\u00f3n:<\/strong><\/p>\n<p style='margin-bottom: 15px; color: inherit; font-size: 15px;'>El prop\u00f3sito de este curso es comprender en t\u00e9rminos generales de que implica cuando se habla de un Radioenlace&comma; las partes que lo integran&comma; la funci\u00f3n general de cada una de dichas partes e identificar los modelo en diferentes marcas para poder realizar una comparativa.<\/p>\n<\/p><\/div>\n<p> <!-- Secci\u00f3n de objetivos --> <\/p>\n<div style='margin-bottom: 30px;'>\n<p style='margin-top: 0; margin-bottom: 15px; font-size: 16px; color: inherit;'><strong>Objetivo:<\/strong><\/p>\n<p style='margin-bottom: 15px; color: inherit; font-size: 15px;'>Adquirir conocimiento inicial para sentar la base en temas de radioenlaces y emprender el camino a los siguientes niveles m\u00e1s avanzados.<\/p>\n<\/p><\/div>\n<p> <!-- Secci\u00f3n de audiencia --> <\/p>\n<div style='margin-bottom: 30px;'>\n<p style='margin-top: 0; margin-bottom: 15px; font-size: 16px; color: inherit;'><strong>A Qui\u00e9n Est\u00e1 Dirigido:<\/strong><\/p>\n<p style='margin-bottom: 15px; color: inherit; font-size: 15px;'>P\u00fablico en general con conocimiento b\u00e1sico de redes.<\/p>\n<\/p><\/div>\n<p> <!-- Secci\u00f3n de temario --> <\/p>\n<div style='margin-bottom: 30px;'>\n<h3 style='font-size: 22px; border-bottom: 2px solid currentColor; padding-bottom: 5px; margin-top: 0; margin-bottom: 20px; color: inherit; opacity: 0.8;'>TEMARIO<\/h3>\n<p> <!-- Tema 1 --> <\/p>\n<div style='margin-bottom: 20px;'>\n<h4 style='font-size: 18px; margin-top: 0; margin-bottom: 10px; color: inherit;'><strong>1. Conceptos<\/strong><\/h4>\n<p style='margin: 8px 0; color: inherit; font-size: 15px;'><strong>\u00bfQu\u00e9 es un Radioenlace<\/strong><\/p>\n<ul style='padding-left: 25px; margin: 8px 0; font-size: 14px; color: inherit; list-style-type: disc;'>\n<li style='margin-bottom: 5px; color: inherit;'>Tipos de Radioenlaces<\/li>\n<li style='margin-bottom: 5px; color: inherit;'>Tipo de transmisi\u00f3n<\/li>\n<\/ul>\n<p style='margin: 8px 0; color: inherit; font-size: 15px;'><strong>\u00bfPara qu\u00e9 se utilizan los radioenlaces<\/strong><\/p>\n<ul style='padding-left: 25px; margin: 8px 0; font-size: 14px; color: inherit; list-style-type: disc;'>\n<li style='margin-bottom: 5px; color: inherit;'>Servicios<\/li>\n<li style='margin-bottom: 5px; color: inherit;'>Zonas<\/li>\n<li style='margin-bottom: 5px; color: inherit;'>Tipo de proyectos<\/li>\n<\/ul><\/div>\n<p> <!-- Tema 2 --> <\/p>\n<div style='margin-bottom: 20px;'>\n<h4 style='font-size: 18px; margin-top: 0; margin-bottom: 10px; color: inherit;'><strong>2. Elementos<\/strong><\/h4>\n<p style='margin: 8px 0; color: inherit; font-size: 15px;'><strong>Componentes que integran un radioenlace<\/strong><\/p>\n<ul style='padding-left: 25px; margin: 8px 0; font-size: 14px; color: inherit; list-style-type: disc;'>\n<li style='margin-bottom: 5px; color: inherit;'>Radio<\/li>\n<li style='margin-bottom: 5px; color: inherit;'>Antena<\/li>\n<li style='margin-bottom: 5px; color: inherit;'>Cableado<\/li>\n<li style='margin-bottom: 5px; color: inherit;'>Energ\u00eda<\/li>\n<\/ul>\n<p style='margin: 8px 0; color: inherit; font-size: 15px;'><strong>Funci\u00f3n general de los componentes en un radioenlace<\/strong><\/p>\n<ul style='padding-left: 25px; margin: 8px 0; font-size: 14px; color: inherit; list-style-type: disc;'>\n<li style='margin-bottom: 5px; color: inherit;'>Escenarios donde se puede implementar<\/li>\n<\/ul><\/div>\n<p> <!-- Tema 3 --> <\/p>\n<div style='margin-bottom: 20px;'>\n<h4 style='font-size: 18px; margin-top: 0; margin-bottom: 10px; color: inherit;'><strong>3. Ejemplos<\/strong><\/h4>\n<p style='margin: 8px 0; color: inherit; font-size: 15px;'><strong>Tipos de radioenlaces (comparativas)<\/strong><\/p>\n<ul style='padding-left: 25px; margin: 8px 0; font-size: 14px; color: inherit; list-style-type: disc;'>\n<li style='margin-bottom: 5px; color: inherit;'>Radios<\/li>\n<li style='margin-bottom: 5px; color: inherit;'>Antenas<\/li>\n<li style='margin-bottom: 5px; color: inherit;'>Cableado (conexiones)<\/li>\n<li style='margin-bottom: 5px; color: inherit;'>Energ\u00eda (Opciones para energizar)<\/li>\n<\/ul>\n<p style='margin: 8px 0; color: inherit; font-size: 15px;'><strong>Marcas y modelos<\/strong><\/p>\n<ul style='padding-left: 25px; margin: 8px 0; font-size: 14px; color: inherit; list-style-type: disc;'>\n<li style='margin-bottom: 5px; color: inherit;'>Estaciones base<\/li>\n<li style='margin-bottom: 5px; color: inherit;'>Suscriptores<\/li>\n<li style='margin-bottom: 5px; color: inherit;'>Antenas direccionales<\/li>\n<li style='margin-bottom: 5px; color: inherit;'>Antenas sectoriales<\/li>\n<\/ul><\/div>\n<p> <!-- Tema 4 --> <\/p>\n<div style='margin-bottom: 20px;'>\n<h4 style='font-size: 18px; margin-top: 0; margin-bottom: 10px; color: inherit;'><strong>4. Estructura<\/strong><\/h4>\n<p style='margin: 8px 0; color: inherit; font-size: 15px;'><strong>Diagrama<\/strong><\/p>\n<ul style='padding-left: 25px; margin: 8px 0; font-size: 14px; color: inherit; list-style-type: disc;'>\n<li style='margin-bottom: 5px; color: inherit;'>Diagrama base con inyectores<\/li>\n<li style='margin-bottom: 5px; color: inherit;'>Diagrama Completo Principal con protectores<\/li>\n<li style='margin-bottom: 5px; color: inherit;'>Diagrama enlace completo PtP y dispositivos en la red ambos extremos<\/li>\n<\/ul>\n<p style='margin: 8px 0; color: inherit; font-size: 15px;'><strong>Conexiones<\/strong><\/p>\n<ul style='padding-left: 25px; margin: 8px 0; font-size: 14px; color: inherit; list-style-type: disc;'>\n<li style='margin-bottom: 5px; color: inherit;'>Unboxing<\/li>\n<li style='margin-bottom: 5px; color: inherit;'>Armado de equipos<\/li>\n<li style='margin-bottom: 5px; color: inherit;'>Montaje<\/li>\n<\/ul><\/div>\n<p> <!-- Tema 5 --> <\/p>\n<div style='margin-bottom: 20px;'>\n<h4 style='font-size: 18px; margin-top: 0; margin-bottom: 10px; color: inherit;'><strong>5. Ejercicio<\/strong><\/h4>\n<p style='margin: 8px 0; color: inherit; font-size: 15px;'><strong>Caso Pr\u00e1ctico<\/strong><\/p>\n<\/p><\/div>\n<p> <!-- Tema 6 --> <\/p>\n<div style='margin-bottom: 20px;'>\n<h4 style='font-size: 18px; margin-top: 0; margin-bottom: 10px; color: inherit;'><strong>6. Teor\u00eda RF<\/strong><\/h4>\n<p style='margin: 8px 0; color: inherit; font-size: 15px;'><strong>Conceptos y propiedades<\/strong><\/p>\n<ul style='padding-left: 25px; margin: 8px 0; font-size: 14px; color: inherit; list-style-type: disc;'>\n<li style='margin-bottom: 5px; color: inherit;'>Frecuencias<\/li>\n<li style='margin-bottom: 5px; color: inherit;'>Longitud de onda<\/li>\n<li style='margin-bottom: 5px; color: inherit;'>Espectro electromagn\u00e9tico<\/li>\n<li style='margin-bottom: 5px; color: inherit;'>Anchos de canal<\/li>\n<li style='margin-bottom: 5px; color: inherit;'>Superposici\u00f3n de canales<\/li>\n<li style='margin-bottom: 5px; color: inherit;'>OFDM<\/li>\n<li style='margin-bottom: 5px; color: inherit;'>Separaci\u00f3n de canales<\/li>\n<li style='margin-bottom: 5px; color: inherit;'>Reutilizaci\u00f3n de frecuencias<\/li>\n<li style='margin-bottom: 5px; color: inherit;'>L\u00ednea de vista y zona de fresnel<\/li>\n<\/ul><\/div>\n<p> <!-- Tema 7 --> <\/p>\n<div style='margin-bottom: 20px;'>\n<h4 style='font-size: 18px; margin-top: 0; margin-bottom: 10px; color: inherit;'><strong>7. Examen<\/strong><\/h4>\n<\/p><\/div>\n<\/p><\/div>\n<p> <!-- Separador final --> <\/p>\n<hr style='border: 0; border-top: 1px solid rgba(150&comma; 150&comma; 150&comma; 0.3); margin: 30px 0;'> <\/div>\n","protected":false},"excerpt":{"rendered":"<p>Introducci\u00f3n a radioenlaces, partes que lo integran, funci\u00f3n general y marcas para poder realizar una comparativa<\/p>\n","protected":false},"featured_media":32,"comment_status":"open","ping_status":"closed","template":"","meta":[],"product_brand":[],"product_cat":[1998],"product_tag":[1999,1980,63],"class_list":{"0":"post-71504","1":"product","2":"type-product","3":"status-publish","4":"has-post-thumbnail","6":"product_cat-5-y-6-ghz","7":"product_tag-5-y-6-ghz","8":"product_tag-enlaces-ptp-y-ptmp","9":"product_tag-syscom","11":"first","12":"outofstock","13":"sale","14":"shipping-taxable","15":"purchasable","16":"product-type-simple"},"_links":{"self":[{"href":"https:\/\/soydeaqui.ddns.net\/pachuca\/index.php\/wp-json\/wp\/v2\/product\/71504","targetHints":{"allow":["GET"]}}],"collection":[{"href":"https:\/\/soydeaqui.ddns.net\/pachuca\/index.php\/wp-json\/wp\/v2\/product"}],"about":[{"href":"https:\/\/soydeaqui.ddns.net\/pachuca\/index.php\/wp-json\/wp\/v2\/types\/product"}],"replies":[{"embeddable":true,"href":"https:\/\/soydeaqui.ddns.net\/pachuca\/index.php\/wp-json\/wp\/v2\/comments?post=71504"}],"wp:featuredmedia":[{"embeddable":true,"href":"https:\/\/soydeaqui.ddns.net\/pachuca\/index.php\/wp-json\/wp\/v2\/media\/32"}],"wp:attachment":[{"href":"https:\/\/soydeaqui.ddns.net\/pachuca\/index.php\/wp-json\/wp\/v2\/media?parent=71504"}],"wp:term":[{"taxonomy":"product_brand","embeddable":true,"href":"https:\/\/soydeaqui.ddns.net\/pachuca\/index.php\/wp-json\/wp\/v2\/product_brand?post=71504"},{"taxonomy":"product_cat","embeddable":true,"href":"https:\/\/soydeaqui.ddns.net\/pachuca\/index.php\/wp-json\/wp\/v2\/product_cat?post=71504"},{"taxonomy":"product_tag","embeddable":true,"href":"https:\/\/soydeaqui.ddns.net\/pachuca\/index.php\/wp-json\/wp\/v2\/product_tag?post=71504"}],"curies":[{"name":"wp","href":"https:\/\/api.w.org\/{rel}","templated":true}]}}