{"id":7150,"date":"2026-03-18T06:52:30","date_gmt":"2026-03-18T06:52:30","guid":{"rendered":"https:\/\/soydeaqui.ddns.net\/pachuca\/index.php\/producto\/transmisor-inalambrico-universal-linea-force\/"},"modified":"2026-03-18T06:52:32","modified_gmt":"2026-03-18T06:52:32","slug":"transmisor-inalambrico-universal-linea-force","status":"publish","type":"product","link":"https:\/\/soydeaqui.ddns.net\/pachuca\/index.php\/producto\/transmisor-inalambrico-universal-linea-force\/","title":{"rendered":"TRANSMISOR INALAMBRICO UNIVERSAL LINEA FORCE"},"content":{"rendered":"<div style='width: 100%; max-width: 1200px; margin: 0 auto; font-family: sans-serif; line-height: 1.6; color: inherit; background-color: transparent;'> <!-- Imagen logo --> <\/p>\n<div style='margin-bottom: 30px;'> <a style='display: inline-block; text-decoration: none; color: inherit;' href='https:\/\/www.syscom.mx\/principal\/consultarproductosazul?global_search=cfh500&#038;ordenar=Relevancia&#038;pag=1' target='_blank' rel='noopener'> <img style='width: 100%; height: auto; border: 1px solid rgba(150&comma;150&comma;150&comma;0.3); border-radius: 8px;' src='http:\/\/ftp3.syscom.mx\/usuarios\/yhermosillo\/PIMA\/Cloud_PIMA.png' alt=''> <\/a> <\/div>\n<p> <!-- Descripci\u00f3n principal --> <\/p>\n<div style='margin-bottom: 30px;'>\n<h3 style='font-size: 22px; border-bottom: 2px solid currentColor; padding-bottom: 5px; margin-top: 0; color: inherit; opacity: 0.8;'>UTX &#8211; Transmisor inal\u00e1mbrico universal<\/h3>\n<p style='margin: 15px 0; font-size: 15px; color: inherit;'>El UTX es un Transmisor inal\u00e1mbrico universal con tecnolog\u00eda FastLink&comma; dise\u00f1ado para los sistemas de alarma de la serie <em style='font-style: italic; font-weight: bold;'>FORCE<\/em> y la serie Hunter-Pro de PIMA.<\/p>\n<p style='margin: 15px 0; font-size: 15px; color: inherit;'>La comunicaci\u00f3n FastLink es encriptada utilizando un cifrado AES de 128 bits para brindar un alto nivel de seguridad.<\/p>\n<p style='margin: 15px 0; font-size: 15px; color: inherit; font-weight: bold;'>Para usar el UTX se requiere la previa instalaci\u00f3n de un expansor inal\u00e1mbrico.<\/p>\n<p style='margin: 15px 0; font-size: 15px; color: inherit;'>El UTX tiene un dise\u00f1o moderno y funciona con bater\u00edas; El transmisor est\u00e1 dise\u00f1ado para enviar eventos desde un dispositivo de contacto normalmente cerrado (NC)&comma; como por ejemplo un bot\u00f3n de p\u00e1nico. El dispositivo se conecta al bloque de terminales del UTX y reporta al panel de control como una zona independiente.<\/p>\n<p style='margin: 15px 0; font-size: 15px; color: inherit;'>El UTX reporta al panel de control sobre la condici\u00f3n de bater\u00eda baja y cuenta adem\u00e1s con un interruptor contra sabotaje (tamper) que alerta cuando la unidad se abre o cuando es removida de la pared. Transmite un evento de prueba cada 15 minutos.<\/p>\n<p style='margin: 15px 0; font-size: 15px; color: inherit;'>Su LED se ilumina para indicar cualquier transmisi\u00f3n de eventos y cuando la bater\u00eda est\u00e1 baja.<\/p>\n<p style='margin: 15px 0; font-size: 15px; color: inherit;'>Para informaci\u00f3n sobre como registrar (enrolar) el dispositivo&comma; consulte la gu\u00eda de instalaci\u00f3n del sistema <em style='font-style: italic; font-weight: bold;'>FORCE<\/em> (P\/N 4410459).<\/p>\n<\/p><\/div>\n<p> <!-- Especificaciones t\u00e9cnicas --> <\/p>\n<div style='display: flex; flex-wrap: wrap; gap: 20px; margin-bottom: 30px;'>\n<div style='flex: 1 1 250px; border: 1px solid rgba(150&comma; 150&comma; 150&comma; 0.4); border-radius: 8px; overflow: hidden; display: flex; flex-direction: column;'>\n<div style='padding: 15px; border-bottom: 1px solid rgba(150&comma; 150&comma; 150&comma; 0.2); font-weight: bold; font-size: 18px; color: inherit;'>Especificaciones t\u00e9cnicas<\/div>\n<div style='padding: 15px; color: inherit;'>\n<ul style='padding-left: 20px; margin: 0; font-size: 14px; list-style-type: disc; color: inherit;'>\n<li style='margin-bottom: 5px;'><strong>Frecuencias (MHz):<\/strong> UTX143: 433.92<\/li>\n<li style='margin-bottom: 5px;'><strong>Bater\u00edas:<\/strong> 2X 1.5V&comma; AAA&comma; Alcalina<\/li>\n<li style='margin-bottom: 5px;'><strong>Duraci\u00f3n de la bater\u00eda:<\/strong> Hasta 3 a\u00f1os (en uso t\u00edpico)<\/li>\n<li style='margin-bottom: 5px;'><strong>Dimensiones:<\/strong> 8.5 X 3.5 X 1.4cm<\/li>\n<li style='margin-bottom: 5px;'><strong>Peso:<\/strong> 50gr<\/li>\n<li style='margin-bottom: 5px;'><strong>Normativa:<\/strong> Cumple con la normativa CE<\/li>\n<li style='margin-bottom: 5px;'><strong>Temperaturas de operaci\u00f3n:<\/strong> de -10 a +50\u00b0C<\/li>\n<li style='margin-bottom: 5px;'><strong>Humedad (M\u00e1x.):<\/strong> 93% R.H.&comma; Sin condensaci\u00f3n<\/li>\n<\/ul><\/div>\n<\/p><\/div>\n<p> <!-- Contenido del paquete --> <\/p>\n<div style='flex: 1 1 250px; border: 1px solid rgba(150&comma; 150&comma; 150&comma; 0.4); border-radius: 8px; overflow: hidden; display: flex; flex-direction: column;'>\n<div style='padding: 15px; border-bottom: 1px solid rgba(150&comma; 150&comma; 150&comma; 0.2); font-weight: bold; font-size: 18px; color: inherit;'>Contenido del paquete<\/div>\n<div style='padding: 15px; color: inherit;'>\n<ul style='padding-left: 20px; margin: 0; font-size: 14px; list-style-type: disc; color: inherit;'>\n<li style='margin-bottom: 5px;'>Transmisor UTX<\/li>\n<li style='margin-bottom: 5px;'>Dos bater\u00edas<\/li>\n<li style='margin-bottom: 5px;'>Tornillos y cintas de montaje<\/li>\n<li style='margin-bottom: 5px;'>Gu\u00eda de instalaci\u00f3n<\/li>\n<\/ul><\/div>\n<\/p><\/div>\n<\/p><\/div>\n<p> <!-- Imagen del producto --> <\/p>\n<div style='margin-bottom: 30px;'> <img style='width: 100%; height: auto; border: 1px solid rgba(150&comma;150&comma;150&comma;0.3); border-radius: 8px;' src='http:\/\/ftp3.syscom.mx\/usuarios\/yhermosillo\/PIMA\/Nuevo_force_panel.jpg' alt=''> <\/div>\n<\/p><\/div>\n","protected":false},"excerpt":{"rendered":"<p>TRANSMISOR INALAMBRICO UNIVERSAL LINEA FORCE<\/p>\n","protected":false},"featured_media":7149,"comment_status":"open","ping_status":"closed","template":"","meta":[],"product_brand":[],"product_cat":[117],"product_tag":[118,114,496],"class_list":{"0":"post-7150","1":"product","2":"type-product","3":"status-publish","4":"has-post-thumbnail","6":"product_cat-contacto-magnetico-inalambrico","7":"product_tag-contacto-magnetico-inalambrico","8":"product_tag-contactos-magneticos","9":"product_tag-pima","11":"first","12":"outofstock","13":"sale","14":"shipping-taxable","15":"purchasable","16":"product-type-simple"},"_links":{"self":[{"href":"https:\/\/soydeaqui.ddns.net\/pachuca\/index.php\/wp-json\/wp\/v2\/product\/7150","targetHints":{"allow":["GET"]}}],"collection":[{"href":"https:\/\/soydeaqui.ddns.net\/pachuca\/index.php\/wp-json\/wp\/v2\/product"}],"about":[{"href":"https:\/\/soydeaqui.ddns.net\/pachuca\/index.php\/wp-json\/wp\/v2\/types\/product"}],"replies":[{"embeddable":true,"href":"https:\/\/soydeaqui.ddns.net\/pachuca\/index.php\/wp-json\/wp\/v2\/comments?post=7150"}],"wp:featuredmedia":[{"embeddable":true,"href":"https:\/\/soydeaqui.ddns.net\/pachuca\/index.php\/wp-json\/wp\/v2\/media\/7149"}],"wp:attachment":[{"href":"https:\/\/soydeaqui.ddns.net\/pachuca\/index.php\/wp-json\/wp\/v2\/media?parent=7150"}],"wp:term":[{"taxonomy":"product_brand","embeddable":true,"href":"https:\/\/soydeaqui.ddns.net\/pachuca\/index.php\/wp-json\/wp\/v2\/product_brand?post=7150"},{"taxonomy":"product_cat","embeddable":true,"href":"https:\/\/soydeaqui.ddns.net\/pachuca\/index.php\/wp-json\/wp\/v2\/product_cat?post=7150"},{"taxonomy":"product_tag","embeddable":true,"href":"https:\/\/soydeaqui.ddns.net\/pachuca\/index.php\/wp-json\/wp\/v2\/product_tag?post=7150"}],"curies":[{"name":"wp","href":"https:\/\/api.w.org\/{rel}","templated":true}]}}