{"id":71494,"date":"2026-03-19T12:07:14","date_gmt":"2026-03-19T12:07:14","guid":{"rendered":"https:\/\/soydeaqui.ddns.net\/pachuca\/index.php\/producto\/switch-industrial-administrable-capa-2-8-puertos-gigabit-doble-entrada-de-alimentacion-para-fuente-redundante\/"},"modified":"2026-03-19T12:07:20","modified_gmt":"2026-03-19T12:07:20","slug":"switch-industrial-administrable-capa-2-8-puertos-gigabit-doble-entrada-de-alimentacion-para-fuente-redundante","status":"publish","type":"product","link":"https:\/\/soydeaqui.ddns.net\/pachuca\/index.php\/producto\/switch-industrial-administrable-capa-2-8-puertos-gigabit-doble-entrada-de-alimentacion-para-fuente-redundante\/","title":{"rendered":"Switch Industrial Administrable Capa 2,  8 Puertos Gigabit, Doble Entrada de Alimentaci\u00f3n Para Fuente Redundante"},"content":{"rendered":"<div style='width: 100%; max-width: 1200px; margin: 0 auto; font-family: sans-serif; line-height: 1.6; color: inherit; background-color: transparent;'> <!-- Im\u00e1genes de iconos --> <\/p>\n<div style='display: flex; flex-wrap: wrap; justify-content: center; gap: 15px; margin: 30px 0;'> <img style='width: auto; height: 60px; border: 1px solid rgba(150&comma;150&comma;150&comma;0.3); border-radius: 8px;' src='https:\/\/www.planet.com.tw\/storage\/icons\/633\/Cyber-Security.png' alt=''> <img style='width: auto; height: 60px; border: 1px solid rgba(150&comma;150&comma;150&comma;0.3); border-radius: 8px;' src='https:\/\/www.planet.com.tw\/storage\/icons\/6icon_RING.png' alt=''> <img style='width: auto; height: 60px; border: 1px solid rgba(150&comma;150&comma;150&comma;0.3); border-radius: 8px;' src='https:\/\/www.planet.com.tw\/storage\/icons\/2icon_802.1Q_VLAN.png' alt=''> <img style='width: auto; height: 60px; border: 1px solid rgba(150&comma;150&comma;150&comma;0.3); border-radius: 8px;' src='https:\/\/www.planet.com.tw\/storage\/icons\/2icon_IPv6IPv4_ACLQoS.png' alt=''> <img style='width: auto; height: 60px; border: 1px solid rgba(150&comma;150&comma;150&comma;0.3); border-radius: 8px;' src='https:\/\/www.planet.com.tw\/storage\/icons\/2icon_Power-Redundant_DC_AC.png' alt=''> <img style='width: auto; height: 60px; border: 1px solid rgba(150&comma;150&comma;150&comma;0.3); border-radius: 8px;' src='https:\/\/www.planet.com.tw\/storage\/icons\/8icon_-40-degree-~75-degree.png' alt=''> <\/div>\n<p> <!-- Imagen principal --> <\/p>\n<div style='margin: 30px 0; text-align: center;'> <img style='width: 100%; max-width: 900px; height: auto; border: 1px solid rgba(150&comma;150&comma;150&comma;0.3); border-radius: 8px;' src='https:\/\/planet.com.tw\/storage\/products\/25685\/IGS-801Mv2.1-1.png' alt=''> <\/div>\n<p> <!-- Descripci\u00f3n general --> <\/p>\n<div style='margin: 30px 0;'>\n<h2 style='font-size: 20px; margin-top: 0; margin-bottom: 15px; color: inherit; opacity: 0.9; text-align: center;'>Switch industrial para recopilaci\u00f3n y reenv\u00edo de datos<\/h2>\n<p style='font-size: 15px; color: inherit; text-align: center; max-width: 800px; margin: 0 auto;'>Ofrece alto rendimiento y alta confiabilidad para garantizar la operaci\u00f3n industrial continua en entornos hostiles&comma; como gabinetes de control de transporte&comma; pisos de f\u00e1bricas&comma; espacios al aire libre y lugares donde la temperatura es extremadamente baja o alta.<\/p>\n<\/p><\/div>\n<p> <!-- Imagen de aplicaci\u00f3n --> <\/p>\n<div style='margin: 30px 0; text-align: center;'> <img style='width: 100%; max-width: 550px; height: auto; border: 1px solid rgba(150&comma;150&comma;150&comma;0.3); border-radius: 8px;' src='https:\/\/www.planet.com.tw\/storage\/products\/25685\/IGS-801Mv2.1-32.png' alt=''> <\/div>\n<p> <!-- T\u00edtulo de aplicaciones --> <\/p>\n<div style='margin: 30px 0; text-align: center;'>\n<h3 style='font-size: 24px; color: #2880b9; margin: 0; padding: 0; color: inherit; opacity: 0.9;'>Aplicaciones<\/h3>\n<\/p><\/div>\n<p> <!-- Imagen de aplicaci\u00f3n 2 --> <\/p>\n<div style='margin: 30px 0; text-align: center;'> <img style='width: 100%; max-width: 800px; height: auto; border: 1px solid rgba(150&comma;150&comma;150&comma;0.3); border-radius: 8px;' src='https:\/\/www.planet.com.tw\/storage\/products\/25685\/IGS-801Mv2.1-2.png' alt=''> <\/div>\n<p> <!-- Especificaciones --> <\/p>\n<div style='margin: 30px 0;'>\n<div style='display: flex; flex-wrap: wrap; gap: 20px; margin-bottom: 30px;'>\n<div style='flex: 1 1 250px; border: 1px solid rgba(150&comma; 150&comma; 150&comma; 0.4); border-radius: 8px; overflow: hidden; display: flex; flex-direction: column;'>\n<div style='padding: 15px; border-bottom: 1px solid rgba(150&comma; 150&comma; 150&comma; 0.2); font-weight: bold; font-size: 18px; color: inherit; background-color: rgba(40&comma; 128&comma; 185&comma; 0.1);'>Especificaciones de hardware<\/div>\n<div style='padding: 15px; color: inherit;'>\n<ul style='padding-left: 20px; margin: 0; font-size: 14px; list-style-type: disc;'>\n<li style='margin-bottom: 5px;'><strong>Puertos de cobre:<\/strong> 8 Puertos RJ45 10\/100\/1000 BASE-T auto-MDI \/ MDI-X<\/li>\n<li style='margin-bottom: 5px;'><strong>Conector:<\/strong> Bloque de terminales de 6 pines extra\u00edble para entrada de alimentaci\u00f3n<\/li>\n<li style='margin-bottom: 5px;'><span style='margin-left: 20px;'>Pin 1\/2 para Power 1; Pin 3\/4 para alarma de aver\u00eda; Pin 5\/6 para Power 2<\/span><\/li>\n<li style='margin-bottom: 5px;'><strong>Alarma:<\/strong> Una salida de rel\u00e9 por falla de energ\u00eda. Capacidad de transporte de corriente del rel\u00e9 de alarma: 1A @ DC 24V<\/li>\n<li style='margin-bottom: 5px;'><strong>Dimensiones:<\/strong> 135 x 87 x 32 mm&comma; 1U de altura<\/li>\n<li style='margin-bottom: 5px;'><strong>Peso:<\/strong> 472g<\/li>\n<li style='margin-bottom: 5px;'><strong>Alimentaci\u00f3n:<\/strong> 12 a 48 Vcc<\/li>\n<li style='margin-bottom: 5px;'><span style='color: #e74c3c;'><strong>Nota:<\/strong> No incluye fuente de voltaje<\/span><\/li>\n<\/ul><\/div>\n<\/p><\/div>\n<div style='flex: 1 1 250px; border: 1px solid rgba(150&comma; 150&comma; 150&comma; 0.4); border-radius: 8px; overflow: hidden; display: flex; flex-direction: column;'>\n<div style='padding: 15px; border-bottom: 1px solid rgba(150&comma; 150&comma; 150&comma; 0.2); font-weight: bold; font-size: 18px; color: inherit; background-color: rgba(40&comma; 128&comma; 185&comma; 0.1);'>Caracter\u00edsticas t\u00e9cnicas<\/div>\n<div style='padding: 15px; color: inherit;'>\n<ul style='padding-left: 20px; margin: 0; font-size: 14px; list-style-type: disc;'>\n<li style='margin-bottom: 5px;'><strong>Funciones Capa 2:<\/strong> Port mirroring&comma; VLAN&comma; Link Aggregation&comma; Spanning Tree Protocol&comma; IGMP Snooping&comma; QoS&comma; Ring<\/li>\n<li style='margin-bottom: 5px;'><strong>Funciones de Seguridad:<\/strong> Lista de control de acceso&comma; Port security&comma; MAC security&comma; Enhanced security<\/li>\n<li style='margin-bottom: 5px;'><strong>Interfaces de administraci\u00f3n:<\/strong> Navegador Web&comma; Tenet&comma; SNMP v1&comma; v2c&comma; SSHv2&comma; TLS v1.2&comma; SNMP v3<\/li>\n<li style='margin-bottom: 5px;'><strong>Temperatura:<\/strong> -40 a 75\u00b0C<\/li>\n<\/ul><\/div>\n<\/p><\/div>\n<div style='flex: 1 1 250px; border: 1px solid rgba(150&comma; 150&comma; 150&comma; 0.4); border-radius: 8px; overflow: hidden; display: flex; flex-direction: column;'>\n<div style='padding: 15px; border-bottom: 1px solid rgba(150&comma; 150&comma; 150&comma; 0.2); font-weight: bold; font-size: 18px; color: inherit; background-color: rgba(40&comma; 128&comma; 185&comma; 0.1);'>Contenido del paquete<\/div>\n<div style='padding: 15px; color: inherit;'>\n<ul style='padding-left: 20px; margin: 0; font-size: 14px; list-style-type: disc;'>\n<li style='margin-bottom: 5px;'>1 x Switch IGS-801M<\/li>\n<li style='margin-bottom: 5px;'>1 x Gu\u00eda de instalaci\u00f3n<\/li>\n<li style='margin-bottom: 5px;'>1 x Kit de riel DIN<\/li>\n<li style='margin-bottom: 5px;'>1 x Kit de montaje en pared<\/li>\n<li style='margin-bottom: 5px;'>8 x Tapas para RJ45<\/li>\n<\/ul><\/div>\n<\/p><\/div>\n<\/p><\/div>\n<\/p><\/div>\n<p> <!-- Separador final --> <\/p>\n<hr style='border: 0; border-top: 1px solid rgba(150&comma; 150&comma; 150&comma; 0.3); margin: 30px 0;'> <\/div>\n","protected":false},"excerpt":{"rendered":"<p>Switch Industrial Administrable Capa 2,  8 Puertos Gigabit, Doble Entrada de Alimentaci\u00f3n Para Fuente Redundante<\/p>\n","protected":false},"featured_media":71493,"comment_status":"open","ping_status":"closed","template":"","meta":[],"product_brand":[],"product_cat":[1984],"product_tag":[1985,664,2033],"class_list":{"0":"post-71494","1":"product","2":"type-product","3":"status-publish","4":"has-post-thumbnail","6":"product_cat-industrial","7":"product_tag-industrial","8":"product_tag-networking","9":"product_tag-planet","11":"first","12":"outofstock","13":"sale","14":"shipping-taxable","15":"purchasable","16":"product-type-simple"},"_links":{"self":[{"href":"https:\/\/soydeaqui.ddns.net\/pachuca\/index.php\/wp-json\/wp\/v2\/product\/71494","targetHints":{"allow":["GET"]}}],"collection":[{"href":"https:\/\/soydeaqui.ddns.net\/pachuca\/index.php\/wp-json\/wp\/v2\/product"}],"about":[{"href":"https:\/\/soydeaqui.ddns.net\/pachuca\/index.php\/wp-json\/wp\/v2\/types\/product"}],"replies":[{"embeddable":true,"href":"https:\/\/soydeaqui.ddns.net\/pachuca\/index.php\/wp-json\/wp\/v2\/comments?post=71494"}],"wp:featuredmedia":[{"embeddable":true,"href":"https:\/\/soydeaqui.ddns.net\/pachuca\/index.php\/wp-json\/wp\/v2\/media\/71493"}],"wp:attachment":[{"href":"https:\/\/soydeaqui.ddns.net\/pachuca\/index.php\/wp-json\/wp\/v2\/media?parent=71494"}],"wp:term":[{"taxonomy":"product_brand","embeddable":true,"href":"https:\/\/soydeaqui.ddns.net\/pachuca\/index.php\/wp-json\/wp\/v2\/product_brand?post=71494"},{"taxonomy":"product_cat","embeddable":true,"href":"https:\/\/soydeaqui.ddns.net\/pachuca\/index.php\/wp-json\/wp\/v2\/product_cat?post=71494"},{"taxonomy":"product_tag","embeddable":true,"href":"https:\/\/soydeaqui.ddns.net\/pachuca\/index.php\/wp-json\/wp\/v2\/product_tag?post=71494"}],"curies":[{"name":"wp","href":"https:\/\/api.w.org\/{rel}","templated":true}]}}