{"id":71484,"date":"2026-03-19T12:06:53","date_gmt":"2026-03-19T12:06:53","guid":{"rendered":"https:\/\/soydeaqui.ddns.net\/pachuca\/index.php\/producto\/dispositivo-de-videoconferencia-hd-para-plataforma-ipvideotalk\/"},"modified":"2026-03-19T12:07:03","modified_gmt":"2026-03-19T12:07:03","slug":"dispositivo-de-videoconferencia-hd-para-plataforma-ipvideotalk","status":"publish","type":"product","link":"https:\/\/soydeaqui.ddns.net\/pachuca\/index.php\/producto\/dispositivo-de-videoconferencia-hd-para-plataforma-ipvideotalk\/","title":{"rendered":"Dispositivo de Videoconferencia HD para plataforma IPVideoTalk"},"content":{"rendered":"<div style='width: 100%; max-width: 1200px; margin: 0 auto; font-family: sans-serif; line-height: 1.6; color: inherit; background-color: transparent;'> <!-- Secci\u00f3n de contenido con flex\/grid --> <\/p>\n<div style='display: flex; flex-wrap: wrap; gap: 30px; margin-bottom: 30px;'>\n<div style='flex: 1 1 300px; min-width: 280px;'>\n<h3 style='font-size: 22px; border-bottom: 2px solid currentColor; padding-bottom: 5px; margin-top: 0; color: inherit; opacity: 0.8;'>Acerca de la GVC3212<\/h3>\n<hr style='border: 0; border-top: 2px solid #1056BC; width: 40px; margin: 15px 0;'>\n<p style='font-size: 15px; color: inherit; margin-bottom: 15px;'>El GVC3212 es un terminal de videoconferencia HD compacto y asequible&comma; ideal para trabajadores remotos y salas de conferencias peque\u00f1as. Este dispositivo se monta f\u00e1cilmente en cualquier monitor de TV y se integra a los planes de IPVideoTalk de Grandstream para tener reuniones a las que se puede unir en casi cualquier dispositivo&comma; incluidos m\u00f3viles&comma; PC y port\u00e1tiles. El GVC3212 proporciona calidad de video 1080p y viene equipado con micr\u00f3fonos duales con una distancia de captura de 3 metros y supresi\u00f3n de ruido de fondo. Incluye Wi-Fi para una f\u00e1cil conexi\u00f3n a la red y Miracast\/Airplay para compartir la pantalla de contenido de manera inal\u00e1mbrica y conveniente.<\/p>\n<\/p><\/div>\n<div style='flex: 1 1 300px; min-width: 280px;'>\n<h3 style='font-size: 22px; border-bottom: 2px solid currentColor; padding-bottom: 5px; margin-top: 0; color: inherit; opacity: 0.8;'>Caracter\u00edsticas Competitivas<\/h3>\n<hr style='border: 0; border-top: 2px solid #1056BC; width: 40px; margin: 15px 0;'>\n<ul style='padding-left: 20px; font-size: 15px; color: inherit;'>\n<li style='margin-bottom: 5px;'>C\u00e1mara avanzada con sensor CMOS&comma; 720p HD a 30 fps&comma; lente gran angular de 60 FOV<\/li>\n<li style='margin-bottom: 5px;'>Integraci\u00f3n con la plataforma de reuniones IPVideoTalk de Grandstream (requiere licencia <strong style='color: inherit;'>IPVTGVCADDONL1Y<\/strong>)<\/li>\n<li style='margin-bottom: 5px;'>Wi-Fi 802.11a \/ b \/ g \/ n \/ ac de doble banda integrado<\/li>\n<li style='margin-bottom: 5px;'>Micr\u00f3fono doble con una distancia de captaci\u00f3n de 3 metros y tecnolog\u00eda avanzada de cancelaci\u00f3n de eco ac\u00fastico y protecci\u00f3n contra el ruido<\/li>\n<li style='margin-bottom: 5px;'>Soporte ajustable incorporado para montaje en TV<\/li>\n<li style='margin-bottom: 5px;'>Soporte para compartir contenido por Miracast y AirPlay<\/li>\n<li style='margin-bottom: 5px;'>Puertos integrados 1x HDMI y 2x USB<\/li>\n<\/ul><\/div>\n<\/p><\/div>\n<p> <!-- Secci\u00f3n de posicionamiento y especificaciones --> <\/p>\n<div style='display: flex; flex-wrap: wrap; gap: 30px; margin-bottom: 30px;'>\n<div style='flex: 1 1 300px; min-width: 280px;'>\n<h3 style='font-size: 22px; border-bottom: 2px solid currentColor; padding-bottom: 5px; margin-top: 0; color: inherit; opacity: 0.8;'>Posicionamiento<\/h3>\n<hr style='border: 0; border-top: 2px solid #1056BC; width: 40px; margin: 15px 0;'>\n<p style='font-size: 15px; color: inherit; margin-bottom: 15px;'>El GVC3212 est\u00e1 dise\u00f1ado para dar acceso f\u00e1cilmente a IPVideoTalk a trabajadores remotos&comma; oficinas en el hogar&comma; espacios de trabajo peque\u00f1os&comma; soluciones de telesalud&comma; educaci\u00f3n remota y m\u00e1s. Este terminal de videoconferencia compacto&comma; f\u00e1cil de usar y de configurar&comma; ofrece una opci\u00f3n econ\u00f3mica sin sacrificar las funciones necesarias para mantener comunicaciones de video de alta calidad.<\/p>\n<\/p><\/div>\n<div style='flex: 1 1 300px; min-width: 280px;'>\n<h3 style='font-size: 22px; border-bottom: 2px solid currentColor; padding-bottom: 5px; margin-top: 0; color: inherit; opacity: 0.8;'>Especificaciones t\u00e9cnicas<\/h3>\n<hr style='border: 0; border-top: 2px solid #1056BC; width: 40px; margin: 15px 0;'>\n<div style='overflow-x: auto;'>\n<table style='width: 100%; border-collapse: collapse; font-size: 15px; color: inherit;'>\n<tbody>\n<tr>\n<td style='border: 1px solid rgba(150&comma;150&comma;150&comma;0.3); padding: 10px; vertical-align: top; font-weight: bold; width: 40%;'>Plataforma<\/td>\n<td style='border: 1px solid rgba(150&comma;150&comma;150&comma;0.3); padding: 10px; vertical-align: top;'>IPVideoTalk&comma; requiere licencia <strong style='color: inherit;'>IPVTGVCADDONL1Y<\/strong><\/td>\n<\/tr>\n<tr>\n<td style='border: 1px solid rgba(150&comma;150&comma;150&comma;0.3); padding: 10px; vertical-align: top; font-weight: bold;'>Interfaces de Red<\/td>\n<td style='border: 1px solid rgba(150&comma;150&comma;150&comma;0.3); padding: 10px; vertical-align: top;'>1 puerto Ethernet RJ45 de 10\/100 Mbps con detecci\u00f3n autom\u00e1tica<\/td>\n<\/tr>\n<tr>\n<td style='border: 1px solid rgba(150&comma;150&comma;150&comma;0.3); padding: 10px; vertical-align: top; font-weight: bold;'>Salida de Video<\/td>\n<td style='border: 1px solid rgba(150&comma;150&comma;150&comma;0.3); padding: 10px; vertical-align: top;'>1x HDMI 1.4 con soporte para visualizaci\u00f3n de video de hasta 1080p<\/td>\n<\/tr>\n<tr>\n<td style='border: 1px solid rgba(150&comma;150&comma;150&comma;0.3); padding: 10px; vertical-align: top; font-weight: bold;'>C\u00e1mara<\/td>\n<td style='border: 1px solid rgba(150&comma;150&comma;150&comma;0.3); padding: 10px; vertical-align: top;'>Sensor CMOS&comma; 720P a 30 fps<\/td>\n<\/tr>\n<tr>\n<td style='border: 1px solid rgba(150&comma;150&comma;150&comma;0.3); padding: 10px; vertical-align: top; font-weight: bold;'>Lente<\/td>\n<td style='border: 1px solid rgba(150&comma;150&comma;150&comma;0.3); padding: 10px; vertical-align: top;'>Gran angular de campo de visi\u00f3n de 60 \u00b0<\/td>\n<\/tr>\n<tr>\n<td style='border: 1px solid rgba(150&comma;150&comma;150&comma;0.3); padding: 10px; vertical-align: top; font-weight: bold;'>Control Remoto<\/td>\n<td style='border: 1px solid rgba(150&comma;150&comma;150&comma;0.3); padding: 10px; vertical-align: top;'>Control Remoto Infrarrojo incluido<\/td>\n<\/tr>\n<tr>\n<td style='border: 1px solid rgba(150&comma;150&comma;150&comma;0.3); padding: 10px; vertical-align: top; font-weight: bold;'>Wi-Fi<\/td>\n<td style='border: 1px solid rgba(150&comma;150&comma;150&comma;0.3); padding: 10px; vertical-align: top;'>Wi-Fi 802.11 a\/b\/g\/n\/ac de doble banda integrado<\/td>\n<\/tr>\n<tr>\n<td style='border: 1px solid rgba(150&comma;150&comma;150&comma;0.3); padding: 10px; vertical-align: top; font-weight: bold;'>Funciones de Conferencia<\/td>\n<td style='border: 1px solid rgba(150&comma;150&comma;150&comma;0.3); padding: 10px; vertical-align: top;'>Silencio&comma; grabaci\u00f3n de llamadas&comma; llamada en espera&comma; respuesta autom\u00e1tica&comma; plan de marcaci\u00f3n flexible&comma; tonos de llamada personalizados y m\u00fasica en espera&comma; redundancia del servidor y conmutaci\u00f3n por error<\/td>\n<\/tr>\n<\/tbody>\n<\/table><\/div>\n<\/p><\/div>\n<\/p><\/div>\n<p> <!-- Separador --> <\/p>\n<hr style='border: 0; border-top: 1px solid rgba(150&comma; 150&comma; 150&comma; 0.3); margin: 30px 0;'> <\/div>\n","protected":false},"excerpt":{"rendered":"<p>Dispositivo de Videoconferencia HD para plataforma IPVideoTalk<\/p>\n","protected":false},"featured_media":71483,"comment_status":"open","ping_status":"closed","template":"","meta":[],"product_brand":[],"product_cat":[2048],"product_tag":[2049,909,2004],"class_list":{"0":"post-71484","1":"product","2":"type-product","3":"status-publish","4":"has-post-thumbnail","6":"product_cat-audio-video-conferencia","7":"product_tag-audio-video-conferencia","8":"product_tag-grandstream","9":"product_tag-voip-telefonia-ip-videoconferencia","11":"first","12":"instock","13":"sale","14":"shipping-taxable","15":"purchasable","16":"product-type-simple"},"_links":{"self":[{"href":"https:\/\/soydeaqui.ddns.net\/pachuca\/index.php\/wp-json\/wp\/v2\/product\/71484","targetHints":{"allow":["GET"]}}],"collection":[{"href":"https:\/\/soydeaqui.ddns.net\/pachuca\/index.php\/wp-json\/wp\/v2\/product"}],"about":[{"href":"https:\/\/soydeaqui.ddns.net\/pachuca\/index.php\/wp-json\/wp\/v2\/types\/product"}],"replies":[{"embeddable":true,"href":"https:\/\/soydeaqui.ddns.net\/pachuca\/index.php\/wp-json\/wp\/v2\/comments?post=71484"}],"wp:featuredmedia":[{"embeddable":true,"href":"https:\/\/soydeaqui.ddns.net\/pachuca\/index.php\/wp-json\/wp\/v2\/media\/71483"}],"wp:attachment":[{"href":"https:\/\/soydeaqui.ddns.net\/pachuca\/index.php\/wp-json\/wp\/v2\/media?parent=71484"}],"wp:term":[{"taxonomy":"product_brand","embeddable":true,"href":"https:\/\/soydeaqui.ddns.net\/pachuca\/index.php\/wp-json\/wp\/v2\/product_brand?post=71484"},{"taxonomy":"product_cat","embeddable":true,"href":"https:\/\/soydeaqui.ddns.net\/pachuca\/index.php\/wp-json\/wp\/v2\/product_cat?post=71484"},{"taxonomy":"product_tag","embeddable":true,"href":"https:\/\/soydeaqui.ddns.net\/pachuca\/index.php\/wp-json\/wp\/v2\/product_tag?post=71484"}],"curies":[{"name":"wp","href":"https:\/\/api.w.org\/{rel}","templated":true}]}}