{"id":71482,"date":"2026-03-19T12:06:50","date_gmt":"2026-03-19T12:06:50","guid":{"rendered":"https:\/\/soydeaqui.ddns.net\/pachuca\/index.php\/producto\/crs312-4c8xg-rm-cloud-router-switch-8-puertos-10g-rj45-4-compartidos-rj45-sfp\/"},"modified":"2026-03-19T12:06:51","modified_gmt":"2026-03-19T12:06:51","slug":"crs312-4c8xg-rm-cloud-router-switch-8-puertos-10g-rj45-4-compartidos-rj45-sfp","status":"publish","type":"product","link":"https:\/\/soydeaqui.ddns.net\/pachuca\/index.php\/producto\/crs312-4c8xg-rm-cloud-router-switch-8-puertos-10g-rj45-4-compartidos-rj45-sfp\/","title":{"rendered":"(CRS312-4C+8XG-RM) Cloud Router Switch 8 Puertos 10G RJ45, 4 compartidos RJ45\/SFP+"},"content":{"rendered":"<div style='width: 100%; max-width: 1200px; margin: 0 auto; font-family: sans-serif; line-height: 1.6; color: inherit; background-color: transparent;'> <!-- Descripci\u00f3n principal --> <\/p>\n<div style='margin-bottom: 30px;'>\n<p style='font-size: 15px; margin-bottom: 15px; color: inherit;'> Elimine el cuello de botella de la configuraci\u00f3n de su red: es hora de actualizar ese conmutador de 1 Gigabit a algo realmente poderoso y disfrutar de una velocidad real. Presentamos CRS312-4C+8XG-RM: nuestro primer producto con puertos Ethernet 10G RJ45. Adem\u00e1s&comma; tambi\u00e9n tiene 4 puertos combinados de 10G: \u00faselos para 10G RJ45 Ethernet o 10G SFP +&comma; cuando necesite una conexi\u00f3n de fibra adicional. Los puertos combinados se pueden usar junto con los 8 puertos Ethernet 10G RJ45 regulares en todo momento. Estos puertos tambi\u00e9n pueden seleccionarse por software&comma; por lo que puede usar la secuencia de comandos RouterOS para decidir qu\u00e9 puertos combinados estar\u00e1n activos. <\/p>\n<p style='font-size: 15px; margin-bottom: 15px; color: inherit;'> Este dispositivo es una soluci\u00f3n pr\u00e1ctica para aquellos que trabajan con grandes archivos de datos y necesitan una conexi\u00f3n r\u00e1pida y capaz 24\/7: producci\u00f3n multimedia&comma; investigaci\u00f3n cient\u00edfica&comma; desarrollo de juegos&comma; an\u00e1lisis de big data&comma; etc. CRS312-4C+8XG-RM tiene una fuente de alimentaci\u00f3n dual para redundancia&comma; sin tiempo de inactividad inesperado cuando se acerca la fecha l\u00edmite. Tiene un USB de tama\u00f1o completo&comma; un puerto de consola para la configuraci\u00f3n y una carcasa de montaje en rack de 1U&comma; se adapta a todos los bastidores est\u00e1ndar. <\/p>\n<p style='font-size: 15px; margin-bottom: 15px; color: inherit;'> Puede elegir entre nuestro legendario RouterOS repleto de funciones para el arranque o un SwOS m\u00e1s simple pero potente. Si desea la capacidad de usar enrutamiento y otras funciones de Capa 3 en su CRS&comma; use RouterOS. <\/p>\n<p style='font-size: 15px; margin-bottom: 15px; color: inherit;'> Este conmutador tiene un gran rendimiento total sin bloqueo de 120 Gbps&comma; capacidad de conmutaci\u00f3n de 240 Gbps y velocidad de reenv\u00edo de 178 Mpps. CRS312-4C+8XG-RM: dise\u00f1ado para profesionales&comma; ideal para todos. <\/p>\n<\/p><\/div>\n<p> <!-- Secci\u00f3n de especificaciones --> <\/p>\n<div style='display: flex; flex-wrap: wrap; gap: 30px; margin-bottom: 30px;'>\n<div style='flex: 1 1 300px; min-width: 280px;'>\n<h3 style='font-size: 22px; border-bottom: 2px solid currentColor; padding-bottom: 5px; margin-top: 0; color: inherit; opacity: 0.8;'>Especificaciones<\/h3>\n<ul style='padding-left: 20px; font-size: 15px; color: inherit;'>\n<li style='margin-bottom: 5px;'><strong>C\u00f3digo de producto:<\/strong> CRS312-4C+8XG-RM<\/li>\n<li style='margin-bottom: 5px;'><strong>Arquitectura:<\/strong> MIPSBE<\/li>\n<li style='margin-bottom: 5px;'><strong>CPU:<\/strong> QCA9531<\/li>\n<li style='margin-bottom: 5px;'><strong>Recuento de n\u00facleos de CPU:<\/strong> 1<\/li>\n<li style='margin-bottom: 5px;'><strong>Frecuencia nominal de la CPU:<\/strong> 650 MHz<\/li>\n<li style='margin-bottom: 15px;'><strong>Dimensiones:<\/strong> 443 x 183 x 44 mm<\/li>\n<li style='margin-bottom: 5px;'><strong>Nivel de licencia:<\/strong> 5<\/li>\n<li style='margin-bottom: 5px;'><strong>Sistema operativo:<\/strong> RouterOS \/ SwitchOS<\/li>\n<li style='margin-bottom: 5px;'><strong>Tama\u00f1o de RAM:<\/strong> 64 MB<\/li>\n<li style='margin-bottom: 5px;'><strong>Tama\u00f1o de almacenamiento:<\/strong> 16 MB<\/li>\n<li style='margin-bottom: 5px;'><strong>Tipo de almacenamiento:<\/strong> FLASH<\/li>\n<li style='margin-bottom: 5px;'><strong>Temperatura ambiente probada:<\/strong> -30 \u00b0C a 70 \u00b0C<\/li>\n<\/ul><\/div>\n<div style='flex: 1 1 300px; min-width: 280px;'>\n<h3 style='font-size: 22px; border-bottom: 2px solid currentColor; padding-bottom: 5px; margin-top: 0; color: inherit; opacity: 0.8;'>Alimentaci\u00f3n<\/h3>\n<ul style='padding-left: 20px; font-size: 15px; color: inherit;'>\n<li style='margin-bottom: 5px;'><strong>Cantidad de entradas de CA:<\/strong> 2<\/li>\n<li style='margin-bottom: 5px;'><strong>Rango de entrada de CA:<\/strong> 100-240<\/li>\n<li style='margin-bottom: 5px;'><strong>Consumo m\u00e1ximo de energ\u00eda:<\/strong> 60 W<\/li>\n<\/ul>\n<h3 style='font-size: 22px; border-bottom: 2px solid currentColor; padding-bottom: 5px; margin-top: 20px; margin-bottom: 15px; color: inherit; opacity: 0.8;'>Ethernet<\/h3>\n<ul style='padding-left: 20px; font-size: 15px; color: inherit;'>\n<li style='margin-bottom: 5px;'><strong>Puertos Ethernet 10\/100:<\/strong> 1<\/li>\n<li style='margin-bottom: 5px;'><strong>N\u00famero de puertos Combo 10G Ethernet \/ SFP:<\/strong> 4<\/li>\n<li style='margin-bottom: 5px;'><strong>N\u00famero de puertos Ethernet 1G \/ 2.5G \/ 5G \/ 10G:<\/strong> 8<\/li>\n<\/ul>\n<h3 style='font-size: 22px; border-bottom: 2px solid currentColor; padding-bottom: 5px; margin-top: 20px; margin-bottom: 15px; color: inherit; opacity: 0.8;'>Perif\u00e9ricos<\/h3>\n<ul style='padding-left: 20px; font-size: 15px; color: inherit;'>\n<li style='margin-bottom: 5px;'><strong>Puerto serial:<\/strong> RJ45<\/li>\n<li style='margin-bottom: 5px;'><strong>Cantidad de puertos USB:<\/strong> 1<\/li>\n<li style='margin-bottom: 5px;'><strong>Restablecimiento de energ\u00eda USB:<\/strong> S\u00ed<\/li>\n<li style='margin-bottom: 5px;'><strong>Tipo de ranura USB:<\/strong> USB tipo A<\/li>\n<li style='margin-bottom: 5px;'><strong>Corriente m\u00e1xima USB (A):<\/strong> 1<\/li>\n<\/ul>\n<h3 style='font-size: 22px; border-bottom: 2px solid currentColor; padding-bottom: 5px; margin-top: 20px; margin-bottom: 15px; color: inherit; opacity: 0.8;'>Otro<\/h3>\n<ul style='padding-left: 20px; font-size: 15px; color: inherit;'>\n<li style='margin-bottom: 5px;'><strong>Monitor de temperatura de la CPU:<\/strong> S\u00ed<\/li>\n<li style='margin-bottom: 5px;'><strong>Monitor de voltaje:<\/strong> S\u00ed<\/li>\n<\/ul>\n<h3 style='font-size: 22px; border-bottom: 2px solid currentColor; padding-bottom: 5px; margin-top: 20px; margin-bottom: 15px; color: inherit; opacity: 0.8;'>Certificaciones y aprobaciones<\/h3>\n<ul style='padding-left: 20px; font-size: 15px; color: inherit;'>\n<li style='margin-bottom: 5px;'><strong>Certificaci\u00f3n:<\/strong> CE \/ RED&comma; EAC&comma; ROHS<\/li>\n<\/ul><\/div>\n<\/p><\/div>\n<p> <!-- Partes incluidas --> <\/p>\n<div style='margin-bottom: 30px;'>\n<h3 style='font-size: 22px; border-bottom: 2px solid currentColor; padding-bottom: 5px; margin-top: 0; color: inherit; opacity: 0.8;'>Partes incluidas<\/h3>\n<div style='display: grid; grid-template-columns: repeat(auto-fill&comma; minmax(140px&comma; 1fr)); gap: 20px; margin-top: 20px;'>\n<div style='text-align: center;'> <a href='https:\/\/i.mt.lv\/cdn\/rb_images\/part741522226845m.jpg' style='color: inherit; text-decoration: none;'> <img style='width: 100%; max-width: 80px; height: auto; border: 1px solid rgba(150&comma;150&comma;150&comma;0.3); border-radius: 8px; margin-bottom: 5px;' src='https:\/\/i.mt.lv\/cdn\/rb_images\/part741522226845s.jpg' alt='2x cables IEC'> <span style='font-size: 14px; color: inherit;'>2x cables IEC<\/span> <\/a> <\/div>\n<div style='text-align: center;'> <a href='https:\/\/i.mt.lv\/cdn\/rb_images\/part381398168452m.jpg' style='color: inherit; text-decoration: none;'> <img style='width: 100%; max-width: 80px; height: auto; border: 1px solid rgba(150&comma;150&comma;150&comma;0.3); border-radius: 8px; margin-bottom: 5px;' src='https:\/\/i.mt.lv\/cdn\/rb_images\/part381398168452s.jpg' alt='Orejas de estante'> <span style='font-size: 14px; color: inherit;'>Orejas de estante<\/span> <\/a> <\/div>\n<div style='text-align: center;'> <a href='https:\/\/i.mt.lv\/cdn\/rb_images\/part831563178923m.jpg' style='color: inherit; text-decoration: none;'> <img style='width: 100%; max-width: 80px; height: auto; border: 1px solid rgba(150&comma;150&comma;150&comma;0.3); border-radius: 8px; margin-bottom: 5px;' src='https:\/\/i.mt.lv\/cdn\/rb_images\/part831563178923s.jpg' alt='K-57 kit'> <span style='font-size: 14px; color: inherit;'>K-57 kit<\/span> <\/a> <\/div>\n<\/p><\/div>\n<\/p><\/div>\n<p> <!-- Separador --> <\/p>\n<hr style='border: 0; border-top: 1px solid rgba(150&comma; 150&comma; 150&comma; 0.3); margin: 30px 0;'> <\/div>\n","protected":false},"excerpt":{"rendered":"<p>(CRS312-4C+8XG-RM) Cloud Router Switch 8 Puertos 10G RJ45, 4 compartidos RJ45\/SFP+<\/p>\n","protected":false},"featured_media":71481,"comment_status":"open","ping_status":"closed","template":"","meta":[],"product_brand":[],"product_cat":[1970],"product_tag":[643,664,1971],"class_list":{"0":"post-71482","1":"product","2":"type-product","3":"status-publish","4":"has-post-thumbnail","6":"product_cat-switches","7":"product_tag-mikrotik","8":"product_tag-networking","9":"product_tag-switches","11":"first","12":"instock","13":"sale","14":"shipping-taxable","15":"purchasable","16":"product-type-simple"},"_links":{"self":[{"href":"https:\/\/soydeaqui.ddns.net\/pachuca\/index.php\/wp-json\/wp\/v2\/product\/71482","targetHints":{"allow":["GET"]}}],"collection":[{"href":"https:\/\/soydeaqui.ddns.net\/pachuca\/index.php\/wp-json\/wp\/v2\/product"}],"about":[{"href":"https:\/\/soydeaqui.ddns.net\/pachuca\/index.php\/wp-json\/wp\/v2\/types\/product"}],"replies":[{"embeddable":true,"href":"https:\/\/soydeaqui.ddns.net\/pachuca\/index.php\/wp-json\/wp\/v2\/comments?post=71482"}],"wp:featuredmedia":[{"embeddable":true,"href":"https:\/\/soydeaqui.ddns.net\/pachuca\/index.php\/wp-json\/wp\/v2\/media\/71481"}],"wp:attachment":[{"href":"https:\/\/soydeaqui.ddns.net\/pachuca\/index.php\/wp-json\/wp\/v2\/media?parent=71482"}],"wp:term":[{"taxonomy":"product_brand","embeddable":true,"href":"https:\/\/soydeaqui.ddns.net\/pachuca\/index.php\/wp-json\/wp\/v2\/product_brand?post=71482"},{"taxonomy":"product_cat","embeddable":true,"href":"https:\/\/soydeaqui.ddns.net\/pachuca\/index.php\/wp-json\/wp\/v2\/product_cat?post=71482"},{"taxonomy":"product_tag","embeddable":true,"href":"https:\/\/soydeaqui.ddns.net\/pachuca\/index.php\/wp-json\/wp\/v2\/product_tag?post=71482"}],"curies":[{"name":"wp","href":"https:\/\/api.w.org\/{rel}","templated":true}]}}