{"id":71474,"date":"2026-03-19T12:06:33","date_gmt":"2026-03-19T12:06:33","guid":{"rendered":"https:\/\/soydeaqui.ddns.net\/pachuca\/index.php\/producto\/switch-administrable-capa-3-12-puertos-sfp-de-10g-8-puertos-10-100-1000t-con-alimentacion-redundante-2-fuentes-de-alimentacion-ac\/"},"modified":"2026-03-19T12:06:42","modified_gmt":"2026-03-19T12:06:42","slug":"switch-administrable-capa-3-12-puertos-sfp-de-10g-8-puertos-10-100-1000t-con-alimentacion-redundante-2-fuentes-de-alimentacion-ac","status":"publish","type":"product","link":"https:\/\/soydeaqui.ddns.net\/pachuca\/index.php\/producto\/switch-administrable-capa-3-12-puertos-sfp-de-10g-8-puertos-10-100-1000t-con-alimentacion-redundante-2-fuentes-de-alimentacion-ac\/","title":{"rendered":"Switch Administrable Capa 3, 12 Puertos SFP de 10G, 8 Puertos 10\/100\/1000T, Con Alimentaci\u00f3n Redundante (2 Fuentes de Alimentaci\u00f3n AC)."},"content":{"rendered":"<div style='width: 100%; max-width: 1200px; margin: 0 auto; font-family: sans-serif; line-height: 1.6; color: inherit; background-color: transparent;'> <!-- Secci\u00f3n de iconos --> <\/p>\n<div style='display: flex; flex-wrap: wrap; justify-content: center; gap: 15px; margin-bottom: 30px;'> <img style='width: 40px; height: auto; border: 1px solid rgba(150&comma;150&comma;150&comma;0.3); border-radius: 8px;' src='https:\/\/www.planet.com.tw\/storage\/icons\/3icon_L3_RIP_Routing.png' alt='Enrutamiento RIP L3'> <img style='width: 40px; height: auto; border: 1px solid rgba(150&comma;150&comma;150&comma;0.3); border-radius: 8px;' src='https:\/\/www.planet.com.tw\/storage\/icons\/4icon_L3_OSPF_Routing.png' alt='Enrutamiento OSPF L3'> <img style='width: 40px; height: auto; border: 1px solid rgba(150&comma;150&comma;150&comma;0.3); border-radius: 8px;' src='https:\/\/www.planet.com.tw\/storage\/icons\/3icon_Redundant_Power.png' alt='Energ\u00eda redundante'> <img style='width: 40px; height: auto; border: 1px solid rgba(150&comma;150&comma;150&comma;0.3); border-radius: 8px;' src='https:\/\/www.planet.com.tw\/storage\/icons\/0icon_snmp.png' alt='SNMP'> <img style='width: 40px; height: auto; border: 1px solid rgba(150&comma;150&comma;150&comma;0.3); border-radius: 8px;' src='https:\/\/www.planet.com.tw\/storage\/icons\/1icon_IPv6-Management.png' alt='Administraci\u00f3n de IPv6'> <img style='width: 40px; height: auto; border: 1px solid rgba(150&comma;150&comma;150&comma;0.3); border-radius: 8px;' src='https:\/\/www.planet.com.tw\/storage\/icons\/3icon_10Gbps_SFP+.png' alt='SFP+ de 10 Gbps'> <\/div>\n<p> <!-- Secci\u00f3n de descripci\u00f3n --> <\/p>\n<div style='margin-bottom: 30px;'>\n<h3 style='font-size: 22px; border-bottom: 2px solid currentColor; padding-bottom: 5px; margin-top: 0; color: inherit; opacity: 0.8; text-align: center;'>Potente soluci\u00f3n de 10 Gbps para todas las redes de largo alcance<\/h3>\n<p style='font-size: 15px; color: inherit; text-align: center; margin-top: 15px; margin-bottom: 15px;'> PLANET XGS-6350-12X8TR es un conmutador Gigabit gestionado de capa 3 que proporciona un rendimiento de alta densidad por su enrutamiento de 10 Gigabit de capa 3 con 12 interfaces de fibra SFP + y 8 interfaces Gigabit entregadas en un estuche resistente. El administrador puede elegir de manera flexible el transceptor SFP \/ SFP + adecuado de acuerdo con la distancia de transmisi\u00f3n o la velocidad de transmisi\u00f3n requerida para extender la red 10G de manera eficiente. Adem\u00e1s&comma; con una estructura de conmutaci\u00f3n de 256 Gbps&comma; el XGS-6350-12X8TR puede manejar cantidades extremadamente grandes de datos en una topolog\u00eda segura que se vincula a backbone o servidores de alta capacidad para empresas&comma; centros de datos&comma; campus&comma; etc.&comma; donde aplicaciones de VoIP&comma; transmisi\u00f3n de video y multidifusi\u00f3n son utilizados. <\/p>\n<\/p><\/div>\n<p> <!-- Secci\u00f3n de imagen principal --> <\/p>\n<div style='margin-bottom: 30px; text-align: center;'> <img style='width: 100%; max-width: 800px; height: auto; border: 1px solid rgba(150&comma;150&comma;150&comma;0.3); border-radius: 8px;' src='https:\/\/www.planet.com.tw\/storage\/products\/49082\/edm_XGS-6350-12X8TR_L.jpg' alt=''> <\/div>\n<p> <!-- Secci\u00f3n de alimentaci\u00f3n redundante --> <\/p>\n<div style='margin-bottom: 30px; text-align: center;'>\n<h3 style='font-size: 22px; border-bottom: 2px solid currentColor; padding-bottom: 5px; margin-top: 0; color: inherit; opacity: 0.8; text-align: center;'>Alimentaci\u00f3n redundante de CA dual para garantizar un funcionamiento continuo<\/h3>\n<p style='font-size: 15px; color: inherit; text-align: center; margin-top: 15px; margin-bottom: 15px;'> El XGS-6350-12X8TR est\u00e1 equipado con dos unidades de fuente de alimentaci\u00f3n de CA de 100 ~ 240 V para una instalaci\u00f3n de fuente de alimentaci\u00f3n redundante. Tambi\u00e9n se proporciona un sistema de alimentaci\u00f3n redundante para mejorar la fiabilidad con las unidades de fuente de alimentaci\u00f3n de CA dual. El sistema de energ\u00eda redundante est\u00e1 espec\u00edficamente dise\u00f1ado para manejar las demandas de las instalaciones de alta tecnolog\u00eda que requieren la m\u00e1s alta integridad de energ\u00eda. <\/p>\n<\/p><\/div>\n<p> <!-- Secci\u00f3n de im\u00e1genes del panel frontal y trasero --> <\/p>\n<div style='display: flex; flex-wrap: wrap; gap: 20px; margin-bottom: 30px; justify-content: center;'>\n<div style='flex: 1 1 300px; min-width: 250px;'> <img style='width: 100%; height: auto; border: 1px solid rgba(150&comma;150&comma;150&comma;0.3); border-radius: 8px;' src='https:\/\/www.planet.com.tw\/storage\/products\/49082\/XGS-6350-12X8TR_Front-Panel-Introducton_L.png' alt='Panel frontal'> <\/div>\n<div style='flex: 1 1 300px; min-width: 250px;'> <img style='width: 100%; height: auto; border: 1px solid rgba(150&comma;150&comma;150&comma;0.3); border-radius: 8px;' src='https:\/\/www.planet.com.tw\/storage\/products\/49082\/XGS-6350-12X8TR_Rear-Panel-Introducton_L.png' alt='Panel trasero'> <\/div>\n<\/p><\/div>\n<p> <!-- \u00daltima imagen --> <\/p>\n<div style='margin-bottom: 30px; text-align: center;'> <img style='width: 100%; max-width: 800px; height: auto; border: 1px solid rgba(150&comma;150&comma;150&comma;0.3); border-radius: 8px;' src='https:\/\/www.planet.com.tw\/storage\/products\/49082\/XGS-6350-12X8TR-5_L.png' alt=''> <\/div>\n<\/p><\/div>\n","protected":false},"excerpt":{"rendered":"<p>Switch Administrable Capa 3, 12 Puertos SFP de 10G, 8 Puertos 10\/100\/1000T, Con Alimentaci\u00f3n Redundante (2 Fuentes de Alimentaci\u00f3n AC).<\/p>\n","protected":false},"featured_media":71473,"comment_status":"open","ping_status":"closed","template":"","meta":[],"product_brand":[],"product_cat":[1970],"product_tag":[664,2033,1971],"class_list":{"0":"post-71474","1":"product","2":"type-product","3":"status-publish","4":"has-post-thumbnail","6":"product_cat-switches","7":"product_tag-networking","8":"product_tag-planet","9":"product_tag-switches","11":"first","12":"instock","13":"sale","14":"shipping-taxable","15":"purchasable","16":"product-type-simple"},"_links":{"self":[{"href":"https:\/\/soydeaqui.ddns.net\/pachuca\/index.php\/wp-json\/wp\/v2\/product\/71474","targetHints":{"allow":["GET"]}}],"collection":[{"href":"https:\/\/soydeaqui.ddns.net\/pachuca\/index.php\/wp-json\/wp\/v2\/product"}],"about":[{"href":"https:\/\/soydeaqui.ddns.net\/pachuca\/index.php\/wp-json\/wp\/v2\/types\/product"}],"replies":[{"embeddable":true,"href":"https:\/\/soydeaqui.ddns.net\/pachuca\/index.php\/wp-json\/wp\/v2\/comments?post=71474"}],"wp:featuredmedia":[{"embeddable":true,"href":"https:\/\/soydeaqui.ddns.net\/pachuca\/index.php\/wp-json\/wp\/v2\/media\/71473"}],"wp:attachment":[{"href":"https:\/\/soydeaqui.ddns.net\/pachuca\/index.php\/wp-json\/wp\/v2\/media?parent=71474"}],"wp:term":[{"taxonomy":"product_brand","embeddable":true,"href":"https:\/\/soydeaqui.ddns.net\/pachuca\/index.php\/wp-json\/wp\/v2\/product_brand?post=71474"},{"taxonomy":"product_cat","embeddable":true,"href":"https:\/\/soydeaqui.ddns.net\/pachuca\/index.php\/wp-json\/wp\/v2\/product_cat?post=71474"},{"taxonomy":"product_tag","embeddable":true,"href":"https:\/\/soydeaqui.ddns.net\/pachuca\/index.php\/wp-json\/wp\/v2\/product_tag?post=71474"}],"curies":[{"name":"wp","href":"https:\/\/api.w.org\/{rel}","templated":true}]}}