{"id":7147,"date":"2026-03-18T06:52:27","date_gmt":"2026-03-18T06:52:27","guid":{"rendered":"https:\/\/soydeaqui.ddns.net\/pachuca\/index.php\/producto\/detector-inalambrico-de-humo-calor-linea-force\/"},"modified":"2026-03-18T06:52:29","modified_gmt":"2026-03-18T06:52:29","slug":"detector-inalambrico-de-humo-calor-linea-force","status":"publish","type":"product","link":"https:\/\/soydeaqui.ddns.net\/pachuca\/index.php\/producto\/detector-inalambrico-de-humo-calor-linea-force\/","title":{"rendered":"DETECTOR INALAMBRICO DE HUMO\/CALOR LINEA FORCE"},"content":{"rendered":"<div style='width: 100%; max-width: 1200px; margin: 0 auto; font-family: sans-serif; line-height: 1.6; color: inherit; background-color: transparent;'> <!-- Imagen principal --> <\/p>\n<div style='margin-bottom: 30px;'> <a href='https:\/\/www.syscom.mx\/principal\/consultarproductosazul?global_search=cfh500&#038;ordenar=Relevancia&#038;pag=1' target='_blank' rel='noopener' style='text-decoration: none; color: inherit;'> <img style='width: 100%; height: auto; border: 1px solid rgba(150&comma;150&comma;150&comma;0.3); border-radius: 8px;' src='http:\/\/ftp3.syscom.mx\/usuarios\/yhermosillo\/PIMA\/Cloud_PIMA.png' alt=''> <\/a> <\/div>\n<p> <!-- Descripci\u00f3n general --> <\/p>\n<div style='margin-bottom: 30px;'>\n<h3 style='font-size: 22px; border-bottom: 2px solid currentColor; padding-bottom: 5px; margin-top: 0; color: inherit; opacity: 0.8;'>Caracter\u00edsticas Principales<\/h3>\n<p style='font-size: 15px; color: inherit;'>El DSH es un detector inal\u00e1mbrico dual de Humo\/Temperatura con tecnolog\u00eda FastLink&comma; dise\u00f1ado para los sistemas de alarma de PIMA. La comunicaci\u00f3n FastLink es encriptada utilizando un cifrado AES de 128 bits para brindar un alto nivel de seguridad.<\/p>\n<p style='font-size: 15px; color: inherit;'><strong>Para usar el detector DSH se requiere la previa instalaci\u00f3n de un expansor inal\u00e1mbrico.<\/strong><\/p>\n<p style='font-size: 15px; color: inherit;'>El detector fotoel\u00e9ctrico de humo est\u00e1 dise\u00f1ado para detectar cualquier acumulaci\u00f3n de humo en hogares y oficinas&comma; hacer sonar una alarma y reportar por v\u00eda inal\u00e1mbrica al panel de control.<\/p>\n<p style='font-size: 15px; color: inherit;'>El DSH monitorea continuamente el aire circundante y avisa antes de que existan niveles de humo potencialmente peligrosos.<\/p>\n<p style='font-size: 15px; color: inherit;'>El sensor de temperatura est\u00e1 dise\u00f1ado para advertir con anticipaci\u00f3n la existencia de un incendio creciente y para proporcionar un tiempo valioso para escapar antes de que se propague el fuego.<\/p>\n<p style='font-size: 15px; color: inherit;'>El DSH se basa en el detector MD368SHB1 de Everday. Para informaci\u00f3n como registrar (enrolar) el dispositivo&comma; consulte la gu\u00eda de instalaci\u00f3n del sistema de alarma.<\/p>\n<\/p><\/div>\n<p> <!-- Especificaciones t\u00e9cnicas --> <\/p>\n<div style='margin-bottom: 30px;'>\n<h3 style='font-size: 22px; border-bottom: 2px solid currentColor; padding-bottom: 5px; margin-top: 0; color: inherit; opacity: 0.8;'>Especificaciones t\u00e9cnicas<\/h3>\n<ul style='padding-left: 20px; font-size: 15px; color: inherit;'>\n<li style='margin-bottom: 5px;'>Frecuencias (MHz):<\/li>\n<li style='margin-bottom: 5px;'>DSH 143: 433.92<\/li>\n<li style='margin-bottom: 5px;'>DSH 187: 868.95<\/li>\n<li style='margin-bottom: 5px;'>Bater\u00eda: 1X 3VDC&comma; Panasonic CR123A\/ Duracell DL123A (o cualquier bater\u00eda compatible)&comma; Litio.<\/li>\n<li style='margin-bottom: 5px;'>Duraci\u00f3n estimada de la bater\u00eda: Hasta 1 A\u00f1o<\/li>\n<li style='margin-bottom: 5px;'>Consumo de corriente en reposo: 25uA<\/li>\n<li style='margin-bottom: 5px;'>Consumo de corriente en alarma: 60mA (m\u00e1x.)<\/li>\n<li style='margin-bottom: 5px;'>Dimensiones: 12 X 5.75 cm<\/li>\n<li style='margin-bottom: 5px;'>Peso: 200gr<\/li>\n<li style='margin-bottom: 5px;'>Nivel de sonido: 85dB\/3M<\/li>\n<li style='margin-bottom: 5px;'>Rango de sensibilidad:<\/li>\n<li style='margin-bottom: 5px;'>EN14604: 0.105dB\/m ~0.165dB\/m<\/li>\n<li style='margin-bottom: 5px;'>UL217\/268: 1.8%\/ft~3.5%\/ft<\/li>\n<li style='margin-bottom: 5px;'>Rango de temperatura:<\/li>\n<li style='margin-bottom: 5px;'>EN54-5: 1\u00b0C \/min en 29 (l\u00edmite inferior) \/ 46 (l\u00edmite superior)<\/li>\n<li style='margin-bottom: 5px;'>UL539: 53.3\u00b0C (m\u00edn.) \/ 73.9\u00b0C (m\u00e1x.)<\/li>\n<li style='margin-bottom: 5px;'>Cumple con la normativa CE<\/li>\n<li style='margin-bottom: 5px;'>Temperatura de operaci\u00f3n: -10 a +50 \u00b0C<\/li>\n<li style='margin-bottom: 5px;'>Humedad (M\u00e1x.): Hasta 90% R.H.&comma; sin condensaci\u00f3n.<\/li>\n<\/ul><\/div>\n<p> <!-- Contenido del paquete --> <\/p>\n<div style='margin-bottom: 30px;'>\n<h3 style='font-size: 22px; border-bottom: 2px solid currentColor; padding-bottom: 5px; margin-top: 0; color: inherit; opacity: 0.8;'>Contenido del paquete<\/h3>\n<ul style='padding-left: 20px; font-size: 15px; color: inherit;'>\n<li style='margin-bottom: 5px;'>Detector DSH<\/li>\n<li style='margin-bottom: 5px;'>Bater\u00eda<\/li>\n<li style='margin-bottom: 5px;'>Tonillos y cintas de montaje<\/li>\n<li style='margin-bottom: 5px;'>Esta gu\u00eda<\/li>\n<\/ul><\/div>\n<p> <!-- Imagen secundaria --> <\/p>\n<div style='margin-bottom: 30px;'> <img style='width: 100%; height: auto; border: 1px solid rgba(150&comma;150&comma;150&comma;0.3); border-radius: 8px;' src='http:\/\/ftp3.syscom.mx\/usuarios\/yhermosillo\/PIMA\/Nuevo_force_panel.jpg' alt=''> <\/div>\n<\/p><\/div>\n","protected":false},"excerpt":{"rendered":"<p>DETECTOR INALAMBRICO DE HUMO\/CALOR LINEA FORCE<\/p>\n","protected":false},"featured_media":7146,"comment_status":"open","ping_status":"closed","template":"","meta":[],"product_brand":[],"product_cat":[64],"product_tag":[19,65,496],"class_list":{"0":"post-7147","1":"product","2":"type-product","3":"status-publish","4":"has-post-thumbnail","6":"product_cat-humo-inalambricos","7":"product_tag-detectores-sensores","8":"product_tag-humo-inalambricos","9":"product_tag-pima","11":"first","12":"outofstock","13":"sale","14":"shipping-taxable","15":"purchasable","16":"product-type-simple"},"_links":{"self":[{"href":"https:\/\/soydeaqui.ddns.net\/pachuca\/index.php\/wp-json\/wp\/v2\/product\/7147","targetHints":{"allow":["GET"]}}],"collection":[{"href":"https:\/\/soydeaqui.ddns.net\/pachuca\/index.php\/wp-json\/wp\/v2\/product"}],"about":[{"href":"https:\/\/soydeaqui.ddns.net\/pachuca\/index.php\/wp-json\/wp\/v2\/types\/product"}],"replies":[{"embeddable":true,"href":"https:\/\/soydeaqui.ddns.net\/pachuca\/index.php\/wp-json\/wp\/v2\/comments?post=7147"}],"wp:featuredmedia":[{"embeddable":true,"href":"https:\/\/soydeaqui.ddns.net\/pachuca\/index.php\/wp-json\/wp\/v2\/media\/7146"}],"wp:attachment":[{"href":"https:\/\/soydeaqui.ddns.net\/pachuca\/index.php\/wp-json\/wp\/v2\/media?parent=7147"}],"wp:term":[{"taxonomy":"product_brand","embeddable":true,"href":"https:\/\/soydeaqui.ddns.net\/pachuca\/index.php\/wp-json\/wp\/v2\/product_brand?post=7147"},{"taxonomy":"product_cat","embeddable":true,"href":"https:\/\/soydeaqui.ddns.net\/pachuca\/index.php\/wp-json\/wp\/v2\/product_cat?post=7147"},{"taxonomy":"product_tag","embeddable":true,"href":"https:\/\/soydeaqui.ddns.net\/pachuca\/index.php\/wp-json\/wp\/v2\/product_tag?post=7147"}],"curies":[{"name":"wp","href":"https:\/\/api.w.org\/{rel}","templated":true}]}}