{"id":71469,"date":"2026-03-19T12:06:21","date_gmt":"2026-03-19T12:06:21","guid":{"rendered":"https:\/\/soydeaqui.ddns.net\/pachuca\/index.php\/producto\/kit-de-sistema-inalambrico-halo-s3-mesh-para-hogar-2-4ghz-n-doble-puerto-10-100mbps-conexion-de-hasta-40-dispositivos\/"},"modified":"2026-03-19T12:06:30","modified_gmt":"2026-03-19T12:06:30","slug":"kit-de-sistema-inalambrico-halo-s3-mesh-para-hogar-2-4ghz-n-doble-puerto-10-100mbps-conexion-de-hasta-40-dispositivos","status":"publish","type":"product","link":"https:\/\/soydeaqui.ddns.net\/pachuca\/index.php\/producto\/kit-de-sistema-inalambrico-halo-s3-mesh-para-hogar-2-4ghz-n-doble-puerto-10-100mbps-conexion-de-hasta-40-dispositivos\/","title":{"rendered":"KIT de sistema inal\u00e1mbrico HALO S3 mesh para hogar, 2.4GHz N, doble puerto 10\/100Mbps, conexi\u00f3n de hasta 40 dispositivos."},"content":{"rendered":"<div style='width: 100%; max-width: 1200px; margin: 0 auto; font-family: sans-serif; line-height: 1.6; color: inherit; background-color: transparent;'>\n<div style='display: flex; flex-wrap: wrap; gap: 30px; margin-bottom: 30px;'>\n<div style='flex: 1 1 50%; min-width: 280px;'> <img style='width: 100%; height: auto; border: 1px solid rgba(150&comma;150&comma;150&comma;0.3); border-radius: 8px;' src='https:\/\/ftp3.syscom.mx\/usuarios\/fotos\/HALOS32PACK\/188799-localtest_halo_s3_eu_05_large2020051209474520200514232859.jpg' alt=''> <\/div>\n<div style='flex: 1 1 50%; min-width: 280px;'>\n<h1 style='font-size: 22px; margin-top: 0; margin-bottom: 12px; font-weight: 400; color: inherit; opacity: 0.9;'>Sistema Wi-Fi Mesh para hogar 300Mbps<\/h1>\n<ul style='padding-left: 20px; font-size: 15px; color: inherit;'>\n<li style='margin-bottom: 5px;'><strong>Una red unificada:<\/strong> con la tecnolog\u00eda Mesh avanzada&comma; las unidades Halo trabajan juntas para formar una red unificada para todo el hogar con un nombre de Wi-Fi y una contrase\u00f1a.<\/li>\n<li style='margin-bottom: 5px;'><strong>Roaming sin interrupciones:<\/strong> cambie autom\u00e1ticamente de Halos a medida que se mueve por su hogar&comma; obteniendo siempre la mejor se\u00f1al para disfrutar de las conexiones m\u00e1s r\u00e1pidas para todos sus dispositivos.<\/li>\n<li style='margin-bottom: 5px;'><strong>Wi-Fi de ultra alto rendimiento:<\/strong> mant\u00e9n hasta 200 metros cuadrados (200 m\u00b2) con Wi-Fi de alta velocidad&comma; ideal para casas de 2 a 4 dormitorios.<\/li>\n<li style='margin-bottom: 5px;'><strong>Conecta m\u00e1s de 40 dispositivos:<\/strong> disfrute de una conexi\u00f3n sin demoras y entretenimiento sin interrupciones en todos sus dispositivos&comma; al mismo tiempo.<\/li>\n<\/ul><\/div>\n<\/p><\/div>\n<div style='display: flex; flex-wrap: wrap; gap: 20px; margin-bottom: 30px;'>\n<div style='flex: 1 1 30%; min-width: 250px; border: 1px solid rgba(150&comma; 150&comma; 150&comma; 0.4); border-radius: 8px; overflow: hidden; display: flex; flex-direction: column;'>\n<div style='padding: 15px; border-bottom: 1px solid rgba(150&comma; 150&comma; 150&comma; 0.2); font-weight: bold; font-size: 18px; color: inherit;'>Caracter\u00edsticas principales:<\/div>\n<div style='padding: 15px; color: inherit;'>\n<ul style='padding-left: 20px; margin: 0; font-size: 14px; list-style-type: disc;'>\n<li style='margin-bottom: 5px;'><strong>Modos de operacion:<\/strong> Router.<\/li>\n<li style='margin-bottom: 5px;'><strong>Puertos:<\/strong> 2 Puertos WAN\/LAN 10\/100.<\/li>\n<li style='margin-bottom: 5px;'><strong>Frecuencia:<\/strong> 2.4GHz.<\/li>\n<li style='margin-bottom: 5px;'><strong>Velocidad:<\/strong> 300Mbps (802.11n).<\/li>\n<li style='margin-bottom: 5px;'><strong>Tipo de WAN:<\/strong> Dynamic IP\/Static IP\/PPPoE\/PPTP\/L2TP.<\/li>\n<li style='margin-bottom: 5px;'><strong>Protocolo Mesh:<\/strong> 802.k\/v.<\/li>\n<li style='margin-bottom: 5px;'><strong>Seguridad Inalambrica:<\/strong> WPA2-PSK + AES.<\/li>\n<\/ul><\/div>\n<\/p><\/div>\n<div style='flex: 1 1 30%; min-width: 250px; border: 1px solid rgba(150&comma; 150&comma; 150&comma; 0.4); border-radius: 8px; overflow: hidden; display: flex; flex-direction: column;'>\n<div style='padding: 15px; border-bottom: 1px solid rgba(150&comma; 150&comma; 150&comma; 0.2); font-weight: bold; font-size: 18px; color: inherit;'>Caracter\u00edsticas F\u00edsicas y El\u00e9ctricas:<\/div>\n<div style='padding: 15px; color: inherit;'>\n<ul style='padding-left: 20px; margin: 0; font-size: 14px; list-style-type: disc;'>\n<li style='margin-bottom: 5px;'><strong>Alimentacion:<\/strong> 9V y 0.6A (fuente incluida).<\/li>\n<li style='margin-bottom: 5px;'><strong>Dimensiones:<\/strong> 3.5 x 3.5 x 3.5 in (88 x 88 x 88 mm).<\/li>\n<li style='margin-bottom: 5px;'><strong>Material:<\/strong> plastico.<\/li>\n<li style='margin-bottom: 5px;'><strong>Temperatura de operaci\u00f3n:<\/strong> 0\u00ba ~ 40\u00ba C.<\/li>\n<\/ul><\/div>\n<\/p><\/div>\n<div style='flex: 1 1 30%; min-width: 250px; border: 1px solid rgba(150&comma; 150&comma; 150&comma; 0.4); border-radius: 8px; overflow: hidden; display: flex; flex-direction: column;'>\n<div style='padding: 15px; border-bottom: 1px solid rgba(150&comma; 150&comma; 150&comma; 0.2); font-weight: bold; font-size: 18px; color: inherit;'>Contenido:<\/div>\n<div style='padding: 15px; color: inherit;'>\n<ul style='padding-left: 20px; margin: 0; font-size: 14px; list-style-type: disc;'>\n<li style='margin-bottom: 5px;'><strong>Cantidad:<\/strong> 2 unidades de Halo S3.<\/li>\n<li style='margin-bottom: 5px;'><strong>Fuentes:<\/strong> 2 Fuentes.<\/li>\n<li style='margin-bottom: 5px;'><strong>Cable:<\/strong> Cable Ethernet.<\/li>\n<li style='margin-bottom: 5px;'><strong>Gu\u00eda:<\/strong> Guia de instalacion r\u00e1pida.<\/li>\n<\/ul><\/div>\n<\/p><\/div>\n<\/p><\/div>\n<div style='margin-bottom: 30px;'> <img style='width: 100%; height: auto; border: 1px solid rgba(150&comma;150&comma;150&comma;0.3); border-radius: 8px;' src='https:\/\/ftp3.syscom.mx\/usuarios\/fotos\/HALOS32PACK\/188799-captura_de_pantalla_2020-07-04_a_la(s)_12.05.29.png' alt=''> <\/div>\n<\/p><\/div>\n","protected":false},"excerpt":{"rendered":"<p>KIT de sistema inal\u00e1mbrico HALO S3 mesh para hogar, 2.4GHz N, doble puerto 10\/100Mbps, conexi\u00f3n de hasta 40 dispositivos.<\/p>\n","protected":false},"featured_media":71468,"comment_status":"open","ping_status":"closed","template":"","meta":[],"product_brand":[],"product_cat":[2024],"product_tag":[2045,1479,2025],"class_list":{"0":"post-71469","1":"product","2":"type-product","3":"status-publish","4":"has-post-thumbnail","6":"product_cat-routers-inalambricos","7":"product_tag-mercusys","8":"product_tag-redes-wifi","9":"product_tag-routers-inalambricos","11":"first","12":"outofstock","13":"sale","14":"shipping-taxable","15":"purchasable","16":"product-type-simple"},"_links":{"self":[{"href":"https:\/\/soydeaqui.ddns.net\/pachuca\/index.php\/wp-json\/wp\/v2\/product\/71469","targetHints":{"allow":["GET"]}}],"collection":[{"href":"https:\/\/soydeaqui.ddns.net\/pachuca\/index.php\/wp-json\/wp\/v2\/product"}],"about":[{"href":"https:\/\/soydeaqui.ddns.net\/pachuca\/index.php\/wp-json\/wp\/v2\/types\/product"}],"replies":[{"embeddable":true,"href":"https:\/\/soydeaqui.ddns.net\/pachuca\/index.php\/wp-json\/wp\/v2\/comments?post=71469"}],"wp:featuredmedia":[{"embeddable":true,"href":"https:\/\/soydeaqui.ddns.net\/pachuca\/index.php\/wp-json\/wp\/v2\/media\/71468"}],"wp:attachment":[{"href":"https:\/\/soydeaqui.ddns.net\/pachuca\/index.php\/wp-json\/wp\/v2\/media?parent=71469"}],"wp:term":[{"taxonomy":"product_brand","embeddable":true,"href":"https:\/\/soydeaqui.ddns.net\/pachuca\/index.php\/wp-json\/wp\/v2\/product_brand?post=71469"},{"taxonomy":"product_cat","embeddable":true,"href":"https:\/\/soydeaqui.ddns.net\/pachuca\/index.php\/wp-json\/wp\/v2\/product_cat?post=71469"},{"taxonomy":"product_tag","embeddable":true,"href":"https:\/\/soydeaqui.ddns.net\/pachuca\/index.php\/wp-json\/wp\/v2\/product_tag?post=71469"}],"curies":[{"name":"wp","href":"https:\/\/api.w.org\/{rel}","templated":true}]}}