{"id":71459,"date":"2026-03-19T12:05:59","date_gmt":"2026-03-19T12:05:59","guid":{"rendered":"https:\/\/soydeaqui.ddns.net\/pachuca\/index.php\/producto\/administrador-crm-de-red-wisp-controla-bloquea-a-los-usuarios-4-puertos-lan-10-100-mbps-1-puerto-wan-10-100-administracion-en-la-nube\/"},"modified":"2026-03-19T12:06:02","modified_gmt":"2026-03-19T12:06:02","slug":"administrador-crm-de-red-wisp-controla-bloquea-a-los-usuarios-4-puertos-lan-10-100-mbps-1-puerto-wan-10-100-administracion-en-la-nube","status":"publish","type":"product","link":"https:\/\/soydeaqui.ddns.net\/pachuca\/index.php\/producto\/administrador-crm-de-red-wisp-controla-bloquea-a-los-usuarios-4-puertos-lan-10-100-mbps-1-puerto-wan-10-100-administracion-en-la-nube\/","title":{"rendered":"Administrador (CRM) de red WISP, controla, bloquea a los usuarios, 4 puertos LAN 10\/100 Mbps, 1 puerto WAN 10\/100, administraci\u00f3n en la nube"},"content":{"rendered":"<div style='width: 100%; max-width: 1200px; margin: 0 auto; font-family: sans-serif; line-height: 1.6; color: inherit; background-color: transparent;'>\n<div style='display: flex; flex-direction: column; align-items: center; text-align: center; margin-bottom: 30px;'>\n<h1 style='font-size: 28px; margin: 0; color: inherit;'>Sistema de Gesti\u00f3n cloud4WISP<\/h1>\n<\/p><\/div>\n<p style='font-size: 15px; margin-bottom: 30px;'>Cloud4WISP es un sistema de administraci\u00f3n integral de WISP basado en suscripci\u00f3n que tiene muchas caracter\u00edsticas avanzadas. La caracter\u00edstica m\u00e1s importante es el dise\u00f1o de topolog\u00eda de red distribuida que permite al WISP eliminar el costo de un centro de operaciones de red (NOC) y la infraestructura de red que une cada torre al NOC. Cada controlador easyWISP incluye una suscripci\u00f3n vitalicia de cloud4WISP.<\/p>\n<div style='display: flex; flex-direction: column; align-items: center; text-align: center; margin-bottom: 30px;'>\n<h2 style='font-size: 24px; margin: 0; color: inherit;'>Caracter\u00edsticas de cloud4WISP<\/h2>\n<\/p><\/div>\n<ul style='font-size: 15px; margin-bottom: 30px; padding-left: 20px;'>\n<li style='margin-bottom: 8px;'>Aprovisionamiento de un nuevo suscriptor de WISP&comma; cambio&comma; eliminaci\u00f3n de suscriptores.<\/li>\n<li style='margin-bottom: 8px;'>Activaci\u00f3n de un nuevo suscriptor WISP.<\/li>\n<li style='margin-bottom: 8px;'>Facturaci\u00f3n: prepago para suscriptores y usuarios de hotspot.<\/li>\n<li style='margin-bottom: 8px;'>Facturaci\u00f3n: pospago solo para suscriptores.<\/li>\n<li style='margin-bottom: 8px;'>Acceso a hotspot (no se requiere aprovisionamiento ni activaci\u00f3n).<\/li>\n<li style='margin-bottom: 8px;'>Monitoreo de redes para fallas de equipos y circuitos con mantenimiento remoto de redes.<\/li>\n<li style='margin-bottom: 8px;'>Informes de facturaci\u00f3n&comma; tr\u00e1fico de datos&comma; mantenimiento y soporte.<\/li>\n<li style='margin-bottom: 8px;'>Inventario de equipos de red.<\/li>\n<li style='margin-bottom: 8px;'>Portal CRM (Gesti\u00f3n de relaciones con clientes) para los suscriptores de WISP.<\/li>\n<li style='margin-bottom: 8px;'>Gesti\u00f3n y mantenimiento del tr\u00e1fico.<\/li>\n<\/ul>\n<div style='display: flex; flex-direction: column; align-items: center; text-align: center; margin-bottom: 30px;'>\n<h2 style='font-size: 24px; margin: 0; color: inherit;'>Caracter\u00edsticas EZ100G<\/h2>\n<\/p><\/div>\n<ul style='font-size: 15px; margin-bottom: 30px; padding-left: 20px;'>\n<li style='margin-bottom: 8px;'>Operaci\u00f3n aut\u00f3noma: se requieren interacciones con cloud4WISP solo para actualizaciones de suscriptores&comma; registro de datos&comma; cambios de configuraci\u00f3n y alertas de fallos<\/li>\n<li style='margin-bottom: 8px;'>Recepci\u00f3n y almacenamiento de credenciales de suscriptor desde cloud4WISP<\/li>\n<li style='margin-bottom: 8px;'>Gesti\u00f3n de suscriptores a trav\u00e9s del dispositivo de autenticaci\u00f3n&comma; autorizaci\u00f3n y contabilidad (AAA) junto con las credenciales de suscriptor descargadas<\/li>\n<li style='margin-bottom: 8px;'>Registro de suscriptores e informaci\u00f3n de la red a cloud4WISP<\/li>\n<li style='margin-bottom: 8px;'>Monitoreo de radios PtMP&comma; radios de suscriptores y enlaces de suscriptores para detectar fallas&comma; y pasar informaci\u00f3n de fallas a cloud4WISP&comma; adem\u00e1s de generar un ticket de problema para el supervisor de red\/t\u00e9cnico de servicio de campo<\/li>\n<li style='margin-bottom: 8px;'>Filtrado de calidad de servicio (QoS) que incluye protocolo para control de tr\u00e1fico&comma; lista blanca\/negra de sitios web&comma; filtrado de contenido y filtrado de MAC<\/li>\n<li style='margin-bottom: 8px;'>Gesti\u00f3n de niveles m\u00faltiples de las velocidades de bajada\/subida de los suscriptores y otros criterios establecidos para cada suscriptor<\/li>\n<li style='margin-bottom: 8px;'>Compartici\u00f3n de ancho de banda de backhaul basado en el \u00edndice de contenci\u00f3n elegido por el WISP<\/li>\n<\/ul>\n<div style='margin: 30px 0;'> <img style='width: 100%; height: auto; border: 1px solid rgba(150&comma;150&comma;150&comma;0.3); border-radius: 8px;' src='http:\/\/www.easywisp.com\/img\/products\/ez100g.png' alt='easyWISP EZ-100g'> <\/div>\n<p style='font-size: 15px; margin-bottom: 20px;'>Se instala un controlador easyWISP EZ-100G en cada sitio de radio PtMP&comma; o sitio de m\u00faltiples suscriptores&comma; como un edificio de viviendas m\u00faltiples o un edificio de oficinas comerciales con varios suscriptores. Cada sitio se conecta a Internet mediante el m\u00e9todo backhaul m\u00e1s eficiente. Esto puede ser a trav\u00e9s de una l\u00ednea fija&comma; un DSL o un enlace inal\u00e1mbrico punto a punto.<\/p>\n<p style='font-size: 15px; margin-bottom: 20px;'>Cada controlador easyWISP EZ-100G autentica a los suscriptores a trav\u00e9s de Internet&comma; seg\u00fan las reglas de autenticaci\u00f3n del suscriptor que se transfieren al controlador desde el sistema cloud4WISP. El controlador easyWISP tambi\u00e9n supervisa los enlaces del suscriptor en busca de fallas y emite una orden de trabajo al t\u00e9cnico de servicio de campo cuando ocurre una falla.<\/p>\n<div style='margin: 30px 0;'> <img style='width: 100%; height: auto; border: 1px solid rgba(150&comma;150&comma;150&comma;0.3); border-radius: 8px;' src='http:\/\/www.easywisp.com\/img\/ez100g_funcionamento.png' alt='EZ-100G Funcionamento'> <\/div>\n<div style='display: flex; flex-direction: column; align-items: center; text-align: center; margin-bottom: 30px;'>\n<h2 style='font-size: 24px; margin: 0; color: inherit;'>EZ-100G Especificaciones<\/h2>\n<\/p><\/div>\n<div style='display: flex; flex-wrap: wrap; gap: 30px; margin-bottom: 40px;'>\n<div style='flex: 1 1 300px; min-width: 280px;'>\n<div style='border: 1px solid rgba(150&comma;150&comma;150&comma;0.3); border-radius: 8px; overflow: hidden;'>\n<div style='padding: 15px; background-color: rgba(150&comma;150&comma;150&comma;0.05); border-bottom: 1px solid rgba(150&comma;150&comma;150&comma;0.2); font-weight: bold; color: inherit;'>Caracter\u00edsticas Principales<\/div>\n<ul style='padding: 15px; margin: 0; font-size: 14px; list-style-type: disc; color: inherit;'>\n<li style='margin-bottom: 8px;'>Gesti\u00f3n Cloud<\/li>\n<li style='margin-bottom: 8px;'>Configuraci\u00f3n local y remota<\/li>\n<li style='margin-bottom: 8px;'>Bloqueo de direcciones IP y MAC<\/li>\n<li style='margin-bottom: 8px;'>Control de ancho de banda<\/li>\n<li style='margin-bottom: 8px;'>Throughput 60 Mbps<\/li>\n<li style='margin-bottom: 8px;'>Antenas omnidireccionales 802.11\/n<\/li>\n<li style='margin-bottom: 8px;'>Bloqueo de dominios: 100 URL\u00b4s<\/li>\n<li style='margin-bottom: 8px;'>Base de c\u00f3digos de acceso: 10&comma;000<\/li>\n<li style='margin-bottom: 8px;'>Firewall b\u00e1sico<\/li>\n<li style='margin-bottom: 8px;'>P\u00e1gina inicio personalizable<\/li>\n<li style='margin-bottom: 8px;'>Plug and play<\/li>\n<li style='margin-bottom: 8px;'>Login Facebook&comma; email para recopilar datos<\/li>\n<li style='margin-bottom: 8px;'>Administraci\u00f3n Web<\/li>\n<li style='margin-bottom: 8px;'>Impresi\u00f3n de c\u00f3digos&comma; utilice GIS-TP1<\/li>\n<li style='margin-bottom: 8px;'>Monitoreo de fallas de equipos<\/li>\n<\/ul><\/div>\n<\/p><\/div>\n<div style='flex: 1 1 300px; min-width: 280px;'>\n<div style='border: 1px solid rgba(150&comma;150&comma;150&comma;0.3); border-radius: 8px; overflow: hidden;'>\n<div style='padding: 15px; background-color: rgba(150&comma;150&comma;150&comma;0.05); border-bottom: 1px solid rgba(150&comma;150&comma;150&comma;0.2); font-weight: bold; color: inherit;'>Beneficios<\/div>\n<ul style='padding: 15px; margin: 0; font-size: 14px; list-style-type: disc; color: inherit;'>\n<li style='margin-bottom: 8px;'>F\u00e1cil instalaci\u00f3n<\/li>\n<li style='margin-bottom: 8px;'>C\u00f3digos de acceso \u00fanicos<\/li>\n<li style='margin-bottom: 8px;'>Acceso por Facebook<\/li>\n<li style='margin-bottom: 8px;'>Acceso por Email<\/li>\n<li style='margin-bottom: 8px;'>Acceso abierto: Limitado<\/li>\n<li style='margin-bottom: 8px;'>Controlar a los usuarios de su red WiFi<\/li>\n<li style='margin-bottom: 8px;'>Movilidad<\/li>\n<li style='margin-bottom: 8px;'>Multi-idioma<\/li>\n<li style='margin-bottom: 8px;'>Interfaz amigable<\/li>\n<li style='margin-bottom: 8px;'>Flexibilidad<\/li>\n<li style='margin-bottom: 8px;'>Compatibilidad con cualquier marca<\/li>\n<li style='margin-bottom: 8px;'>Wireless integrado est\u00e1ndar &#8216;N&#8217;<\/li>\n<li style='margin-bottom: 8px;'>Sin licenciamientos<\/li>\n<\/ul><\/div>\n<\/p><\/div>\n<div style='flex: 1 1 300px; min-width: 280px;'>\n<div style='border: 1px solid rgba(150&comma;150&comma;150&comma;0.3); border-radius: 8px; overflow: hidden;'>\n<div style='padding: 15px; background-color: rgba(150&comma;150&comma;150&comma;0.05); border-bottom: 1px solid rgba(150&comma;150&comma;150&comma;0.2); font-weight: bold; color: inherit;'>Aplicaciones<\/div>\n<ul style='padding: 15px; margin: 0; font-size: 14px; list-style-type: disc; color: inherit;'>\n<li style='margin-bottom: 8px;'>Barber\u00edas<\/li>\n<li style='margin-bottom: 8px;'>Cafeter\u00edas<\/li>\n<li style='margin-bottom: 8px;'>Cibercaf\u00e9s<\/li>\n<li style='margin-bottom: 8px;'>Consultorios<\/li>\n<li style='margin-bottom: 8px;'>Paleter\u00edas<\/li>\n<\/ul><\/div>\n<\/p><\/div>\n<\/p><\/div>\n<div style='display: flex; flex-wrap: wrap; gap: 30px; margin-bottom: 40px;'>\n<div style='flex: 1 1 300px; min-width: 280px;'>\n<div style='border: 1px solid rgba(150&comma;150&comma;150&comma;0.3); border-radius: 8px; overflow: hidden;'>\n<div style='padding: 15px; background-color: rgba(150&comma;150&comma;150&comma;0.05); border-bottom: 1px solid rgba(150&comma;150&comma;150&comma;0.2); font-weight: bold; color: inherit;'>Especificaciones T\u00e9cnicas<\/div>\n<ul style='padding: 15px; margin: 0; font-size: 14px; list-style-type: disc; color: inherit;'>\n<li style='margin-bottom: 8px;'><strong>Throughput:<\/strong> 100Mb\/s<\/li>\n<li style='margin-bottom: 8px;'><strong>WAN:<\/strong> Puerto ethernet 10\/100<\/li>\n<li style='margin-bottom: 8px;'><strong>LAN:<\/strong> 4x puertos ethernet 10\/100<\/li>\n<li style='margin-bottom: 8px;'><strong>Alimentaci\u00f3n:<\/strong> 12V CC&comma; fuente de alimentaci\u00f3n externa (incluida) o bater\u00eda torre de 12V (25W)<\/li>\n<li style='margin-bottom: 8px;'><strong>Dimensiones:<\/strong> 20cm x 12cm x 3cm<\/li>\n<li style='margin-bottom: 8px;'><strong>L\u00edmite de Suscriptores:<\/strong> Ninguno<\/li>\n<li style='margin-bottom: 8px;'><strong>Actualizaciones de Firmware:<\/strong> Gratis<\/li>\n<li style='margin-bottom: 8px;'><strong>Garant\u00eda:<\/strong> 1 a\u00f1o<\/li>\n<\/ul><\/div>\n<\/p><\/div>\n<\/p><\/div>\n<div style='margin: 30px 0;'> <img style='width: 100%; height: auto; border: 1px solid rgba(150&comma;150&comma;150&comma;0.3); border-radius: 8px;' src='https:\/\/ftp3.syscom.mx\/usuarios\/fotos\/GISK1\/37193-easywisp.png' alt=''> <\/div>\n<div style='margin: 30px 0;'> <img style='width: 100%; height: auto; border: 1px solid rgba(150&comma;150&comma;150&comma;0.3); border-radius: 8px;' src='https:\/\/ftp3.syscom.mx\/usuarios\/fotos\/EZ100G\/188816-easywisp_(1).png' alt=''> <\/div>\n<\/p><\/div>\n","protected":false},"excerpt":{"rendered":"<p>Administrador (CRM) de red WISP, controla, bloquea a los usuarios, 4 puertos LAN 10\/100 Mbps, 1 puerto WAN 10\/100, administraci\u00f3n en la nube<\/p>\n","protected":false},"featured_media":71458,"comment_status":"open","ping_status":"closed","template":"","meta":[],"product_brand":[],"product_cat":[2032],"product_tag":[1419,2047,1479],"class_list":{"0":"post-71459","1":"product","2":"type-product","3":"status-publish","4":"has-post-thumbnail","6":"product_cat-controladores-redes-wifi","7":"product_tag-controladores","8":"product_tag-easywisp","9":"product_tag-redes-wifi","11":"first","12":"outofstock","13":"sale","14":"shipping-taxable","15":"purchasable","16":"product-type-simple"},"_links":{"self":[{"href":"https:\/\/soydeaqui.ddns.net\/pachuca\/index.php\/wp-json\/wp\/v2\/product\/71459","targetHints":{"allow":["GET"]}}],"collection":[{"href":"https:\/\/soydeaqui.ddns.net\/pachuca\/index.php\/wp-json\/wp\/v2\/product"}],"about":[{"href":"https:\/\/soydeaqui.ddns.net\/pachuca\/index.php\/wp-json\/wp\/v2\/types\/product"}],"replies":[{"embeddable":true,"href":"https:\/\/soydeaqui.ddns.net\/pachuca\/index.php\/wp-json\/wp\/v2\/comments?post=71459"}],"wp:featuredmedia":[{"embeddable":true,"href":"https:\/\/soydeaqui.ddns.net\/pachuca\/index.php\/wp-json\/wp\/v2\/media\/71458"}],"wp:attachment":[{"href":"https:\/\/soydeaqui.ddns.net\/pachuca\/index.php\/wp-json\/wp\/v2\/media?parent=71459"}],"wp:term":[{"taxonomy":"product_brand","embeddable":true,"href":"https:\/\/soydeaqui.ddns.net\/pachuca\/index.php\/wp-json\/wp\/v2\/product_brand?post=71459"},{"taxonomy":"product_cat","embeddable":true,"href":"https:\/\/soydeaqui.ddns.net\/pachuca\/index.php\/wp-json\/wp\/v2\/product_cat?post=71459"},{"taxonomy":"product_tag","embeddable":true,"href":"https:\/\/soydeaqui.ddns.net\/pachuca\/index.php\/wp-json\/wp\/v2\/product_tag?post=71459"}],"curies":[{"name":"wp","href":"https:\/\/api.w.org\/{rel}","templated":true}]}}