{"id":71454,"date":"2026-03-19T12:05:49","date_gmt":"2026-03-19T12:05:49","guid":{"rendered":"https:\/\/soydeaqui.ddns.net\/pachuca\/index.php\/producto\/kit-3-routers-inalambricos-mesh-interior-para-hogar-doble-banda-wi-fi-6-ax1800-mbps-2-puerto-gigabit-wan-lan-2-antenas-internas-administracion-mediante-la-app-deco-ios-android-proteccion\/"},"modified":"2026-03-19T12:05:56","modified_gmt":"2026-03-19T12:05:56","slug":"kit-3-routers-inalambricos-mesh-interior-para-hogar-doble-banda-wi-fi-6-ax1800-mbps-2-puerto-gigabit-wan-lan-2-antenas-internas-administracion-mediante-la-app-deco-ios-android-proteccion","status":"publish","type":"product","link":"https:\/\/soydeaqui.ddns.net\/pachuca\/index.php\/producto\/kit-3-routers-inalambricos-mesh-interior-para-hogar-doble-banda-wi-fi-6-ax1800-mbps-2-puerto-gigabit-wan-lan-2-antenas-internas-administracion-mediante-la-app-deco-ios-android-proteccion\/","title":{"rendered":"Kit 3 Routers Inal\u00e1mbricos MESH Interior para Hogar \/ Doble Banda Wi-Fi 6 AX1800 Mbps \/ 2 Puerto Gigabit WAN\/LAN \/ 2 Antenas Internas \/ Administraci\u00f3n Mediante la App Deco (iOS, Android) \/ Protecci\u00f3n HomeShield"},"content":{"rendered":"<div style='width: 100%; max-width: 1200px; margin: 0 auto; font-family: sans-serif; line-height: 1.6; color: inherit; background-color: transparent;'>\n<p style='font-size: 18px; color: inherit; opacity: 0.8;'>\n<div style='margin-bottom: 30px;'> <img style='width: 100%; height: auto; border: 1px solid rgba(150&comma;150&comma;150&comma;0.3); border-radius: 8px;' src='https:\/\/ftp3.syscom.mx\/usuarios\/fotos\/DECOX202PACK\/188814-captura_de_pantalla_2024-02-28_a_la(s)_2.59.30%E2%80%AFp.m..png' alt=''> <\/div>\n<h2 style='text-align: center; font-size: 24px; margin-bottom: 20px; color: inherit; opacity: 0.9;'>Caracter\u00edsticas Principales.<\/h2>\n<div style='margin-bottom: 30px;'> <img style='width: 100%; height: auto; border: 1px solid rgba(150&comma;150&comma;150&comma;0.3); border-radius: 8px;' src='https:\/\/ftp3.syscom.mx\/usuarios\/fotos\/DECOX202PACK\/188814-captura_de_pantalla_2024-02-28_a_la(s)_3.02.48%E2%80%AFp.m..png' alt=''> <\/div>\n<h2 style='text-align: center; font-size: 24px; margin-bottom: 20px; color: inherit; opacity: 0.9;'>Roaming sin interrupciones<\/h2>\n<div style='margin-bottom: 30px;'> <img style='width: 100%; height: auto; border: 1px solid rgba(150&comma;150&comma;150&comma;0.3); border-radius: 8px;' src='https:\/\/ftp3.syscom.mx\/usuarios\/fotos\/DECOX202PACK\/188814-captura_de_pantalla_2024-02-28_a_la(s)_3.02.36%E2%80%AFp.m..png' alt=''> <\/div>\n<h2 style='text-align: center; font-size: 24px; margin-bottom: 20px; color: inherit; opacity: 0.9;'>Configuraci\u00f3n mediante aplicaci\u00f3n celular<\/h2>\n<div style='margin-bottom: 30px;'> <img style='width: 100%; height: auto; border: 1px solid rgba(150&comma;150&comma;150&comma;0.3); border-radius: 8px;' src='https:\/\/ftp3.syscom.mx\/usuarios\/fotos\/DECOX202PACK\/188814-captura_de_pantalla_2024-02-28_a_la(s)_3.03.05%E2%80%AFp.m..png' alt=''> <\/div>\n<h2 style='text-align: center; font-size: 24px; margin-bottom: 20px; color: inherit; opacity: 0.9;'>Expande la cobertura en tu hogar.<\/h2>\n<div style='margin-bottom: 30px;'> <img style='width: 100%; height: auto; border: 1px solid rgba(150&comma;150&comma;150&comma;0.3); border-radius: 8px;' src='https:\/\/ftp3.syscom.mx\/usuarios\/fotos\/DECOX202PACK\/188814-captura_de_pantalla_2024-02-28_a_la(s)_3.02.14%E2%80%AFp.m..png' alt=''> <\/div>\n<h2 style='text-align: center; font-size: 24px; margin-bottom: 20px; color: inherit; opacity: 0.9;'>Protecci\u00f3n de tu red con TP-Link HomeShield.<\/h2>\n<div style='margin-bottom: 30px;'> <img style='width: 100%; height: auto; border: 1px solid rgba(150&comma;150&comma;150&comma;0.3); border-radius: 8px;' src='https:\/\/ftp3.syscom.mx\/usuarios\/fotos\/DECOX50OUTDOOR\/227675-captura_de_pantalla_2024-02-27_a_la(s)_10.51.09%E2%80%AFa.m..png' alt=''> <\/div>\n<hr style='border: 0; border-top: 1px solid rgba(150&comma; 150&comma; 150&comma; 0.3); margin: 30px 0;'>\n<div style='margin-bottom: 30px;'>\n<div style='display: flex; flex-wrap: wrap; gap: 20px; margin-bottom: 30px;'>\n<div style='flex: 1 1 250px; border: 1px solid rgba(150&comma; 150&comma; 150&comma; 0.4); border-radius: 8px; overflow: hidden; display: flex; flex-direction: column;'>\n<div style='padding: 15px; border-bottom: 1px solid rgba(150&comma; 150&comma; 150&comma; 0.2); font-weight: bold; font-size: 18px; color: inherit;'>Especificaciones<\/div>\n<div style='padding: 15px; color: inherit;'>\n<ul style='padding-left: 20px; margin: 0; font-size: 14px; list-style-type: disc;'>\n<li style='margin-bottom: 5px;'><strong>Dimensiones:<\/strong> 110 x 110 x 114 mm.<\/li>\n<li style='margin-bottom: 5px;'><strong>Puertos:<\/strong> (2) Puerto 10\/100\/1000 Mbps Detecci\u00f3n Autom\u00e1tica WAN\/LAN<\/li>\n<li style='margin-bottom: 5px;'><strong>Modos de Operaci\u00f3n:<\/strong> Router \/ Punto de Acceso<\/li>\n<li style='margin-bottom: 5px;'><strong>Garant\u00eda:<\/strong> 2 a\u00f1os<\/li>\n<li style='margin-bottom: 5px;'><strong>Gesti\u00f3n:<\/strong> Mediante Aplicaci\u00f3n (iOS \/ Android)<\/li>\n<li style='margin-bottom: 5px;'><strong>Consumo m\u00e1x:<\/strong> 13.5 W<\/li>\n<li style='margin-bottom: 5px;'><strong>Alimentaci\u00f3n:<\/strong> 12 Vcc \/ 1.2A<\/li>\n<li style='margin-bottom: 5px;'><strong>Antenas:<\/strong> 2 Antenas Internas<\/li>\n<li style='margin-bottom: 5px;'><strong>WiFi:<\/strong> 6<\/li>\n<li style='margin-bottom: 5px;'><strong>Bot\u00f3n Reset:<\/strong> S\u00ed<\/li>\n<li style='margin-bottom: 5px;'><strong>Seguridad Inal\u00e1mbrica:<\/strong> WPA\/WPA2\/WPA3<\/li>\n<li style='margin-bottom: 5px;'><strong>Reenv\u00edo NAT:<\/strong> Reenv\u00edo de puertos \/ uPnP<\/li>\n<li style='margin-bottom: 5px;'><strong>Tipos de conexi\u00f3n WAN:<\/strong> IP est\u00e1tica\/din\u00e1mica&comma; PPPoE&comma; PPTP&comma; L2TP&comma; Banda ancha m\u00f3vil<\/li>\n<li style='margin-bottom: 5px;'><strong>IPV6\/IPV4:<\/strong> Conexi\u00f3n WAN<\/li>\n<li style='margin-bottom: 5px;'><strong>IPTV:<\/strong> Proxy IGMP<\/li>\n<li style='margin-bottom: 5px;'><strong>Temperatura de operaci\u00f3n:<\/strong> 0 a 40\u00b0 C<\/li>\n<li style='margin-bottom: 5px;'><strong>Certificaciones:<\/strong> CE&comma; FCC&comma; RoHS<\/li>\n<\/ul><\/div>\n<\/p><\/div>\n<div style='flex: 1 1 250px; border: 1px solid rgba(150&comma; 150&comma; 150&comma; 0.4); border-radius: 8px; overflow: hidden; display: flex; flex-direction: column;'>\n<div style='padding: 15px; border-bottom: 1px solid rgba(150&comma; 150&comma; 150&comma; 0.2); font-weight: bold; font-size: 18px; color: inherit;'>Caracter\u00edsticas<\/div>\n<div style='padding: 15px; color: inherit;'>\n<ul style='padding-left: 20px; margin: 0; font-size: 14px; list-style-type: disc;'>\n<li style='margin-bottom: 5px;'><strong>WiFi:<\/strong> Tecnolog\u00eda Mesh TP-Link (Solo Compatible con Decos)<br \/>MU-MIMO 2X2: Se comunica simult\u00e1neamente con m\u00faltiples clientes<br \/>OFDMA: Se comunica simult\u00e1neamente con m\u00faltiples clientes WiFi 6<br \/>4 Streams: Ancho de Banda para los dispositivos.<\/li>\n<li style='margin-bottom: 5px;'><strong>Seguridad <a href='https:\/\/www.tp-link.com\/mx\/homeshield\/' style='color: #3598db; text-decoration: none;'>HomeShield<\/a>:<\/strong> Seguridad de la red<br \/>Calidad de Servicio<br \/>Controles Parentales<br \/>Informes Completos<\/li>\n<li style='margin-bottom: 5px;'><strong>Control Parental:<\/strong> Perfiles de Usuario por edad<br \/>Bloqueo de aplicaciones<br \/>Filtrado web<br \/>B\u00fasqueda segura.<\/li>\n<li style='margin-bottom: 5px;'><strong>Potencia de Transmisi\u00f3n WiFi:<\/strong> CE: &lt;20 dBm (2&comma;4 GHz) \/ &lt;23 dBm (5 GHz)<br \/>FCC: &lt;30 dBm (2&comma;4 GHz) \/ &lt;30 dBm (5 GHz)<\/li>\n<\/ul><\/div>\n<\/p><\/div>\n<div style='flex: 1 1 250px; border: 1px solid rgba(150&comma; 150&comma; 150&comma; 0.4); border-radius: 8px; overflow: hidden; display: flex; flex-direction: column;'>\n<div style='padding: 15px; border-bottom: 1px solid rgba(150&comma; 150&comma; 150&comma; 0.2); font-weight: bold; font-size: 18px; color: inherit;'>Otros<\/div>\n<div style='padding: 15px; color: inherit;'>\n<ul style='padding-left: 20px; margin: 0; font-size: 14px; list-style-type: disc;'>\n<li style='margin-bottom: 5px;'><strong>Contenido del Paquete:<\/strong> 3 Deco X20<br \/>1 Cable Ethernet RJ45<br \/>3 Fuentes de Poder<br \/>1 Gu\u00eda de instalaci\u00f3n r\u00e1pida<\/li>\n<\/ul><\/div>\n<\/p><\/div>\n<\/p><\/div>\n<\/p><\/div>\n<hr style='border: 0; border-top: 1px solid rgba(150&comma; 150&comma; 150&comma; 0.3); margin: 30px 0;'> <\/div>\n","protected":false},"excerpt":{"rendered":"<p>Kit 3 Routers Inal\u00e1mbricos MESH Interior para Hogar \/ Doble Banda Wi-Fi 6 AX1800 Mbps \/ 2 Puerto Gigabit WAN\/LAN \/ 2 Antenas Internas \/ Administraci\u00f3n Mediante la App Deco (iOS, Android) \/ Protecci\u00f3n HomeShield<\/p>\n","protected":false},"featured_media":71453,"comment_status":"open","ping_status":"closed","template":"","meta":[],"product_brand":[],"product_cat":[2024],"product_tag":[1479,2025,71],"class_list":{"0":"post-71454","1":"product","2":"type-product","3":"status-publish","4":"has-post-thumbnail","6":"product_cat-routers-inalambricos","7":"product_tag-redes-wifi","8":"product_tag-routers-inalambricos","9":"product_tag-tp-link","11":"first","12":"instock","13":"sale","14":"shipping-taxable","15":"purchasable","16":"product-type-simple"},"_links":{"self":[{"href":"https:\/\/soydeaqui.ddns.net\/pachuca\/index.php\/wp-json\/wp\/v2\/product\/71454","targetHints":{"allow":["GET"]}}],"collection":[{"href":"https:\/\/soydeaqui.ddns.net\/pachuca\/index.php\/wp-json\/wp\/v2\/product"}],"about":[{"href":"https:\/\/soydeaqui.ddns.net\/pachuca\/index.php\/wp-json\/wp\/v2\/types\/product"}],"replies":[{"embeddable":true,"href":"https:\/\/soydeaqui.ddns.net\/pachuca\/index.php\/wp-json\/wp\/v2\/comments?post=71454"}],"wp:featuredmedia":[{"embeddable":true,"href":"https:\/\/soydeaqui.ddns.net\/pachuca\/index.php\/wp-json\/wp\/v2\/media\/71453"}],"wp:attachment":[{"href":"https:\/\/soydeaqui.ddns.net\/pachuca\/index.php\/wp-json\/wp\/v2\/media?parent=71454"}],"wp:term":[{"taxonomy":"product_brand","embeddable":true,"href":"https:\/\/soydeaqui.ddns.net\/pachuca\/index.php\/wp-json\/wp\/v2\/product_brand?post=71454"},{"taxonomy":"product_cat","embeddable":true,"href":"https:\/\/soydeaqui.ddns.net\/pachuca\/index.php\/wp-json\/wp\/v2\/product_cat?post=71454"},{"taxonomy":"product_tag","embeddable":true,"href":"https:\/\/soydeaqui.ddns.net\/pachuca\/index.php\/wp-json\/wp\/v2\/product_tag?post=71454"}],"curies":[{"name":"wp","href":"https:\/\/api.w.org\/{rel}","templated":true}]}}