{"id":71429,"date":"2026-03-19T12:04:53","date_gmt":"2026-03-19T12:04:53","guid":{"rendered":"https:\/\/soydeaqui.ddns.net\/pachuca\/index.php\/producto\/unifi-switch-usw-48-poe-capa-2-de-48-puertos-32-puertos-poe-802-3af-at-16-puertos-gigabit-4-puertos-1g-sfp-195w-pantalla-informativa\/"},"modified":"2026-03-19T12:05:05","modified_gmt":"2026-03-19T12:05:05","slug":"unifi-switch-usw-48-poe-capa-2-de-48-puertos-32-puertos-poe-802-3af-at-16-puertos-gigabit-4-puertos-1g-sfp-195w-pantalla-informativa","status":"publish","type":"product","link":"https:\/\/soydeaqui.ddns.net\/pachuca\/index.php\/producto\/unifi-switch-usw-48-poe-capa-2-de-48-puertos-32-puertos-poe-802-3af-at-16-puertos-gigabit-4-puertos-1g-sfp-195w-pantalla-informativa\/","title":{"rendered":"UniFi Switch USW-48-POE, Capa 2 de 48 puertos (32 puertos PoE 802.3af\/at + 16 puertos Gigabit) + 4 puertos 1G SFP, 195W, pantalla informativa"},"content":{"rendered":"<div style='width: 100%; max-width: 1200px; margin: 0 auto; font-family: sans-serif; line-height: 1.6; color: inherit; background-color: transparent;'> <!-- Secci\u00f3n de caracter\u00edsticas principales --> <\/p>\n<div style='display: flex; flex-wrap: wrap; gap: 30px; margin-bottom: 30px;'>\n<div style='flex: 1 1 300px; min-width: 280px;'>\n<h3 style='font-size: 22px; border-bottom: 2px solid currentColor; padding-bottom: 5px; margin-top: 0; color: inherit; opacity: 0.8;'>Caracter\u00edsticas<\/h3>\n<ul style='padding-left: 20px; font-size: 15px; color: inherit;'>\n<li style='margin-bottom: 5px;'><strong>Puertos:<\/strong> 48 puertos 10\/100\/1000 Mbps<\/li>\n<li style='margin-bottom: 5px;'><strong>Puertos SFP:<\/strong> 4 puertos 1G SFP<\/li>\n<li style='margin-bottom: 5px;'><strong>Forwarding rate:<\/strong> 77.38 Millones de paquetes por segundo (Mpps)<\/li>\n<li style='margin-bottom: 5px;'><strong>Switch Fabric:<\/strong> 104 Gbps<\/li>\n<\/ul><\/div>\n<div style='flex: 1 1 300px; min-width: 280px;'>\n<h3 style='font-size: 22px; border-bottom: 2px solid currentColor; padding-bottom: 5px; margin-top: 0; color: inherit; opacity: 0.8;'>PoE<\/h3>\n<ul style='padding-left: 20px; font-size: 15px; color: inherit;'>\n<li style='margin-bottom: 5px;'><strong>Estandar:<\/strong> IEEE 802.3af\/at<\/li>\n<li style='margin-bottom: 5px;'><strong>Puertos PoE:<\/strong> 1 al 32<\/li>\n<li style='margin-bottom: 5px;'><strong>Potencia total:<\/strong> 195W<\/li>\n<\/ul><\/div>\n<div style='flex: 1 1 300px; min-width: 280px;'>\n<h3 style='font-size: 22px; border-bottom: 2px solid currentColor; padding-bottom: 5px; margin-top: 0; color: inherit; opacity: 0.8;'>Administraci\u00f3n<\/h3>\n<ul style='padding-left: 20px; font-size: 15px; color: inherit;'>\n<li style='margin-bottom: 5px;'>Gestionable a trav\u00e9s de <a href='https:\/\/www.ui.com\/download\/unifi' target='_blank' rel='noopener' style='color: inherit; text-decoration: underline;'>UniFi Network Controller<\/a><\/li>\n<\/ul><\/div>\n<div style='flex: 1 1 300px; min-width: 280px;'>\n<h3 style='font-size: 22px; border-bottom: 2px solid currentColor; padding-bottom: 5px; margin-top: 0; color: inherit; opacity: 0.8;'>Caracter\u00edsticas f\u00edsicas y el\u00e9ctricas<\/h3>\n<ul style='padding-left: 20px; font-size: 15px; color: inherit;'>\n<li style='margin-bottom: 5px;'><strong>Alimentaci\u00f3n:<\/strong> 100-240 Vac&comma; 50-60 Hz<\/li>\n<li style='margin-bottom: 5px;'><strong>Dimensiones:<\/strong> 1 U Rack&comma; 43.7 x 285 x 442.4 mm<\/li>\n<li style='margin-bottom: 5px;'><strong>Peso:<\/strong> 4.52 kg<\/li>\n<li style='margin-bottom: 5px;'><strong>Temperatura de operaci\u00f3n:<\/strong> -5 a 40\u00b0 C<\/li>\n<\/ul><\/div>\n<div style='flex: 1 1 300px; min-width: 280px;'>\n<h3 style='font-size: 22px; border-bottom: 2px solid currentColor; padding-bottom: 5px; margin-top: 0; color: inherit; opacity: 0.8;'>Incluye<\/h3>\n<ul style='padding-left: 20px; font-size: 15px; color: inherit;'>\n<li style='margin-bottom: 5px;'>Montaje en rack&comma; soportes y tornillos<\/li>\n<li style='margin-bottom: 5px;'>Cable de alimentaci\u00f3n<\/li>\n<\/ul><\/div>\n<div style='flex: 1 1 300px; min-width: 280px;'>\n<h3 style='font-size: 22px; border-bottom: 2px solid currentColor; padding-bottom: 5px; margin-top: 0; color: inherit; opacity: 0.8;'>Garant\u00eda<\/h3>\n<ul style='padding-left: 20px; font-size: 15px; color: inherit;'>\n<li style='margin-bottom: 5px;'>1 a\u00f1o<\/li>\n<\/ul><\/div>\n<\/p><\/div>\n<p> <!-- Secci\u00f3n de enfriamiento silencioso --> <\/p>\n<div style='margin-bottom: 30px;'>\n<h3 style='font-size: 24px; margin-top: 0; margin-bottom: 15px; color: inherit; opacity: 0.9;'>Enfriamiento Silencioso<\/h3>\n<p style='font-size: 15px; color: inherit; margin-bottom: 20px;'>El nuevo dise\u00f1o de flujo de aire reduce la necesidad de usar ventiladores.<\/p>\n<p> <!-- Video --> <\/p>\n<div style='position: relative; padding-bottom: 56.25%; height: 0; overflow: hidden; margin-bottom: 30px;'> <video style='position: absolute; top: 0; left: 0; width: 100%; height: 100%; border: 1px solid rgba(150&comma;150&comma;150&comma;0.3); border-radius: 8px;' src='https:\/\/ftp3.syscom.mx\/usuarios\/adiaz\/UBNT\/USWPro\/Cooling.mp4' loop muted controls><\/video> <\/div>\n<\/p><\/div>\n<p> <!-- Secci\u00f3n de hardware y software --> <\/p>\n<div style='margin-bottom: 30px;'>\n<h3 style='font-size: 24px; margin-top: 0; margin-bottom: 15px; color: inherit; opacity: 0.9;'>Potente Hardware y Software<\/h3>\n<p style='font-size: 15px; color: inherit; margin-bottom: 20px;'>UniFi Switches ofrecen variedad de caracter\u00edsticas que incluyen puertos 1G SFP&comma; soportan PoE+ y capacidades de Layer 2.<\/p>\n<p> <!-- Imagen --> <img style='width: 100%; height: auto; border: 1px solid rgba(150&comma;150&comma;150&comma;0.3); border-radius: 8px; margin-bottom: 20px;' src='https:\/\/ftp3.syscom.mx\/usuarios\/adiaz\/UBNT\/USWPro\/Imagen%201.png' alt=''> <\/div>\n<p> <!-- Separador final --> <\/p>\n<hr style='border: 0; border-top: 1px solid rgba(150&comma; 150&comma; 150&comma; 0.3); margin: 30px 0;'> <\/div>\n","protected":false},"excerpt":{"rendered":"<p>UniFi Switch USW-48-POE, Capa 2 de 48 puertos (32 puertos PoE 802.3af\/at + 16 puertos Gigabit) + 4 puertos 1G SFP, 195W, pantalla informativa<\/p>\n","protected":false},"featured_media":71428,"comment_status":"open","ping_status":"closed","template":"","meta":[],"product_brand":[],"product_cat":[1986],"product_tag":[664,1987,166],"class_list":{"0":"post-71429","1":"product","2":"type-product","3":"status-publish","4":"has-post-thumbnail","6":"product_cat-switches-poe","7":"product_tag-networking","8":"product_tag-switches-poe","9":"product_tag-ubiquiti","11":"first","12":"instock","13":"sale","14":"shipping-taxable","15":"purchasable","16":"product-type-simple"},"_links":{"self":[{"href":"https:\/\/soydeaqui.ddns.net\/pachuca\/index.php\/wp-json\/wp\/v2\/product\/71429","targetHints":{"allow":["GET"]}}],"collection":[{"href":"https:\/\/soydeaqui.ddns.net\/pachuca\/index.php\/wp-json\/wp\/v2\/product"}],"about":[{"href":"https:\/\/soydeaqui.ddns.net\/pachuca\/index.php\/wp-json\/wp\/v2\/types\/product"}],"replies":[{"embeddable":true,"href":"https:\/\/soydeaqui.ddns.net\/pachuca\/index.php\/wp-json\/wp\/v2\/comments?post=71429"}],"wp:featuredmedia":[{"embeddable":true,"href":"https:\/\/soydeaqui.ddns.net\/pachuca\/index.php\/wp-json\/wp\/v2\/media\/71428"}],"wp:attachment":[{"href":"https:\/\/soydeaqui.ddns.net\/pachuca\/index.php\/wp-json\/wp\/v2\/media?parent=71429"}],"wp:term":[{"taxonomy":"product_brand","embeddable":true,"href":"https:\/\/soydeaqui.ddns.net\/pachuca\/index.php\/wp-json\/wp\/v2\/product_brand?post=71429"},{"taxonomy":"product_cat","embeddable":true,"href":"https:\/\/soydeaqui.ddns.net\/pachuca\/index.php\/wp-json\/wp\/v2\/product_cat?post=71429"},{"taxonomy":"product_tag","embeddable":true,"href":"https:\/\/soydeaqui.ddns.net\/pachuca\/index.php\/wp-json\/wp\/v2\/product_tag?post=71429"}],"curies":[{"name":"wp","href":"https:\/\/api.w.org\/{rel}","templated":true}]}}