{"id":7141,"date":"2026-03-18T06:52:20","date_gmt":"2026-03-18T06:52:20","guid":{"rendered":"https:\/\/soydeaqui.ddns.net\/pachuca\/index.php\/producto\/detector-inalambrico-de-gas-serie-force\/"},"modified":"2026-03-18T06:52:25","modified_gmt":"2026-03-18T06:52:25","slug":"detector-inalambrico-de-gas-serie-force","status":"publish","type":"product","link":"https:\/\/soydeaqui.ddns.net\/pachuca\/index.php\/producto\/detector-inalambrico-de-gas-serie-force\/","title":{"rendered":"DETECTOR INALAMBRICO DE GAS SERIE FORCE"},"content":{"rendered":"<div style='width: 100%; max-width: 1200px; margin: 0 auto; font-family: sans-serif; line-height: 1.6; color: inherit; background-color: transparent;'>\n<div style='display: flex; flex-direction: column; gap: 20px;'>\n<div style='width: 100%;'> <a style='box-sizing: border-box; color: #005cb9; text-decoration-line: none; display: block;' href='https:\/\/www.syscom.mx\/principal\/consultarproductosazul?global_search=cfh500&#038;ordenar=Relevancia&#038;pag=1' target='_blank' rel='noopener'> <img style='width: 100%; height: auto; border: 1px solid rgba(150&comma;150&comma;150&comma;0.3); border-radius: 8px;' src='http:\/\/ftp3.syscom.mx\/usuarios\/yhermosillo\/PIMA\/Cloud_PIMA.png' alt=''> <\/a> <\/div>\n<div style='display: flex; flex-direction: column; gap: 15px;'>\n<h3 style='font-size: 22px; border-bottom: 2px solid currentColor; padding-bottom: 5px; margin-top: 0; color: inherit; opacity: 0.8;'>Detector inal\u00e1mbrico de Gas<\/h3>\n<p style='margin: 0; font-size: 15px; color: inherit;'> El DGS es un detector inal\u00e1mbrico de gas para interiores con tecnolog\u00eda FastLink&comma; dise\u00f1ado para los sistemas de alarma de la serie <strong>FORCE<\/strong>. La comunicaci\u00f3n FastLink es encriptada utilizando cifrado AES de 128 bits para brindar alto nivel de seguridad. <\/p>\n<p style='margin: 0; font-size: 15px; color: inherit;'><strong>Para usar el DGS se requiere la previa instalaci\u00f3n de un receptor inal\u00e1mbrico.<\/strong><\/p>\n<p style='margin: 0; font-size: 15px; color: inherit;'> El DGS es un detector completamente supervisado y puede detectar la presencia de gas licuado de petr\u00f3leo (GLP) y reportar de forma inal\u00e1mbrica al panel de control. El GLP incluye gas propano (C3H8)&comma; utilizado principalmente como combustible en aparatos de calefacci\u00f3n&comma; equipos de cocina y veh\u00edculos. <\/p>\n<p style='margin: 0; font-size: 15px; color: inherit;'> El detector monitorea la presencia de gas una vez cada 10 segundos y realiza una auto-prueba cada 160 segundos. Una vez que la concentraci\u00f3n del gas alcanza el umbral de detecci\u00f3n&comma; se dispara una alarma emitiendo una alerta sonora cada segundo y el LED rojo se ilumina parpadeando. <\/p>\n<p style='margin: 0; font-size: 15px; color: inherit;'> DGS es alimentado por un transformador de 220V CA (Corriente Alterna)&comma; que se conecta con un cable micro USB (incluido). La bater\u00eda del detector solo es utilizada para monitorear y alertar al panel de control sobre la p\u00e9rdida de alimentaci\u00f3n de CA. <\/p>\n<p style='margin: 0; font-size: 15px; color: inherit;'> El DGS reporta la condici\u00f3n de bater\u00eda baja y tiene un interruptor contra sabotaje (tamper) que alerta cuando su gabinete se abre o cuando el detector es removido de la pared. Los botones identificados como PKey y Reset son para uso del fabricante. <\/p>\n<p style='margin: 0; font-size: 15px; color: inherit;'> Para informaci\u00f3n sobre como registrar (enrolar) el dispositivo&comma; consulte la gu\u00eda de instalaci\u00f3n del sistema de alarma. <\/p>\n<div style='display: flex; flex-wrap: wrap; gap: 20px; margin-top: 25px;'>\n<div style='flex: 1 1 250px; border: 1px solid rgba(150&comma; 150&comma; 150&comma; 0.4); border-radius: 8px; overflow: hidden; display: flex; flex-direction: column;'>\n<div style='padding: 15px; border-bottom: 1px solid rgba(150&comma; 150&comma; 150&comma; 0.2); font-weight: bold; font-size: 18px; color: inherit;'>Especificaciones T\u00e9cnicas<\/div>\n<div style='padding: 15px; color: inherit;'>\n<ul style='padding-left: 20px; margin: 0; font-size: 14px; list-style-type: disc;'>\n<li style='margin-bottom: 5px;'>Frecuencias (MHz): 433.92 (DGS143)<\/li>\n<li style='margin-bottom: 5px;'>Sensibilidad: Cumple con UL-1484 y EN-50194&comma; antes del 25% del LEL<\/li>\n<li style='margin-bottom: 5px;'>Duraci\u00f3n estimada de la bater\u00eda: Hasta 5 a\u00f1os (en uso t\u00edpico)<\/li>\n<li style='margin-bottom: 5px;'>Dimensiones: 11.9 X 8 X 4.4 cm<\/li>\n<li style='margin-bottom: 5px;'>Vida \u00fatil: 5 a\u00f1os (en uso t\u00edpico)<\/li>\n<li style='margin-bottom: 5px;'>Peso: 200gr<\/li>\n<li style='margin-bottom: 5px;'>Alimentaci\u00f3n:\n<ul style='padding-left: 20px; margin-top: 5px; list-style-type: disc;'>\n<li style='margin-bottom: 5px;'>Principal: 100~240&comma; VAC a 5VDC&comma; adaptador USB<\/li>\n<li style='margin-bottom: 5px;'>Bater\u00eda de respaldo: 1X CR123A&comma; 3V&comma; Litio<\/li>\n<li style='margin-bottom: 5px;'>Corriente en espera: 17mA<\/li>\n<\/ul>\n<\/li>\n<li style='margin-bottom: 5px;'>Normativas: Cumple con las normas EN-50131-1 y CE<\/li>\n<li style='margin-bottom: 5px;'>Temperaturas de operaci\u00f3n: de -10 a +50 \u00b0C<\/li>\n<li style='margin-bottom: 5px;'>Humedad (M\u00e1x.): 93% R.H.&comma; Sin condensaci\u00f3n<\/li>\n<\/ul><\/div>\n<\/p><\/div>\n<div style='flex: 1 1 250px; border: 1px solid rgba(150&comma; 150&comma; 150&comma; 0.4); border-radius: 8px; overflow: hidden; display: flex; flex-direction: column;'>\n<div style='padding: 15px; border-bottom: 1px solid rgba(150&comma; 150&comma; 150&comma; 0.2); font-weight: bold; font-size: 18px; color: inherit;'>Contenido del paquete<\/div>\n<div style='padding: 15px; color: inherit;'>\n<ul style='padding-left: 20px; margin: 0; font-size: 14px; list-style-type: disc;'>\n<li style='margin-bottom: 5px;'>Detector DGS<\/li>\n<li style='margin-bottom: 5px;'>Transformador + cable<\/li>\n<li style='margin-bottom: 5px;'>Bater\u00eda de respaldo<\/li>\n<li style='margin-bottom: 5px;'>Tornillos y cintas de montaje<\/li>\n<li style='margin-bottom: 5px;'>Esta gu\u00eda<\/li>\n<\/ul><\/div>\n<\/p><\/div>\n<\/p><\/div>\n<div style='width: 100%;'> <img style='width: 100%; height: auto; border: 1px solid rgba(150&comma;150&comma;150&comma;0.3); border-radius: 8px;' src='http:\/\/ftp3.syscom.mx\/usuarios\/yhermosillo\/PIMA\/Nuevo_force_panel.jpg' alt=''> <\/div>\n<\/p><\/div>\n<\/p><\/div>\n<\/p><\/div>\n","protected":false},"excerpt":{"rendered":"<p>DETECTOR INALAMBRICO DE GAS SERIE FORCE<\/p>\n","protected":false},"featured_media":7140,"comment_status":"open","ping_status":"closed","template":"","meta":[],"product_brand":[],"product_cat":[64],"product_tag":[19,65,496],"class_list":{"0":"post-7141","1":"product","2":"type-product","3":"status-publish","4":"has-post-thumbnail","6":"product_cat-humo-inalambricos","7":"product_tag-detectores-sensores","8":"product_tag-humo-inalambricos","9":"product_tag-pima","11":"first","12":"outofstock","13":"sale","14":"shipping-taxable","15":"purchasable","16":"product-type-simple"},"_links":{"self":[{"href":"https:\/\/soydeaqui.ddns.net\/pachuca\/index.php\/wp-json\/wp\/v2\/product\/7141","targetHints":{"allow":["GET"]}}],"collection":[{"href":"https:\/\/soydeaqui.ddns.net\/pachuca\/index.php\/wp-json\/wp\/v2\/product"}],"about":[{"href":"https:\/\/soydeaqui.ddns.net\/pachuca\/index.php\/wp-json\/wp\/v2\/types\/product"}],"replies":[{"embeddable":true,"href":"https:\/\/soydeaqui.ddns.net\/pachuca\/index.php\/wp-json\/wp\/v2\/comments?post=7141"}],"wp:featuredmedia":[{"embeddable":true,"href":"https:\/\/soydeaqui.ddns.net\/pachuca\/index.php\/wp-json\/wp\/v2\/media\/7140"}],"wp:attachment":[{"href":"https:\/\/soydeaqui.ddns.net\/pachuca\/index.php\/wp-json\/wp\/v2\/media?parent=7141"}],"wp:term":[{"taxonomy":"product_brand","embeddable":true,"href":"https:\/\/soydeaqui.ddns.net\/pachuca\/index.php\/wp-json\/wp\/v2\/product_brand?post=7141"},{"taxonomy":"product_cat","embeddable":true,"href":"https:\/\/soydeaqui.ddns.net\/pachuca\/index.php\/wp-json\/wp\/v2\/product_cat?post=7141"},{"taxonomy":"product_tag","embeddable":true,"href":"https:\/\/soydeaqui.ddns.net\/pachuca\/index.php\/wp-json\/wp\/v2\/product_tag?post=7141"}],"curies":[{"name":"wp","href":"https:\/\/api.w.org\/{rel}","templated":true}]}}