{"id":71384,"date":"2026-03-19T12:03:12","date_gmt":"2026-03-19T12:03:12","guid":{"rendered":"https:\/\/soydeaqui.ddns.net\/pachuca\/index.php\/producto\/suscripcion-rms-teltonika-remote-management-system-1-credito\/"},"modified":"2026-03-19T12:03:12","modified_gmt":"2026-03-19T12:03:12","slug":"suscripcion-rms-teltonika-remote-management-system-1-credito","status":"publish","type":"product","link":"https:\/\/soydeaqui.ddns.net\/pachuca\/index.php\/producto\/suscripcion-rms-teltonika-remote-management-system-1-credito\/","title":{"rendered":"Suscripci\u00f3n RMS Teltonika (Remote Management System) 1 Credito"},"content":{"rendered":"<div style='width: 100%; max-width: 1200px; margin: 0 auto; font-family: sans-serif; line-height: 1.6; color: inherit; background-color: transparent;'> <!-- Secci\u00f3n de descripci\u00f3n --> <\/p>\n<div style='margin-bottom: 30px; font-size: 15px; color: inherit;'>\n<p style='margin-top: 0; margin-bottom: 15px;'>Teltonika Remote Management System [RMS] le permite administrar y monitorear convenientemente sus Teltonika enrutadores y puertas de enlace&comma; que incluyen todos los dispositivos RUT y TRB.<\/p>\n<p style='margin-top: 0; margin-bottom: 15px;'><strong style='color: inherit;'>LICENCIA RMS<\/strong><\/p>\n<ul style='padding-left: 20px; margin-bottom: 15px; color: inherit;'>\n<li style='margin-bottom: 5px; color: inherit;'><strong style='color: inherit;'>Servicio mensual &#8211; <\/strong>Se utiliza un solo cr\u00e9dito para cada dispositivo para habilitar el servicio RMS durante 30 d\u00edas&comma; despu\u00e9s de lo cual se utiliza autom\u00e1ticamente un nuevo cr\u00e9dito.<\/li>\n<li style='margin-bottom: 5px; color: inherit;'><strong style='color: inherit;'>Uso individual del cr\u00e9dito del dispositivo &#8211; <\/strong>El uso del cr\u00e9dito del dispositivo se puede deshabilitar para cualquier dispositivo en cualquier momento. Si se deshabilita individualmente&comma; los nuevos cr\u00e9ditos no se usar\u00e1n autom\u00e1ticamente cada 30 d\u00edas. Si el servicio mensual sigue siendo v\u00e1lido&comma; la supervisi\u00f3n del dispositivo se puede volver a habilitar sin problemas.<\/li>\n<\/ul>\n<p style='margin-top: 0; margin-bottom: 0;'><a href='https:\/\/account.rms.teltonika-networks.com\/register' style='color: inherit; text-decoration: underline;' target='_blank'>Teltonika-RMS<\/a><\/p>\n<\/p><\/div>\n<p> <!-- Secci\u00f3n de imagen --> <\/p>\n<div style='margin-bottom: 30px;'> <img style='width: 100%; height: auto; border: 1px solid rgba(150&comma;150&comma;150&comma;0.3); border-radius: 8px;' src='https:\/\/ftp3.syscom.mx\/usuarios\/fotos\/TELTONIKARMS\/188643-rms.1.jpeg' alt=''> <\/div>\n<\/p><\/div>\n","protected":false},"excerpt":{"rendered":"<p>Suscripci\u00f3n RMS Teltonika (Remote Management System) 1 Credito<\/p>\n","protected":false},"featured_media":71383,"comment_status":"open","ping_status":"closed","template":"","meta":[],"product_brand":[],"product_cat":[1996],"product_tag":[1997,664,1430],"class_list":{"0":"post-71384","1":"product","2":"type-product","3":"status-publish","4":"has-post-thumbnail","6":"product_cat-licencias-suscripciones","7":"product_tag-licencias-suscripciones","8":"product_tag-networking","9":"product_tag-teltonika","11":"first","12":"instock","13":"sale","14":"shipping-taxable","15":"purchasable","16":"product-type-simple"},"_links":{"self":[{"href":"https:\/\/soydeaqui.ddns.net\/pachuca\/index.php\/wp-json\/wp\/v2\/product\/71384","targetHints":{"allow":["GET"]}}],"collection":[{"href":"https:\/\/soydeaqui.ddns.net\/pachuca\/index.php\/wp-json\/wp\/v2\/product"}],"about":[{"href":"https:\/\/soydeaqui.ddns.net\/pachuca\/index.php\/wp-json\/wp\/v2\/types\/product"}],"replies":[{"embeddable":true,"href":"https:\/\/soydeaqui.ddns.net\/pachuca\/index.php\/wp-json\/wp\/v2\/comments?post=71384"}],"wp:featuredmedia":[{"embeddable":true,"href":"https:\/\/soydeaqui.ddns.net\/pachuca\/index.php\/wp-json\/wp\/v2\/media\/71383"}],"wp:attachment":[{"href":"https:\/\/soydeaqui.ddns.net\/pachuca\/index.php\/wp-json\/wp\/v2\/media?parent=71384"}],"wp:term":[{"taxonomy":"product_brand","embeddable":true,"href":"https:\/\/soydeaqui.ddns.net\/pachuca\/index.php\/wp-json\/wp\/v2\/product_brand?post=71384"},{"taxonomy":"product_cat","embeddable":true,"href":"https:\/\/soydeaqui.ddns.net\/pachuca\/index.php\/wp-json\/wp\/v2\/product_cat?post=71384"},{"taxonomy":"product_tag","embeddable":true,"href":"https:\/\/soydeaqui.ddns.net\/pachuca\/index.php\/wp-json\/wp\/v2\/product_tag?post=71384"}],"curies":[{"name":"wp","href":"https:\/\/api.w.org\/{rel}","templated":true}]}}