{"id":71377,"date":"2026-03-19T12:02:59","date_gmt":"2026-03-19T12:02:59","guid":{"rendered":"https:\/\/soydeaqui.ddns.net\/pachuca\/index.php\/producto\/punto-de-acceso-wi-fi-802-11-ac-1-75-gbps-wave-2-mu-mimo-3x33-con-administracion-desde-la-nube-gratuita-o-stand-alone\/"},"modified":"2026-03-19T12:03:04","modified_gmt":"2026-03-19T12:03:04","slug":"punto-de-acceso-wi-fi-802-11-ac-1-75-gbps-wave-2-mu-mimo-3x33-con-administracion-desde-la-nube-gratuita-o-stand-alone","status":"publish","type":"product","link":"https:\/\/soydeaqui.ddns.net\/pachuca\/index.php\/producto\/punto-de-acceso-wi-fi-802-11-ac-1-75-gbps-wave-2-mu-mimo-3x33-con-administracion-desde-la-nube-gratuita-o-stand-alone\/","title":{"rendered":"Punto de acceso Wi-Fi 802.11 ac 1.75 Gbps, Wave-2, MU-MIMO 3&#215;3:3 con administraci\u00f3n desde la nube gratuita o stand-alone."},"content":{"rendered":"<div style='width: 100%; max-width: 1200px; margin: 0 auto; font-family: sans-serif; line-height: 1.6; color: inherit; background-color: transparent;'>\n<div style='width: 100%; margin-bottom: 30px;'>\n<h2 style='font-size: 24px; margin-top: 0; margin-bottom: 15px; color: inherit;'>Acerca del GWN7615<\/h2>\n<hr style='border: 0; border-top: 2px solid #1056BC; width: 40px; margin-bottom: 15px;'>\n<p style='font-size: 15px; color: inherit; margin-bottom: 20px;'>El GWN7615 es un punto de acceso Wi-Fi 802.11ac Wave-2 de rendimiento empresarial para crear escalabilidad en entornos de densidad de usuarios de media a alta. Ofrece tecnolog\u00eda MU-MIMO 3\u00d73:3 de doble banda y un dise\u00f1o de antena sofisticado para un rendimiento de red m\u00e1ximo y un rango de cobertura de Wi-Fi ampliado. El GWN7615 tambi\u00e9n es compatible con GWN.Cloud y GWN Manager&comma; las plataformas de administraci\u00f3n de Wi-Fi en la nube y locales de Grandstream. Es el AP Wi-Fi ideal para implementaciones de voz sobre Wi-Fi.<\/p>\n<\/div>\n<div style='display: flex; flex-wrap: wrap; gap: 30px; margin-bottom: 30px;'>\n<div style='flex: 1 1 300px; min-width: 280px;'>\n<h3 style='font-size: 22px; border-bottom: 2px solid currentColor; padding-bottom: 5px; margin-top: 0; color: inherit; opacity: 0.8;'>Caracter\u00edsticas Competitivas<\/h3>\n<ul style='padding-left: 20px; font-size: 15px; color: inherit;'>\n<li style='margin-bottom: 5px; list-style-type: disc;'>Rendimiento inal\u00e1mbrico agregado de 1.75 Gbps y puertos al\u00e1mbricos 2xGigabit<\/li>\n<li style='margin-bottom: 5px; list-style-type: disc;'>Doble banda 3&#215;3:3 tecnolog\u00eda MU-MIMO<\/li>\n<li style='margin-bottom: 5px; list-style-type: disc;'>Admite m\u00e1s de 200 dispositivos Wi-Fi simult\u00e1neos<\/li>\n<li style='margin-bottom: 5px; list-style-type: disc;'>Rango de cobertura de hasta 175 metros<\/li>\n<li style='margin-bottom: 5px; list-style-type: disc;'>Adaptaci\u00f3n de auto potencia al autodetecci\u00f3n de PoE \/ PoE +<\/li>\n<li style='margin-bottom: 5px; list-style-type: disc;'>Arranque seguro anti-hacking y bloqueo de datos \/ control cr\u00edtico a trav\u00e9s de firmas digitales<\/li>\n<li style='margin-bottom: 5px; list-style-type: disc;'>El controlador integrado puede gestionar hasta 50 AP locales de la serie GWN; GWN.Cloud ofrece administraci\u00f3n ilimitada de AP; GWN.Manager ofrece un controlador de software basado en premisas<\/li>\n<li style='margin-bottom: 5px; list-style-type: disc;'><strong>.<\/strong><\/li>\n<\/ul>\n<\/div>\n<div style='flex: 1 1 300px; min-width: 280px;'>\n<h3 style='font-size: 22px; border-bottom: 2px solid currentColor; padding-bottom: 5px; margin-top: 0; color: inherit; opacity: 0.8;'>Gesti\u00f3n de APs<\/h3>\n<ul style='padding-left: 20px; font-size: 15px; color: inherit;'>\n<li style='margin-bottom: 5px; list-style-type: disc;'>Tanto la plataforma de administraci\u00f3n de Grandstream basada en la nube&comma; GWN.Cloud&comma; como la plataforma de administraci\u00f3n de software local&comma; GWN Manager&comma; pueden agregar&comma; configurar y monitorear el GWN7615 dentro de una red inal\u00e1mbrica GWN<\/li>\n<li style='margin-bottom: 5px; list-style-type: disc;'>El GWN7615 es compatible con todos los dem\u00e1s puntos de acceso de la serie GWN dentro de la cartera de Grandstream&comma; lo que le permite administrar activamente hasta otros 50 puntos de acceso GWN<\/li>\n<\/ul>\n<\/div>\n<\/div>\n<div style='width: 100%; margin-bottom: 30px;'>\n<h2 style='font-size: 22px; margin-top: 0; margin-bottom: 15px; color: inherit;'>Especificaciones t\u00e9cnicas<\/h2>\n<hr style='border: 0; border-top: 2px solid #1056BC; width: 40px; margin-bottom: 15px;'><\/div>\n<div style='display: flex; flex-wrap: wrap; gap: 20px; margin-bottom: 30px;'>\n<div style='flex: 1 1 250px; border: 1px solid rgba(150&comma; 150&comma; 150&comma; 0.4); border-radius: 8px; overflow: hidden; display: flex; flex-direction: column;'>\n<div style='padding: 15px; border-bottom: 1px solid rgba(150&comma; 150&comma; 150&comma; 0.2); font-weight: bold; font-size: 18px; color: inherit;'>Wi-Fi<\/div>\n<div style='padding: 15px; color: inherit;'>\n<ul style='padding-left: 20px; margin: 0; font-size: 14px; list-style-type: disc;'>\n<li style='margin-bottom: 5px;'><strong>Est\u00e1ndares Wi-Fi:<\/strong> IEEE 802.11 a\/b\/g\/n\/ac (Wave-2)<\/li>\n<li style='margin-bottom: 5px;'><strong>Antenas:<\/strong> 3 antenas internas de doble banda 2.4GHz: ganancia 3dBi&comma; 5 GHz: ganancia 3dBi<\/li>\n<li style='margin-bottom: 5px;'><strong>Bandas de Frecuencia:<\/strong> 2.4GHz radio: 2412 &#8211; 2484 GHz \/ 5GHz radio: 5180 &#8211; 5825 GHz<\/li>\n<\/ul>\n<\/div>\n<\/div>\n<div style='flex: 1 1 250px; border: 1x solid rgba(150&comma; 150&comma; 150&comma; 0.4); border-radius: 8px; overflow: hidden; display: flex; flex-direction: column;'>\n<div style='padding: 15px; border-bottom: 1px solid rgba(150&comma; 150&comma; 150&comma; 0.2); font-weight: bold; font-size: 18px; color: inherit;'>Rendimiento<\/div>\n<div style='padding: 15px; color: inherit;'>\n<ul style='padding-left: 20px; margin: 0; font-size: 14px; list-style-type: disc;'>\n<li style='margin-bottom: 5px;'><strong>Cobertura:<\/strong> Hasta 175 metros *el rango de cobertura puede variar seg\u00fan el entorno<\/li>\n<li style='margin-bottom: 5px;'><strong>Clientes Concurrentes:<\/strong> 200+<\/li>\n<\/ul>\n<\/div>\n<\/div>\n<div style='flex: 1 1 250px; border: 1px solid rgba(150&comma; 150&comma; 150&comma; 0.4); border-radius: 8px; overflow: hidden; display: flex; flex-direction: column;'>\n<div style='padding: 15px; border-bottom: 1px solid rgba(150&comma; 150&comma; 150&comma; 0.2); font-weight: bold; font-size: 18px; color: inherit;'>Conectividad<\/div>\n<div style='padding: 15px; color: inherit;'>\n<ul style='padding-left: 20px; margin: 0; font-size: 14px; list-style-type: disc;'>\n<li style='margin-bottom: 5px;'><strong>Interfaces de red:<\/strong> 2 x puertos Ethernet 10\/100\/1000 Base-T de detecci\u00f3n autom\u00e1tica<\/li>\n<li style='margin-bottom: 5px;'><strong>Alimentaci\u00f3n:<\/strong> V\u00eda PoE af\/at (no incluye PoE)<\/li>\n<\/ul>\n<\/div>\n<\/div>\n<div style='flex: 1 1 250px; border: 1px solid rgba(150&comma; 150&comma; 150&comma; 0.4); border-radius: 8px; overflow: hidden; display: flex; flex-direction: column;'>\n<div style='padding: 15px; border-bottom: 1px solid rgba(150&comma; 150&comma; 150&comma; 0.2); font-weight: bold; font-size: 18px; color: inherit;'>Seguridad<\/div>\n<div style='padding: 15px; color: inherit;'>\n<ul style='padding-left: 20px; margin: 0; font-size: 14px; list-style-type: disc;'>\n<li style='margin-bottom: 5px;'><strong>Seguridad Wi-Fi y del Sistema:<\/strong> WEP&comma; WPA \/ WPA2-PSK&comma; WPA \/ WPA2 Enterprise&comma; arranque seguro anti-pirateo y bloqueo de datos \/ control cr\u00edtico a trav\u00e9s de firmas digitales&comma; certificado de seguridad \u00fanico y contrase\u00f1a predeterminada aleatoria por dispositivo<\/li>\n<\/ul>\n<\/div>\n<\/div>\n<\/div>\n<div style='width: 100%; margin-bottom: 30px;'>\n<p style='font-size: 15px; color: inherit; margin-bottom: 15px;'>PoE recomendado:<\/p>\n<div style='display: flex; flex-wrap: wrap; gap: 15px; margin-bottom: 30px;'><a style='color: inherit; text-decoration: none; font-weight: 600; font-size: 14px; border: 1px solid rgba(150&comma;150&comma;150&comma;0.3); border-radius: 6px; padding: 10px 15px; background-color: transparent; transition: all 0.2s ease;' href='https:\/\/www.syscom.mx\/principal\/searchcont?route=G0720-480-050-GRANDSTREAM-207158&#038;autodetect=poe_gwn'>G0720-480-050<\/a><a style='color: inherit; text-decoration: none; font-weight: 600; font-size: 14px; border: 1px solid rgba(150&comma;150&comma;150&comma;0.3); border-radius: 6px; padding: 10px 15px; background-color: transparent; transition: all 0.2s ease;' href='https:\/\/www.syscom.mx\/principal\/searchcont?route=U-POE-AT-UBIQUITI-NETWORKS-205327&#038;autodetect=poe'>U-POE-AT<\/a><\/div>\n<\/div>\n<div style='width: 100%; margin-bottom: 30px;'><img style='width: 100%; height: auto; border: 1px solid rgba(150&comma;150&comma;150&comma;0.3); border-radius: 8px; margin-bottom: 15px;' src='https:\/\/ftp3.syscom.mx\/usuarios\/fotos\/GWN7615\/188440-captura_de_pantalla_2021-08-05_a_la(s)_15.57.14.png' alt=''><img style='width: 100%; height: auto; border: 1px solid rgba(150&comma;150&comma;150&comma;0.3); border-radius: 8px;' src='https:\/\/ftp3.syscom.mx\/usuarios\/fotos\/GWN7615\/188440-captura_de_pantalla_2021-08-05_a_la(s)_15.57.23.png' alt=''><\/div>\n<\/div>\n<\/div>\n","protected":false},"excerpt":{"rendered":"<p>Punto de acceso Wi-Fi 802.11 ac 1.75 Gbps, Wave-2, MU-MIMO 3&#215;3:3 con administraci\u00f3n desde la nube gratuita o stand-alone.<\/p>\n","protected":false},"featured_media":71376,"comment_status":"open","ping_status":"closed","template":"","meta":[],"product_brand":[],"product_cat":[1794],"product_tag":[909,1795,1479],"class_list":{"0":"post-71377","1":"product","2":"type-product","3":"status-publish","4":"has-post-thumbnail","6":"product_cat-puntos-de-acceso","7":"product_tag-grandstream","8":"product_tag-puntos-de-acceso","9":"product_tag-redes-wifi","11":"first","12":"instock","13":"sale","14":"shipping-taxable","15":"purchasable","16":"product-type-simple"},"_links":{"self":[{"href":"https:\/\/soydeaqui.ddns.net\/pachuca\/index.php\/wp-json\/wp\/v2\/product\/71377","targetHints":{"allow":["GET"]}}],"collection":[{"href":"https:\/\/soydeaqui.ddns.net\/pachuca\/index.php\/wp-json\/wp\/v2\/product"}],"about":[{"href":"https:\/\/soydeaqui.ddns.net\/pachuca\/index.php\/wp-json\/wp\/v2\/types\/product"}],"replies":[{"embeddable":true,"href":"https:\/\/soydeaqui.ddns.net\/pachuca\/index.php\/wp-json\/wp\/v2\/comments?post=71377"}],"wp:featuredmedia":[{"embeddable":true,"href":"https:\/\/soydeaqui.ddns.net\/pachuca\/index.php\/wp-json\/wp\/v2\/media\/71376"}],"wp:attachment":[{"href":"https:\/\/soydeaqui.ddns.net\/pachuca\/index.php\/wp-json\/wp\/v2\/media?parent=71377"}],"wp:term":[{"taxonomy":"product_brand","embeddable":true,"href":"https:\/\/soydeaqui.ddns.net\/pachuca\/index.php\/wp-json\/wp\/v2\/product_brand?post=71377"},{"taxonomy":"product_cat","embeddable":true,"href":"https:\/\/soydeaqui.ddns.net\/pachuca\/index.php\/wp-json\/wp\/v2\/product_cat?post=71377"},{"taxonomy":"product_tag","embeddable":true,"href":"https:\/\/soydeaqui.ddns.net\/pachuca\/index.php\/wp-json\/wp\/v2\/product_tag?post=71377"}],"curies":[{"name":"wp","href":"https:\/\/api.w.org\/{rel}","templated":true}]}}