{"id":7136,"date":"2026-03-18T06:52:16","date_gmt":"2026-03-18T06:52:16","guid":{"rendered":"https:\/\/soydeaqui.ddns.net\/pachuca\/index.php\/producto\/detector-inalambrico-de-inundacion-serie-force\/"},"modified":"2026-03-18T06:52:19","modified_gmt":"2026-03-18T06:52:19","slug":"detector-inalambrico-de-inundacion-serie-force","status":"publish","type":"product","link":"https:\/\/soydeaqui.ddns.net\/pachuca\/index.php\/producto\/detector-inalambrico-de-inundacion-serie-force\/","title":{"rendered":"DETECTOR INALAMBRICO DE INUNDACI\u00d3N SERIE FORCE"},"content":{"rendered":"<div style='width: 100%; max-width: 1200px; margin: 0 auto; font-family: sans-serif; line-height: 1.6; color: inherit; background-color: transparent;'>\n<div style='display: flex; flex-direction: column; align-items: center; margin-bottom: 30px;'> <a style='box-sizing: border-box; color: #005cb9; text-decoration-line: none;' href='https:\/\/www.syscom.mx\/principal\/consultarproductosazul?global_search=cfh500&#038;ordenar=Relevancia&#038;pag=1' target='_blank' rel='noopener'> <img style='width: 100%; height: auto; border: 1px solid rgba(150&comma;150&comma;150&comma;0.3); border-radius: 8px; max-width: 400px;' src='http:\/\/ftp3.syscom.mx\/usuarios\/yhermosillo\/PIMA\/Cloud_PIMA.png' alt=''> <\/a> <\/div>\n<div style='margin-bottom: 30px;'>\n<h2 style='font-size: 22px; border-bottom: 2px solid currentColor; padding-bottom: 5px; margin-top: 0; color: inherit; opacity: 0.8;'>DFL &#8211; Detector inal\u00e1mbrico de Inundaci\u00f3n<\/h2>\n<p style='font-size: 15px; color: inherit; margin-bottom: 15px;'>El DFL es un detector inal\u00e1mbrico de inundaciones con tecnolog\u00eda FastLink&comma; dise\u00f1ado para los sistemas de alarma PIMA. La comunicaci\u00f3n FastLink es encriptada utilizando cifrado AES de 128 bits para brindar alto nivel de seguridad.<\/p>\n<p style='font-size: 15px; color: inherit; margin-bottom: 15px;'><strong style='color: inherit;'>Para usar el DFL se requiere la previa instalaci\u00f3n de un receptor inal\u00e1mbrico.<\/strong><\/p>\n<p style='font-size: 15px; color: inherit; margin-bottom: 15px;'>El DFL tiene un dise\u00f1o moderno y funciona con bater\u00edas. Puede detectar la presencia de agua y otros l\u00edquidos&comma; y transmitir de forma inal\u00e1mbrica un evento de alarma al panel de control. El detector se debe colocar en una ubicaci\u00f3n en donde el agua pueda filtrarse o acumularse&comma; como por ejemplo en: casas&comma; instalaciones comerciales&comma; s\u00f3tanos y embarcaciones. El transmisor se debe montar en una ubicaci\u00f3n alta y el sensor debe colocarse en donde sea probable que entre en contacto con la fuga o inundaci\u00f3n.<\/p>\n<p style='font-size: 15px; color: inherit; margin-bottom: 15px;'>El DFL reporta estado de bater\u00eda baja y tiene un interruptor contra sabotaje que alerta cuando la unidad se abre o si es removida de su lugar de instalaci\u00f3n. El DFL transmite un evento de prueba cada 15 minutos. El LED enciende en evento de alarma&comma; sabotaje y cuando la bater\u00eda est\u00e1 baja.<\/p>\n<p style='font-size: 15px; color: inherit; margin-bottom: 15px;'>Para informaci\u00f3n sobre como registrar (enrolar) el dispositivo&comma; consulte la gu\u00eda de instalaci\u00f3n del sistema de alarma.<\/p>\n<\/p><\/div>\n<div style='display: flex; flex-wrap: wrap; gap: 20px; margin-bottom: 30px;'>\n<div style='flex: 1 1 250px; border: 1px solid rgba(150&comma; 150&comma; 150&comma; 0.4); border-radius: 8px; overflow: hidden; display: flex; flex-direction: column;'>\n<div style='padding: 15px; border-bottom: 1px solid rgba(150&comma; 150&comma; 150&comma; 0.2); font-weight: bold; font-size: 18px; color: inherit;'>Especificaciones t\u00e9cnicas<\/div>\n<div style='padding: 15px; color: inherit;'>\n<ul style='padding-left: 20px; margin: 0; font-size: 14px; list-style-type: disc;'>\n<li style='margin-bottom: 5px;'><strong style='color: inherit;'>Frecuencias (MHz):<\/strong><\/li>\n<li style='margin-bottom: 5px;'>DFL143: 433.92<\/li>\n<li style='margin-bottom: 5px;'>DFL186: 868.35<\/li>\n<li style='margin-bottom: 5px;'><strong style='color: inherit;'>Bater\u00edas:<\/strong> 2X 1.5V&comma; AAA&comma; Alcalina<\/li>\n<li style='margin-bottom: 5px;'><strong style='color: inherit;'>Duraci\u00f3n de la bater\u00eda:<\/strong> Hasta 5 a\u00f1os (en uso t\u00edpico)<\/li>\n<li style='margin-bottom: 5px;'><strong style='color: inherit;'>Dimensiones:<\/strong> 8.5 X 3.5 X 1.4cm<\/li>\n<li style='margin-bottom: 5px;'><strong style='color: inherit;'>Longitud del cable del sensor:<\/strong> 2m<\/li>\n<li style='margin-bottom: 5px;'><strong style='color: inherit;'>Peso:<\/strong> 70gr<\/li>\n<li style='margin-bottom: 5px;'><strong style='color: inherit;'>Cumple con la normativa:<\/strong> CE<\/li>\n<li style='margin-bottom: 5px;'><strong style='color: inherit;'>Temperaturas de operaci\u00f3n:<\/strong> de -10 a +55 \u00b0C<\/li>\n<li style='margin-bottom: 5px;'><strong style='color: inherit;'>Humedad (M\u00e1x.):<\/strong> 93% R.H.&comma; Sin condensaci\u00f3n<\/li>\n<\/ul><\/div>\n<\/p><\/div>\n<div style='flex: 1 1 250px; border: 1px solid rgba(150&comma; 150&comma; 150&comma; 0.4); border-radius: 8px; overflow: hidden; display: flex; flex-direction: column;'>\n<div style='padding: 15px; border-bottom: 1px solid rgba(150&comma; 150&comma; 150&comma; 0.2); font-weight: bold; font-size: 18px; color: inherit;'>Contenido del paquete<\/div>\n<div style='padding: 15px; color: inherit;'>\n<ul style='padding-left: 20px; margin: 0; font-size: 14px; list-style-type: disc;'>\n<li style='margin-bottom: 5px;'>Detector DFL<\/li>\n<li style='margin-bottom: 5px;'>2 Bater\u00edas<\/li>\n<li style='margin-bottom: 5px;'>Tornillos y cintas de montaje<\/li>\n<li style='margin-bottom: 5px;'>Esta gu\u00eda<\/li>\n<\/ul><\/div>\n<\/p><\/div>\n<\/p><\/div>\n<div style='display: flex; flex-direction: column; align-items: center;'> <img style='width: 100%; height: auto; border: 1px solid rgba(150&comma;150&comma;150&comma;0.3); border-radius: 8px; max-width: 600px;' src='http:\/\/ftp3.syscom.mx\/usuarios\/yhermosillo\/PIMA\/Nuevo_force_panel.jpg' alt=''> <\/div>\n<hr style='border: 0; border-top: 1px solid rgba(150&comma; 150&comma; 150&comma; 0.3); margin: 30px 0;'> <\/div>\n","protected":false},"excerpt":{"rendered":"<p>DETECTOR INALAMBRICO DE INUNDACI\u00d3N SERIE FORCE<\/p>\n","protected":false},"featured_media":7135,"comment_status":"open","ping_status":"closed","template":"","meta":[],"product_brand":[],"product_cat":[32],"product_tag":[19,496,33],"class_list":{"0":"post-7136","1":"product","2":"type-product","3":"status-publish","4":"has-post-thumbnail","6":"product_cat-temperatura","7":"product_tag-detectores-sensores","8":"product_tag-pima","9":"product_tag-temperatura","11":"first","12":"instock","13":"sale","14":"shipping-taxable","15":"purchasable","16":"product-type-simple"},"_links":{"self":[{"href":"https:\/\/soydeaqui.ddns.net\/pachuca\/index.php\/wp-json\/wp\/v2\/product\/7136","targetHints":{"allow":["GET"]}}],"collection":[{"href":"https:\/\/soydeaqui.ddns.net\/pachuca\/index.php\/wp-json\/wp\/v2\/product"}],"about":[{"href":"https:\/\/soydeaqui.ddns.net\/pachuca\/index.php\/wp-json\/wp\/v2\/types\/product"}],"replies":[{"embeddable":true,"href":"https:\/\/soydeaqui.ddns.net\/pachuca\/index.php\/wp-json\/wp\/v2\/comments?post=7136"}],"wp:featuredmedia":[{"embeddable":true,"href":"https:\/\/soydeaqui.ddns.net\/pachuca\/index.php\/wp-json\/wp\/v2\/media\/7135"}],"wp:attachment":[{"href":"https:\/\/soydeaqui.ddns.net\/pachuca\/index.php\/wp-json\/wp\/v2\/media?parent=7136"}],"wp:term":[{"taxonomy":"product_brand","embeddable":true,"href":"https:\/\/soydeaqui.ddns.net\/pachuca\/index.php\/wp-json\/wp\/v2\/product_brand?post=7136"},{"taxonomy":"product_cat","embeddable":true,"href":"https:\/\/soydeaqui.ddns.net\/pachuca\/index.php\/wp-json\/wp\/v2\/product_cat?post=7136"},{"taxonomy":"product_tag","embeddable":true,"href":"https:\/\/soydeaqui.ddns.net\/pachuca\/index.php\/wp-json\/wp\/v2\/product_tag?post=7136"}],"curies":[{"name":"wp","href":"https:\/\/api.w.org\/{rel}","templated":true}]}}