{"id":71331,"date":"2026-03-19T12:01:13","date_gmt":"2026-03-19T12:01:13","guid":{"rendered":"https:\/\/soydeaqui.ddns.net\/pachuca\/index.php\/producto\/receptor-poe-poe-para-uso-con-transmisor-poextx1-hasta-610-metros-2000-ft-con-cable-cat5e-o-cat6-10-100mbps\/"},"modified":"2026-03-19T12:01:24","modified_gmt":"2026-03-19T12:01:24","slug":"receptor-poe-poe-para-uso-con-transmisor-poextx1-hasta-610-metros-2000-ft-con-cable-cat5e-o-cat6-10-100mbps","status":"publish","type":"product","link":"https:\/\/soydeaqui.ddns.net\/pachuca\/index.php\/producto\/receptor-poe-poe-para-uso-con-transmisor-poextx1-hasta-610-metros-2000-ft-con-cable-cat5e-o-cat6-10-100mbps\/","title":{"rendered":"Receptor PoE\/PoE+ Para Uso con Transmisor POEXTX1, Hasta 610 Metros (2000 ft) con Cable Cat5e o Cat6, 10\/100Mbps"},"content":{"rendered":"<div style='width: 100%; max-width: 1200px; margin: 0 auto; font-family: sans-serif; line-height: 1.6; color: inherit; background-color: transparent;'> <!-- Secci\u00f3n de descripci\u00f3n --> <\/p>\n<div style='margin-bottom: 30px;'>\n<p style='margin: 0 0 15px; color: inherit; font-size: 15px; background-color: transparent;'> Los extensores PoE son los m\u00e1s adecuados para proporcionar energ\u00eda y datos de 100Mbps a dispositivos compatibles con PoE IEEE 802.3af\/at como c\u00e1maras&comma; tel\u00e9fonos VoIP&comma; lectores de tarjetas de acceso&comma; luces PoE y otros&comma; a una distancia m\u00e1s all\u00e1 del canal est\u00e1ndar de 100m. Extendiendo datos y energ\u00eda hasta 610 m (2&comma;000 pies)&comma; los PoE Extenders son una soluci\u00f3n \u00f3ptima para la conectividad PoE en entornos empresariales. <\/p>\n<\/p><\/div>\n<p> <!-- Secci\u00f3n de especificaciones --> <\/p>\n<div style='display: flex; flex-wrap: wrap; gap: 20px; margin-bottom: 30px;'>\n<div style='flex: 1 1 250px; border: 1px solid rgba(150&comma; 150&comma; 150&comma; 0.4); border-radius: 8px; overflow: hidden; display: flex; flex-direction: column;'>\n<div style='padding: 15px; border-bottom: 1px solid rgba(150&comma; 150&comma; 150&comma; 0.2); font-weight: bold; font-size: 18px; color: inherit;'>Especificaciones T\u00e9cnicas del Receptor<\/div>\n<div style='padding: 15px; color: inherit;'>\n<ul style='padding-left: 20px; margin: 0; font-size: 14px; list-style-type: disc;'>\n<li style='margin-bottom: 5px;'>Dimensiones: 89.2 x 50.3 x 25.6 mm (Ancho x Alto x Largo) c\/u<\/li>\n<li style='margin-bottom: 5px;'>Peso: 114g (c\/u)<\/li>\n<li style='margin-bottom: 5px;'>Interfaz en ambos lados: RJ45<\/li>\n<li style='margin-bottom: 5px;'>Consumo: 1.5 Watts (c\/u)<\/li>\n<li style='margin-bottom: 5px;'>Capacidad de soporte de datos: 10BASE-T (para 10Mbps) o 100BASE-TX (para 100Mbps)<\/li>\n<li style='margin-bottom: 5px;'>Capacidad de soporte PoE: El dispositivo IP final debe ser compatible con IEEE 802.3af\/at<\/li>\n<li style='margin-bottom: 5px;'>Temperatura de Operaci\u00f3n: -40\u00b0C to 70\u00b0C (-40\u00b0F to 158\u00b0F)<\/li>\n<li style='margin-bottom: 5px;'>Humedad de de Operaci\u00f3n: 10% a 95% (sin condensaci\u00f3n) a 35\u00b0C<\/li>\n<li style='margin-bottom: 5px;'>Requerimientos de Cableado: 24 AWG de 2 pares m\u00ednimo&comma; 23 AWG de 4 pares recomendado<\/li>\n<li style='margin-bottom: 5px;'>Fuente de alimentaci\u00f3n opcional (No incluida): los extensores PoE aceptan una fuente de alimentaci\u00f3n con una salida de 55 Vcc\/2Amp (se requieren 37 a 56 Vcc&comma; se recomiendan 48 a 55 Vcc)<\/li>\n<\/ul><\/div>\n<\/p><\/div>\n<\/p><\/div>\n<p> <!-- Separador --> <\/p>\n<hr style='border: 0; border-top: 1px solid rgba(150&comma; 150&comma; 150&comma; 0.3); margin: 30px 0;'> <\/div>\n","protected":false},"excerpt":{"rendered":"<p>Receptor PoE\/PoE+ Para Uso con Transmisor POEXTX1, Hasta 610 Metros (2000 ft) con Cable Cat5e o Cat6, 10\/100Mbps<\/p>\n","protected":false},"featured_media":71330,"comment_status":"open","ping_status":"closed","template":"","meta":[],"product_brand":[],"product_cat":[1322],"product_tag":[664,445,1323],"class_list":{"0":"post-71331","1":"product","2":"type-product","3":"status-publish","4":"has-post-thumbnail","6":"product_cat-poe-de-largo-alcance","7":"product_tag-networking","8":"product_tag-panduit","9":"product_tag-poe-de-largo-alcance","11":"first","12":"instock","13":"sale","14":"shipping-taxable","15":"purchasable","16":"product-type-simple"},"_links":{"self":[{"href":"https:\/\/soydeaqui.ddns.net\/pachuca\/index.php\/wp-json\/wp\/v2\/product\/71331","targetHints":{"allow":["GET"]}}],"collection":[{"href":"https:\/\/soydeaqui.ddns.net\/pachuca\/index.php\/wp-json\/wp\/v2\/product"}],"about":[{"href":"https:\/\/soydeaqui.ddns.net\/pachuca\/index.php\/wp-json\/wp\/v2\/types\/product"}],"replies":[{"embeddable":true,"href":"https:\/\/soydeaqui.ddns.net\/pachuca\/index.php\/wp-json\/wp\/v2\/comments?post=71331"}],"wp:featuredmedia":[{"embeddable":true,"href":"https:\/\/soydeaqui.ddns.net\/pachuca\/index.php\/wp-json\/wp\/v2\/media\/71330"}],"wp:attachment":[{"href":"https:\/\/soydeaqui.ddns.net\/pachuca\/index.php\/wp-json\/wp\/v2\/media?parent=71331"}],"wp:term":[{"taxonomy":"product_brand","embeddable":true,"href":"https:\/\/soydeaqui.ddns.net\/pachuca\/index.php\/wp-json\/wp\/v2\/product_brand?post=71331"},{"taxonomy":"product_cat","embeddable":true,"href":"https:\/\/soydeaqui.ddns.net\/pachuca\/index.php\/wp-json\/wp\/v2\/product_cat?post=71331"},{"taxonomy":"product_tag","embeddable":true,"href":"https:\/\/soydeaqui.ddns.net\/pachuca\/index.php\/wp-json\/wp\/v2\/product_tag?post=71331"}],"curies":[{"name":"wp","href":"https:\/\/api.w.org\/{rel}","templated":true}]}}