{"id":71322,"date":"2026-03-19T12:00:55","date_gmt":"2026-03-19T12:00:55","guid":{"rendered":"https:\/\/soydeaqui.ddns.net\/pachuca\/index.php\/producto\/telefono-ip-profesional-para-hoteleria-montaje-en-pared-teclado-numerico-estandar-conferencia-de-3-vias-opus-y-poe-2\/"},"modified":"2026-03-19T12:01:07","modified_gmt":"2026-03-19T12:01:07","slug":"telefono-ip-profesional-para-hoteleria-montaje-en-pared-teclado-numerico-estandar-conferencia-de-3-vias-opus-y-poe-2","status":"publish","type":"product","link":"https:\/\/soydeaqui.ddns.net\/pachuca\/index.php\/producto\/telefono-ip-profesional-para-hoteleria-montaje-en-pared-teclado-numerico-estandar-conferencia-de-3-vias-opus-y-poe-2\/","title":{"rendered":"Tel\u00e9fono IP profesional para Hoteler\u00eda, montaje en pared,  teclado num\u00e9rico est\u00e1ndar, conferencia de 3 v\u00edas, Opus y PoE."},"content":{"rendered":"<div style='width: 100%; max-width: 1200px; margin: 0 auto; font-family: sans-serif; line-height: 1.6; color: inherit; background-color: transparent;'>\n<div style='display: flex; flex-wrap: wrap; gap: 30px; margin-bottom: 30px;'>\n<div style='flex: 1 1 300px; min-width: 280px;'> <img style='width: 100%; height: auto; border: 1px solid rgba(150&comma;150&comma;150&comma;0.3); border-radius: 8px;' src='https:\/\/ftp3.syscom.mx\/usuarios\/fotos\/H2UW\/188143-fanvil_h2u_compact_ip_phone_(1).gif' alt='Tel\u00e9fono IP Hotelero'> <\/div>\n<div style='flex: 1 1 300px; min-width: 280px;'>\n<h3 style='font-size: 22px; border-bottom: 2px solid currentColor; padding-bottom: 5px; margin-top: 0; color: inherit; opacity: 0.8;'>Tel\u00e9fono IP Hotelero<\/h3>\n<p>El tel\u00e9fono de servicio para hoteleria.<\/p>\n<ul style='padding-left: 20px; font-size: 15px; color: inherit;'>\n<li><strong>Audio HD<\/strong> con codec G.722 y <strong>Opus<\/strong><\/li>\n<li>2 l\u00edneas SIP<\/li>\n<li>Puerto 10\/100 con PoE<\/li>\n<li>Conferencia de 3 v\u00edas<\/li>\n<li>Instalaci\u00f3n en pared o mesa<\/li>\n<li>10 botones de marcado y una tecla DSS programable<\/li>\n<li><strong>OpenVPN<\/strong><\/li>\n<\/ul><\/div>\n<\/p><\/div>\n<div style='display: flex; flex-wrap: wrap; gap: 20px; margin-bottom: 30px;'>\n<div style='flex: 1 1 250px; border: 1px solid rgba(150&comma; 150&comma; 150&comma; 0.4); border-radius: 8px; overflow: hidden; display: flex; flex-direction: column;'>\n<div style='padding: 15px; border-bottom: 1px solid rgba(150&comma; 150&comma; 150&comma; 0.2); font-weight: bold; font-size: 18px; color: inherit;'>Caracter\u00edsticas principales<\/div>\n<div style='padding: 15px; color: inherit;'>\n<ul style='padding-left: 20px; margin: 0; font-size: 14px; list-style-type: disc;'>\n<li>2 l\u00edneas SIP<\/li>\n<li>Voz HD<\/li>\n<li>PoE<\/li>\n<li>Modo manos libres<\/li>\n<li>Teclas inteligentes DSS<\/li>\n<li>Montaje en pared o mesa<\/li>\n<li>Soporta Opus<\/li>\n<li>Compatible con las principales plataformas: Asterisk&comma; Broadsoft&comma; 3CX&comma; Metaswitch&comma; Elastix&comma; Avaya etc.<\/li>\n<li><strong>Garant\u00eda:<\/strong> 1 a\u00f1o<\/li>\n<\/ul><\/div>\n<\/p><\/div>\n<div style='flex: 1 1 250px; border: 1px solid rgba(150&comma; 150&comma; 150&comma; 0.4); border-radius: 8px; overflow: hidden; display: flex; flex-direction: column;'>\n<div style='padding: 15px; border-bottom: 1px solid rgba(150&comma; 150&comma; 150&comma; 0.2); font-weight: bold; font-size: 18px; color: inherit;'>Caracter\u00edsticas F\u00edsicas y El\u00e9ctricas<\/div>\n<div style='padding: 15px; color: inherit;'>\n<ul style='padding-left: 20px; margin: 0; font-size: 14px; list-style-type: disc;'>\n<li>Alimentaci\u00f3n v\u00eda PoE o 5V y 2A (<strong>No<\/strong> <strong>Incluye fuente DC<\/strong>)<\/li>\n<li>1 puerto RJ45<\/li>\n<li>Material: pl\u00e1stico<\/li>\n<li>Temperatura de operaci\u00f3n: 0\u00ba ~ 45\u00ba C<\/li>\n<\/ul><\/div>\n<\/p><\/div>\n<div style='flex: 1 1 250px; border: 1px solid rgba(150&comma; 150&comma; 150&comma; 0.4); border-radius: 8px; overflow: hidden; display: flex; flex-direction: column;'>\n<div style='padding: 15px; border-bottom: 1px solid rgba(150&comma; 150&comma; 150&comma; 0.2); font-weight: bold; font-size: 18px; color: inherit;'>Caracter\u00edsticas de Red<\/div>\n<div style='padding: 15px; color: inherit;'>\n<ul style='padding-left: 20px; margin: 0; font-size: 14px; list-style-type: disc;'>\n<li>Puerto de red 10\/100Mbps<\/li>\n<li>VPN: L2TP \/ OpenVPN<\/li>\n<li>VLAN<\/li>\n<li>LLDP<\/li>\n<li>IPv4\/IPv6\/IPv4&#038;IPv6<\/li>\n<li>SIP 2.0 sobre UDP\/TCP\/TLS<\/li>\n<li>PPPoE<\/li>\n<li>QoS<\/li>\n<\/ul><\/div>\n<\/p><\/div>\n<\/p><\/div>\n<hr style='border: 0; border-top: 1px solid rgba(150&comma; 150&comma; 150&comma; 0.3); margin: 30px 0;'> <\/div>\n","protected":false},"excerpt":{"rendered":"<p>Tel\u00e9fono IP profesional para Hoteler\u00eda, montaje en pared,  teclado num\u00e9rico est\u00e1ndar, conferencia de 3 v\u00edas, Opus y PoE.<\/p>\n","protected":false},"featured_media":71321,"comment_status":"open","ping_status":"closed","template":"","meta":[],"product_brand":[],"product_cat":[907],"product_tag":[859,908,557],"class_list":{"0":"post-71322","1":"product","2":"type-product","3":"status-publish","4":"has-post-thumbnail","6":"product_cat-interfones","7":"product_tag-fanvil","8":"product_tag-interfones","9":"product_tag-videoporteros-e-interfonos","11":"first","12":"instock","13":"sale","14":"shipping-taxable","15":"purchasable","16":"product-type-simple"},"_links":{"self":[{"href":"https:\/\/soydeaqui.ddns.net\/pachuca\/index.php\/wp-json\/wp\/v2\/product\/71322","targetHints":{"allow":["GET"]}}],"collection":[{"href":"https:\/\/soydeaqui.ddns.net\/pachuca\/index.php\/wp-json\/wp\/v2\/product"}],"about":[{"href":"https:\/\/soydeaqui.ddns.net\/pachuca\/index.php\/wp-json\/wp\/v2\/types\/product"}],"replies":[{"embeddable":true,"href":"https:\/\/soydeaqui.ddns.net\/pachuca\/index.php\/wp-json\/wp\/v2\/comments?post=71322"}],"wp:featuredmedia":[{"embeddable":true,"href":"https:\/\/soydeaqui.ddns.net\/pachuca\/index.php\/wp-json\/wp\/v2\/media\/71321"}],"wp:attachment":[{"href":"https:\/\/soydeaqui.ddns.net\/pachuca\/index.php\/wp-json\/wp\/v2\/media?parent=71322"}],"wp:term":[{"taxonomy":"product_brand","embeddable":true,"href":"https:\/\/soydeaqui.ddns.net\/pachuca\/index.php\/wp-json\/wp\/v2\/product_brand?post=71322"},{"taxonomy":"product_cat","embeddable":true,"href":"https:\/\/soydeaqui.ddns.net\/pachuca\/index.php\/wp-json\/wp\/v2\/product_cat?post=71322"},{"taxonomy":"product_tag","embeddable":true,"href":"https:\/\/soydeaqui.ddns.net\/pachuca\/index.php\/wp-json\/wp\/v2\/product_tag?post=71322"}],"curies":[{"name":"wp","href":"https:\/\/api.w.org\/{rel}","templated":true}]}}