{"id":71314,"date":"2026-03-19T12:00:35","date_gmt":"2026-03-19T12:00:35","guid":{"rendered":"https:\/\/soydeaqui.ddns.net\/pachuca\/index.php\/producto\/switch-administrable-l2-16-puertos-10-100-1000t-ultra-poe-4-puertos-gigabit-combo-tp-sfp\/"},"modified":"2026-03-19T12:00:50","modified_gmt":"2026-03-19T12:00:50","slug":"switch-administrable-l2-16-puertos-10-100-1000t-ultra-poe-4-puertos-gigabit-combo-tp-sfp","status":"publish","type":"product","link":"https:\/\/soydeaqui.ddns.net\/pachuca\/index.php\/producto\/switch-administrable-l2-16-puertos-10-100-1000t-ultra-poe-4-puertos-gigabit-combo-tp-sfp\/","title":{"rendered":"Switch administrable L2, 16 puertos 10\/100\/1000T Ultra PoE + 4 puertos Gigabit Combo TP\/SFP"},"content":{"rendered":"<div style='width: 100%; max-width: 1200px; margin: 0 auto; font-family: sans-serif; line-height: 1.6; color: inherit; background-color: transparent;'>\n<div style='display: flex; flex-direction: column; gap: 30px;'>\n<div style='flex: 1 1 300px; min-width: 280px;'>\n<p style='font-size: 16px; margin: 0; color: inherit;'> <strong style='color: inherit;'>Un conmutador administrado Ultra PoE de nueva generaci\u00f3n con conmutaci\u00f3n avanzada L2 \/ L4 y seguridad<\/strong><br \/> PLANET GS-4210-16UP4C es un conmutador administrado Gigabit Ultra PoE de 1U y costo optimizado que ofrece funciones inteligentes PLANET PoE para mejorar la disponibilidad de aplicaciones comerciales cr\u00edticas. Proporciona administraci\u00f3n de doble pila IPv6 \/ IPv4 y motor de conmutaci\u00f3n Gigabit L2 \/ L4 incorporado junto con 16 puertos 10\/100 \/ 1000BASE-T con Ultra PoE de 60 vatios y 4 puertos combo Gigabit TP \/ SFP adicionales. Con un presupuesto de energ\u00eda total de hasta 400 vatios para diferentes tipos de aplicaciones PoE&comma; respectivamente&comma; el GS-4210-16UP4C proporciona una soluci\u00f3n de red Ultra PoE r\u00e1pida&comma; segura y rentable para peque\u00f1as empresas y empresas. <\/p>\n<\/p><\/div>\n<div style='flex: 1 1 300px; min-width: 280px;'> <img style='width: 100%; height: auto; border: 1px solid rgba(150&comma;150&comma;150&comma;0.3); border-radius: 8px;' src='https:\/\/www.planet.com.tw\/storage\/products\/48858\/GS-4210-16UP4C_Front-Panel-Introducton_L.png' alt=''> <\/div>\n<div style='flex: 1 1 300px; min-width: 280px;'>\n<h3 style='font-size: 22px; border-bottom: 2px solid currentColor; padding-bottom: 5px; margin-top: 0; color: inherit; opacity: 0.8;'>60 vatios de potencia sobre UTP de 4 pares<\/h3>\n<p style='font-size: 16px; margin: 0; color: inherit;'> La soluci\u00f3n GS-4210-16UP4C Ultra PoE adopta el est\u00e1ndar IEEE 802.3at \/ af. En lugar de suministrar energ\u00eda a trav\u00e9s de UTP retorcido de 2 pares&comma; ya sea de tramo final (Pin 1&comma; 2&comma; 3 y 6) o medio tramo (Pin 4&comma; 5&comma; 7 y 8)&comma; proporciona la capacidad de generar hasta 60 vatios de potencia mediante el uso de los cuatro pares de cableado Ethernet est\u00e1ndar Cat.5e \/ 6. En el nuevo sistema de 4 pares&comma; se utilizar\u00e1n dos controladores PSE para alimentar tanto los pares de datos como los pares de repuesto. Puede ofrecer m\u00e1s aplicaciones PoE&comma; como: <\/p>\n<ul style='padding-left: 20px; font-size: 15px; color: inherit; margin: 15px 0 0 20px;'>\n<li style='margin-bottom: 5px;'>Domo de velocidad PTZ PoE<\/li>\n<li style='margin-bottom: 5px;'>Cualquier dispositivo de red que necesite una mayor potencia PoE para funcionar normalmente<\/li>\n<li style='margin-bottom: 15px;'>Cliente ligero<\/li>\n<li style='margin-bottom: 15px;'>PC t\u00e1ctil AIO (todo en uno)<\/li>\n<li>Pantalla de se\u00f1alizaci\u00f3n digital remota<\/li>\n<\/ul><\/div>\n<div style='flex: 1 1 300px; min-width: 280px;'> <img style='width: 100%; height: auto; border: 1px solid rgba(150&comma;150&comma;150&comma;0.3); border-radius: 8px;' src='https:\/\/www.planet.com.tw\/storage\/products\/48858\/POE-171-171S-1_L.gif' alt=''> <\/div>\n<div style='flex: 1 1 300px; min-width: 280px;'>\n<h3 style='font-size: 22px; border-bottom: 2px solid currentColor; padding-bottom: 5px; margin-top: 0; color: inherit; opacity: 0.8;'>Funciones PoE exclusivas incorporadas para la administraci\u00f3n de dispositivos alimentados<\/h3>\n<p style='font-size: 16px; margin: 15px 0; color: inherit;'> Como es el interruptor PoE administrado para redes de vigilancia&comma; inal\u00e1mbricas y VoIP&comma; el GS-4210-16UP4C presenta las siguientes funciones especiales de administraci\u00f3n PoE: <\/p>\n<ul style='padding-left: 20px; font-size: 15px; color: inherit; margin: 0 0 15px 20px;'>\n<li style='margin-bottom: 5px;'>Verificaci\u00f3n activa de PD<\/li>\n<li style='margin-bottom: 5px;'>Reciclaje de energ\u00eda programado<\/li>\n<li style='margin-bottom: 5px;'>Programa PoE<\/li>\n<li style='margin-bottom: 15px;'>Monitoreo del uso de PoE<\/li>\n<\/ul>\n<h3 style='font-size: 22px; border-bottom: 2px solid currentColor; padding-bottom: 5px; margin-top: 15px; margin-bottom: 15px; color: inherit; opacity: 0.8;'>Comprobaci\u00f3n inteligente de dispositivos activos en vivo<\/h3>\n<p style='font-size: 16px; margin: 0; color: inherit;'> El GS-4210-16UP4C puede configurarse para monitorear el estado del PD (dispositivo alimentado) conectado en tiempo real mediante la acci\u00f3n de ping. Una vez que el PD deja de funcionar y responde&comma; el GS-4210-16UP4C reanudar\u00e1 la alimentaci\u00f3n del puerto PoE y har\u00e1 que el PD vuelva a funcionar. Mejorar\u00e1 en gran medida la confiabilidad de la red a trav\u00e9s del puerto PoE que restablece la fuente de alimentaci\u00f3n del PD y reduce la carga de administraci\u00f3n del administrador. <\/p>\n<\/p><\/div>\n<div style='flex: 1 1 300px; min-width: 280px;'> <img style='width: 100%; height: auto; border: 1px solid rgba(150&comma;150&comma;150&comma;0.3); border-radius: 8px;' src='https:\/\/www.planet.com.tw\/storage\/products\/48858\/SGS-5220-24T2X-8_L.png' alt=''> <\/div>\n<div style='flex: 1 1 300px; min-width: 280px;'>\n<h3 style='font-size: 22px; border-bottom: 2px solid currentColor; padding-bottom: 5px; margin-top: 0; color: inherit; opacity: 0.8;'>Reciclaje de energ\u00eda programado<\/h3>\n<p style='font-size: 16px; margin: 15px 0; color: inherit;'> El GS-4210-16UP4C permite que cada una de las c\u00e1maras IP PoE conectadas o puntos de acceso inal\u00e1mbrico PoE se reinicien a una hora espec\u00edfica cada semana. Por lo tanto&comma; reducir\u00e1 la posibilidad de que la c\u00e1mara IP o el AP se bloqueen como resultado del desbordamiento del b\u00fafer. <\/p>\n<\/p><\/div>\n<div style='flex: 1 1 300px; min-width: 280px;'> <img style='width: 100%; height: auto; border: 1px solid rgba(150&comma;150&comma;150&comma;0.3); border-radius: 8px;' src='https:\/\/www.planet.com.tw\/storage\/products\/48858\/WGSW-20160HP-8_L.gif' alt=''> <\/div>\n<div style='flex: 1 1 300px; min-width: 280px;'>\n<h3 style='font-size: 22px; border-bottom: 2px solid currentColor; padding-bottom: 5px; margin-top: 0; color: inherit; opacity: 0.8;'>Programa de PoE para el ahorro de energ\u00eda<\/h3>\n<p style='font-size: 16px; margin: 15px 0; color: inherit;'> Bajo la tendencia de ahorro de energ\u00eda en todo el mundo y que contribuye a la protecci\u00f3n del medio ambiente&comma; el GS-4210-16UP4C puede controlar de manera efectiva la fuente de alimentaci\u00f3n adem\u00e1s de su capacidad de proporcionar una alta potencia de vatios. La funci\u00f3n &#8216;Programaci\u00f3n PoE&#8217; lo ayuda a habilitar o deshabilitar la alimentaci\u00f3n de energ\u00eda PoE para cada puerto PoE durante intervalos de tiempo espec\u00edficos y es una funci\u00f3n poderosa para ayudar a las PYMES o Empresas a ahorrar energ\u00eda y dinero. Tambi\u00e9n aumenta la seguridad al apagar las PD que no deber\u00edan estar en uso fuera del horario comercial. <\/p>\n<\/p><\/div>\n<div style='flex: 1 1 300px; min-width: 280px;'> <img style='width: 100%; height: auto; border: 1px solid rgba(150&comma;150&comma;150&comma;0.3); border-radius: 8px;' src='https:\/\/www.planet.com.tw\/storage\/products\/48858\/SGS-5220-24T2X-6_L.png' alt=''> <\/div>\n<div style='flex: 1 1 300px; min-width: 280px;'>\n<h3 style='font-size: 22px; border-bottom: 2px solid currentColor; padding-bottom: 5px; margin-top: 0; color: inherit; opacity: 0.8;'>Monitoreo de uso de PoE<\/h3>\n<p style='font-size: 16px; margin: 15px 0; color: inherit;'> A trav\u00e9s de la tabla de uso de energ\u00eda en la interfaz de administraci\u00f3n web&comma; el GS-4210-16UP4C permite al administrador monitorear el estado del uso de energ\u00eda de los PD conectados en tiempo real. Por lo tanto&comma; mejora en gran medida la eficiencia de gesti\u00f3n de las instalaciones. <\/p>\n<h3 style='font-size: 22px; border-bottom: 2px solid currentColor; padding-bottom: 5px; margin-top: 15px; margin-bottom: 15px; color: inherit; opacity: 0.8;'>Dise\u00f1o de ventilador inteligente y respetuoso con el medio ambiente para un funcionamiento silencioso<\/h3>\n<p style='font-size: 16px; margin: 0 0 15px; color: inherit;'> El GS-4210-16UP4C presenta una carcasa met\u00e1lica del tama\u00f1o de una mesa&comma; un dise\u00f1o de bajo ruido y un sistema de ventilaci\u00f3n eficaz. Admite la tecnolog\u00eda de ventilador inteligente que controla autom\u00e1ticamente la velocidad del ventilador incorporado para reducir el ruido y mantener la temperatura del interruptor PoE para una capacidad de salida de potencia \u00f3ptima. El GS-4210-16UP4C puede operar de manera confiable&comma; estable y silenciosa en cualquier entorno sin afectar su rendimiento. <\/p>\n<h3 style='font-size: 22px; border-bottom: 2px solid currentColor; padding-bottom: 5px; margin-top: 15px; margin-bottom: 15px; color: inherit; opacity: 0.8;'>Gesti\u00f3n de doble pila IPv6 \/ IPv4<\/h3>\n<p style='font-size: 16px; margin: 0 0 15px; color: inherit;'> Al admitir los protocolos IPv6 e IPv4&comma; el GS-4210-16UP4C ayuda a las PYMES a avanzar en la era de IPv6 con la inversi\u00f3n m\u00e1s baja ya que sus instalaciones de red no necesitan ser reemplazadas o revisadas si la red de borde FTTx de IPv6 est\u00e1 configurada. <\/p>\n<h3 style='font-size: 22px; border-bottom: 2px solid currentColor; padding-bottom: 5px; margin-top: 15px; margin-bottom: 15px; color: inherit; opacity: 0.8;'>Caracter\u00edsticas robustas de la capa 2<\/h3>\n<p style='font-size: 16px; margin: 0 0 15px; color: inherit;'> El GS-4210-16UP4C se puede programar para funciones avanzadas de administraci\u00f3n de conmutadores&comma; como agregaci\u00f3n de enlace de puerto din\u00e1mico&comma; VLAN 802.1Q y VLAN Q-in-Q&comma; Protocolo de \u00e1rbol de expansi\u00f3n m\u00faltiple (MSTP)&comma; protecci\u00f3n de bucle y BPDU&comma; IGMP husmeando y MLD husmeando. A trav\u00e9s de la agregaci\u00f3n de enlaces&comma; el GS-4210-16UP4C permite la operaci\u00f3n de un enlace troncal de alta velocidad para combinar con m\u00faltiples puertos&comma; y tambi\u00e9n admite la conmutaci\u00f3n por error. Tambi\u00e9n el Link Layer Discovery Protocol (LLDP) es el protocolo de capa 2 incluido para ayudar a descubrir informaci\u00f3n b\u00e1sica sobre dispositivos vecinos en el dominio de transmisi\u00f3n local. <\/p>\n<\/p><\/div>\n<div style='flex: 1 1 300px; min-width: 280px;'> <img style='width: 100%; height: auto; border: 1px solid rgba(150&comma;150&comma;150&comma;0.3); border-radius: 8px;' src='https:\/\/www.planet.com.tw\/storage\/products\/48858\/GS-4210-24P4C-1_L.gif' alt=''> <\/div>\n<div style='flex: 1 1 300px; min-width: 280px;'>\n<h3 style='font-size: 22px; border-bottom: 2px solid currentColor; padding-bottom: 5px; margin-top: 0; color: inherit; opacity: 0.8;'>Control de tr\u00e1fico eficiente<\/h3>\n<p style='font-size: 16px; margin: 15px 0; color: inherit;'> El GS-4210-16UP4C est\u00e1 cargado con caracter\u00edsticas robustas de QoS y una potente administraci\u00f3n de tr\u00e1fico para mejorar los servicios de soluciones de datos&comma; voz y video de clase empresarial. La funcionalidad incluye control de tormentas de difusi\u00f3n \/ multidifusi\u00f3n&comma; control de ancho de banda por puerto&comma; prioridad de QoS de DSCP IP y remarcado. Garantiza el mejor rendimiento para la transmisi\u00f3n de VoIP y transmisi\u00f3n de video&comma; y permite a las empresas aprovechar al m\u00e1ximo los recursos limitados de la red. <\/p>\n<h3 style='font-size: 22px; border-bottom: 2px solid currentColor; padding-bottom: 5px; margin-top: 15px; margin-bottom: 15px; color: inherit; opacity: 0.8;'>Potente seguridad<\/h3>\n<p style='font-size: 16px; margin: 0 0 15px; color: inherit;'> PLANET GS-4210-16UP4C ofrece una completa lista de control de acceso (ACL) IPv4 \/ IPv6 de capa 2 a capa 4 para hacer cumplir la seguridad hasta el borde. Se puede utilizar para restringir el acceso a la red al negar paquetes basados en la direcci\u00f3n IP de origen y destino&comma; puertos TCP \/ UDP o aplicaciones de red t\u00edpicas definidas. Su mecanismo de protecci\u00f3n tambi\u00e9n comprende la autenticaci\u00f3n de usuarios y dispositivos basados en puertos 802.1X&comma; que se puede implementar con RADIUS para garantizar la seguridad a nivel de puerto y bloquear usuarios ilegales. Con la funci\u00f3n de puerto protegido&comma; se puede evitar la comunicaci\u00f3n entre los puertos de borde para garantizar la privacidad del usuario. Adem\u00e1s&comma; la funci\u00f3n de seguridad del puerto permite limitar la cantidad de dispositivos de red en un puerto determinado. <\/p>\n<h3 style='font-size: 22px; border-bottom: 2px solid currentColor; padding-bottom: 5px; margin-top: 15px; margin-bottom: 15px; color: inherit; opacity: 0.8;'>Seguridad de red avanzada<\/h3>\n<p style='font-size: 16px; margin: 0; color: inherit;'> El GS-4210-16UP4C tambi\u00e9n proporciona detecci\u00f3n DHCP&comma; protecci\u00f3n de fuente IP y funciones din\u00e1micas de inspecci\u00f3n ARP para evitar el ataque de IP snooping y descartar paquetes ARP con una direcci\u00f3n MAC no v\u00e1lida. Los administradores de red ahora pueden construir redes corporativas altamente seguras con mucho menos tiempo y esfuerzo que antes. <\/p>\n<\/p><\/div>\n<div style='flex: 1 1 300px; min-width: 280px;'>\n<h3 style='font-size: 22px; border-bottom: 2px solid currentColor; padding-bottom: 5px; margin-top: 0; color: inherit; opacity: 0.8;'>Administraci\u00f3n amigable y segura<\/h3>\n<p style='font-size: 16px; margin: 15px 0; color: inherit;'> Para una administraci\u00f3n eficiente&comma; el GS-4210-16UP4C est\u00e1 equipado con interfaces de administraci\u00f3n web&comma; Telnet y SNMP. Con la interfaz de administraci\u00f3n basada en la web incorporada&comma; el GS-4210-16UP4C ofrece una instalaci\u00f3n de administraci\u00f3n y configuraci\u00f3n f\u00e1cil de usar&comma; independiente de la plataforma. Al admitir el SNMP est\u00e1ndar&comma; el conmutador se puede administrar a trav\u00e9s de cualquier software de administraci\u00f3n est\u00e1ndar. Para la gesti\u00f3n basada en texto&comma; se puede acceder al conmutador a trav\u00e9s de Telnet. Adem\u00e1s&comma; el GS-4210-16UP4C ofrece gesti\u00f3n remota segura al admitir conexiones SSH&comma; SSL y SNMP v3 que encriptan el contenido del paquete en cada sesi\u00f3n. <\/p>\n<h3 style='font-size: 22px; border-bottom: 2px solid currentColor; padding-bottom: 5px; margin-top: 15px; margin-bottom: 15px; color: inherit; opacity: 0.8;'>Soluci\u00f3n de flexibilidad y extensi\u00f3n de larga distancia<\/h3>\n<p style='font-size: 16px; margin: 0 0 15px; color: inherit;'> Las cuatro ranuras mini-GBIC integradas en el GS-4210-16UP4C son compatibles con la detecci\u00f3n autom\u00e1tica SFP y la velocidad dual&comma; ya que cuentan con transceptores de fibra 100BASE-FX SFP y 1000BASE-SX \/ LX SFP (conector de factor de forma peque\u00f1o) para enlace ascendente al interruptor de red troncal y Centro de monitoreo a larga distancia. La distancia puede extenderse de 550 metros a 2 kil\u00f3metros (fibra multimodo) y hasta m\u00e1s de 10\/20\/30\/40\/50\/70\/120 kil\u00f3metros (fibra monomodo o fibra WDM). Son adecuados para aplicaciones dentro de los centros de datos y distribuciones empresariales. <\/p>\n<h3 style='font-size: 22px; border-bottom: 2px solid currentColor; padding-bottom: 5px; margin-top: 15px; margin-bottom: 15px; color: inherit; opacity: 0.8;'>Mecanismo de diagn\u00f3stico inteligente SFP<\/h3>\n<p style='font-size: 16px; margin: 0; color: inherit;'> El GS-4210-16UP4C es compatible con SFP-DDM (Monitor de diagn\u00f3stico digital) funci\u00f3n que puede monitorear f\u00e1cilmente los par\u00e1metros en tiempo real del SFP para el administrador de la red&comma; como la potencia de salida \u00f3ptica&comma; la potencia de entrada \u00f3ptica&comma; la temperatura&comma; la corriente de polarizaci\u00f3n del l\u00e1ser y el voltaje de alimentaci\u00f3n del transceptor. <\/p>\n<\/p><\/div>\n<div style='flex: 1 1 300px; min-width: 280px;'>\n<h3 style='font-size: 22px; border-bottom: 2px solid currentColor; padding-bottom: 5px; margin-top: 0; color: inherit; opacity: 0.8;'>Puerto f\u00edsico<\/h3>\n<ul style='padding-left: 20px; font-size: 15px; color: inherit; margin: 15px 0;'>\n<li style='margin-bottom: 5px;'><strong style='color: inherit;'>20 10\/100 \/ 1000BASE-T<\/strong> puertos de cobre Gigabit RJ45 con 6-Port IEEE 802.3at \/ af \/ Ultra PoE inyector<\/li>\n<li style='margin-bottom: 5px;'><strong style='color: inherit;'>4<\/strong> ranuras 100 \/ 1000BASE-X mini-GBIC \/ SFP&comma; compartidas con el puerto 17 al puerto 20 compatible con 100BASE-FX SFP<\/li>\n<li style='margin-bottom: 5px;'>Interfaz de consola RJ45 para la gesti\u00f3n y configuraci\u00f3n b\u00e1sica del conmutador<\/li>\n<\/ul>\n<h3 style='font-size: 22px; border-bottom: 2px solid currentColor; padding-bottom: 5px; margin-top: 15px; margin-bottom: 15px; color: inherit; opacity: 0.8;'>Alimentaci\u00f3n a trav\u00e9s de Ethernet<\/h3>\n<ul style='padding-left: 20px; font-size: 15px; color: inherit; margin: 15px 0;'>\n<li style='margin-bottom: 5px;'>Cumple con IEEE 802.3at Power over Ethernet Plus&comma; PSE de rango medio \/ medio<\/li>\n<li style='margin-bottom: 5px;'>Compatible con versiones anteriores de IEEE 802.3af Power over Ethernet<\/li>\n<li style='margin-bottom: 5px;'>Hasta 16 puertos de dispositivos IEEE 802.3af \/ IEEE 802.3at \/ Ultra PoE con alimentaci\u00f3n<\/li>\n<li style='margin-bottom: 5px;'>Admite alimentaci\u00f3n PoE de hasta 60 vatios para cada puerto ultra PoE<\/li>\n<li style='margin-bottom: 5px;'>Detecta autom\u00e1ticamente el dispositivo alimentado (PD)<\/li>\n<li style='margin-bottom: 5px;'>La protecci\u00f3n del circuito evita la interferencia de energ\u00eda entre los puertos<\/li>\n<li style='margin-bottom: 5px;'>Alimentaci\u00f3n remota de hasta 100 metros en modo est\u00e1ndar y 250 m en modo extendido<\/li>\n<li style='margin-bottom: 15px;'>Gesti\u00f3n de PoE<\/li>\n<\/ul>\n<ul style='padding-left: 40px; font-size: 15px; color: inherit; margin: 0 0 15px 20px;'>\n<li style='margin-bottom: 5px;'>Control total del presupuesto de energ\u00eda PoE<\/li>\n<li style='margin-bottom: 5px;'>Activar \/ desactivar la funci\u00f3n PoE por puerto<\/li>\n<li style='margin-bottom: 5px;'>Prioridad de alimentaci\u00f3n de energ\u00eda del puerto PoE<\/li>\n<li style='margin-bottom: 5px;'>Por limitaci\u00f3n de energ\u00eda del puerto PoE<\/li>\n<li style='margin-bottom: 5px;'>Detecci\u00f3n de clasificaci\u00f3n PD<\/li>\n<li style='margin-bottom: 5px;'>Verificaci\u00f3n de PD vivo<\/li>\n<li style='margin-bottom: 5px;'>Horario PoE<\/li>\n<\/ul>\n<h3 style='font-size: 22px; border-bottom: 2px solid currentColor; padding-bottom: 5px; margin-top: 15px; margin-bottom: 15px; color: inherit; opacity: 0.8;'>Capa 2 Caracter\u00edsticas<\/h3>\n<ul style='padding-left: 20px; font-size: 15px; color: inherit; margin: 15px 0;'>\n<li style='margin-bottom: 5px;'>Previene la p\u00e9rdida de paquetes con contrapresi\u00f3n (half-duplex) y control de flujo de trama de pausa IEEE 802.3x (full-duplex)<\/li>\n<li style='margin-bottom: 5px;'>Arquitectura de almacenamiento y reenv\u00edo de alto rendimiento&comma; control de tormentas de difusi\u00f3n y filtrado runt \/ CRC que elimina paquetes err\u00f3neos para optimizar el ancho de banda de la red<\/li>\n<li style='margin-bottom: 5px;'>Soporta VLAN<\/li>\n<\/ul>\n<ul style='padding-left: 40px; font-size: 15px; color: inherit; margin: 0 0 15px 20px;'>\n<li style='margin-bottom: 5px;'>IEEE 802.1Q etiquetada VLAN<\/li>\n<li style='margin-bottom: 5px;'>Soporte de puenteo de proveedor (VLAN Q-in-Q) (IEEE 802.1ad)<\/li>\n<li style='margin-bottom: 5px;'>Protocolo VLAN<\/li>\n<li style='margin-bottom: 5px;'>VLAN de voz<\/li>\n<li style='margin-bottom: 5px;'>VLAN privada<\/li>\n<li style='margin-bottom: 5px;'>VLAN de gesti\u00f3n<\/li>\n<li style='margin-bottom: 5px;'>GVRP<\/li>\n<\/ul>\n<ul style='padding-left: 20px; font-size: 15px; color: inherit; margin: 0 0 15px;'>\n<li style='margin-bottom: 5px;'>Admite el protocolo Spanning Tree<\/li>\n<\/ul>\n<ul style='padding-left: 40px; font-size: 15px; color: inherit; margin: 0 0 15px 20px;'>\n<li style='margin-bottom: 5px;'>STP (Protocolo de \u00e1rbol de expansi\u00f3n)<\/li>\n<li style='margin-bottom: 5px;'>RSTP (Protocolo de \u00e1rbol de expansi\u00f3n r\u00e1pida)<\/li>\n<li style='margin-bottom: 5px;'>MSTP (Protocolo de \u00e1rbol de expansi\u00f3n m\u00faltiple)<\/li>\n<li style='margin-bottom: 5px;'>STP BPDU Guard&comma; filtrado de BPDU y reenv\u00edo de BPDU<\/li>\n<\/ul>\n<ul style='padding-left: 20px; font-size: 15px; color: inherit; margin: 0 0 15px;'>\n<li style='margin-bottom: 5px;'>Admite agregaci\u00f3n de enlaces<\/li>\n<\/ul>\n<ul style='padding-left: 40px; font-size: 15px; color: inherit; margin: 0 0 15px 20px;'>\n<li style='margin-bottom: 5px;'>Protocolo de control de agregaci\u00f3n de enlaces IEEE 802.3ad (LACP)<\/li>\n<li style='margin-bottom: 5px;'>Cisco ether-channel (troncal est\u00e1tica)<\/li>\n<\/ul>\n<ul style='padding-left: 20px; font-size: 15px; color: inherit; margin: 0 0 15px;'>\n<li style='margin-bottom: 5px;'>Proporciona espejo de puerto (muchos a 1)<\/li>\n<li style='margin-bottom: 5px;'>Protecci\u00f3n de bucle para evitar bucles de difusi\u00f3n<\/li>\n<\/ul>\n<h3 style='font-size: 22px; border-bottom: 2px solid currentColor; padding-bottom: 5px; margin-top: 15px; margin-bottom: 15px; color: inherit; opacity: 0.8;'>Calidad de servicio<\/h3>\n<ul style='padding-left: 20px; font-size: 15px; color: inherit; margin: 15px 0;'>\n<li style='margin-bottom: 5px;'>L\u00edmite de velocidad de entrada y salida por control de ancho de banda de puerto<\/li>\n<li style='margin-bottom: 5px;'>Control de tormentas<\/li>\n<\/ul>\n<ul style='padding-left: 40px; font-size: 15px; color: inherit; margin: 0 0 15px 20px;'>\n<li style='margin-bottom: 5px;'>Broadcast \/ Unicast desconocido \/ Multicast desconocido<\/li>\n<\/ul>\n<ul style='padding-left: 20px; font-size: 15px; color: inherit; margin: 0 0 15px;'>\n<li style='margin-bottom: 5px;'>Clasificaci\u00f3n del tr\u00e1fico<\/li>\n<\/ul>\n<ul style='padding-left: 40px; font-size: 15px; color: inherit; margin: 0 0 15px 20px;'>\n<li style='margin-bottom: 5px;'>IEEE 802.1p CoS<\/li>\n<li style='margin-bottom: 5px;'>Precedencia TOS \/ DSCP<\/li>\n<\/ul><\/div>\n<\/p><\/div>\n<\/p><\/div>\n","protected":false},"excerpt":{"rendered":"<p>Switch administrable L2, 16 puertos 10\/100\/1000T Ultra PoE + 4 puertos Gigabit Combo TP\/SFP<\/p>\n","protected":false},"featured_media":71313,"comment_status":"open","ping_status":"closed","template":"","meta":[],"product_brand":[],"product_cat":[1986],"product_tag":[664,2033,1987],"class_list":{"0":"post-71314","1":"product","2":"type-product","3":"status-publish","4":"has-post-thumbnail","6":"product_cat-switches-poe","7":"product_tag-networking","8":"product_tag-planet","9":"product_tag-switches-poe","11":"first","12":"instock","13":"sale","14":"shipping-taxable","15":"purchasable","16":"product-type-simple"},"_links":{"self":[{"href":"https:\/\/soydeaqui.ddns.net\/pachuca\/index.php\/wp-json\/wp\/v2\/product\/71314","targetHints":{"allow":["GET"]}}],"collection":[{"href":"https:\/\/soydeaqui.ddns.net\/pachuca\/index.php\/wp-json\/wp\/v2\/product"}],"about":[{"href":"https:\/\/soydeaqui.ddns.net\/pachuca\/index.php\/wp-json\/wp\/v2\/types\/product"}],"replies":[{"embeddable":true,"href":"https:\/\/soydeaqui.ddns.net\/pachuca\/index.php\/wp-json\/wp\/v2\/comments?post=71314"}],"wp:featuredmedia":[{"embeddable":true,"href":"https:\/\/soydeaqui.ddns.net\/pachuca\/index.php\/wp-json\/wp\/v2\/media\/71313"}],"wp:attachment":[{"href":"https:\/\/soydeaqui.ddns.net\/pachuca\/index.php\/wp-json\/wp\/v2\/media?parent=71314"}],"wp:term":[{"taxonomy":"product_brand","embeddable":true,"href":"https:\/\/soydeaqui.ddns.net\/pachuca\/index.php\/wp-json\/wp\/v2\/product_brand?post=71314"},{"taxonomy":"product_cat","embeddable":true,"href":"https:\/\/soydeaqui.ddns.net\/pachuca\/index.php\/wp-json\/wp\/v2\/product_cat?post=71314"},{"taxonomy":"product_tag","embeddable":true,"href":"https:\/\/soydeaqui.ddns.net\/pachuca\/index.php\/wp-json\/wp\/v2\/product_tag?post=71314"}],"curies":[{"name":"wp","href":"https:\/\/api.w.org\/{rel}","templated":true}]}}