{"id":71299,"date":"2026-03-19T12:00:02","date_gmt":"2026-03-19T12:00:02","guid":{"rendered":"https:\/\/soydeaqui.ddns.net\/pachuca\/index.php\/producto\/switch-administrable-l3-46-puertos-sfp-2-puertos-combo-tp-sfp-4-puertos-10g-sfp\/"},"modified":"2026-03-19T12:00:03","modified_gmt":"2026-03-19T12:00:03","slug":"switch-administrable-l3-46-puertos-sfp-2-puertos-combo-tp-sfp-4-puertos-10g-sfp","status":"publish","type":"product","link":"https:\/\/soydeaqui.ddns.net\/pachuca\/index.php\/producto\/switch-administrable-l3-46-puertos-sfp-2-puertos-combo-tp-sfp-4-puertos-10g-sfp\/","title":{"rendered":"Switch Administrable L3, 46 puertos SFP, 2 puertos Combo TP\/SFP, 4 puertos 10G SFP+"},"content":{"rendered":"<div style='width: 100%; max-width: 1200px; margin: 0 auto; font-family: sans-serif; line-height: 1.6; color: inherit; background-color: transparent;'> <!-- Secci\u00f3n de contenido principal --> <\/p>\n<div style='margin-bottom: 30px;'>\n<p style='font-size: 16px; margin: 10px 0; color: inherit;'> <strong style='color: inherit;'>La fibra de 10 Gbps y los m\u00faltiples puertos de fibra de doble velocidad brindan redes de alta velocidad<\/strong> <\/p>\n<p style='font-size: 16px; margin: 10px 0; color: inherit;'> PLANET GS-6320-46S2C4XR Layer 3 Managed Switch presenta 48 puertos SFP a 100 \/ 1000Mbps&comma; 2 puertos de cobre RJ45 compartidos&comma; 4 puertos SFP + 10G y <strong style='color: inherit;'>enrutamiento IP de capa 3<\/strong> en una carcasa met\u00e1lica de 19 pulgadas que proporciona un rendimiento de alta densidad. Con un <strong style='color: inherit;'>enlace ascendente de 10 Gbps<\/strong> y una <strong style='color: inherit;'>estructura de conmutaci\u00f3n de 176 Gbps<\/strong>&comma; el GS-6320-46S2C4XR simplifica enormemente las tareas de manejo de cantidades extremadamente grandes de datos en una topolog\u00eda segura que se vincula a servidores troncales o de alta capacidad para ISP y VoIP empresarial&comma; transmisi\u00f3n de video y aplicaciones de multidifusi\u00f3n. <\/p>\n<\/p><\/div>\n<p> <!-- Im\u00e1genes --> <\/p>\n<div style='display: flex; flex-wrap: wrap; gap: 20px; justify-content: center; margin-bottom: 30px;'> <img style='width: 100%; height: auto; border: 1px solid rgba(150&comma;150&comma;150&comma;0.3); border-radius: 8px; max-width: 1000px;' src='https:\/\/www.planet.com.tw\/storage\/products\/49340\/edm_GS-6320-46S2C4XR.jpg' alt=''> <img style='width: 100%; height: auto; border: 1px solid rgba(150&comma;150&comma;150&comma;0.3); border-radius: 8px; max-width: 700px;' src='https:\/\/www.planet.com.tw\/storage\/products\/49340\/GS-6320-46S2C4XR_Front-Panel-Introduction.png' alt=''> <img style='width: 100%; height: auto; border: 1px solid rgba(150&comma;150&comma;150&comma;0.3); border-radius: 8px; max-width: 700px;' src='https:\/\/www.planet.com.tw\/storage\/products\/49340\/GS-6320-46S2C4XR_Rear-Panel-Introduction-1.png' alt=''> <\/div>\n<p> <!-- Secci\u00f3n de enrutamiento din\u00e1mico --> <\/p>\n<div style='margin-bottom: 30px;'>\n<h3 style='font-size: 22px; border-bottom: 2px solid currentColor; padding-bottom: 5px; margin-top: 0; color: inherit; opacity: 0.8;'>Soporte de enrutamiento din\u00e1mico de capa 3<\/h3>\n<p style='font-size: 16px; margin: 10px 0; color: inherit;'> El GS-6320-46S2C4XR permite al administrador aumentar convenientemente la eficiencia de la red configurando el enrutamiento est\u00e1tico de VLAN IPv4 \/ IPv6 de Capa 3 manualmente&comma; y la <strong style='color: inherit;'>configuraci\u00f3n OSPFv2<\/strong> (Abrir primero la ruta m\u00e1s corta primero). El OSPF es un protocolo de enrutamiento din\u00e1mico interior para un sistema aut\u00f3nomo basado en el estado del enlace. El protocolo crea una base de datos para el estado del enlace mediante el intercambio de estados de enlace entre los conmutadores de Capa 3&comma; y luego utiliza el algoritmo Primero la ruta m\u00e1s corta para generar una tabla de ruta basada en esa base de datos. <\/p>\n<\/p><\/div>\n<p> <!-- Secci\u00f3n de ciberseguridad --> <\/p>\n<div style='margin-bottom: 30px;'>\n<h3 style='font-size: 22px; border-bottom: 2px solid currentColor; padding-bottom: 5px; margin-top: 0; color: inherit; opacity: 0.8;'>La red con ciberseguridad ayuda a minimizar los riesgos de seguridad<\/h3>\n<p style='font-size: 16px; margin: 10px 0; color: inherit;'> El GS-6320-46S2C4XR viene con seguridad cibern\u00e9tica mejorada para defenderse de las amenazas cibern\u00e9ticas y los ataques cibern\u00e9ticos. Admite protocolos SSHv2&comma; TLS y SSL para proporcionar una fuerte protecci\u00f3n contra amenazas avanzadas. La funci\u00f3n de ciberseguridad del GS-6320-46S2C4XR&comma; que sirve como punto clave para transmitir datos a los equipos cr\u00edticos del cliente en una red comercial&comma; protege la administraci\u00f3n del conmutador y mejora la seguridad de la red de misi\u00f3n cr\u00edtica sin ning\u00fan costo y esfuerzo de implementaci\u00f3n adicional. <\/p>\n<\/p><\/div>\n<p> <!-- Secci\u00f3n de anillo redundante --> <\/p>\n<div style='margin-bottom: 30px;'>\n<h3 style='font-size: 22px; border-bottom: 2px solid currentColor; padding-bottom: 5px; margin-top: 0; color: inherit; opacity: 0.8;'>Anillo redundante&comma; recuperaci\u00f3n r\u00e1pida para aplicaciones de red cr\u00edticas<\/h3>\n<p style='font-size: 16px; margin: 10px 0; color: inherit;'> El GS-6320-46S2C4XR es compatible con la tecnolog\u00eda de anillo redundante y presenta una capacidad de recuperaci\u00f3n r\u00e1pida y s\u00f3lida para evitar interrupciones e intrusiones externas. Incorpora tecnolog\u00eda avanzada <strong style='color: inherit;'>ITU-T G.8032 ERPS (Ethernet Ring Protection Switching)<\/strong>&comma; protocolo Spanning Tree (802.1s MSTP) y un sistema de entrada de <strong style='color: inherit;'>energ\u00eda redundante<\/strong> en la red de automatizaci\u00f3n del cliente para mejorar la confiabilidad del sistema y el tiempo de actividad en entornos industriales dif\u00edciles. En una determinada red de anillo simple&comma; el tiempo de recuperaci\u00f3n podr\u00eda ser <strong style='color: inherit;'>inferior a 10 ms<\/strong> para que la red vuelva r\u00e1pidamente al funcionamiento normal. <\/p>\n<p> <img style='width: 100%; height: auto; border: 1px solid rgba(150&comma;150&comma;150&comma;0.3); border-radius: 8px; margin-top: 20px;' src='https:\/\/www.planet.com.tw\/storage\/products\/49340\/GS-6320-46S2C4XR-4.png' alt=''> <\/div>\n<p> <!-- Secci\u00f3n de energ\u00eda redundante --> <\/p>\n<div style='margin-bottom: 30px;'>\n<h3 style='font-size: 22px; border-bottom: 2px solid currentColor; padding-bottom: 5px; margin-top: 0; color: inherit; opacity: 0.8;'>Energ\u00eda redundante de CA y CC para garantizar un funcionamiento continuo<\/h3>\n<p style='font-size: 16px; margin: 10px 0; color: inherit;'> El GS-6320-46S2C4XR est\u00e1 equipado con una unidad de fuente de alimentaci\u00f3n de CA de 100 ~ 240 V y una unidad de fuente de alimentaci\u00f3n adicional de 36-60 V CC para fuente de alimentaci\u00f3n redundante. Tambi\u00e9n se proporciona un sistema de alimentaci\u00f3n redundante para mejorar la fiabilidad con la unidad de fuente de alimentaci\u00f3n de CA o CC. El sistema de energ\u00eda redundante est\u00e1 dise\u00f1ado espec\u00edficamente para manejar las demandas de las instalaciones de alta tecnolog\u00eda que requieren la m\u00e1s alta integridad de energ\u00eda. <\/p>\n<p> <img style='width: 100%; height: auto; border: 1px solid rgba(150&comma;150&comma;150&comma;0.3); border-radius: 8px; margin-top: 20px;' src='https:\/\/www.planet.com.tw\/storage\/products\/49340\/GS-6320-46S2C4XR_Rear-Panel-Introduction-2.png' alt=''> <\/div>\n<p> <!-- Secci\u00f3n IPv6 --> <\/p>\n<div style='margin-bottom: 30px;'>\n<h3 style='font-size: 22px; border-bottom: 2px solid currentColor; padding-bottom: 5px; margin-top: 0; color: inherit; opacity: 0.8;'>Soluci\u00f3n para redes IPv6<\/h3>\n<p style='font-size: 16px; margin: 10px 0; color: inherit;'> Con el soporte para el protocolo IPv6 \/ IPv4 y las interfaces de administraci\u00f3n f\u00e1ciles y f\u00e1ciles de usar&comma; el GS-6320-46S2C4XR es la mejor opci\u00f3n para la vigilancia IP&comma; VoIP y proveedores de servicios inal\u00e1mbricos para conectarse con la red IPv6. Tambi\u00e9n ayuda a las PYMES a entrar en la era de IPv6 con la inversi\u00f3n m\u00e1s baja y sin tener que reemplazar las instalaciones de red a pesar de que los ISP establecen la red perif\u00e9rica FTTx de IPv6. <\/p>\n<p> <img style='width: 100%; height: auto; border: 1px solid rgba(150&comma;150&comma;150&comma;0.3); border-radius: 8px; margin-top: 20px;' src='https:\/\/www.planet.com.tw\/storage\/products\/49340\/GS-6320-46S2C4XR-1.png' alt=''> <\/div>\n<p> <!-- Secci\u00f3n de gesti\u00f3n segura --> <\/p>\n<div style='margin-bottom: 30px;'>\n<h3 style='font-size: 22px; border-bottom: 2px solid currentColor; padding-bottom: 5px; margin-top: 0; color: inherit; opacity: 0.8;'>Gesti\u00f3n segura f\u00e1cil de usar<\/h3>\n<p style='font-size: 16px; margin: 10px 0; color: inherit;'> Para una administraci\u00f3n eficiente&comma; el GS-6320-46S2C4XR est\u00e1 equipado con una consola&comma; web e interfaces de administraci\u00f3n SNMP. <\/p>\n<ul style='font-size: 14px; padding-left: 20px; margin: 15px 0; color: inherit;'>\n<li style='margin-bottom: 5px;'> <strong style='color: inherit;'>Basada en la web:<\/strong> Ofrece una instalaci\u00f3n de administraci\u00f3n y configuraci\u00f3n f\u00e1cil de usar&comma; independiente de la plataforma. <\/li>\n<li style='margin-bottom: 5px;'> <strong style='color: inherit;'>SNMP:<\/strong> Admite SNMP v1 y v2&comma; se puede administrar a trav\u00e9s de cualquier software de administraci\u00f3n basado en estos protocolos est\u00e1ndar. <\/li>\n<li style='margin-bottom: 5px;'> <strong style='color: inherit;'>Basada en texto:<\/strong> Se puede acceder a trav\u00e9s de Telnet y el puerto de la consola. Ofrece un comando similar al de Cisco&comma; no se requiere aprendizaje adicional. <\/li>\n<\/ul>\n<p style='font-size: 16px; margin: 10px 0; color: inherit;'> Adem\u00e1s&comma; el GS-6320-46S2C4XR ofrece administraci\u00f3n remota segura al admitir conexiones <strong style='color: inherit;'>SSH<\/strong>&comma; <strong style='color: inherit;'>TLS<\/strong> y <strong style='color: inherit;'>SNMPv3<\/strong> que pueden cifrar el contenido del paquete en cada sesi\u00f3n. <\/p>\n<p> <img style='width: 100%; height: auto; border: 1px solid rgba(150&comma;150&comma;150&comma;0.3); border-radius: 8px; margin-top: 20px;' src='https:\/\/www.planet.com.tw\/storage\/products\/49340\/GS-6320-46S2C4XR-2.png' alt=''> <\/div>\n<p> <!-- Secci\u00f3n de alerta de eventos --> <\/p>\n<div style='margin-bottom: 30px;'>\n<h3 style='font-size: 22px; border-bottom: 2px solid currentColor; padding-bottom: 5px; margin-top: 0; color: inherit; opacity: 0.8;'>Alerta de evento de captura SMTP \/ SNMP<\/h3>\n<p style='font-size: 16px; margin: 10px 0; color: inherit;'> El GS-6320-46S2C4XR proporciona una funci\u00f3n de alerta de eventos para ayudar a diagnosticar el dispositivo anormal debido a si hay una interrupci\u00f3n de la conexi\u00f3n de red o la respuesta de reinicio. <\/p>\n<p> <img style='width: 100%; height: auto; border: 1px solid rgba(150&comma;150&comma;150&comma;0.3); border-radius: 8px; margin-top: 20px;' src='https:\/\/www.planet.com.tw\/storage\/products\/49340\/GS-6320-46S2C4XR-3.png' alt=''> <\/div>\n<p> <!-- Secci\u00f3n de caracter\u00edsticas Layer 2 --> <\/p>\n<div style='margin-bottom: 30px;'>\n<h3 style='font-size: 22px; border-bottom: 2px solid currentColor; padding-bottom: 5px; margin-top: 0; color: inherit; opacity: 0.8;'>Caracter\u00edsticas robustas de Layer2<\/h3>\n<p style='font-size: 16px; margin: 10px 0; color: inherit;'> El GS-6320-46S2C4XR se puede programar para la funci\u00f3n avanzada de administraci\u00f3n de conmutadores&comma; como agregaci\u00f3n de enlace de puerto din\u00e1mico&comma; <strong style='color: inherit;'>VLAN Q-in-Q<\/strong>&comma; <strong style='color: inherit;'>Protocolo de \u00e1rbol de expansi\u00f3n m\u00faltiple (MSTP)<\/strong>&comma; QoS de capa 2 a capa 4&comma; control de ancho de banda e <strong style='color: inherit;'>IGMP \/ MLD espionaje<\/strong>. El GS-6320-46S2C4XR permite la operaci\u00f3n de una troncal de alta velocidad que combina m\u00faltiples puertos. Al admitir 26 grupos de l\u00edneas troncales&comma; permite un m\u00e1ximo de hasta 16 puertos por l\u00ednea troncal y tambi\u00e9n admite la conmutaci\u00f3n por error de conexi\u00f3n. <\/p>\n<\/p><\/div>\n<p> <!-- Secci\u00f3n de seguridad --> <\/p>\n<div style='margin-bottom: 30px;'>\n<h3 style='font-size: 22px; border-bottom: 2px solid currentColor; padding-bottom: 5px; margin-top: 0; color: inherit; opacity: 0.8;'>Potente seguridad<\/h3>\n<p style='font-size: 16px; margin: 10px 0; color: inherit;'> El GS-6320-46S2C4XR ofrece una <strong style='color: inherit;'>lista completa de control de acceso (ACL)<\/strong> de <strong style='color: inherit;'>capa 2 a capa 4<\/strong> para hacer cumplir la seguridad hasta el borde. Se puede usar para restringir el acceso a la red al negar paquetes basados en la direcci\u00f3n IP de origen y destino&comma; el n\u00famero de puerto TCP \/ UDP o las aplicaciones de red t\u00edpicas definidas. Su mecanismo de protecci\u00f3n tambi\u00e9n comprende la <strong style='color: inherit;'>autenticaci\u00f3n de usuarios y dispositivos basada en puertos 802.1x<\/strong> y <strong style='color: inherit;'>MAC<\/strong>. Con la funci\u00f3n <strong style='color: inherit;'>VLAN privada<\/strong>&comma; se puede evitar la comunicaci\u00f3n entre los puertos de borde para garantizar la privacidad del usuario. <\/p>\n<\/p><\/div>\n<p> <!-- Secci\u00f3n de seguridad y control de tr\u00e1fico --> <\/p>\n<div style='margin-bottom: 30px;'>\n<h3 style='font-size: 22px; border-bottom: 2px solid currentColor; padding-bottom: 5px; margin-top: 0; color: inherit; opacity: 0.8;'>Seguridad mejorada y control de tr\u00e1fico<\/h3>\n<p style='font-size: 16px; margin: 10px 0; color: inherit;'> El GS-6320-46S2C4XR tambi\u00e9n proporciona funciones <strong style='color: inherit;'>DHCP Snooping<\/strong>&comma; <strong style='color: inherit;'>IP Source Guard<\/strong> e <strong style='color: inherit;'>Dynamic ARP Inspection<\/strong> para evitar ataques de IP Snooping y descartar paquetes ARP con direcciones MAC no v\u00e1lidas. El administrador de red ahora puede construir redes corporativas altamente seguras con mucho menos tiempo y esfuerzo que antes. <\/p>\n<\/p><\/div>\n<p> <!-- Secci\u00f3n de soluci\u00f3n Ethernet 10Gb --> <\/p>\n<div style='margin-bottom: 30px;'>\n<h3 style='font-size: 22px; border-bottom: 2px solid currentColor; padding-bottom: 5px; margin-top: 0; color: inherit; opacity: 0.8;'>Soluci\u00f3n Ethernet flexible y extensible de 10 Gb<\/h3>\n<p style='font-size: 16px; margin: 10px 0; color: inherit;'> 10G Ethernet es un gran salto en la evoluci\u00f3n de Ethernet. Cada una de las ranuras 10G SFP + en el GS-6320-46S2C4XR admite <strong style='color: inherit;'>velocidad dual<\/strong> y <strong style='color: inherit;'>10GBASE-SR \/ LR o 1000BASE-SX \/ LX<\/strong>. Con su capacidad de enlace Ethernet 10G de 4 puertos y la capacidad de enlace Ethernet 1G adicional de 4 puertos&comma; el administrador ahora puede elegir de manera flexible el transceptor SFP \/ SFP + adecuado de acuerdo con la distancia de transmisi\u00f3n o la velocidad de transmisi\u00f3n requerida para extender la red de manera eficiente. El GS-6320-46S2C4XR proporciona un ancho de banda amplio y una potente capacidad de procesamiento. <\/p>\n<\/p><\/div>\n<p> <!-- Secci\u00f3n de diagn\u00f3stico SFP --> <\/p>\n<div style='margin-bottom: 30px;'>\n<h3 style='font-size: 22px; border-bottom: 2px solid currentColor; padding-bottom: 5px; margin-top: 0; color: inherit; opacity: 0.8;'>Mecanismo de diagn\u00f3stico inteligente de SFP<\/h3>\n<p style='font-size: 16px; margin: 10px 0; color: inherit;'> El GS-6320-46S2C4XR admite la funci\u00f3n <strong style='color: inherit;'>SFP-DDM (Monitor de diagn\u00f3stico digital)<\/strong> que ayuda enormemente al administrador de la red a monitorear f\u00e1cilmente los par\u00e1metros en tiempo real de los transceptores SFP&comma; como la potencia de salida \u00f3ptica&comma; la potencia de entrada \u00f3ptica&comma; la temperatura&comma; la corriente de polarizaci\u00f3n del l\u00e1ser y tensi\u00f3n de alimentaci\u00f3n del transceptor. <\/p>\n<p> <img style='width: 100%; height: auto; border: 1px solid rgba(150&comma;150&comma;150&comma;0.3); border-radius: 8px; margin-top: 20px;' src='https:\/\/www.planet.com.tw\/storage\/products\/49340\/GS-6320-46S2C4XR-7.png' alt=''> <\/div>\n<p> <!-- Secci\u00f3n de especificaciones f\u00edsicas --> <\/p>\n<div style='margin-bottom: 30px;'>\n<h3 style='font-size: 22px; border-bottom: 2px solid currentColor; padding-bottom: 5px; margin-top: 0; color: inherit; opacity: 0.8;'>Puerto f\u00edsico<\/h3>\n<ul style='font-size: 14px; padding-left: 20px; margin: 15px 0; color: inherit;'>\n<li style='margin-bottom: 5px;'>48 ranuras 100 \/ 1000BASE-X mini-GBIC \/ SFP<\/li>\n<li style='margin-bottom: 5px;'>Dos puertos de cobre RJ45 10\/100 \/ 1000BASE-T&comma; compartidos con el Puerto-1 al Puerto-2<\/li>\n<li style='margin-bottom: 5px;'>4 ranuras 10GBASE-SR \/ LR SFP +&comma; compatibles con 1000BASE-SX \/ LX \/ BX SFP<\/li>\n<li style='margin-bottom: 5px;'>Interfaz de consola RS-232 RJ45 para la administraci\u00f3n y configuraci\u00f3n b\u00e1sica del conmutador<\/li>\n<\/ul><\/div>\n<p> <!-- Secci\u00f3n de enrutamiento IP --> <\/p>\n<div style='margin-bottom: 30px;'>\n<h3 style='font-size: 22px; border-bottom: 2px solid currentColor; padding-bottom: 5px; margin-top: 0; color: inherit; opacity: 0.8;'>Caracter\u00edsticas de enrutamiento IP de capa 3<\/h3>\n<ul style='font-size: 14px; padding-left: 20px; margin: 15px 0; color: inherit;'>\n<li style='margin-bottom: 5px;'>El protocolo de enrutamiento din\u00e1mico IP admite OSPFv2<\/li>\n<li style='margin-bottom: 5px;'>La interfaz de enrutamiento proporciona por modo de enrutamiento VLAN<\/li>\n<li style='margin-bottom: 5px;'>Admite un m\u00e1ximo de 128 rutas est\u00e1ticas y resumen de rutas<\/li>\n<\/ul><\/div>\n<p> <!-- Secci\u00f3n de caracter\u00edsticas Layer 2 --> <\/p>\n<div style='margin-bottom: 30px;'>\n<h3 style='font-size: 22px; border-bottom: 2px solid currentColor; padding-bottom: 5px; margin-top: 0; color: inherit; opacity: 0.8;'>Capa 2 Caracter\u00edsticas<\/h3>\n<ul style='font-size: 14px; padding-left: 20px; margin: 15px 0; color: inherit;'>\n<li style='margin-bottom: 5px;'>Previene la p\u00e9rdida de paquetes con contrapresi\u00f3n (half-duplex) y control de flujo de trama de pausa IEEE 802.3x (full-duplex)<\/li>\n<li style='margin-bottom: 5px;'>El alto rendimiento de la arquitectura de almacenamiento y reenv\u00edo y el filtrado runt \/ CRC elimina los paquetes err\u00f3neos para optimizar el ancho de banda de la red<\/li>\n<li style='margin-bottom: 5px;'>Control de tormentas\n<ul style='margin-top: 5px; margin-bottom: 5px; padding-left: 25px; color: inherit;'>\n<li style='margin-bottom: 3px;'>Broadcast \/ Multicast \/ Unicast desconocido<\/li>\n<\/ul>\n<\/li>\n<li style='margin-bottom: 5px;'>Soporta VLAN\n<ul style='margin-top: 5px; margin-bottom: 5px; padding-left: 25px; color: inherit;'>\n<li style='margin-bottom: 3px;'>IEEE 802.1Q etiquetada VLAN<\/li>\n<li style='margin-bottom: 3px;'>Hasta 255 grupos de VLAN&comma; de 4095 ID de VLAN<\/li>\n<li style='margin-bottom: 3px;'>Admite puente de proveedor (VLAN Q-in-Q&comma; IEEE 802.1ad)<\/li>\n<li style='margin-bottom: 3px;'>VLAN privada Edge (PVE)<\/li>\n<li style='margin-bottom: 3px;'>Aislamiento de puertos<\/li>\n<li style='margin-bottom: 3px;'>VLAN basada en MAC<\/li>\n<li style='margin-bottom: 3px;'>VLAN basada en subred IP<\/li>\n<li style='margin-bottom: 3px;'>VLAN basada en protocolo<\/li>\n<li style='margin-bottom: 3px;'>Traducci\u00f3n de VLAN<\/li>\n<li style='margin-bottom: 3px;'>VLAN de voz<\/li>\n<li style='margin-bottom: 3px;'>GVRP (Protocolo de registro de VLAN GARP)<\/li>\n<\/ul>\n<\/li>\n<li style='margin-bottom: 5px;'>Admite el protocolo Spanning Tree\n<ul style='margin-top: 5px; margin-bottom: 5px; padding-left: 25px; color: inherit;'>\n<li style='margin-bottom: 3px;'>STP&comma; protocolo de \u00e1rbol de expansi\u00f3n IEEE 802.1D<\/li>\n<li style='margin-bottom: 3px;'>RSTP&comma; IEEE 802.1w Protocolo de \u00e1rbol de expansi\u00f3n r\u00e1pido<\/li>\n<li style='margin-bottom: 3px;'>MSTP&comma; protocolo de \u00e1rbol de expansi\u00f3n m\u00faltiple IEEE 802.1s&comma; \u00e1rbol de expansi\u00f3n por VLAN<\/li>\n<li style='margin-bottom: 3px;'>Guardia BPDU<\/li>\n<\/ul>\n<\/li>\n<li style='margin-bottom: 5px;'>Admite agregaci\u00f3n de enlaces\n<ul style='margin-top: 5px; margin-bottom: 5px; padding-left: 25px; color: inherit;'>\n<li style='margin-bottom: 3px;'>Protocolo de control de agregaci\u00f3n de enlaces 802.3ad (LACP)<\/li>\n<li style='margin-bottom: 3px;'>Cisco ether-channel (troncal est\u00e1tica)<\/li>\n<li style='margin-bottom: 3px;'>M\u00e1ximo 26 grupos troncales&comma; hasta 16 puertos por grupo troncal<\/li>\n<\/ul>\n<\/li>\n<li style='margin-bottom: 5px;'>Proporciona espejo de puerto (muchos a 1)<\/li>\n<li style='margin-bottom: 5px;'>Duplicaci\u00f3n de puertos para monitorear el tr\u00e1fico entrante o saliente en un puerto en particular<\/li>\n<li style='margin-bottom: 5px;'>Protecci\u00f3n de bucle para evitar bucles de difusi\u00f3n<\/li>\n<li style='margin-bottom: 5px;'>Compatible con la detecci\u00f3n de enlace unidireccional de Cisco (UDLD) que monitorea un enlace entre dos conmutadores y bloquea los puertos en ambos extremos del enlace si el enlace falla en cualquier punto entre los dos dispositivos<\/li>\n<li style='margin-bottom: 5px;'>Admite G.8032 ERPS (Conmutaci\u00f3n de protecci\u00f3n de anillo Ethernet)<\/li>\n<\/ul><\/div>\n<p> <!-- Secci\u00f3n de calidad de servicio --> <\/p>\n<div style='margin-bottom: 30px;'>\n<h3 style='font-size: 22px; border-bottom: 2px solid currentColor; padding-bottom: 5px; margin-top: 0; color: inherit; opacity: 0.8;'>Calidad de servicio<\/h3>\n<ul style='font-size: 14px; padding-left: 20px; margin: 15px 0; color: inherit;'>\n<li style='margin-bottom: 5px;'>Ingress Shaper y Egress Rate Limit por control de ancho<\/li>\n<\/ul><\/div>\n<p> <!-- Separador final --> <\/p>\n<hr style='border: 0; border-top: 1px solid rgba(150&comma; 150&comma; 150&comma; 0.3); margin: 30px 0;'> <\/div>\n","protected":false},"excerpt":{"rendered":"<p>Switch Administrable L3, 46 puertos SFP, 2 puertos Combo TP\/SFP, 4 puertos 10G SFP+<\/p>\n","protected":false},"featured_media":71298,"comment_status":"open","ping_status":"closed","template":"","meta":[],"product_brand":[],"product_cat":[1970],"product_tag":[664,2033,1971],"class_list":{"0":"post-71299","1":"product","2":"type-product","3":"status-publish","4":"has-post-thumbnail","6":"product_cat-switches","7":"product_tag-networking","8":"product_tag-planet","9":"product_tag-switches","11":"first","12":"instock","13":"sale","14":"shipping-taxable","15":"purchasable","16":"product-type-simple"},"_links":{"self":[{"href":"https:\/\/soydeaqui.ddns.net\/pachuca\/index.php\/wp-json\/wp\/v2\/product\/71299","targetHints":{"allow":["GET"]}}],"collection":[{"href":"https:\/\/soydeaqui.ddns.net\/pachuca\/index.php\/wp-json\/wp\/v2\/product"}],"about":[{"href":"https:\/\/soydeaqui.ddns.net\/pachuca\/index.php\/wp-json\/wp\/v2\/types\/product"}],"replies":[{"embeddable":true,"href":"https:\/\/soydeaqui.ddns.net\/pachuca\/index.php\/wp-json\/wp\/v2\/comments?post=71299"}],"wp:featuredmedia":[{"embeddable":true,"href":"https:\/\/soydeaqui.ddns.net\/pachuca\/index.php\/wp-json\/wp\/v2\/media\/71298"}],"wp:attachment":[{"href":"https:\/\/soydeaqui.ddns.net\/pachuca\/index.php\/wp-json\/wp\/v2\/media?parent=71299"}],"wp:term":[{"taxonomy":"product_brand","embeddable":true,"href":"https:\/\/soydeaqui.ddns.net\/pachuca\/index.php\/wp-json\/wp\/v2\/product_brand?post=71299"},{"taxonomy":"product_cat","embeddable":true,"href":"https:\/\/soydeaqui.ddns.net\/pachuca\/index.php\/wp-json\/wp\/v2\/product_cat?post=71299"},{"taxonomy":"product_tag","embeddable":true,"href":"https:\/\/soydeaqui.ddns.net\/pachuca\/index.php\/wp-json\/wp\/v2\/product_tag?post=71299"}],"curies":[{"name":"wp","href":"https:\/\/api.w.org\/{rel}","templated":true}]}}