{"id":71296,"date":"2026-03-19T11:59:57","date_gmt":"2026-03-19T11:59:57","guid":{"rendered":"https:\/\/soydeaqui.ddns.net\/pachuca\/index.php\/producto\/olt-carrier-class-modular-gpon-14-ranuras-de-servicio-incluye-1-tarjeta-de-servicio-doble-fuente-48vcc-11-ur-gestion-por-unm2000-cli-incluye-instalacion-de-software-unm2000-interoperabilidad\/"},"modified":"2026-03-19T12:00:00","modified_gmt":"2026-03-19T12:00:00","slug":"olt-carrier-class-modular-gpon-14-ranuras-de-servicio-incluye-1-tarjeta-de-servicio-doble-fuente-48vcc-11-ur-gestion-por-unm2000-cli-incluye-instalacion-de-software-unm2000-interoperabilidad","status":"publish","type":"product","link":"https:\/\/soydeaqui.ddns.net\/pachuca\/index.php\/producto\/olt-carrier-class-modular-gpon-14-ranuras-de-servicio-incluye-1-tarjeta-de-servicio-doble-fuente-48vcc-11-ur-gestion-por-unm2000-cli-incluye-instalacion-de-software-unm2000-interoperabilidad\/","title":{"rendered":"OLT Carrier Class Modular GPON, 14 Ranuras de Servicio, Incluye 1 Tarjeta de Servicio, Doble fuente -48Vcc, 11 UR, Gesti\u00f3n por UNM2000, CLI, Incluye Instalaci\u00f3n de software UNM2000, (Interoperabilidad con ONU\u00b4s de Terceros sin Costo)"},"content":{"rendered":"<div style='width: 100%; max-width: 1200px; margin: 0 auto; font-family: sans-serif; line-height: 1.6; color: inherit; background-color: transparent;'> <!-- Imagen principal --> <\/p>\n<div style='width: 100%; margin-bottom: 30px;'> <img style='width: 100%; height: auto; border: 1px solid rgba(150&comma;150&comma;150&comma;0.3); border-radius: 8px;' src='https:\/\/ftp3.syscom.mx\/usuarios\/fotos\/HG6543C\/187432-fiberjom.jpg' alt='OLT Fiberhome AN6000-15'> <\/div>\n<p> <!-- Descripci\u00f3n general --> <\/p>\n<div style='margin-bottom: 30px;'>\n<p style='font-size: 20px; color: inherit; margin-bottom: 20px;'> La <strong>AN6000-15<\/strong> es una OLT Carrier Class con tecnolog\u00eda l\u00edder en la industria y admite todas las tarjetas de servicio en la parte frontal. Dispone de 16 ranuras de servicio y permite un crecimiento por medio de tarjetas de servicio de hasta 240 puertos GPON o 120 XGPON para integrar m\u00faltiples servicios. <\/p>\n<\/p><\/div>\n<p> <!-- Secci\u00f3n de caracter\u00edsticas --> <\/p>\n<div style='display: flex; flex-wrap: wrap; gap: 30px; margin-bottom: 30px;'>\n<div style='flex: 1 1 300px; min-width: 280px;'>\n<h3 style='font-size: 22px; border-bottom: 2px solid currentColor; padding-bottom: 5px; margin-top: 0; color: inherit; opacity: 0.8;'>Caracter\u00edsticas principales<\/h3>\n<ul style='padding-left: 20px; font-size: 15px; color: inherit;'>\n<li style='margin-bottom: 5px;'>Estandar de 19&#8242; y 11 unidades de rack para montaje universal<\/li>\n<li style='margin-bottom: 5px;'>Fuente redundante DC -48V<\/li>\n<li style='margin-bottom: 5px;'>Dimensiones: 486 x 480 x 284 mm (Alto x Ancho x Profundidad)<\/li>\n<li style='margin-bottom: 5px;'>14 Ranuras de Servicio (Incluye 1 tarjeta de servicio GPOA)<\/li>\n<li style='margin-bottom: 5px;'>Capacidad de switching: 6.8T<\/li>\n<li style='margin-bottom: 5px;'>Ancho de banda entre slots: 200 G<\/li>\n<li style='margin-bottom: 5px;'>M\u00e1xima cantidad de ONTs: 16&comma;000<\/li>\n<li style='margin-bottom: 5px;'>M\u00e1ximo n\u00famero de suscriptores 4K: 16&comma;000<\/li>\n<li style='margin-bottom: 5px;'>MAC Adress: 256 K<\/li>\n<li style='margin-bottom: 5px;'>ARP\/Router: 128 K<\/li>\n<li style='margin-bottom: 5px;'>Consumo en modo est\u00e1tico: 813W<\/li>\n<li style='margin-bottom: 5px;'>Consumo t\u00edpico: 875W<\/li>\n<li style='margin-bottom: 5px;'>Consumo m\u00e1ximo: 1340W<\/li>\n<\/ul><\/div>\n<p> <!-- Secci\u00f3n de incluye --> <\/p>\n<div style='flex: 1 1 300px; min-width: 280px;'>\n<h3 style='font-size: 22px; border-bottom: 2px solid currentColor; padding-bottom: 5px; margin-top: 0; color: inherit; opacity: 0.8;'>Incluye<\/h3>\n<ul style='padding-left: 20px; font-size: 15px; color: inherit;'>\n<li style='margin-bottom: 5px;'>1 Subrack (chasis) AN6000-15 para montaje en rack de 19&#8242;<\/li>\n<li style='margin-bottom: 5px;'>1 Tarjeta de Servicio 16 puertos GPON (GPOA)<\/li>\n<li style='margin-bottom: 5px;'>16 m\u00f3dulos GPON SFP clase C+ (FH-PON-GP-20C)<\/li>\n<li style='margin-bottom: 5px;'>1 Unidad de Ventilaci\u00f3n (FAN)<\/li>\n<li style='margin-bottom: 5px;'>2 Fuentes de Alimentaci\u00f3n DC -48V (PIBA)<\/li>\n<li style='margin-bottom: 5px;'>2 Tarjetas controladoras (HSCA)<\/li>\n<li style='margin-bottom: 5px;'>1 Tarjeta Uplink (HU8A) con 8 puertos SFP+ 10G<\/li>\n<li style='margin-bottom: 5px;'>1 M\u00f3dulo Uplink adaptador SFP &#8211; RJ45 10\/100\/1000<\/li>\n<li style='margin-bottom: 5px;'>1 M\u00f3dulo Uplink SFP Gigabit 10 km (GE-OM10KM-V2)<\/li>\n<li style='margin-bottom: 5px;'>1 M\u00f3dulos Uplink SFP+ 10G 10 km (XGE-OM10KM-V2)<\/li>\n<li style='margin-bottom: 5px;'>1 Cable Ethernet RJ45 10m (cruzado)<\/li>\n<li style='margin-bottom: 5px;'>4 Jumper monomodo de fibra \u00f3ptica simplex LC-LC (OFC-LC\/PC-LC\/PC-S-30-20)<\/li>\n<li style='margin-bottom: 5px;'>16 Jumper monomodo de fibra \u00f3ptica simplex SC\/UPC-SC\/UPC (OFC-SC\/UPC-SC\/UPC-30-20)<\/li>\n<\/ul>\n<div style='margin-top: 15px; padding: 15px; border: 1px solid rgba(150&comma;150&comma;150&comma;0.3); border-radius: 8px;'> <strong style='color: #d35400;'>Instalaci\u00f3n de software UNM2000<\/strong> <\/div>\n<\/p><\/div>\n<p> <!-- Secci\u00f3n de aplicaciones --> <\/p>\n<div style='flex: 1 1 300px; min-width: 280px;'>\n<h3 style='font-size: 22px; border-bottom: 2px solid currentColor; padding-bottom: 5px; margin-top: 0; color: inherit; opacity: 0.8;'>Aplicaciones<\/h3>\n<ul style='padding-left: 20px; font-size: 15px; color: inherit;'>\n<li style='margin-bottom: 5px;'>Proveedores de internet con tecnolog\u00eda FTTH<\/li>\n<li style='margin-bottom: 5px;'>Compatible con VoIP&comma; TDM&comma; Datos&comma; IPTV y CATV<\/li>\n<\/ul>\n<div style='margin-top: 20px;'> <a href='https:\/\/soporte.syscom.mx\/es\/collections\/4669876-configuracion-inicial' target='_blank' rel='noopener' style='color: inherit; text-decoration: underline;'>Gu\u00eda de configuraci\u00f3n b\u00e1sica AQU\u00cd<\/a> <\/div>\n<\/p><\/div>\n<\/p><\/div>\n<p> <!-- Separador --> <\/p>\n<hr style='border: 0; border-top: 1px solid rgba(150&comma; 150&comma; 150&comma; 0.3); margin: 30px 0;'> <!-- Secci\u00f3n UNM2000 --> <\/p>\n<div style='margin-bottom: 30px;'>\n<h2 style='font-size: 24px; margin-top: 0; margin-bottom: 15px; color: #f74902; text-decoration: underline;'>Software de gesti\u00f3n Fiberhome UNM2000<\/h2>\n<div style='margin-bottom: 20px;'> <img style='width: 100%; height: auto; border: 1px solid rgba(150&comma;150&comma;150&comma;0.3); border-radius: 8px;' src='https:\/\/ftp3.syscom.mx\/usuarios\/fernando.hermosillo\/Fiberhome\/UNM2000.gif' alt='Interfaz UNM2000'> <\/div>\n<ul style='padding-left: 20px; font-size: 16px; color: inherit;'>\n<li style='margin-bottom: 10px;'><strong style='text-decoration: underline;'>Licencia sin costo<\/strong><\/li>\n<li style='margin-bottom: 10px;'><strong>Mejora la eficiencia en la gesti\u00f3n<\/strong><\/li>\n<li style='margin-bottom: 10px;'><strong>Configuraci\u00f3n de ONU\u00b4s\/ONT\u00b4s Fiberhome directamente desde la OLT<\/strong><\/li>\n<li style='margin-bottom: 10px;'><strong>Reduce costos de mantenimiento<\/strong><\/li>\n<li style='margin-bottom: 10px;'><strong>Perfil de auto aprovisionamiento con ONUs Fiberhome<\/strong><\/li>\n<li style='margin-bottom: 10px;'> <a href='https:\/\/drive.google.com\/drive\/folders\/1HgSDVo2skDeTHcrXWCxaDklqEXn9Z38V?usp=sharing' target='_blank' rel='noopener' style='color: inherit; text-decoration: underline;'>Descargue el software aqu\u00ed<\/a> <\/li>\n<\/ul><\/div>\n<p> <!-- Informaci\u00f3n de instalaci\u00f3n --> <\/p>\n<div style='margin-bottom: 30px;'>\n<p style='font-size: 16px; color: inherit;'>Instalaci\u00f3n: Para una correcta disipaci\u00f3n de calor&comma; necesita una unidad de rack libre en la parte superior e inferior.<\/p>\n<div style='margin: 20px 0;'> <img style='width: 100%; height: auto; border: 1px solid rgba(150&comma;150&comma;150&comma;0.3); border-radius: 8px;' src='https:\/\/ftp3.syscom.mx\/usuarios\/orobles\/FiberHome\/GPON\/OLT\/AN6001-G16_heat_dissipation.JPG' alt='Disipaci\u00f3n de calor'> <\/div>\n<p style='font-size: 16px; color: inherit; margin-top: 15px;'>Nota: En un gabinete se pueden instalar hasta 3 OLTs como m\u00e1ximo (Dejar al menos 1UR disponible entre cada OLT)<\/p>\n<\/p><\/div>\n<\/p><\/div>\n","protected":false},"excerpt":{"rendered":"<p>OLT Carrier Class Modular GPON, 14 Ranuras de Servicio, Incluye 1 Tarjeta de Servicio, Doble fuente -48Vcc, 11 UR, Gesti\u00f3n por UNM2000, CLI, Incluye Instalaci\u00f3n de software UNM2000, (Interoperabilidad con ONU\u00b4s de Terceros sin Costo)<\/p>\n","protected":false},"featured_media":71295,"comment_status":"open","ping_status":"closed","template":"","meta":[],"product_brand":[],"product_cat":[2018],"product_tag":[639,2019,2011],"class_list":{"0":"post-71296","1":"product","2":"type-product","3":"status-publish","4":"has-post-thumbnail","6":"product_cat-olts","7":"product_tag-fiberhome","8":"product_tag-olts","9":"product_tag-redes-ftth-pon","11":"first","12":"instock","13":"sale","14":"shipping-taxable","15":"purchasable","16":"product-type-simple"},"_links":{"self":[{"href":"https:\/\/soydeaqui.ddns.net\/pachuca\/index.php\/wp-json\/wp\/v2\/product\/71296","targetHints":{"allow":["GET"]}}],"collection":[{"href":"https:\/\/soydeaqui.ddns.net\/pachuca\/index.php\/wp-json\/wp\/v2\/product"}],"about":[{"href":"https:\/\/soydeaqui.ddns.net\/pachuca\/index.php\/wp-json\/wp\/v2\/types\/product"}],"replies":[{"embeddable":true,"href":"https:\/\/soydeaqui.ddns.net\/pachuca\/index.php\/wp-json\/wp\/v2\/comments?post=71296"}],"wp:featuredmedia":[{"embeddable":true,"href":"https:\/\/soydeaqui.ddns.net\/pachuca\/index.php\/wp-json\/wp\/v2\/media\/71295"}],"wp:attachment":[{"href":"https:\/\/soydeaqui.ddns.net\/pachuca\/index.php\/wp-json\/wp\/v2\/media?parent=71296"}],"wp:term":[{"taxonomy":"product_brand","embeddable":true,"href":"https:\/\/soydeaqui.ddns.net\/pachuca\/index.php\/wp-json\/wp\/v2\/product_brand?post=71296"},{"taxonomy":"product_cat","embeddable":true,"href":"https:\/\/soydeaqui.ddns.net\/pachuca\/index.php\/wp-json\/wp\/v2\/product_cat?post=71296"},{"taxonomy":"product_tag","embeddable":true,"href":"https:\/\/soydeaqui.ddns.net\/pachuca\/index.php\/wp-json\/wp\/v2\/product_tag?post=71296"}],"curies":[{"name":"wp","href":"https:\/\/api.w.org\/{rel}","templated":true}]}}