{"id":71290,"date":"2026-03-19T11:59:40","date_gmt":"2026-03-19T11:59:40","guid":{"rendered":"https:\/\/soydeaqui.ddns.net\/pachuca\/index.php\/producto\/switch-poe-cnmatrix-ex2052-p-802-3af-at-de-48-puertos-gigabit-y-4-sfp-capa-3-400-w-gestion-en-la-nube\/"},"modified":"2026-03-19T11:59:52","modified_gmt":"2026-03-19T11:59:52","slug":"switch-poe-cnmatrix-ex2052-p-802-3af-at-de-48-puertos-gigabit-y-4-sfp-capa-3-400-w-gestion-en-la-nube","status":"publish","type":"product","link":"https:\/\/soydeaqui.ddns.net\/pachuca\/index.php\/producto\/switch-poe-cnmatrix-ex2052-p-802-3af-at-de-48-puertos-gigabit-y-4-sfp-capa-3-400-w-gestion-en-la-nube\/","title":{"rendered":"Switch PoE cnMatrix EX2052-P 802.3af\/at de 48 puertos Gigabit y 4 SFP+, Capa 3, 400 W, gesti\u00f3n en la nube"},"content":{"rendered":"<h3 style='box-sizing: border-box; color: #7b7b7b; font-family: 'Libre Franklin'&comma; sans-serif; font-weight: 300; margin-top: 0px; font-size: 1.75rem; line-height: 1.3em; text-align: center;'><span style='font-size: 14pt;'><strong><span style='color: #000000;'><span style='box-sizing: border-box; vertical-align: inherit;'>Mejore el rendimiento de la red y reduzca tiempo y costo de la configuraci\u00f3n y administraci\u00f3n<\/span><\/span><\/strong><\/span><\/h3>\n<\/p>\n<p><span style='font-size: 14pt;'><strong><span style='color: #000000;'><span style='box-sizing: border-box; vertical-align: inherit;'><img style='display: block; margin-left: auto; margin-right: auto;' src='https:\/\/ftp3.syscom.mx\/usuarios\/dquezada\/Cambium\/cnMatrix\/switches%20cnmatrix.JPG' alt='' width='400' height='322' \/><\/span><\/span><\/strong><\/span><\/p>\n<p style='box-sizing: border-box; margin: 0px 0px 1.5rem; color: #1b1e21; font-family: 'Open Sans'&comma; sans-serif; font-size: 18px; line-height: 28px; text-align: center;'><span style='font-size: 12pt;'><span style='box-sizing: border-box; vertical-align: inherit;'><span style='box-sizing: border-box; vertical-align: inherit;'>Los equipos de TI&comma; MSP e ISP deben proporcionar r\u00e1pidamente una experiencia de red \u00f3ptima para usuarios y dispositivos. <\/span><span style='box-sizing: border-box; vertical-align: inherit;'>Los operadores de red buscan simplicidad&comma; flexibilidad y automatizaci\u00f3n para mejorar el rendimiento de la red&comma; proporcionar una red confiable y confiable&comma; y proporcionar una experiencia de toque cero al implementar nuevos servicios y \/ o cambios en la red. <\/span><span style='box-sizing: border-box; vertical-align: inherit;'>Las soluciones de red en la nube con Wi-Fi cnPilot \u2122&comma; conmutaci\u00f3n cnMatrix \u2122 y gesti\u00f3n de la nube cnMaestro \u2122 de Cambium Networks brindan una experiencia \u00f3ptima para el cliente al tiempo que mantienen una seguridad s\u00f3lida y reducen los costos.<\/span><\/span><\/span><\/p>\n<p style='box-sizing: border-box; margin: 20px 0px 1.5rem; color: #1b1e21; font-family: 'Open Sans'&comma; sans-serif; font-size: 18px; line-height: 28px; text-align: center;'><span style='font-size: 12pt;'><span style='box-sizing: border-box; vertical-align: inherit;'><span style='box-sizing: border-box; vertical-align: inherit;'>Los conmutadores cnMatrix simplifican la implementaci\u00f3n y operaci\u00f3n de la red. <\/span><span style='box-sizing: border-box; vertical-align: inherit;'>Cuando se implementan con puntos de acceso WLAN cnPilot y el sistema de administraci\u00f3n cnMaestro&comma; los operadores de red tienen una red unificada de alta calidad con cable&comma; inal\u00e1mbrica&comma; unificada y de alta calidad. <\/span><span style='box-sizing: border-box; vertical-align: inherit;'>CnMatrix de Cambium Networks mejora el rendimiento&comma; la seguridad y la satisfacci\u00f3n del usuario final al tiempo que reduce los costos.<\/span><\/span><\/span><\/p>\n<p style='box-sizing: border-box; margin: 20px 0px 1.5rem; color: #1b1e21; font-family: 'Open Sans'&comma; sans-serif; font-size: 18px; line-height: 28px; text-align: center;'>\n<table style='border-collapse: collapse; width: 100%; height: 658px; border-color: #ffffff; border-style: hidden;' border='1'>\n<tbody>\n<tr style='height: 270px;'>\n<td style='width: 50%; height: 270px;'><img style='display: block; margin-left: auto; margin-right: auto;' src='data:image\/png;base64&comma;iVBORw0KGgoAAAANSUhEUgAAACoAAAA4CAYAAACL3WrLAAACNUlEQVRoBe2ZO0sDQRSF80v8A9rYqYUINooWVmvAIk1ABCHGRkHQoEUiSEStfEB8EoiFiIiIloGICNoEC7WQiIqFIoIBi4yckVl2kzXcWfdhwlwYJoGTvd+end0kcwKsRipQI5xMgTp9pWrb0fePIptfP2XayApr6Bj3ZKAXeqK3VVU4mr95ZG3BWU\/grExo6o0xMJRXBWhXeIFDNvbEWOboguUu7zwZ6NXan+C9AVvurAkUYpwlIAtPr+Un5fp7wKE3GNZ2s6Z+JtDY0gEXYfarkqkTzhCe2DQhmEC1yDIXQWynbu9fWDSeYcPTaXZ1XbBzCL7M4ChYjOUoaHd4kZ8oGrVoCWMf8mvcE66Cfha\/dEg0wnh4fiMDCqHroGg0OLmtwwajq6K31OwJKIjSh+dsa\/+MlUolKUAh9gxUNLQ71xdo+8AcX2OhsRTb2Mv5MsSzHCzGMj2emvtm9JtB3Ll+zfgaNZYlaGcoyYamdnwZWuTnFxtMM5YJ9K\/fTMYD231dXzeTclRiHahLL2EWSaocJdkkIVKOSphFkipHSTZJiJSjEmaRpMpRkk0SIuWohFkkqXKUZJOESDkqYRZJSnJUbUDYSFbUBgRpARJEpDWq\/tcTnBQSkqNiy+8\/xDdVUxERiFklZ+KM3ZwRiIl4s2ogBggR8+EDx9l8RdTnBigA0csYb1aNGAGBwFTEfH5s4qI3KbQFLHLQ0XhGd9cLYACi528ZrGkj143L6tQxFahTTorjfAOxp66hWsdfuAAAAABJRU5ErkJggg==' alt='' \/><\/p>\n<header class='content-features__title-container' style='box-sizing: border-box; margin-bottom: 0.625rem; color: #1b1e21; font-family: 'Open Sans'&comma; sans-serif; font-size: 16px;'>\n<h3 class='content-features__title' style='box-sizing: border-box; color: inherit; font-family: Montserrat&comma; sans-serif; margin-top: 0px; font-size: 1rem; line-height: 1.3em; text-transform: uppercase; text-align: center;'><span style='font-size: 10pt;'><strong><span style='box-sizing: border-box; vertical-align: inherit;'>AUTOMATIZACI\u00d3N BASADA EN POL\u00cdTICAS<\/span><\/strong><\/span><\/h3>\n<\/header>\n<div class='content-features__entry-content' style='box-sizing: border-box; color: #1b1e21; font-family: 'Open Sans'&comma; sans-serif; font-size: 16px;'>\n<p style='box-sizing: border-box; margin: 0px 0px 1.5rem; text-align: center;'><span style='font-size: 10pt;'><span style='box-sizing: border-box; vertical-align: inherit;'>Capacidad para perfilar dispositivos y configurar autom\u00e1ticamente el switch proporcionando una experiencia de zero-touch incluso al implementar&comma; desconectar o mover dispositivos de red<\/span><\/span><\/p>\n<\/p><\/div>\n<\/td>\n<td style='width: 50%; height: 270px;'><img style='display: block; margin-left: auto; margin-right: auto;' src='data:image\/png;base64&comma;iVBORw0KGgoAAAANSUhEUgAAADQAAAA2CAYAAACIsLrgAAACK0lEQVRoBe2aMUsDMRTH\/SR+AR1c3RwEBR2c6irYxUnRRVCw4mAna9FFEYqCSzsoVFDpIljoIihCBxF1ENRJEAfHJ\/\/THGlykeOaa0J9gcflzrs0v\/d\/Lznb10Nd1nq6jIf+D9Dz6zutblcpM7dLvUOLXthotkgL+QphbqYWqVDz\/oX6x3NeQEQ5E3Mrn15FMmlAH59fIczgZD54sHH9QD7Y2WWTRqaLgaMBFaWUBrRRqgUPAAZwPjYBlduqatPTgDKzOwHQXqWu3ezLBSiFUMRc1WYEQoj52jA3kVvqHBlI9YiLcysKLW8ek0uTHWcNSMRtp48zK4cyT7CFiDm0\/IFIf\/URq5y6KEAdDFIo1Tpq+MzUgVSvpHW+f9QInMhAsofjhJx8f5p9VijpopCmKvLYrBAr9LsPyWEh+ndPb9SOiXHko9OQk19HxC4e93hycStzhH3nQAMTa5TEvAQK3Wqx41QhixzhUAzEy\/Yfy3YYJxY7HHI2Qw770PBUIZF5uWx35cYKqKQWlXqcQzZzKMrD7V5jhVgh3ljbyyLOoaQ5BM91ylL\/Kjjuv9U270vtq2AM7MrkbJRfs+Tr6PMveKpHXJyzQkhoU6WGC0XUzxQ\/66NeQW1aDqGYAUCoq\/G1ifqj+fWyNkUNCOUmfWM\/dT6AOq83vakoadw8thRTxSqNATLCTUDZ3E9sjmVKCU0hoSHoIalPYJhLdumAUC1makYg0wO+X2cg3xX6BlUOJs9e2Lv4AAAAAElFTkSuQmCC' alt='' \/><\/p>\n<header class='content-features__title-container' style='box-sizing: border-box; margin-bottom: 0.625rem; color: #1b1e21; font-family: 'Open Sans'&comma; sans-serif; font-size: 16px;'>\n<h3 class='content-features__title' style='box-sizing: border-box; color: inherit; font-family: Montserrat&comma; sans-serif; margin-top: 0px; font-size: 1rem; line-height: 1.3em; text-transform: uppercase; text-align: center;'><span style='font-size: 10pt;'><strong><span style='box-sizing: border-box; vertical-align: inherit;'>SEGMENTACI\u00d3N AUTOM\u00c1TICA DE DISPOSITIVOS<\/span><\/strong><\/span><\/h3>\n<\/header>\n<div class='content-features__entry-content' style='box-sizing: border-box; color: #1b1e21; font-family: 'Open Sans'&comma; sans-serif; font-size: 16px;'>\n<p style='box-sizing: border-box; margin: 0px 0px 1.5rem; text-align: center;'><span style='font-size: 10pt;'><span style='box-sizing: border-box; vertical-align: inherit;'>Proporciona un entorno seguro para los recursos cr\u00edticos de la red al colocar autom\u00e1ticamente los dispositivos en el segmento de red apropiado seg\u00fan su perfil<\/span><\/span><\/p>\n<\/p><\/div>\n<\/td>\n<\/tr>\n<tr style='height: 156px;'>\n<td style='width: 50%; height: 156px;'><img style='display: block; margin-left: auto; margin-right: auto;' src='data:image\/png;base64&comma;iVBORw0KGgoAAAANSUhEUgAAADcAAAAxCAYAAAB+gjFbAAADS0lEQVRoBe2av4pTQRTG90l8AX0BrSwCClqv9q61EhtBi1i5NopoowiaLTelhSvaubCNYppgYbRZWFMJEmSxGvkNfMv15sydG5JzSfAeGGbu\/Dvfd86ZmTCTjdCQjL4ehXtPX4fNm89jokydp2x4Tq65Xwz2w6nzt81Em5e4kzv4\/C2SOn2pFx6+fBf4JlGmDtJ8e4g7ubNXtiOBvQ+jGfy7bz7GtnNXH8y0LaPCldyv6XEEj3dSonBNtS9S70qODSMHXu0em4srOawu8HixLHU8Wx4zz7c7ua07O5EgW39Zuvd3Yxu5h7iTwzvaFdk4bm0PYqKMV2mzvLoMsu7kAMl6unDt8UmIKlSp81hrMkwj5KSM84xDm+R1tkkXeaPkioqbKLfkmrCyh47Wcx5WbWLORj33+\/hPGH45jImytzROTmdcS25B17aeW9CAJ8MJxZUNy263GzqdzkoksORkrrD8L8j1+\/2c0cz2ZYTlcDiMkePmuZac4bvWc4ZRilVuYTkejwOTTyaTor7aZTy36M+v6XQaMYAlJ3PtlrnJVq29JbdqHqmLp\/VcXUutWr\/anuN+cbD3KTx69T683R+Fwx8\/5+bCdR7jSQfD73OPRye6GQ+W3J1nlhy3wVyF69e88jOXe8F6lrIQA+Li1uylLHU5gJqP5y50Sr9ysKVurLPkdNfPtTdlHg03bzw7UZIjiLUFirc63gVIerejLQWuSExk0A0GsOia\/vrdHXX9J68kp8dBgJQBQAqFgKsKURmn9yT9EEKflBSNUzYkmGSkchvzVZITMEhaIg9aE6u\/LF42Du3UqV39y7mMiC5L5ADrpaiSnMCn7vUJD8CRW8J6yoFXe2rt5XSAjTks8rXIpTyT8yyEBd4iX6ddnkmFbpVnK8npLxbWgiWktFGkrA54rQkrtAWcPimR91Mbjwxs\/eWjklxxwUKQM4bziTNGj4fWRlEEqrABnM435qAs46TCXvOggwhAJ7oZDxYwUW9teIytJEcHLCfrK8SUYzVroxAo5YoAjSvmlsU1Tjk65KHiWMpgS0VOlhwKmBwQLFoSilLrUIDKOQDwgOagnAJVHqtvdKJbc4Cpyri1yGnydctbcuvmMeFtPSdLrFv+F+ZJTrHeOLpuAAAAAElFTkSuQmCC' alt='' \/><\/p>\n<header class='content-features__title-container' style='box-sizing: border-box; margin-bottom: 0.625rem; color: #1b1e21; font-family: 'Open Sans'&comma; sans-serif; font-size: 16px;'>\n<h3 class='content-features__title' style='box-sizing: border-box; color: inherit; font-family: Montserrat&comma; sans-serif; margin-top: 0px; font-size: 1rem; line-height: 1.3em; text-transform: uppercase; text-align: center;'><span style='font-size: 10pt;'><strong><span style='box-sizing: border-box; vertical-align: inherit;'>AUTO POLICY WIPE<\/span><\/strong><\/span><\/h3>\n<\/header>\n<div class='content-features__entry-content' style='box-sizing: border-box; color: #1b1e21; font-family: 'Open Sans'&comma; sans-serif; font-size: 16px;'>\n<p style='box-sizing: border-box; margin: 0px 0px 1.5rem; text-align: center;'><span style='font-size: 10pt;'><span style='box-sizing: border-box; vertical-align: inherit;'>Mejora la seguridad al eliminar autom\u00e1ticamente toda la configuraci\u00f3n din\u00e1mica asociada cuando un dispositivo se desconecta<\/span><\/span><\/p>\n<\/p><\/div>\n<\/td>\n<td style='width: 50%; height: 156px;'><img style='display: block; margin-left: auto; margin-right: auto;' src='data:image\/png;base64&comma;iVBORw0KGgoAAAANSUhEUgAAADoAAAAuCAYAAAB5\/AqlAAADUUlEQVRoBe2YMWsVURCF80v8A\/oHtLKLoHW0N6kVbQQt0hkbJVgpgpIyKS0UtFOwEaxSiZWgnSAWlivfkxNmfXfmzl3cZMnbgWX37b137jlzZuYub61bEVtbEZ7dTPS0KT0rupKKPnz+pvv56\/ckuA\/FUk3dW\/f3uzMX73SXNndPnOj245cLLFv39pqxhESfHbxfOIYokTxpO\/z8rTt7eXuBCdIt5hL98OnLEcmNG09afI469\/W7wyNc+68+pvcqEqUez135G7nzV3cmU59iRXaRZWD8+v2HXof3IlE5whnpMkUjy8BHD8nYElGrZtZJZqOWOQT39s5BmEm2tDKqLhFVlyVakQMi2lIjLUSlVq3Tb97dS6u6RJSahGTU1dTm6YBjnK\/4XL++W8WB8mClVmvWI6qFLCY1SobKjHPRAbPGuihD\/vWTwcIaCVPD0iOqJoRSnim1s\/WLT3VwRf\/Ri7epTBAeUtQz4YkykLU9oqqNiITUzKij9NMae6f+amnPuNZ4c3Wugj2yIlEiWTI5JV1qJjXIDr6wZDQwfd1EAdV8BctrfOq+tTrtEVX0PKcCnwEoMpakwCtg7Fcz7ekFn\/XCHfkqEvUaUWZTNrMNy9tcgfD20jrtGdXgqSIaZdFoRKMuKCWkWKkMVFcA9JqM\/OjM\/q+pq8L3nArghWsPhMO9K+VoEvaMw4eOm0glORamUsCYI0wELbJejep48YjiSEpxoEeGUgIJCMiJIL8Zq6lpa92bq8bWdLxIhegbExUAunHzacRzMQY4zWeNLt55wK1TrY1KRakdNSt89hS1n13eBwEApapNSQuw9EyKcWUIst6mJM+eDfoExJlIeDXBHP3FQirWUtgDGL3Hp9I8UsoKE\/ljrKcoL5QuUfraebXaqAEojatX1OpYWLnXbImobQCRqjimprOpWANix\/EJ+Mi3xemVmfW5RJRBFXjmGLHOjvNZqmfUBFeRKJFUrUY1cpzE7F5kmjp4Rk2XKAPWWS2FLYixn203bsFVVFRgda6O1V21T\/Zuu3E2ZeU7JMok\/QHFeRU1Bzkc8666pBu3WpWoOuAY52UrWGEZEvAq0VYwU50\/E52qMkNxzYoOjdxU182KTlWZobhmRYdGbqrrVkbRP\/h4SrBiNsJHAAAAAElFTkSuQmCC' alt='' \/><\/p>\n<header class='content-features__title-container' style='box-sizing: border-box; margin-bottom: 0.625rem; color: #1b1e21; font-family: 'Open Sans'&comma; sans-serif; font-size: 16px;'>\n<h3 class='content-features__title' style='box-sizing: border-box; color: inherit; font-family: Montserrat&comma; sans-serif; margin-top: 0px; font-size: 1rem; line-height: 1.3em; text-transform: uppercase; text-align: center;'><span style='font-size: 10pt;'><strong><span style='box-sizing: border-box; vertical-align: inherit;'>AWARE INAL\u00c1MBRICO<\/span><\/strong><\/span><\/h3>\n<\/header>\n<div class='content-features__entry-content' style='box-sizing: border-box; color: #1b1e21; font-family: 'Open Sans'&comma; sans-serif; font-size: 16px;'>\n<p style='box-sizing: border-box; margin: 0px 0px 1.5rem; text-align: center;'><span style='font-size: 10pt;'><span style='box-sizing: border-box; vertical-align: inherit;'>Permite la automatizaci\u00f3n de pol\u00edticas&comma; la supervisi\u00f3n sencilla y la resoluci\u00f3n de problemas de la red unificada por cable \/ inal\u00e1mbrica<\/span><\/span><\/p>\n<\/p><\/div>\n<\/td>\n<\/tr>\n<tr style='height: 232px;'>\n<td style='width: 50%; height: 232px;'><img style='display: block; margin-left: auto; margin-right: auto;' src='data:image\/png;base64&comma;iVBORw0KGgoAAAANSUhEUgAAAD0AAAA0CAYAAAA5bTAhAAACoElEQVRoBe2ZQUtbQRDH\/ST9Cr30UG+9FHoTK6Q3i6AnBUsLKm0PUlqSU6gIilIq5JgcehBJQLxIQQ9CCSgUxF4KXgSheEjpZeX\/cB\/j9M3uBl5e9m12YHnzsjOb\/c3MbvL2jakRlLERZFaFQtd39lXl1baxnZ1fDjwPhUKPv6ipB09WjK3ZPgkLOovmz01PPZtdSwNR2+5kmeX6WaGZ5jOnwNNLXxPw6labm+V+PzRoCvy62lTH3V9hQ3NgpNIEjaDYNkD0v6m1nKqi8ExnAdugbZsf7XehLhRaAnaBrixuGXnQD3gXKQzaBBwktA04OGgXYEB3f\/5OynOtcfBfhaJsS1PersCa8ur6Rqv3rqWB7hf4HiW7KQV0nsDg9x46b2DvoQcB7DW0Dfjox4XTX8m59w2Fsah4Wd42YADgAAGTd2kIEBXvoF2AKTQHonA6MNzGK2hX4GCg+wEOBnr2XSNZn3jWdRGpdKmvZONNeeMAb3V9l87ZqEtA1Emy8QaaTtZFl4Cor2QzVGisYxzJ2I5u8FvLd2AJyHtogCDqLg2QVEoPjc0LAchqX1rfk6AEB82BaEZ1NXCb0meaA0Xou3XPAxMzTUuD6FJghvqTJa1XMu9kc8MkY6bJoyUCJ0nMNIlMLG8SDKoO7LVOXNM0zESXAiOtV+KaHinxdR\/Lm0aJ6LG8STCy1L5e1UqlSweWbGJ50ygRXQpMoWu69\/efwptE3TqHp8lj48eNvfQz3aevkg18MHn0a1t+lWzgNzm\/IfphHPTDjo8JBi7G8n409SkZCIOVtYGBixH6bf2bwqmnbi+Xd9TjSlU9nPhgbc8XNlM\/+OPexQ\/j43v0d+L6dOazky\/sqB90MHAxQnPjUO4jdCiZtHHETNsiFEr\/SGb6FuoFMzeKNU1tAAAAAElFTkSuQmCC' alt='' \/><\/p>\n<header class='content-features__title-container' style='box-sizing: border-box; margin-bottom: 0.625rem; color: #1b1e21; font-family: 'Open Sans'&comma; sans-serif; font-size: 16px;'>\n<h3 class='content-features__title' style='box-sizing: border-box; color: inherit; font-family: Montserrat&comma; sans-serif; margin-top: 0px; font-size: 1rem; line-height: 1.3em; text-transform: uppercase; text-align: center;'><span style='font-size: 10pt;'><strong><span style='box-sizing: border-box; vertical-align: inherit;'>SUPERVIVENCIA DEL SITIO<\/span><\/strong><\/span><\/h3>\n<\/header>\n<div class='content-features__entry-content' style='box-sizing: border-box; color: #1b1e21; font-family: 'Open Sans'&comma; sans-serif; font-size: 16px;'>\n<p style='box-sizing: border-box; margin: 0px 0px 1.5rem; text-align: center;'><span style='font-size: 10pt;'><span style='box-sizing: border-box; vertical-align: inherit;'>Operaci\u00f3n ininterrumpida incluso cuando se pierde la conectividad a la nube<\/span><\/span><\/p>\n<\/p><\/div>\n<\/td>\n<td style='width: 50%; height: 232px;'><img style='display: block; margin-left: auto; margin-right: auto;' src='data:image\/png;base64&comma;iVBORw0KGgoAAAANSUhEUgAAAD4AAAAuCAYAAABwF6rfAAAFNklEQVRoBe1a\/2uXRRz3L6l+isgw\/CWoH8QktFBikGlWRPgFwWiJ+kO6XMv8ysi5lsN0YbMmuUm6jcytnLMJc6ZsKRt+Sa0FrrVYbtPpVHjL69ZrnLfnnnvuns8Dszx4uG\/vu\/f7de\/Xve\/us02S\/2maFIp7YOim1Bw+LSs31wjKD1ryBn64pVOWfLBHHpn+\/thXUXP8QcMt3sDnvfe5ArxiU7VgEZ6dv1leXFz63wdeVFavgHdevKrAsv5HT3\/m4Hv6BqTpxDn5trFdGlo65VJ3X7BOb48DMGgOwEisZ0n3Q8fOyrzlO8e2lr7NZi7cJpUHW70XwBs4NIDez722ZUxZlnRftWW\/AvzUnCIp\/LRO6o+ekRMdl6XxeJcUf9Eo094sVv0LVuySP\/sGxmxyFYKAk95Z031p4dcKVEHJQbk+PGLFsr3qqJKD9\/8ZHLbK6R1BwLGfs6Z7yZc\/Kh3FFQ26vdby\/obTSn5ZUZVVRu8IAo4JZi0qzYzuf\/UPyaPPr5bXV1botjrLH302Gnh\/+vmCUzYYOIIZvG7SnXWn5hiBnfta1NzNJ8\/HSI3v6v17UI1bvmHf+E6jJRi4je6M9oYer+rCNZUy5eV1XmMoDJY88+omVq15MHDMGEV3PdpbtTo6Xni7RPKWlTukorvXbqtVXr81cida4N\/WVMCzovuMtz6RV97dEWu4rZMnzvBN+ymAsamAm3Q36zbjXO1vrEpG16h5sE2eTrBNUgGHYtAdlwsmk\/5s98m37v5B0bW9q9tnmIzcviOPz1oriwv2OMelBk6648GCxHqa6H7ht14FPH\/9N04AusD2qmY1rvZIh94cWU4NnPTGaw2J9bTRfc3WAwrE3vq2SMPNxtaOy0p+bn6y2JAaOAzIgu4jt+\/KnKVlCsyu6hYT5311PGKeeKlQnpz9oXT92nNfn62SE+DV359SBuaS7jAYj465+aPv\/7x3yqWqrk0u\/t4r1waHpftqv9Q1\/SKLCkZ\/FMFD6eSZKzac49qDges\/N6GMW1yu6U5ry75qkql5Hysd+pMU5cdmrJbC0lq5NpTsccI5g4AjgCGS6+ARSc3ortepME3e3HZeyvc2y8Ydh6S08oh8d+ysDN24FTRlEHDQCp+ebHQn\/XXZiVD2Bk6AyPVkozvpr8uGllvbLwmeq1EforrOQJcOb+BR3qYSk+74YTIXdAdgvAHM\/W3WoSspw7yA27xN4OyncrNOOZ+cc0yeXSQoR12M0AadcAoWAzHIlbyAx3kbikh3XhlZD6U7HxwYn4TGkCHLcJGKS4mBc+WRxyWAxqrTUJP+cWP1PngQ8wCIT+LN0bXYiYHD26AbAdmMMReIddLfNk5vh\/HYr9Dp0qePYxk3SdeCJQJO4\/FqciUYCk+loTuMxhxR+9mlH\/0cHyebCDhWMIm3qQg0C6U7n6RJFpn6zDwnwHGUAISPIdyfjAdkDOaKS\/AwdGGh06ScAMckPt6mwRhDuqPNBRoyZJYrIlOHLU8NPMTbNAZeTwKW8tweSc5gjrHlqYGHettmkK2doF1HkG282Z4KeBpvm4bY6jgB8B8V2Ne5Ag1dqYBzcMg5agOqt2Nhef\/WY4EuE1qm7XHjI48zejuXXqARCFz8GxcCoM\/FhnO48mDgHAgaRj0BzTZXFMZCAiz+ZQS0xgcvZ8Um2h+3QJEehydoYJLcdsbjXMbVk3PguMLDI\/RGFgdE74MOXHfjUiRweAJeSvLFgcA82C44olysiDMyi75I4FkommhzPgQ+0TyStT0PPZ71Ck+0+e8BWgy6nhMUAm0AAAAASUVORK5CYII=' alt='' \/><\/p>\n<header class='content-features__title-container' style='box-sizing: border-box; margin-bottom: 0.625rem; color: #1b1e21; font-family: 'Open Sans'&comma; sans-serif; font-size: 16px;'>\n<h3 class='content-features__title' style='box-sizing: border-box; color: inherit; font-family: Montserrat&comma; sans-serif; margin-top: 0px; font-size: 1rem; line-height: 1.3em; text-transform: uppercase; text-align: center;'><span style='font-size: 10pt;'><strong><span style='box-sizing: border-box; vertical-align: inherit;'>GESTI\u00d3N DE LA NUBE<\/span><\/strong><\/span><\/h3>\n<\/header>\n<div class='content-features__entry-content' style='box-sizing: border-box; color: #1b1e21; font-family: 'Open Sans'&comma; sans-serif; font-size: 16px;'>\n<p style='box-sizing: border-box; margin: 0px 0px 1.5rem; text-align: center;'><span style='font-size: 10pt;'><span style='box-sizing: border-box; vertical-align: inherit;'><span style='box-sizing: border-box; vertical-align: inherit;'>La plataforma de gesti\u00f3n gratuita basada en la nube de cnMaestro proporciona una rica gesti\u00f3n del ciclo de vida&comma; configuraci\u00f3n y control&comma; y servicios de seguridad; <\/span><span style='box-sizing: border-box; vertical-align: inherit;'>que tambi\u00e9n puede estar disponible con opciones de implementaci\u00f3n en las instalaciones<\/span><\/span><\/span><\/p>\n<\/p><\/div>\n<\/td>\n<\/tr>\n<\/tbody>\n<\/table>\n<p><strong>Caracter\u00edsticas generales:<\/strong><\/p>\n<table style='border-collapse: collapse; width: 60%; height: 280px; border-style: hidden;' border='1'>\n<tbody>\n<tr style='height: 20px;'>\n<td style='width: 50%; height: 20px;'>Rendimiento<\/td>\n<td style='width: 50%; height: 20px;'> 176 Gbps<\/td>\n<\/tr>\n<tr style='height: 20px;'>\n<td style='width: 50%; height: 20px;'>Puertos PoE 802.3af\/at 10\/100\/1000<\/td>\n<td style='width: 50%; height: 20px;'> 48 <\/td>\n<\/tr>\n<tr style='height: 20px;'>\n<td style='width: 50%; height: 20px;'>Puertos Uplink<\/td>\n<td style='width: 50%; height: 20px;'> 4 SFP+<\/td>\n<\/tr>\n<tr style='height: 20px;'>\n<td style='width: 50%; height: 20px;'>Almacenamiento Flash<\/td>\n<td style='width: 50%; height: 20px;'> 128 MB<\/td>\n<\/tr>\n<tr style='height: 20px;'>\n<td style='width: 50%; height: 20px;'>Automatizaci\u00f3n basada en pol\u00edticas<\/td>\n<td style='width: 50%; height: 20px;'> Si<\/td>\n<\/tr>\n<tr style='height: 60px;'>\n<td style='width: 50%; height: 60px;'>Calidad de servicio<\/td>\n<td style='width: 50%; height: 60px;'> Asignaci\u00f3n de ACL y marcado de ToS\/DSCP (COS) Asignaci\u00f3n de ACL a cola de prioridad<\/td>\n<\/tr>\n<tr style='height: 40px;'>\n<td style='width: 50%; height: 40px;'>Seguridad<\/td>\n<td style='width: 50%; height: 40px;'> Autenticaci\u00f3n 802.1x&comma; DHCP Snooping&comma; Radius\/ Tacacs\/ Tacacs+<\/td>\n<\/tr>\n<tr style='height: 60px;'>\n<td style='width: 50%; height: 60px;'>Administraci\u00f3n<\/td>\n<td style='width: 50%; height: 60px;'> cnMaestro (gesti\u00f3n en la nube)&comma; Cliente&comma; Servidor DHCP&comma; TFTP\/ SFTP&comma; gesti\u00f3n de almacenamiento de archivos USB<\/td>\n<\/tr>\n<tr style='height: 20px;'>\n<td style='width: 50%; height: 20px;'>Fuente de poder<\/td>\n<td style='width: 50%; height: 20px;'> 400 W<\/td>\n<\/tr>\n<\/tbody>\n<\/table>\n<p><strong>Incluye montaje para Rack de 19&#8242;.<\/strong><\/p>\n<p><strong>5 A\u00f1os de garant\u00eda.<\/strong><\/p>\n<p><strong>Requiere cable de corriente modelo <span style='background-color: #ffffff; color: #005cb9; font-family: 'Helvetica Neue'&comma; Helvetica&comma; Arial&comma; sans-serif; font-size: 14px;'>AC-CORD-1.8M<\/span><\/strong><\/p>\n<\/p>\n<p><strong>Tabla comparativa.<\/strong><\/p>\n<p><img src='https:\/\/ftp3.syscom.mx\/usuarios\/dquezada\/Cambium\/cnMatrix\/Comparativa%20cnmatrix_ex2000_series-1-2.jpg' alt='' width='1000' height='1189' \/><\/p><\/p>\n","protected":false},"excerpt":{"rendered":"<p>Switch PoE cnMatrix EX2052-P 802.3af\/at de 48 puertos Gigabit y 4 SFP+, Capa 3, 400 W, gesti\u00f3n en la nube<\/p>\n","protected":false},"featured_media":71289,"comment_status":"open","ping_status":"closed","template":"","meta":[],"product_brand":[],"product_cat":[1986],"product_tag":[1316,664,1987],"class_list":{"0":"post-71290","1":"product","2":"type-product","3":"status-publish","4":"has-post-thumbnail","6":"product_cat-switches-poe","7":"product_tag-cambium-networks","8":"product_tag-networking","9":"product_tag-switches-poe","11":"first","12":"outofstock","13":"sale","14":"shipping-taxable","15":"purchasable","16":"product-type-simple"},"_links":{"self":[{"href":"https:\/\/soydeaqui.ddns.net\/pachuca\/index.php\/wp-json\/wp\/v2\/product\/71290","targetHints":{"allow":["GET"]}}],"collection":[{"href":"https:\/\/soydeaqui.ddns.net\/pachuca\/index.php\/wp-json\/wp\/v2\/product"}],"about":[{"href":"https:\/\/soydeaqui.ddns.net\/pachuca\/index.php\/wp-json\/wp\/v2\/types\/product"}],"replies":[{"embeddable":true,"href":"https:\/\/soydeaqui.ddns.net\/pachuca\/index.php\/wp-json\/wp\/v2\/comments?post=71290"}],"wp:featuredmedia":[{"embeddable":true,"href":"https:\/\/soydeaqui.ddns.net\/pachuca\/index.php\/wp-json\/wp\/v2\/media\/71289"}],"wp:attachment":[{"href":"https:\/\/soydeaqui.ddns.net\/pachuca\/index.php\/wp-json\/wp\/v2\/media?parent=71290"}],"wp:term":[{"taxonomy":"product_brand","embeddable":true,"href":"https:\/\/soydeaqui.ddns.net\/pachuca\/index.php\/wp-json\/wp\/v2\/product_brand?post=71290"},{"taxonomy":"product_cat","embeddable":true,"href":"https:\/\/soydeaqui.ddns.net\/pachuca\/index.php\/wp-json\/wp\/v2\/product_cat?post=71290"},{"taxonomy":"product_tag","embeddable":true,"href":"https:\/\/soydeaqui.ddns.net\/pachuca\/index.php\/wp-json\/wp\/v2\/product_tag?post=71290"}],"curies":[{"name":"wp","href":"https:\/\/api.w.org\/{rel}","templated":true}]}}