{"id":71278,"date":"2026-03-19T11:59:11","date_gmt":"2026-03-19T11:59:11","guid":{"rendered":"https:\/\/soydeaqui.ddns.net\/pachuca\/index.php\/producto\/switch-poe-gigabit-130w-de-8-puertos-gestionado-en-la-nube\/"},"modified":"2026-03-19T11:59:25","modified_gmt":"2026-03-19T11:59:25","slug":"switch-poe-gigabit-130w-de-8-puertos-gestionado-en-la-nube","status":"publish","type":"product","link":"https:\/\/soydeaqui.ddns.net\/pachuca\/index.php\/producto\/switch-poe-gigabit-130w-de-8-puertos-gestionado-en-la-nube\/","title":{"rendered":"Switch PoE + Gigabit 130W de 8 puertos gestionado en la nube"},"content":{"rendered":"<div style='width: 100%; max-width: 1200px; margin: 0 auto; font-family: sans-serif; line-height: 1.6; color: inherit; background-color: transparent;'> <!-- Imagen del producto --> <\/p>\n<div style='display: flex; justify-content: center; margin: 30px 0;'> <img style='width: 100%; max-width: 350px; height: auto; border: 1px solid rgba(150&comma;150&comma;150&comma;0.3); border-radius: 8px;' src='https:\/\/www.engeniustech.com\/wp-content\/uploads\/2019\/09\/ecs1112fp-front-angled.jpg' alt='Switch PoE + Gigabit 130W de 8 puertos gestionado en la nube'> <\/div>\n<p> <!-- Descripci\u00f3n principal --> <\/p>\n<div style='margin-bottom: 30px;'>\n<p style='font-size: 15px; color: inherit;'>EnGenius Cloud ECS1112FP &comma; un Switch Gigabit PoE + Layer 2+ de 8 puertos con 130W Budget&comma; 2 GbE y 2 puertos SFP de doble velocidad para enlaces ascendentes. Seleccione las opciones de administraci\u00f3n en la nube o local basadas en la arquitectura de red&comma; los permisos administrativos&comma; la aptitud t\u00e9cnica o incluso el presupuesto. Las caracter\u00edsticas de clase empresarial optimizan la eficiencia de la red asegurando el m\u00e1ximo rendimiento para las PYMES.<\/p>\n<\/p><\/div>\n<p> <!-- Caracter\u00edsticas principales --> <\/p>\n<div style='display: flex; flex-wrap: wrap; gap: 30px; margin-bottom: 30px;'>\n<div style='flex: 1 1 300px; min-width: 280px;'>\n<h3 style='font-size: 22px; border-bottom: 2px solid currentColor; padding-bottom: 5px; margin-top: 0; color: inherit; opacity: 0.8;'>Caracter\u00edsticas principales<\/h3>\n<ul style='padding-left: 20px; font-size: 15px; color: inherit;'>\n<li style='margin-bottom: 5px;'>8 puertos 10\/100\/1000 Base-T GbE<\/li>\n<li style='margin-bottom: 5px;'>Conmutaci\u00f3n de capa 2+ con todas las funciones<\/li>\n<li style='margin-bottom: 5px;'>802.3 at \/ af PoE + Ready en todos los puertos con un presupuesto PoE de 130W<\/li>\n<li style='margin-bottom: 5px;'>Capacidad de conmutaci\u00f3n de 24 Gbps<\/li>\n<li style='margin-bottom: 5px;'>2 puertos Gigabit Ethernet y 2 puertos de enlace ascendente SFP (fibra) de doble velocidad<\/li>\n<\/ul><\/div>\n<\/p><\/div>\n<\/p><\/div>\n","protected":false},"excerpt":{"rendered":"<p>Switch PoE + Gigabit 130W de 8 puertos gestionado en la nube<\/p>\n","protected":false},"featured_media":71277,"comment_status":"open","ping_status":"closed","template":"","meta":[],"product_brand":[],"product_cat":[1986],"product_tag":[738,664,1987],"class_list":{"0":"post-71278","1":"product","2":"type-product","3":"status-publish","4":"has-post-thumbnail","6":"product_cat-switches-poe","7":"product_tag-engenius","8":"product_tag-networking","9":"product_tag-switches-poe","11":"first","12":"outofstock","13":"sale","14":"shipping-taxable","15":"purchasable","16":"product-type-simple"},"_links":{"self":[{"href":"https:\/\/soydeaqui.ddns.net\/pachuca\/index.php\/wp-json\/wp\/v2\/product\/71278","targetHints":{"allow":["GET"]}}],"collection":[{"href":"https:\/\/soydeaqui.ddns.net\/pachuca\/index.php\/wp-json\/wp\/v2\/product"}],"about":[{"href":"https:\/\/soydeaqui.ddns.net\/pachuca\/index.php\/wp-json\/wp\/v2\/types\/product"}],"replies":[{"embeddable":true,"href":"https:\/\/soydeaqui.ddns.net\/pachuca\/index.php\/wp-json\/wp\/v2\/comments?post=71278"}],"wp:featuredmedia":[{"embeddable":true,"href":"https:\/\/soydeaqui.ddns.net\/pachuca\/index.php\/wp-json\/wp\/v2\/media\/71277"}],"wp:attachment":[{"href":"https:\/\/soydeaqui.ddns.net\/pachuca\/index.php\/wp-json\/wp\/v2\/media?parent=71278"}],"wp:term":[{"taxonomy":"product_brand","embeddable":true,"href":"https:\/\/soydeaqui.ddns.net\/pachuca\/index.php\/wp-json\/wp\/v2\/product_brand?post=71278"},{"taxonomy":"product_cat","embeddable":true,"href":"https:\/\/soydeaqui.ddns.net\/pachuca\/index.php\/wp-json\/wp\/v2\/product_cat?post=71278"},{"taxonomy":"product_tag","embeddable":true,"href":"https:\/\/soydeaqui.ddns.net\/pachuca\/index.php\/wp-json\/wp\/v2\/product_tag?post=71278"}],"curies":[{"name":"wp","href":"https:\/\/api.w.org\/{rel}","templated":true}]}}