{"id":71262,"date":"2026-03-19T11:58:30","date_gmt":"2026-03-19T11:58:30","guid":{"rendered":"https:\/\/soydeaqui.ddns.net\/pachuca\/index.php\/producto\/intercom-hd-y-panel-de-control-de-acceso-sip\/"},"modified":"2026-03-19T11:58:46","modified_gmt":"2026-03-19T11:58:46","slug":"intercom-hd-y-panel-de-control-de-acceso-sip","status":"publish","type":"product","link":"https:\/\/soydeaqui.ddns.net\/pachuca\/index.php\/producto\/intercom-hd-y-panel-de-control-de-acceso-sip\/","title":{"rendered":"Intercom HD y panel de control de acceso SIP"},"content":{"rendered":"<div style='width: 100%; max-width: 1200px; margin: 0 auto; font-family: sans-serif; line-height: 1.6; color: inherit; background-color: transparent;'> <!-- Secci\u00f3n principal --> <\/p>\n<div style='display: flex; flex-direction: column; gap: 30px;'>\n<div style='flex: 1;'>\n<h2 style='font-size: 24px; margin-top: 0; color: inherit; opacity: 0.9;'>Acerca del GSC3570<\/h2>\n<hr style='border: 0; border-top: 2px solid #1056BC; width: 40px; margin: 15px 0; opacity: 0.8;'>\n<p style='font-size: 15px; color: inherit; opacity: 0.9;'>El GSC3570 es una potente estaci\u00f3n de intercomunicaci\u00f3n y control de instalaciones dise\u00f1ada para proporcionar a las empresas un dispositivo dedicado para administrar las comunicaciones de las instalaciones&comma; el acceso a las puertas&comma; la seguridad f\u00edsica y m\u00e1s. Este dispositivo puede montarse en la pared o colocarse en un escritorio como una soluci\u00f3n para un f\u00e1cil control de puertas&comma; comunicaci\u00f3n por intercomunicador y voceo&comma; administraci\u00f3n de c\u00e1maras de seguridad e integraci\u00f3n de UC. El GSC3570 cuenta con una pantalla t\u00e1ctil LCD de 7 pulgadas y audio HD full-duplex de 2 v\u00edas.<\/p>\n<\/p><\/div>\n<\/p><\/div>\n<p> <!-- Secci\u00f3n de caracter\u00edsticas y control de acceso --> <\/p>\n<div style='display: flex; flex-wrap: wrap; gap: 30px; margin-top: 30px;'>\n<div style='flex: 1 1 300px; min-width: 280px;'>\n<h3 style='font-size: 22px; border-bottom: 2px solid currentColor; padding-bottom: 5px; margin-top: 0; color: inherit; opacity: 0.8;'>Caracter\u00edsticas Competitivas<\/h3>\n<ul style='padding-left: 20px; font-size: 15px; color: inherit;'>\n<li style='margin-bottom: 5px;'>Pantalla t\u00e1ctil capacitiva de 7 pulgadas 1024&#215;600<\/li>\n<li style='margin-bottom: 5px;'>Wi-Fi integrado de doble banda 802.11 a\/b\/g\/n\/ac<\/li>\n<li style='margin-bottom: 5px;'>4 puertos de entrada de alarma y 1 puerto de salida de alarma para implementaciones personalizadas<\/li>\n<li style='margin-bottom: 5px;'>Audio HD full-duplex de 2 v\u00edas con cancelaci\u00f3n de eco avanzada<\/li>\n<li style='margin-bottom: 5px;'>Admite PoE para proporcionar una conexi\u00f3n de red al dispositivo<\/li>\n<li style='margin-bottom: 5px;'>4 cuentas\/l\u00edneas SIP<\/li>\n<li style='margin-bottom: 5px;'>Puede montarse en la pared o colocarse en un escritorio<\/li>\n<\/ul><\/div>\n<div style='flex: 1 1 300px; min-width: 280px;'>\n<h3 style='font-size: 22px; border-bottom: 2px solid currentColor; padding-bottom: 5px; margin-top: 0; color: inherit; opacity: 0.8;'>Sistemas de control de acceso<\/h3>\n<ul style='padding-left: 20px; font-size: 15px; color: inherit;'>\n<li style='margin-bottom: 5px;'>La integraci\u00f3n con los dispositivos de la serie GDS permite que el GSC3570 responda las llamadas de audio y video entrantes de los usuarios que solicitan acceso a una instalaci\u00f3n<\/li>\n<li style='margin-bottom: 5px;'>El GSC3570 puede ver transmisiones de video GDS&comma; realizar llamadas bidireccionales y&comma; al presionar el bot\u00f3n&comma; se activa un dispositivo de la serie GDS3700 para desbloquear un cerrojo el\u00e9ctrico<\/li>\n<\/ul><\/div>\n<p> <!-- Imagen --> <\/p>\n<div style='flex: 1 1 300px; min-width: 280px; display: flex; align-items: center; justify-content: center;'> <img style='width: 100%; height: auto; border: 1px solid rgba(150&comma;150&comma;150&comma;0.3); border-radius: 8px;' src='https:\/\/ftp3.syscom.mx\/usuarios\/lcuevas\/Grandstream\/GDS3710\/Front.png' alt='Panel frontal del dispositivo'> <\/div>\n<\/p><\/div>\n<p> <!-- Secci\u00f3n de comunicaci\u00f3n y seguridad --> <\/p>\n<div style='display: flex; flex-wrap: wrap; gap: 30px; margin-top: 30px;'>\n<div style='flex: 1 1 300px; min-width: 280px;'>\n<h3 style='font-size: 22px; border-bottom: 2px solid currentColor; padding-bottom: 5px; margin-top: 0; color: inherit; opacity: 0.8;'>Comunicaci\u00f3n y Seguridad<\/h3>\n<p style='font-size: 15px; color: inherit; opacity: 0.9;'>El intercomunicador GSC3570 HD y la estaci\u00f3n de control de instalaciones permiten a las empresas con un dispositivo dedicado administrar las comunicaciones de las instalaciones&comma; el acceso a las puertas&comma; la seguridad f\u00edsica y m\u00e1s&comma; todo en un solo dispositivo<\/p>\n<ul style='padding-left: 20px; font-size: 15px; color: inherit;'>\n<li style='margin-bottom: 5px;'><strong>Intercomunicador y megafon\u00eda:<\/strong> llame y localice grupos personalizados de dispositivos y puntos finales en una instalaci\u00f3n con solo presionar un bot\u00f3n<\/li>\n<li style='margin-bottom: 5px;'><strong>Entradas y salidas de alarma:<\/strong> 4 puertos de entrada de alarma y 1x puerto de salida de alarma para disparadores de seguridad personalizados<\/li>\n<li style='margin-bottom: 5px;'><strong>Control de acceso a las instalaciones:<\/strong> empareje con cerraduras de puertas el\u00e9ctricas y sistemas de acceso a las instalaciones de la serie GDS3700 para obtener una soluci\u00f3n completa de acceso a las instalaciones<\/li>\n<\/ul><\/div>\n<div style='flex: 1 1 300px; min-width: 280px;'>\n<h3 style='font-size: 22px; border-bottom: 2px solid currentColor; padding-bottom: 5px; margin-top: 0; color: inherit; opacity: 0.8;'>Control de acceso<\/h3>\n<p style='font-size: 15px; color: inherit; opacity: 0.9;'>Los terminales ubicados en todo un edificio se pueden usar para monitorear y administrar una instalaci\u00f3n<\/p>\n<ul style='padding-left: 20px; font-size: 15px; color: inherit;'>\n<li style='margin-bottom: 5px;'><strong>Vigilancia IP:<\/strong> GSC3570 se puede utilizar para monitorear hasta 4 dispositivos de seguridad IP activos<\/li>\n<li style='margin-bottom: 5px;'><strong>Alarma y acceso a la instalaci\u00f3n:<\/strong> personalice las implementaciones con acceso a la instalaci\u00f3n y monitoreo activo al activarse la alarma&comma; todo desde el GSC3570<\/li>\n<li style='margin-bottom: 5px;'><strong>Salida de alarma<\/strong>: desencadena eventos de seguridad personalizados&comma; como alarmas audiovisuales o apertura de un cerrojo de puerta el\u00e9ctrico desde el GSC3570<\/li>\n<li style='margin-bottom: 5px;'><strong>Entrada de alarma (pasiva y activa):<\/strong> una variedad de eventos de seguridad pueden desencadenar una respuesta en el GSC3570&comma; como una captura de movimiento que muestra autom\u00e1ticamente una fuente de seguridad de una c\u00e1mara IP<\/li>\n<\/ul><\/div>\n<\/p><\/div>\n<p> <!-- Separador --> <\/p>\n<hr style='border: 0; border-top: 1px solid rgba(150&comma; 150&comma; 150&comma; 0.3); margin: 40px 0;'> <!-- Especificaciones t\u00e9cnicas --> <\/p>\n<div style='margin-top: 30px;'>\n<h2 style='font-size: 24px; margin-top: 0; margin-bottom: 20px; color: inherit; opacity: 0.9;'>Especificaciones t\u00e9cnicas<\/h2>\n<div style='display: grid; grid-template-columns: repeat(auto-fill&comma; minmax(250px&comma; 1fr)); gap: 20px;'>\n<div style='border: 1px solid rgba(150&comma; 150&comma; 150&comma; 0.4); border-radius: 8px; overflow: hidden;'>\n<div style='padding: 15px; border-bottom: 1px solid rgba(150&comma; 150&comma; 150&comma; 0.2); font-weight: bold; font-size: 18px; color: inherit;'>Interfaces de Red<\/div>\n<div style='padding: 15px; color: inherit;'>Puertos con conmutaci\u00f3n dual de 10\/100Mbps<\/div>\n<\/p><\/div>\n<div style='border: 1px solid rgba(150&comma; 150&comma; 150&comma; 0.4); border-radius: 8px; overflow: hidden;'>\n<div style='padding: 15px; border-bottom: 1px solid rgba(150&comma; 150&comma; 150&comma; 0.2); font-weight: bold; font-size: 18px; color: inherit;'>Pantalla<\/div>\n<div style='padding: 15px; color: inherit;'>Pantalla t\u00e1ctil TFT LCD capacitiva de 7 &#8221; 1024 \u00d7 600 con tecla de inicio<\/div>\n<\/p><\/div>\n<div style='border: 1px solid rgba(150&comma; 150&comma; 150&comma; 0.4); border-radius: 8px; overflow: hidden;'>\n<div style='padding: 15px; border-bottom: 1px solid rgba(150&comma; 150&comma; 150&comma; 0.2); font-weight: bold; font-size: 18px; color: inherit;'>Wi-Fi<\/div>\n<div style='padding: 15px; color: inherit;'>S\u00ed&comma; doble banda 802.11a\/b\/g\/n\/ac (2.4GHz Y 5GHz)<\/div>\n<\/p><\/div>\n<div style='border: 1px solid rgba(150&comma; 150&comma; 150&comma; 0.4); border-radius: 8px; overflow: hidden;'>\n<div style='padding: 15px; border-bottom: 1px solid rgba(150&comma; 150&comma; 150&comma; 0.2); font-weight: bold; font-size: 18px; color: inherit;'>Audio HD<\/div>\n<div style='padding: 15px; color: inherit;'>S\u00ed&comma; altavoces duales con soporte para reproducci\u00f3n de audio y medios de banda ancha en est\u00e9reo&comma; cancelaci\u00f3n de eco<\/div>\n<\/p><\/div>\n<div style='border: 1px solid rgba(150&comma; 150&comma; 150&comma; 0.4); border-radius: 8px; overflow: hidden;'>\n<div style='padding: 15px; border-bottom: 1px solid rgba(150&comma; 150&comma; 150&comma; 0.2); font-weight: bold; font-size: 18px; color: inherit;'>Funciones de Telefon\u00eda<\/div>\n<div style='padding: 15px; color: inherit;'>4 cuentas SIP&comma; espera&comma; llamada en espera&comma; registro de llamadas&comma; respuesta autom\u00e1tica&comma; etc<\/div>\n<\/p><\/div>\n<div style='border: 1px solid rgba(150&comma; 150&comma; 150&comma; 0.4); border-radius: 8px; overflow: hidden;'>\n<div style='padding: 15px; border-bottom: 1px solid rgba(150&comma; 150&comma; 150&comma; 0.2); font-weight: bold; font-size: 18px; color: inherit;'>Puetos Auxiliares<\/div>\n<div style='padding: 15px; color: inherit;'>4 x entrada de alarma&comma; 1 x salida de alarma&comma; ranura para tarjeta Micro SD<\/div>\n<\/p><\/div>\n<div style='border: 1px solid rgba(150&comma; 150&comma; 150&comma; 0.4); border-radius: 8px; overflow: hidden;'>\n<div style='padding: 15px; border-bottom: 1px solid rgba(150&comma; 150&comma; 150&comma; 0.2); font-weight: bold; font-size: 18px; color: inherit;'>Seguridad<\/div>\n<div style='padding: 15px; color: inherit;'>Arranque y datos seguros&comma; im\u00e1genes dobles para alta confiabilidad&comma; contrase\u00f1a de administrador aleatoria&comma; contrase\u00f1as de nivel de usuario y administrador&comma; basadas en MD5 y MD5-sess autenticaci\u00f3n&comma; archivo de configuraci\u00f3n seguro basado en AES de 256 bits&comma; SRTP&comma; TLS&comma; control de acceso a medios 802.1x<\/div>\n<\/p><\/div>\n<\/p><\/div>\n<\/p><\/div>\n<p> <!-- Separador final --> <\/p>\n<hr style='border: 0; border-top: 1px solid rgba(150&comma; 150&comma; 150&comma; 0.3); margin: 40px 0;'> <\/div>\n","protected":false},"excerpt":{"rendered":"<p>Intercom HD y panel de control de acceso SIP<\/p>\n","protected":false},"featured_media":71261,"comment_status":"open","ping_status":"closed","template":"","meta":[],"product_brand":[],"product_cat":[856],"product_tag":[909,557,857],"class_list":{"0":"post-71262","1":"product","2":"type-product","3":"status-publish","4":"has-post-thumbnail","6":"product_cat-videoporteros-ip","7":"product_tag-grandstream","8":"product_tag-videoporteros-e-interfonos","9":"product_tag-videoporteros-ip","11":"first","12":"instock","13":"sale","14":"shipping-taxable","15":"purchasable","16":"product-type-simple"},"_links":{"self":[{"href":"https:\/\/soydeaqui.ddns.net\/pachuca\/index.php\/wp-json\/wp\/v2\/product\/71262","targetHints":{"allow":["GET"]}}],"collection":[{"href":"https:\/\/soydeaqui.ddns.net\/pachuca\/index.php\/wp-json\/wp\/v2\/product"}],"about":[{"href":"https:\/\/soydeaqui.ddns.net\/pachuca\/index.php\/wp-json\/wp\/v2\/types\/product"}],"replies":[{"embeddable":true,"href":"https:\/\/soydeaqui.ddns.net\/pachuca\/index.php\/wp-json\/wp\/v2\/comments?post=71262"}],"wp:featuredmedia":[{"embeddable":true,"href":"https:\/\/soydeaqui.ddns.net\/pachuca\/index.php\/wp-json\/wp\/v2\/media\/71261"}],"wp:attachment":[{"href":"https:\/\/soydeaqui.ddns.net\/pachuca\/index.php\/wp-json\/wp\/v2\/media?parent=71262"}],"wp:term":[{"taxonomy":"product_brand","embeddable":true,"href":"https:\/\/soydeaqui.ddns.net\/pachuca\/index.php\/wp-json\/wp\/v2\/product_brand?post=71262"},{"taxonomy":"product_cat","embeddable":true,"href":"https:\/\/soydeaqui.ddns.net\/pachuca\/index.php\/wp-json\/wp\/v2\/product_cat?post=71262"},{"taxonomy":"product_tag","embeddable":true,"href":"https:\/\/soydeaqui.ddns.net\/pachuca\/index.php\/wp-json\/wp\/v2\/product_tag?post=71262"}],"curies":[{"name":"wp","href":"https:\/\/api.w.org\/{rel}","templated":true}]}}