{"id":71257,"date":"2026-03-19T11:58:20","date_gmt":"2026-03-19T11:58:20","guid":{"rendered":"https:\/\/soydeaqui.ddns.net\/pachuca\/index.php\/producto\/switch-poe-de-48-puertos-gigabit-y-4-puertos-sfp-administrable-en-la-nube-hasta-740-w-capa-2-soporta-poe-802-3-at-af\/"},"modified":"2026-03-19T11:58:28","modified_gmt":"2026-03-19T11:58:28","slug":"switch-poe-de-48-puertos-gigabit-y-4-puertos-sfp-administrable-en-la-nube-hasta-740-w-capa-2-soporta-poe-802-3-at-af","status":"publish","type":"product","link":"https:\/\/soydeaqui.ddns.net\/pachuca\/index.php\/producto\/switch-poe-de-48-puertos-gigabit-y-4-puertos-sfp-administrable-en-la-nube-hasta-740-w-capa-2-soporta-poe-802-3-at-af\/","title":{"rendered":"Switch Poe de 48 Puertos Gigabit y 4 Puertos SFP, Administrable en la Nube, Hasta 740 W, Capa 2, Soporta PoE+ 802.3  at\/af"},"content":{"rendered":"<div style='width: 100%; max-width: 1200px; margin: 0 auto; font-family: sans-serif; line-height: 1.6; color: inherit; background-color: transparent;'> <!-- Secci\u00f3n de im\u00e1genes y enlaces --> <\/p>\n<div style='display: flex; flex-wrap: wrap; gap: 20px; align-items: center; justify-content: center; margin-bottom: 30px;'> <img style='width: 100%; max-width: 350px; height: auto; border: 1px solid rgba(150&comma;150&comma;150&comma;0.3); border-radius: 8px;' src='https:\/\/www.engeniustech.com\/wp-content\/uploads\/2019\/09\/ecs1552fp-front-angled.jpg' alt=''> <img style='width: 100%; max-width: 250px; height: auto; border: 1px solid rgba(150&comma;150&comma;150&comma;0.3); border-radius: 8px;' src='https:\/\/ftp3.syscom.mx\/usuarios\/alevario\/cloud-logo%20%281%29.png' alt=''> <\/p>\n<div style='flex: 1 1 200px; min-width: 150px; display: flex; flex-direction: column; gap: 10px;'> <a style='color: #3598db; text-decoration: none; font-size: 16px;' href='https:\/\/cloud.engenius.ai\/demo'>Inicie Demo Cloud<\/a> <a style='color: #005cb9; text-decoration: none; font-size: 16px;' href='https:\/\/cloud.engenius.ai\/'><span style='color: #f1c40f;'>Registro Cloud<\/span><\/a> <\/div>\n<\/p><\/div>\n<p> <!-- Descripci\u00f3n principal --> <\/p>\n<div style='margin-bottom: 30px;'>\n<p style='font-size: 16px; color: inherit;'> EnGenius Cloud ECS1552FP&comma; un switch Gigabit PoE+ Layer 2+ de 48 puertos con 740 W&comma; 4 puertos de enlace ascendente SFP+ de 10 Gigabit. Las caracter\u00edsticas de clase empresarial optimizan la eficiencia de la red asegurando el m\u00e1ximo rendimiento para los PYMES. <\/p>\n<\/p><\/div>\n<p> <!-- Caracter\u00edsticas principales --> <\/p>\n<div style='margin-bottom: 30px;'>\n<h3 style='font-size: 20px; border-bottom: 2px solid currentColor; padding-bottom: 5px; margin-top: 0; color: inherit; opacity: 0.8;'>Caracter\u00edsticas Principales<\/h3>\n<ul style='padding-left: 20px; font-size: 15px; color: inherit;'>\n<li style='margin-bottom: 5px;'>48 puertos 10\/100\/1000 Base-T GbE<\/li>\n<li style='margin-bottom: 5px;'>Conmutaci\u00f3n de capa 2+ con todas las funciones<\/li>\n<li style='margin-bottom: 5px;'>802.3 at\/af PoE+ listo en todos los puertos con un m\u00e1ximo PoE de 740W<\/li>\n<li style='margin-bottom: 5px;'>Capacidad de conmutaci\u00f3n de 176 Gbps<\/li>\n<li style='margin-bottom: 5px;'>4 puertos de enlace ascendente SFP+ (fibra) de doble velocidad de 10 Gigabits<\/li>\n<\/ul><\/div>\n<p> <!-- Imagen principal de la nube --> <\/p>\n<div style='margin-bottom: 30px;'> <img style='width: 100%; height: auto; border: 1px solid rgba(150&comma;150&comma;150&comma;0.3); border-radius: 8px;' src='https:\/\/www.engenius.ai\/wp-content\/uploads\/2019\/07\/cloud-image-1024x623.png' alt=''> <\/div>\n<p> <!-- Secci\u00f3n de apps --> <\/p>\n<div style='margin-bottom: 30px;'>\n<h3 style='font-size: 20px; border-bottom: 2px solid currentColor; padding-bottom: 5px; margin-top: 0; color: inherit; opacity: 0.8;'>Aplicaci\u00f3n EnGenius Cloud<\/h3>\n<div style='display: flex; flex-wrap: wrap; gap: 20px; justify-content: center; margin-top: 15px;'> <img style='width: 100%; max-width: 200px; height: auto; border: 1px solid rgba(150&comma;150&comma;150&comma;0.3); border-radius: 8px;' src='https:\/\/www.engenius.ai\/wp-content\/uploads\/2019\/07\/Google-play.png' alt='Google Play'> <img style='width: 100%; max-width: 200px; height: auto; border: 1px solid rgba(150&comma;150&comma;150&comma;0.3); border-radius: 8px;' src='https:\/\/www.engenius.ai\/wp-content\/uploads\/2019\/07\/Apply-store.png' alt='App Store'> <\/div>\n<p style='font-size: 18px; margin-top: 20px; color: inherit; text-align: center;'> Implemente y monitoree sus redes con la aplicaci\u00f3n EnGenius Cloud <\/p>\n<p style='font-size: 14px; margin-top: 10px; color: inherit; text-align: center;'> F\u00e1cil implementaci\u00f3n del dispositivo&comma; monitoreo&comma; visualizaci\u00f3n y alertas de actividad anormal de la red disponible dentro de una aplicaci\u00f3n m\u00f3vil intuitiva. <\/p>\n<\/p><\/div>\n<p> <!-- Video de soluci\u00f3n en la nube --> <\/p>\n<div style='margin-bottom: 30px;'>\n<h3 style='font-size: 20px; border-bottom: 2px solid currentColor; padding-bottom: 5px; margin-top: 0; color: inherit; opacity: 0.8;'>Soluci\u00f3n de administraci\u00f3n en la Nube<\/h3>\n<div style='position: relative; padding-bottom: 56.25%; height: 0; overflow: hidden; margin-top: 20px;'>   <\/div>\n<\/p><\/div>\n<p> <!-- Separador final --> <\/p>\n<hr style='border: 0; border-top: 1px solid rgba(150&comma;150&comma;150&comma;0.3); margin: 30px 0;'> <\/div>\n","protected":false},"excerpt":{"rendered":"<p>Switch Poe de 48 Puertos Gigabit y 4 Puertos SFP, Administrable en la Nube, Hasta 740 W, Capa 2, Soporta PoE+ 802.3  at\/af<\/p>\n","protected":false},"featured_media":71256,"comment_status":"open","ping_status":"closed","template":"","meta":[],"product_brand":[],"product_cat":[1986],"product_tag":[738,664,1987],"class_list":{"0":"post-71257","1":"product","2":"type-product","3":"status-publish","4":"has-post-thumbnail","6":"product_cat-switches-poe","7":"product_tag-engenius","8":"product_tag-networking","9":"product_tag-switches-poe","11":"first","12":"outofstock","13":"sale","14":"shipping-taxable","15":"purchasable","16":"product-type-simple"},"_links":{"self":[{"href":"https:\/\/soydeaqui.ddns.net\/pachuca\/index.php\/wp-json\/wp\/v2\/product\/71257","targetHints":{"allow":["GET"]}}],"collection":[{"href":"https:\/\/soydeaqui.ddns.net\/pachuca\/index.php\/wp-json\/wp\/v2\/product"}],"about":[{"href":"https:\/\/soydeaqui.ddns.net\/pachuca\/index.php\/wp-json\/wp\/v2\/types\/product"}],"replies":[{"embeddable":true,"href":"https:\/\/soydeaqui.ddns.net\/pachuca\/index.php\/wp-json\/wp\/v2\/comments?post=71257"}],"wp:featuredmedia":[{"embeddable":true,"href":"https:\/\/soydeaqui.ddns.net\/pachuca\/index.php\/wp-json\/wp\/v2\/media\/71256"}],"wp:attachment":[{"href":"https:\/\/soydeaqui.ddns.net\/pachuca\/index.php\/wp-json\/wp\/v2\/media?parent=71257"}],"wp:term":[{"taxonomy":"product_brand","embeddable":true,"href":"https:\/\/soydeaqui.ddns.net\/pachuca\/index.php\/wp-json\/wp\/v2\/product_brand?post=71257"},{"taxonomy":"product_cat","embeddable":true,"href":"https:\/\/soydeaqui.ddns.net\/pachuca\/index.php\/wp-json\/wp\/v2\/product_cat?post=71257"},{"taxonomy":"product_tag","embeddable":true,"href":"https:\/\/soydeaqui.ddns.net\/pachuca\/index.php\/wp-json\/wp\/v2\/product_tag?post=71257"}],"curies":[{"name":"wp","href":"https:\/\/api.w.org\/{rel}","templated":true}]}}