{"id":71242,"date":"2026-03-19T11:57:47","date_gmt":"2026-03-19T11:57:47","guid":{"rendered":"https:\/\/soydeaqui.ddns.net\/pachuca\/index.php\/producto\/telefono-ip-para-hoteleria-profesional-con-6-teclas-programables-para-servicio-rapido-hotline-plantilla-personalizable-con-poe\/"},"modified":"2026-03-19T11:57:53","modified_gmt":"2026-03-19T11:57:53","slug":"telefono-ip-para-hoteleria-profesional-con-6-teclas-programables-para-servicio-rapido-hotline-plantilla-personalizable-con-poe","status":"publish","type":"product","link":"https:\/\/soydeaqui.ddns.net\/pachuca\/index.php\/producto\/telefono-ip-para-hoteleria-profesional-con-6-teclas-programables-para-servicio-rapido-hotline-plantilla-personalizable-con-poe\/","title":{"rendered":"Tel\u00e9fono IP para Hoteler\u00eda, profesional con 6 teclas programables para servicio r\u00e1pido (Hotline), plantilla personalizable con PoE"},"content":{"rendered":"<div style='width: 100%; max-width: 1200px; margin: 0 auto; font-family: sans-serif; line-height: 1.6; color: inherit; background-color: transparent;'>\n<div style='display: flex; flex-wrap: wrap; gap: 30px; margin-bottom: 30px;'>\n<div style='flex: 1 1 300px; min-width: 280px;'>\n<h3 style='font-size: 22px; border-bottom: 2px solid currentColor; padding-bottom: 5px; margin-top: 0; color: inherit; opacity: 0.8;'>Descripci\u00f3n<\/h3>\n<p style='font-size: 15px; color: inherit; margin-top: 0;'>The H3F is a phone designed for hotel&comma; it is elegant&comma; contemporary appearance&comma; excellent voice quality&comma; together with the corresponding integrated communication platform&comma; it can become the new generation of smart terminal equipment for the hotel.<\/p>\n<\/p><\/div>\n<\/p><\/div>\n<div style='display: flex; flex-wrap: wrap; gap: 30px; margin-bottom: 30px;'>\n<div style='flex: 1 1 300px; min-width: 280px;'>\n<h3 style='font-size: 22px; border-bottom: 2px solid currentColor; padding-bottom: 5px; margin-top: 0; color: inherit; opacity: 0.8;'>Caracter\u00edsticas principales<\/h3>\n<ul style='padding-left: 20px; font-size: 15px; color: inherit;'>\n<li style='margin-bottom: 5px;'>6 teclas programable para servicio<\/li>\n<li style='margin-bottom: 5px;'>Sistema Operativo vxworks<\/li>\n<li style='margin-bottom: 5px;'>1 cuenta SIP<\/li>\n<li style='margin-bottom: 5px;'>PoE habilitado (802.3 af)<\/li>\n<li style='margin-bottom: 5px;'>LLamada IP y Peer to Peer (punto a punto)<\/li>\n<\/ul><\/div>\n<\/p><\/div>\n<div style='display: flex; flex-wrap: wrap; gap: 30px; margin-bottom: 30px;'>\n<div style='flex: 1 1 300px; min-width: 280px;'>\n<h3 style='font-size: 22px; border-bottom: 2px solid currentColor; padding-bottom: 5px; margin-top: 0; color: inherit; opacity: 0.8;'>Caracter\u00edsticas de red<\/h3>\n<ul style='padding-left: 20px; font-size: 15px; color: inherit;'>\n<li style='margin-bottom: 5px;'>2 puertos Ethernet 10\/100 Mbps modo puente para bypass a PC<\/li>\n<li style='margin-bottom: 5px;'>Configuraci\u00f3n de IP: est\u00e1tico \/ DHCP \/ PPPoE<\/li>\n<li style='margin-bottom: 5px;'>Control de acceso por red: 802.1x<\/li>\n<li style='margin-bottom: 5px;'>VPN L2TP (encriptacion b\u00e1sica) \/ OpenVPN<\/li>\n<li style='margin-bottom: 5px;'>VLAN y DSCP<\/li>\n<li style='margin-bottom: 5px;'>QoS<\/li>\n<\/ul><\/div>\n<\/p><\/div>\n<div style='display: flex; flex-wrap: wrap; gap: 30px; margin-bottom: 30px;'>\n<div style='flex: 1 1 300px; min-width: 280px;'>\n<h3 style='font-size: 22px; border-bottom: 2px solid currentColor; padding-bottom: 5px; margin-top: 0; color: inherit; opacity: 0.8;'>Especificaciones f\u00edsicas y el\u00e9ctricas<\/h3>\n<ul style='padding-left: 20px; font-size: 15px; color: inherit;'>\n<li style='margin-bottom: 5px;'>Entrada del adaptador de correinte: 100-240VAC<\/li>\n<li style='margin-bottom: 5px;'>Salida del adaptadaor de corriente: 5V\/1A DC (no incluye adaptador de corriente)<\/li>\n<li style='margin-bottom: 5px;'>Puerto WAN 10\/100 BASE-T RJ-45 para LAN<\/li>\n<li style='margin-bottom: 5px;'>Puerto LAN 10\/100 BASE-T RJ-45 para PC<\/li>\n<li style='margin-bottom: 5px;'>Consumo de potencia: inactivo: 2.5W Activo: 2.8W<\/li>\n<li style='margin-bottom: 5px;'>Temperatura de operaci\u00f3n: 0\u00e3\u20ac\u015340\u00e2\u201e\u0192<\/li>\n<li style='margin-bottom: 5px;'>Humedad relativa: 10\u00e3\u20ac\u015365\u00ef\u00bc\u2026<\/li>\n<li style='margin-bottom: 5px;'>Chipset principal : Broadcom<\/li>\n<li style='margin-bottom: 5px;'>SDRAM: 16MB<\/li>\n<li style='margin-bottom: 5px;'>Memoria FLASH: 4MB<\/li>\n<li style='margin-bottom: 5px;'>Dimensiones: 235x170x130 mm<\/li>\n<\/ul><\/div>\n<\/p><\/div>\n<div style='display: flex; flex-wrap: wrap; gap: 30px; margin-bottom: 30px;'>\n<div style='flex: 1 1 300px; min-width: 280px;'>\n<h3 style='font-size: 22px; border-bottom: 2px solid currentColor; padding-bottom: 5px; margin-top: 0; color: inherit; opacity: 0.8;'>Im\u00e1genes<\/h3>\n<div style='display: flex; flex-direction: column; gap: 15px;'> <img style='width: 100%; height: auto; border: 1px solid rgba(150&comma;150&comma;150&comma;0.3); border-radius: 8px;' src='https:\/\/ftp3.syscom.mx\/usuarios\/fotos\/H3W\/187943-captura_de_pantalla_2020-05-21_a_la(s)_22.35.55.png' alt=''> <img style='width: 100%; height: auto; border: 1px solid rgba(150&comma;150&comma;150&comma;0.3); border-radius: 8px;' src='https:\/\/ftp3.syscom.mx\/usuarios\/fotos\/H3W\/187943-5ec4cdb8169fb.gif' alt=''> <\/div>\n<\/p><\/div>\n<\/p><\/div>\n<hr style='border: 0; border-top: 1px solid rgba(150&comma; 150&comma; 150&comma; 0.3); margin: 30px 0;'> <\/div>\n","protected":false},"excerpt":{"rendered":"<p>Tel\u00e9fono IP para Hoteler\u00eda, profesional con 6 teclas programables para servicio r\u00e1pido (Hotline), plantilla personalizable con PoE<\/p>\n","protected":false},"featured_media":71241,"comment_status":"open","ping_status":"closed","template":"","meta":[],"product_brand":[],"product_cat":[2043],"product_tag":[859,2044,2004],"class_list":{"0":"post-71242","1":"product","2":"type-product","3":"status-publish","4":"has-post-thumbnail","6":"product_cat-telefonos-ip-para-hoteles","7":"product_tag-fanvil","8":"product_tag-telefonos-ip-para-hoteles","9":"product_tag-voip-telefonia-ip-videoconferencia","11":"first","12":"outofstock","13":"sale","14":"shipping-taxable","15":"purchasable","16":"product-type-simple"},"_links":{"self":[{"href":"https:\/\/soydeaqui.ddns.net\/pachuca\/index.php\/wp-json\/wp\/v2\/product\/71242","targetHints":{"allow":["GET"]}}],"collection":[{"href":"https:\/\/soydeaqui.ddns.net\/pachuca\/index.php\/wp-json\/wp\/v2\/product"}],"about":[{"href":"https:\/\/soydeaqui.ddns.net\/pachuca\/index.php\/wp-json\/wp\/v2\/types\/product"}],"replies":[{"embeddable":true,"href":"https:\/\/soydeaqui.ddns.net\/pachuca\/index.php\/wp-json\/wp\/v2\/comments?post=71242"}],"wp:featuredmedia":[{"embeddable":true,"href":"https:\/\/soydeaqui.ddns.net\/pachuca\/index.php\/wp-json\/wp\/v2\/media\/71241"}],"wp:attachment":[{"href":"https:\/\/soydeaqui.ddns.net\/pachuca\/index.php\/wp-json\/wp\/v2\/media?parent=71242"}],"wp:term":[{"taxonomy":"product_brand","embeddable":true,"href":"https:\/\/soydeaqui.ddns.net\/pachuca\/index.php\/wp-json\/wp\/v2\/product_brand?post=71242"},{"taxonomy":"product_cat","embeddable":true,"href":"https:\/\/soydeaqui.ddns.net\/pachuca\/index.php\/wp-json\/wp\/v2\/product_cat?post=71242"},{"taxonomy":"product_tag","embeddable":true,"href":"https:\/\/soydeaqui.ddns.net\/pachuca\/index.php\/wp-json\/wp\/v2\/product_tag?post=71242"}],"curies":[{"name":"wp","href":"https:\/\/api.w.org\/{rel}","templated":true}]}}