{"id":71236,"date":"2026-03-19T11:57:32","date_gmt":"2026-03-19T11:57:32","guid":{"rendered":"https:\/\/soydeaqui.ddns.net\/pachuca\/index.php\/producto\/cliente-ptmp-ltu-long-range-5-ghz-4-8-6-2-ghz-con-antena-integrada-de-26-dbi\/"},"modified":"2026-03-19T11:57:43","modified_gmt":"2026-03-19T11:57:43","slug":"cliente-ptmp-ltu-long-range-5-ghz-4-8-6-2-ghz-con-antena-integrada-de-26-dbi","status":"publish","type":"product","link":"https:\/\/soydeaqui.ddns.net\/pachuca\/index.php\/producto\/cliente-ptmp-ltu-long-range-5-ghz-4-8-6-2-ghz-con-antena-integrada-de-26-dbi\/","title":{"rendered":"Cliente PtMP LTU\u2122 Long Range, 5 GHz (4.8 &#8211; 6-2 GHz) con antena integrada de 26 dBi"},"content":{"rendered":"<div style='width: 100%; max-width: 1200px; margin: 0 auto; font-family: sans-serif; line-height: 1.6; color: inherit; background-color: transparent;'>\n<div style='width: 100%; background-color: #141f28; padding: 30px 0;'>\n<div style='max-width: 1200px; margin: 0 auto; padding: 0 20px;'>\n<h1 style='color: white; font-size: 32px; text-align: center; margin: 0 0 15px 0;'><strong>Tecnolog\u00eda dise\u00f1ada para WISP<\/strong><\/h1>\n<h3 style='color: #aaa; font-size: 18px; text-align: center; margin: 0;'>Eficiencia espectral inigualable&comma; resistencia al ruido y escalabilidad para alimentar redes inal\u00e1mbricas de largo alcance<\/h3>\n<\/p><\/div>\n<\/p><\/div>\n<div style='width: 100%; max-width: 1200px; margin: 30px auto; padding: 0 20px;'> <img style='width: 100%; height: auto; border: 1px solid rgba(150&comma;150&comma;150&comma;0.3); border-radius: 8px;' src='https:\/\/ftp3.syscom.mx\/usuarios\/ftp\/single_page\/ubiquiti-ltu\/1A.png' alt=''> <\/div>\n<div style='width: 100%; max-width: 1200px; margin: 30px auto; padding: 0 20px;'>\n<h2 style='color: inherit; font-size: 26px; text-align: center; margin: 0 0 15px 0;'><strong>Tecnolog\u00eda de radio de banda ancha en 5 GHz<\/strong><\/h2>\n<p style='font-size: 18px; text-align: center; margin: 0 0 15px 0;'><strong>Tecnolog\u00eda de radio de banda ancha en 5 GHz<\/strong><\/p>\n<h4 style='color: #666; font-size: 18px; text-align: center; margin: 0 0 30px 0;'>Comparaci\u00f3n de Eficiencia Espectral de 802.11n&comma; 802.11ac&comma; airFiber y LTU<\/h4>\n<div style='display: flex; flex-wrap: wrap; gap: 30px; margin-bottom: 30px;'>\n<div style='flex: 1 1 150px; min-width: 120px; text-align: center;'> <img style='width: 100%; height: auto; border: 1px solid rgba(150&comma;150&comma;150&comma;0.3); border-radius: 8px;' src='https:\/\/ftp3.syscom.mx\/usuarios\/ftp\/single_page\/ubiquiti-ltu\/i1.png' alt=''> <\/p>\n<p style='color: #666; margin-top: 15px;'>Eficiencia Espectral<\/p>\n<\/p><\/div>\n<div style='flex: 1 1 150px; min-width: 120px; text-align: center;'> <img style='width: 100%; height: auto; border: 1px solid rgba(150&comma;150&comma;150&comma;0.3); border-radius: 8px;' src='https:\/\/ftp3.syscom.mx\/usuarios\/ftp\/single_page\/ubiquiti-ltu\/i2.png' alt=''> <\/p>\n<p style='color: #666; margin-top: 15px;'>Paquetes por Segundo<\/p>\n<\/p><\/div>\n<div style='flex: 1 1 150px; min-width: 120px; text-align: center;'> <img style='width: 100%; height: auto; border: 1px solid rgba(150&comma;150&comma;150&comma;0.3); border-radius: 8px;' src='https:\/\/ftp3.syscom.mx\/usuarios\/ftp\/single_page\/ubiquiti-ltu\/i3.png' alt=''> <\/p>\n<p style='color: #666; margin-top: 15px;'>S\u00edmbolos de modulaci\u00f3n<\/p>\n<\/p><\/div>\n<\/p><\/div>\n<p> <img style='width: 100%; height: auto; border: 1px solid rgba(150&comma;150&comma;150&comma;0.3); border-radius: 8px;' src='https:\/\/ftp3.syscom.mx\/usuarios\/ftp\/single_page\/ubiquiti-ltu\/2.jpg' alt=''> <\/div>\n<div style='width: 100%; max-width: 1200px; margin: 30px auto; padding: 0 20px;'>\n<h2 style='color: inherit; font-size: 26px; text-align: center; margin: 0 0 15px 0;'><strong>Rendimiento Excepcional<\/strong><\/h2>\n<h4 style='color: #666; font-size: 18px; text-align: center; margin: 0 0 30px 0;'>Dise\u00f1ado para entornos de RF complicados<\/h4>\n<div style='display: flex; flex-wrap: wrap; gap: 20px;'>\n<div style='flex: 1 1 400px; min-width: 300px;'> <img style='width: 100%; height: auto; border: 1px solid rgba(150&comma;150&comma;150&comma;0.3); border-radius: 8px;' src='https:\/\/ftp3.syscom.mx\/usuarios\/ftp\/single_page\/ubiquiti-ltu\/gif1.gif' alt=''> <\/div>\n<div style='flex: 1 1 400px; min-width: 300px;'> <img style='width: 100%; height: auto; border: 1px solid rgba(150&comma;150&comma;150&comma;0.3); border-radius: 8px;' src='https:\/\/ftp3.syscom.mx\/usuarios\/ftp\/single_page\/ubiquiti-ltu\/gif2.gif' alt=''> <\/div>\n<\/p><\/div>\n<\/p><\/div>\n<div style='width: 100%; max-width: 1200px; margin: 30px auto; padding: 0 20px;'>\n<h2 style='color: inherit; font-size: 26px; text-align: center; margin: 0 0 15px 0;'><strong>La primera tecnolog\u00eda de PtMP personalizada de extremo a extremo<\/strong><\/h2>\n<h4 style='color: #666; font-size: 18px; text-align: center; margin: 0 0 30px 0;'>Sin tarifas de suscripci\u00f3n&comma; flujo r\u00e1pido y nuevas caracter\u00edsticas.<\/h4>\n<div style='display: flex; align-items: center; flex-wrap: wrap; gap: 30px; margin-bottom: 30px;'>\n<div style='flex: 0 0 120px;'> <img style='width: 100%; height: auto; border: 1px solid rgba(150&comma;150&comma;150&comma;0.3); border-radius: 8px;' src='https:\/\/ftp3.syscom.mx\/usuarios\/ftp\/single_page\/ubiquiti-ltu\/logo1.png' alt=''> <\/div>\n<div style='flex: 1 1 300px; min-width: 250px;'>\n<p style='color: #666; margin: 0;'>Arquitectura multi-radio que impulsa un revolucionario motor de an\u00e1lisis de RF<\/p>\n<\/p><\/div>\n<\/p><\/div>\n<p> <img style='width: 100%; height: auto; border: 1px solid rgba(150&comma;150&comma;150&comma;0.3); border-radius: 8px; margin-bottom: 30px;' src='https:\/\/ftp3.syscom.mx\/usuarios\/ftp\/single_page\/ubiquiti-ltu\/4A.jpg' alt=''> <\/div>\n<hr style='border: 0; border-top: 1px solid rgba(150&comma; 150&comma; 150&comma; 0.3); margin: 30px 0;'>\n<div style='width: 100%; max-width: 1200px; margin: 30px auto; padding: 0 20px;'>\n<div style='display: flex; flex-wrap: wrap; gap: 20px; margin-bottom: 30px;'>\n<div style='flex: 1 1 250px; border: 1px solid rgba(150&comma; 150&comma; 150&comma; 0.4); border-radius: 8px; overflow: hidden; display: flex; flex-direction: column;'>\n<div style='padding: 15px; border-bottom: 1px solid rgba(150&comma; 150&comma; 150&comma; 0.2); font-weight: bold; font-size: 18px; color: inherit;'>Especificaciones<\/div>\n<div style='padding: 15px; color: inherit;'>\n<ul style='padding-left: 20px; margin: 0; font-size: 14px; list-style-type: disc;'>\n<li style='margin-bottom: 5px;'><strong>Dimensiones:<\/strong> 512.5 x 385.75 x 258.3 mm (20.18 x 15.19 x 10.17&#8242;)<\/li>\n<li style='margin-bottom: 5px;'><strong>Peso:<\/strong> 1.360 kg (2.998 lb)<\/li>\n<li style='margin-bottom: 5px;'><strong>Peso con montaje:<\/strong> 1.735 kg (3.825 lb)<\/li>\n<li style='margin-bottom: 5px;'><strong>Interfaz de red:<\/strong> (1) 10\/100\/1000 Ethernet Port<\/li>\n<li style='margin-bottom: 5px;'><strong>Enclosure:<\/strong> Pl\u00e1stico<\/li>\n<li style='margin-bottom: 5px;'><strong>Consumo Max.:<\/strong> 8.5W<\/li>\n<li style='margin-bottom: 5px;'><strong>Fuente de alimentaci\u00f3n:<\/strong> Adaptador PoE 24V&comma; 0.5A (Incluido)<\/li>\n<li style='margin-bottom: 5px;'><strong>M\u00e9todo de alimentaci\u00f3n:<\/strong> 24V PoE Pasivo (Pairs 4&comma; 5+; 7&comma; \ud83d\ude0e<\/li>\n<li style='margin-bottom: 5px;'><strong>Rango de Voltaje:<\/strong> 22 -26V<\/li>\n<li style='margin-bottom: 5px;'><strong>Max. Conducted TX Power:<\/strong> 22 dBm (per Chain)<\/li>\n<li style='margin-bottom: 5px;'><strong>Ganancia:<\/strong> 26 dBi<\/li>\n<li style='margin-bottom: 5px;'><strong>Montaje:<\/strong> Montaje en poste (kit incluido)<\/li>\n<li style='margin-bottom: 5px;'><strong>Carga de viento:<\/strong> 550 N @ 200 km\/h (123.6 lbf @ 125 mph)<\/li>\n<li style='margin-bottom: 5px;'><strong>Supervivencia del viento:<\/strong> 200 km\/h (125 mph)<\/li>\n<li style='margin-bottom: 5px;'><strong>Protecci\u00f3n ESD\/EMP:<\/strong> \u00b1 24kV Contact\/Air<\/li>\n<li style='margin-bottom: 5px;'><strong>Rango de temperatura:<\/strong> -40 to 60\u00b0 C (-40 to 140\u00b0 F)<\/li>\n<li style='margin-bottom: 5px;'><strong>Humedad:<\/strong> 5 -95% Sin Condensaci\u00f3n<\/li>\n<li style='margin-bottom: 5px;'><strong>Certificaciones:<\/strong> CE&comma; FCC&comma; IC<\/li>\n<\/ul><\/div>\n<\/p><\/div>\n<div style='flex: 1 1 250px; border: 1px solid rgba(150&comma; 150&comma; 150&comma; 0.4); border-radius: 8px; overflow: hidden; display: flex; flex-direction: column;'>\n<div style='padding: 15px; border-bottom: 1px solid rgba(150&comma; 150&comma; 150&comma; 0.2); font-weight: bold; font-size: 18px; color: inherit;'>Rango de Frecuencia (MHz)<\/div>\n<div style='padding: 15px; color: inherit;'>\n<ul style='padding-left: 20px; margin: 0; font-size: 14px; list-style-type: disc;'>\n<li style='margin-bottom: 5px;'><strong>Worldwide:<\/strong> 2400 -2483.5*<br \/>4800 -6200*<\/li>\n<li style='margin-bottom: 5px;'><strong>US\/CA:<\/strong><br \/>U-NII-1: 5150 -5250<br \/>U-NII-2A: 5250 -5350<br \/>U-NII-2C: 5470 -5725<br \/>U-NII-3: 5725 -5850<\/li>\n<li style='margin-bottom: 5px;'><strong>EU:<\/strong> 2400 -2483.5<br \/>5150 -5875<\/li>\n<\/ul>\n<p style='font-size: 12px; color: #666; margin-top: 15px;'>*Depende de la regi\u00f3n reguladora<\/p>\n<\/p><\/div>\n<\/p><\/div>\n<\/p><\/div>\n<p style='font-size: 14px; color: #666; margin-top: 15px;'>*Para realizar enlaces PTP con los suscriptores LTU (LTU-PRO&comma; LTU-LR&comma; LTU-LITE) deben tener ambos radios el firmware actualizado a la Version 1.5.1.<\/p>\n<\/p><\/div>\n<\/p><\/div>\n","protected":false},"excerpt":{"rendered":"<p>Cliente PtMP LTU\u2122 Long Range, 5 GHz (4.8 &#8211; 6-2 GHz) con antena integrada de 26 dBi<\/p>\n","protected":false},"featured_media":71235,"comment_status":"open","ping_status":"closed","template":"","meta":[],"product_brand":[],"product_cat":[1998],"product_tag":[1999,1980,166],"class_list":{"0":"post-71236","1":"product","2":"type-product","3":"status-publish","4":"has-post-thumbnail","6":"product_cat-5-y-6-ghz","7":"product_tag-5-y-6-ghz","8":"product_tag-enlaces-ptp-y-ptmp","9":"product_tag-ubiquiti","11":"first","12":"outofstock","13":"sale","14":"shipping-taxable","15":"purchasable","16":"product-type-simple"},"_links":{"self":[{"href":"https:\/\/soydeaqui.ddns.net\/pachuca\/index.php\/wp-json\/wp\/v2\/product\/71236","targetHints":{"allow":["GET"]}}],"collection":[{"href":"https:\/\/soydeaqui.ddns.net\/pachuca\/index.php\/wp-json\/wp\/v2\/product"}],"about":[{"href":"https:\/\/soydeaqui.ddns.net\/pachuca\/index.php\/wp-json\/wp\/v2\/types\/product"}],"replies":[{"embeddable":true,"href":"https:\/\/soydeaqui.ddns.net\/pachuca\/index.php\/wp-json\/wp\/v2\/comments?post=71236"}],"wp:featuredmedia":[{"embeddable":true,"href":"https:\/\/soydeaqui.ddns.net\/pachuca\/index.php\/wp-json\/wp\/v2\/media\/71235"}],"wp:attachment":[{"href":"https:\/\/soydeaqui.ddns.net\/pachuca\/index.php\/wp-json\/wp\/v2\/media?parent=71236"}],"wp:term":[{"taxonomy":"product_brand","embeddable":true,"href":"https:\/\/soydeaqui.ddns.net\/pachuca\/index.php\/wp-json\/wp\/v2\/product_brand?post=71236"},{"taxonomy":"product_cat","embeddable":true,"href":"https:\/\/soydeaqui.ddns.net\/pachuca\/index.php\/wp-json\/wp\/v2\/product_cat?post=71236"},{"taxonomy":"product_tag","embeddable":true,"href":"https:\/\/soydeaqui.ddns.net\/pachuca\/index.php\/wp-json\/wp\/v2\/product_tag?post=71236"}],"curies":[{"name":"wp","href":"https:\/\/api.w.org\/{rel}","templated":true}]}}