{"id":71205,"date":"2026-03-19T11:56:21","date_gmt":"2026-03-19T11:56:21","guid":{"rendered":"https:\/\/soydeaqui.ddns.net\/pachuca\/index.php\/producto\/switch-poe-de-escritorio-administrado-en-la-nube-8-puertos-802-3-af-capa-2-de-55-w\/"},"modified":"2026-03-19T11:56:30","modified_gmt":"2026-03-19T11:56:30","slug":"switch-poe-de-escritorio-administrado-en-la-nube-8-puertos-802-3-af-capa-2-de-55-w","status":"publish","type":"product","link":"https:\/\/soydeaqui.ddns.net\/pachuca\/index.php\/producto\/switch-poe-de-escritorio-administrado-en-la-nube-8-puertos-802-3-af-capa-2-de-55-w\/","title":{"rendered":"Switch PoE de Escritorio Administrado en la Nube, 8 Puertos 802.3 af Capa 2  de 55 W"},"content":{"rendered":"<div style='width: 100%; max-width: 1200px; margin: 0 auto; font-family: sans-serif; line-height: 1.6; color: inherit; background-color: transparent;'>\n<div style='display: flex; flex-wrap: wrap; gap: 30px; margin-bottom: 30px;'>\n<div style='flex: 1 1 300px; min-width: 280px;'>\n<div style='display: flex; flex-direction: column; gap: 15px;'> <img style='width: 100%; height: auto; border: 1px solid rgba(150&comma;150&comma;150&comma;0.3); border-radius: 8px;' src='https:\/\/www.engeniustech.com\/wp-content\/uploads\/2019\/09\/ecs1008p-front-top.jpg' alt=''> <img style='width: 100%; height: auto; border: 1px solid rgba(150&comma;150&comma;150&comma;0.3); border-radius: 8px;' src='https:\/\/ftp3.syscom.mx\/usuarios\/alevario\/cloud-logo%20%281%29.png' alt=''> <\/p>\n<div style='display: flex; justify-content: center; gap: 15px;'> <a style='font-size: 14px; color: #3598db; text-decoration: none;' href='https:\/\/cloud.engenius.ai\/demo'>Inicie Demo Cloud<\/a> <a style='font-size: 14px; color: #005cb9; text-decoration: none;' href='https:\/\/cloud.engenius.ai\/'>Registro Cloud<\/a> <\/div>\n<\/p><\/div>\n<\/p><\/div>\n<div style='flex: 1 1 300px; min-width: 280px;'>\n<p style='font-size: 15px; color: inherit; margin-top: 0;'>Para las peque\u00f1as y medianas empresas y las empresas que necesitan administrar sus redes inal\u00e1mbricas de manera f\u00e1cil y segura sin servidores&comma; la instalaci\u00f3n y configuraci\u00f3n r\u00e1pidas de EnGenius Cloud proporciona un rendimiento confiable&comma; an\u00e1lisis predictivo e informaci\u00f3n en tiempo real para que las empresas puedan concentrarse en el crecimiento de sus negocios.<\/p>\n<\/p><\/div>\n<\/p><\/div>\n<hr style='border: 0; border-top: 1px solid rgba(150&comma; 150&comma; 150&comma; 0.3); margin: 30px 0;'>\n<div style='display: flex; flex-wrap: wrap; gap: 20px; margin-bottom: 30px;'>\n<div style='flex: 1 1 250px; border: 1px solid rgba(150&comma; 150&comma; 150&comma; 0.4); border-radius: 8px; overflow: hidden; display: flex; flex-direction: column;'>\n<div style='padding: 15px; border-bottom: 1px solid rgba(150&comma; 150&comma; 150&comma; 0.2); font-weight: bold; font-size: 18px; color: inherit;'>Especificaciones t\u00e9cnicas<\/div>\n<div style='padding: 15px; color: inherit;'>\n<ul style='padding-left: 20px; margin: 0; font-size: 14px; list-style-type: disc;'>\n<li style='margin-bottom: 5px;'><strong>Est\u00e1ndares de puertos:<\/strong><\/li>\n<ul style='padding-left: 20px; margin: 0; list-style-type: disc;'>\n<li style='margin-bottom: 5px;'>802.3 10Base-T Ethernet<\/li>\n<li style='margin-bottom: 5px;'>802.3u 100Base-TX Ethernet<\/li>\n<li style='margin-bottom: 5px;'>802.3ab 1000Base-T Ethernet<\/li>\n<li style='margin-bottom: 5px;'>802.3x Full-Duplex Control de flujo<\/li>\n<\/ul>\n<\/ul><\/div>\n<\/p><\/div>\n<div style='flex: 1 1 250px; border: 1px solid rgba(150&comma; 150&comma; 150&comma; 0.4); border-radius: 8px; overflow: hidden; display: flex; flex-direction: column;'>\n<div style='padding: 15px; border-bottom: 1px solid rgba(150&comma; 150&comma; 150&comma; 0.2); font-weight: bold; font-size: 18px; color: inherit;'>Caracter\u00edsticas<\/div>\n<div style='padding: 15px; color: inherit;'>\n<ul style='padding-left: 20px; margin: 0; font-size: 14px; list-style-type: disc;'>\n<li style='margin-bottom: 5px;'><strong>Puertos de red:<\/strong> 8 puertos 10\/100\/1000 Mbps<\/li>\n<li style='margin-bottom: 5px;'><strong>Capacidad de conmutaci\u00f3n:<\/strong> 16Gbps<\/li>\n<li style='margin-bottom: 5px;'><strong>Memoria Flash:<\/strong> 32 MB<\/li>\n<li style='margin-bottom: 5px;'><strong>Puertos compatibles con PoE:<\/strong> 1-8 (solo 802.3af)<\/li>\n<li style='margin-bottom: 5px;'><strong>Consumo total de PoE:<\/strong> 55W<\/li>\n<li style='margin-bottom: 5px;'><strong>Fuente de energ\u00eda:<\/strong> 100 ~ 240VAC&comma; 50-60Hz<\/li>\n<li style='margin-bottom: 5px;'><strong>Puertos:<\/strong> Enlace \/ Actividad \/ Velocidad (por puerto Ethernet)<\/li>\n<\/ul><\/div>\n<\/p><\/div>\n<\/p><\/div>\n<\/p><\/div>\n","protected":false},"excerpt":{"rendered":"<p>Switch PoE de Escritorio Administrado en la Nube, 8 Puertos 802.3 af Capa 2  de 55 W<\/p>\n","protected":false},"featured_media":71204,"comment_status":"open","ping_status":"closed","template":"","meta":[],"product_brand":[],"product_cat":[1986],"product_tag":[738,664,1987],"class_list":{"0":"post-71205","1":"product","2":"type-product","3":"status-publish","4":"has-post-thumbnail","6":"product_cat-switches-poe","7":"product_tag-engenius","8":"product_tag-networking","9":"product_tag-switches-poe","11":"first","12":"outofstock","13":"sale","14":"shipping-taxable","15":"purchasable","16":"product-type-simple"},"_links":{"self":[{"href":"https:\/\/soydeaqui.ddns.net\/pachuca\/index.php\/wp-json\/wp\/v2\/product\/71205","targetHints":{"allow":["GET"]}}],"collection":[{"href":"https:\/\/soydeaqui.ddns.net\/pachuca\/index.php\/wp-json\/wp\/v2\/product"}],"about":[{"href":"https:\/\/soydeaqui.ddns.net\/pachuca\/index.php\/wp-json\/wp\/v2\/types\/product"}],"replies":[{"embeddable":true,"href":"https:\/\/soydeaqui.ddns.net\/pachuca\/index.php\/wp-json\/wp\/v2\/comments?post=71205"}],"wp:featuredmedia":[{"embeddable":true,"href":"https:\/\/soydeaqui.ddns.net\/pachuca\/index.php\/wp-json\/wp\/v2\/media\/71204"}],"wp:attachment":[{"href":"https:\/\/soydeaqui.ddns.net\/pachuca\/index.php\/wp-json\/wp\/v2\/media?parent=71205"}],"wp:term":[{"taxonomy":"product_brand","embeddable":true,"href":"https:\/\/soydeaqui.ddns.net\/pachuca\/index.php\/wp-json\/wp\/v2\/product_brand?post=71205"},{"taxonomy":"product_cat","embeddable":true,"href":"https:\/\/soydeaqui.ddns.net\/pachuca\/index.php\/wp-json\/wp\/v2\/product_cat?post=71205"},{"taxonomy":"product_tag","embeddable":true,"href":"https:\/\/soydeaqui.ddns.net\/pachuca\/index.php\/wp-json\/wp\/v2\/product_tag?post=71205"}],"curies":[{"name":"wp","href":"https:\/\/api.w.org\/{rel}","templated":true}]}}