{"id":71200,"date":"2026-03-19T11:56:09","date_gmt":"2026-03-19T11:56:09","guid":{"rendered":"https:\/\/soydeaqui.ddns.net\/pachuca\/index.php\/producto\/router-lte-4-5g-cat6-profesional-4-puertos-gigabit-doble-sim-usb-wifi-802-11ac-gnss\/"},"modified":"2026-03-19T11:56:17","modified_gmt":"2026-03-19T11:56:17","slug":"router-lte-4-5g-cat6-profesional-4-puertos-gigabit-doble-sim-usb-wifi-802-11ac-gnss","status":"publish","type":"product","link":"https:\/\/soydeaqui.ddns.net\/pachuca\/index.php\/producto\/router-lte-4-5g-cat6-profesional-4-puertos-gigabit-doble-sim-usb-wifi-802-11ac-gnss\/","title":{"rendered":"Router LTE (4.5G) Cat6 Profesional, 4 Puertos Gigabit, Doble SIM, USB, WiFi 802.11ac, GNSS"},"content":{"rendered":"<div style='width: 100%; max-width: 1200px; margin: 0 auto; font-family: sans-serif; line-height: 1.6; color: inherit; background-color: transparent;'> <!-- Imagen principal --> <\/p>\n<div style='width: 100%; margin-bottom: 30px;'> <img style='width: 100%; height: auto; border: 1px solid rgba(150&comma;150&comma;150&comma;0.3); border-radius: 8px;' src='https:\/\/ftp3.syscom.mx\/usuarios\/fotos\/RUTX11\/188319-banner_rutx11_es.png' alt='Router LTE TELTONIKA RUTX11'> <\/div>\n<p> <!-- Descripci\u00f3n general --> <\/p>\n<div style='margin-bottom: 40px;'>\n<h3 style='font-size: 22px; border-bottom: 2px solid currentColor; padding-bottom: 5px; margin-top: 0; color: inherit; opacity: 0.8; text-align: center;'>Router Industrial M\u00f3vil WiFi<\/h3>\n<p style='margin: 10px 0 20px 0; color: inherit; font-size: 15px; text-align: justify;'> RUTX11 es un dispositivo muy potente equipado con Dual-SIM con conmutaci\u00f3n por error autom\u00e1tica&comma; WAN de copia de seguridad y otras caracter\u00edsticas de SW. <\/p>\n<p style='margin: 10px 0 20px 0; color: inherit; font-size: 15px; text-align: justify;'> Una amplia gama de interfaces de hardware internas permite que este producto se utilice en aplicaciones industriales hambrientas de energ\u00eda donde la velocidad y la robustez est\u00e1n en el coraz\u00f3n de la soluci\u00f3n. <\/p>\n<p style='margin: 10px 0 20px 0; color: inherit; font-size: 15px; text-align: justify;'> 4G LTE &#8211; Cat 6 DL de hasta 300 Mbps sincronizado con puertos Ethernet de 4 x 1 Gbit permite una experiencia de transferencia de datos perfecta con conmutaci\u00f3n por error autom\u00e1tico y una WAN de copia de seguridad. <\/p>\n<p style='margin: 10px 0 0 0; color: inherit; font-size: 15px; text-align: justify;'> Bluetooth LE permite que los sensores se conecten directamente al enrutador&comma; minimizando as\u00ed el ecosistema general de soluciones. <\/p>\n<\/p><\/div>\n<p> <!-- Secci\u00f3n de caracter\u00edsticas --> <\/p>\n<div style='display: flex; flex-wrap: wrap; gap: 30px; margin-bottom: 40px;'>\n<div style='flex: 1 1 300px; min-width: 280px;'>\n<h3 style='font-size: 22px; border-bottom: 2px solid currentColor; padding-bottom: 5px; margin-top: 0; color: inherit; opacity: 0.8;'>Caracter\u00edsticas<\/h3>\n<ul style='padding-left: 20px; font-size: 15px; color: inherit;'>\n<li style='margin-bottom: 5px;'>Administraci\u00f3n Remota por RMS.<\/li>\n<li style='margin-bottom: 5px;'>Construcci\u00f3n robusta en carcasa de aluminio con opci\u00f3n de montaje en riel DIN.<\/li>\n<li style='margin-bottom: 5px;'>Gran rango de operaci\u00f3n en ambientes extremos.<\/li>\n<li style='margin-bottom: 5px;'>Tama\u00f1o compacto.<\/li>\n<li style='margin-bottom: 5px;'>Alimentaci\u00f3n PoE Pasivo.<\/li>\n<\/ul><\/div>\n<div style='flex: 1 1 300px; min-width: 280px;'>\n<h3 style='font-size: 22px; border-bottom: 2px solid currentColor; padding-bottom: 5px; margin-top: 0; color: inherit; opacity: 0.8;'>Conectividad<\/h3>\n<ul style='padding-left: 20px; font-size: 15px; color: inherit;'>\n<li style='margin-bottom: 5px;'>4G (LTE) &#8211; Cat 6 hasta 300 Mbps<\/li>\n<li style='margin-bottom: 5px;'>1 Puerto WAN&comma; 10\/100\/1000 Mbps&comma; (se puede configurar como LAN)<\/li>\n<li style='margin-bottom: 5px;'>3 Puertos LAN&comma; 10\/100\/1000 Mbps<\/li>\n<li style='margin-bottom: 5px;'>WiFi Wave2 802.11 b\/g\/n\/ac&comma; Dual Band MU-MIMO<\/li>\n<li style='margin-bottom: 5px;'>Access Point (AP) &#8211; Station (STA)&comma; 2 RP-SMA<\/li>\n<li style='margin-bottom: 5px;'>Conexion por VPN (RMS)<\/li>\n<li style='margin-bottom: 5px;'>B2&comma; B4&comma; B5&comma; B7&comma; B12&comma; B13&comma; B25&comma; B26&comma; B29&comma; B30&comma; B66<\/li>\n<\/ul><\/div>\n<div style='flex: 1 1 300px; min-width: 280px;'>\n<h3 style='font-size: 22px; border-bottom: 2px solid currentColor; padding-bottom: 5px; margin-top: 0; color: inherit; opacity: 0.8;'>Hardware<\/h3>\n<ul style='padding-left: 20px; font-size: 15px; color: inherit;'>\n<li style='margin-bottom: 5px;'>CPU: Quad-core ARM Cortex A7&comma; 717 MHz<\/li>\n<li style='margin-bottom: 5px;'>RAM: 256 MB&comma; DDR3<\/li>\n<\/ul>\n<h3 style='font-size: 22px; border-bottom: 2px solid currentColor; padding-bottom: 5px; margin-top: 25px; color: inherit; opacity: 0.8;'>El\u00e9ctricas y F\u00edsicas<\/h3>\n<ul style='padding-left: 20px; font-size: 15px; color: inherit;'>\n<li style='margin-bottom: 5px;'>Alimentaci\u00f3n: 9 &#8211; 50 Vcc&comma; PoE pasivo puerto LAN<\/li>\n<li style='margin-bottom: 5px;'>Consumo: 16 W<\/li>\n<li style='margin-bottom: 5px;'>Peso: 456 g<\/li>\n<li style='margin-bottom: 5px;'>Dimensiones: 115&#215;42.2&#215;95.1 mm (An x Al x Pr)<\/li>\n<li style='margin-bottom: 5px;'>Temperatura de Operaci\u00f3n: -40 a 75\u00ba C<\/li>\n<li style='margin-bottom: 5px;'>Protecci\u00f3n de ingreso: IP30<\/li>\n<\/ul><\/div>\n<\/p><\/div>\n<p> <!-- Secci\u00f3n de videos --> <\/p>\n<div style='margin-bottom: 40px;'>\n<h3 style='font-size: 22px; border-bottom: 2px solid currentColor; padding-bottom: 5px; margin-top: 0; color: inherit; opacity: 0.8;'>Remote Management System RMS<\/h3>\n<div style='display: flex; flex-wrap: wrap; gap: 30px; margin-top: 20px;'>\n<div style='flex: 1 1 45%; min-width: 300px;'>\n<div style='position: relative; padding-bottom: 56.25%; height: 0; overflow: hidden; margin-bottom: 30px;'>   <\/div>\n<\/p><\/div>\n<div style='flex: 1 1 45%; min-width: 300px;'>\n<div style='position: relative; padding-bottom: 56.25%; height: 0; overflow: hidden; margin-bottom: 30px;'>   <\/div>\n<\/p><\/div>\n<\/p><\/div>\n<\/p><\/div>\n<\/p><\/div>\n","protected":false},"excerpt":{"rendered":"<p>Router LTE (4.5G) Cat6 Profesional, 4 Puertos Gigabit, Doble SIM, USB, WiFi 802.11ac, GNSS<\/p>\n","protected":false},"featured_media":71199,"comment_status":"open","ping_status":"closed","template":"","meta":[],"product_brand":[],"product_cat":[2036,2035,2034],"product_tag":[2039,2038,664,2037,1430],"class_list":{"0":"post-71200","1":"product","2":"type-product","3":"status-publish","4":"has-post-thumbnail","6":"product_cat-balanceadores","7":"product_cat-firewalls","8":"product_cat-routers","9":"product_tag-balanceadores","10":"product_tag-firewalls","11":"product_tag-networking","12":"product_tag-routers","13":"product_tag-teltonika","15":"first","16":"instock","17":"sale","18":"shipping-taxable","19":"purchasable","20":"product-type-simple"},"_links":{"self":[{"href":"https:\/\/soydeaqui.ddns.net\/pachuca\/index.php\/wp-json\/wp\/v2\/product\/71200","targetHints":{"allow":["GET"]}}],"collection":[{"href":"https:\/\/soydeaqui.ddns.net\/pachuca\/index.php\/wp-json\/wp\/v2\/product"}],"about":[{"href":"https:\/\/soydeaqui.ddns.net\/pachuca\/index.php\/wp-json\/wp\/v2\/types\/product"}],"replies":[{"embeddable":true,"href":"https:\/\/soydeaqui.ddns.net\/pachuca\/index.php\/wp-json\/wp\/v2\/comments?post=71200"}],"wp:featuredmedia":[{"embeddable":true,"href":"https:\/\/soydeaqui.ddns.net\/pachuca\/index.php\/wp-json\/wp\/v2\/media\/71199"}],"wp:attachment":[{"href":"https:\/\/soydeaqui.ddns.net\/pachuca\/index.php\/wp-json\/wp\/v2\/media?parent=71200"}],"wp:term":[{"taxonomy":"product_brand","embeddable":true,"href":"https:\/\/soydeaqui.ddns.net\/pachuca\/index.php\/wp-json\/wp\/v2\/product_brand?post=71200"},{"taxonomy":"product_cat","embeddable":true,"href":"https:\/\/soydeaqui.ddns.net\/pachuca\/index.php\/wp-json\/wp\/v2\/product_cat?post=71200"},{"taxonomy":"product_tag","embeddable":true,"href":"https:\/\/soydeaqui.ddns.net\/pachuca\/index.php\/wp-json\/wp\/v2\/product_tag?post=71200"}],"curies":[{"name":"wp","href":"https:\/\/api.w.org\/{rel}","templated":true}]}}