{"id":71194,"date":"2026-03-19T11:55:55","date_gmt":"2026-03-19T11:55:55","guid":{"rendered":"https:\/\/soydeaqui.ddns.net\/pachuca\/index.php\/producto\/switch-industrial-administrable-l2-8-puertos-1g-sfp-2-puertos-tp-gigabit-40-75-grados-c\/"},"modified":"2026-03-19T11:56:06","modified_gmt":"2026-03-19T11:56:06","slug":"switch-industrial-administrable-l2-8-puertos-1g-sfp-2-puertos-tp-gigabit-40-75-grados-c","status":"publish","type":"product","link":"https:\/\/soydeaqui.ddns.net\/pachuca\/index.php\/producto\/switch-industrial-administrable-l2-8-puertos-1g-sfp-2-puertos-tp-gigabit-40-75-grados-c\/","title":{"rendered":"Switch Industrial Administrable L2+, 8 Puertos 1G SFP, 2 Puertos TP Gigabit, (-40 ~75 grados C)"},"content":{"rendered":"<div style='width: 100%; max-width: 1200px; margin: 0 auto; font-family: sans-serif; line-height: 1.6; color: inherit; background-color: transparent;'> <!-- Secci\u00f3n de descripci\u00f3n principal --> <\/p>\n<div style='margin-bottom: 30px;'>\n<h3 style='font-size: 22px; border-bottom: 2px solid currentColor; padding-bottom: 5px; margin-top: 0; color: inherit; opacity: 0.8;'>Conmutador de puerto de fibra m\u00faltiple SFP para el crecimiento de redes de largo alcance de la industria y las telecomunicaciones<\/h3>\n<p style='margin: 15px 0; color: inherit; font-size: 15px;'>PLANET IGS-10080MFT es un conmutador Ethernet gestionable de Gigabit completo de 10 puertos industrial especialmente dise\u00f1ado para construir una red troncal Gigabit completa para transmitir datos confiables de alta velocidad en entornos exigentes de la industria pesada y tambi\u00e9n puede reenviar datos a una red remota a trav\u00e9s de fibra \u00f3ptica.<\/p>\n<p style='margin: 15px 0; color: inherit; font-size: 15px;'>Proporciona dos puertos de fibra \u00f3ptica SFP 100\/1000 \/ 2500BASE-X y seis 100 \/ 1000BASE-X SFP&comma; dos interfaces de cobre 10\/100 \/ 1000BASE-T adicionales entregadas en una carcasa resistente IP30 con sistema de alimentaci\u00f3n redundante. Al poder funcionar en un rango de temperatura de -40 a 75 grados C&comma; el IGS-10080MFT se puede colocar en casi cualquier entorno hostil.<\/p>\n<\/p><\/div>\n<p> <!-- Imagen principal --> <\/p>\n<div style='margin-bottom: 30px; text-align: center;'> <img style='width: 100%; height: auto; border: 1px solid rgba(150&comma;150&comma;150&comma;0.3); border-radius: 8px; max-width: 700px;' src='https:\/\/www.planet.com.tw\/storage\/products\/47783\/IGS-10080MFTv1.2-1.png' alt=''> <\/div>\n<p> <!-- Secci\u00f3n de caracter\u00edsticas principales --> <\/p>\n<div style='display: flex; flex-wrap: wrap; gap: 30px; margin-bottom: 30px;'>\n<div style='flex: 1 1 300px; min-width: 280px;'>\n<h3 style='font-size: 22px; border-bottom: 2px solid currentColor; padding-bottom: 5px; margin-top: 0; color: inherit; opacity: 0.8;'>Conmutador administrado de funci\u00f3n completa IPv6 \/ IPv4 para redes de automatizaci\u00f3n de edificios<\/h3>\n<p style='margin: 15px 0; color: inherit; font-size: 15px;'>El IGS-10080MFT es la soluci\u00f3n ideal para satisfacer la demanda del conmutador Ethernet Gigabit de administraci\u00f3n IPv6&comma; especialmente en el entorno industrial reforzado. Admite funciones de administraci\u00f3n de IPv4 e IPv6 y puede funcionar con la estructura de red original. El IGS-10080MFT proporciona conmutaci\u00f3n y redundancia de datos de capa 2 a capa 4&comma; control de tr\u00e1fico de calidad de servicio&comma; control y autenticaci\u00f3n de acceso a la red y funciones de administraci\u00f3n segura para proteger la conectividad de red industrial y de automatizaci\u00f3n del cliente.<\/p>\n<\/p><\/div>\n<div style='flex: 1 1 300px; min-width: 280px;'>\n<h3 style='font-size: 22px; border-bottom: 2px solid currentColor; padding-bottom: 5px; margin-top: 0; color: inherit; opacity: 0.8;'>Recuperaci\u00f3n r\u00e1pida a una red Ethernet redundante<\/h3>\n<p style='margin: 15px 0; color: inherit; font-size: 15px;'>El IGS-10080MFT presenta una s\u00f3lida capacidad de recuperaci\u00f3n autom\u00e1tica para evitar interrupciones e intrusiones externas. Incorporpora Rapid Spanning Protocol (RSTP)&comma; Multiple Spanning Tree (MSTP)&comma; as\u00ed como la funci\u00f3n de protecci\u00f3n de bucle que apagar\u00e1 interfaces Ethernet espec\u00edficas cuando el sistema detecte un bucle. La agregaci\u00f3n de enlaces de puertos din\u00e1micos y el sistema de energ\u00eda redundante se proporcionan a la red de automatizaci\u00f3n industrial de los clientes para mejorar la confiabilidad y el tiempo de actividad del sistema en los duros entornos de f\u00e1brica. Protege en gran medida la red industrial del cliente con capacidad de recuperaci\u00f3n de conmutaci\u00f3n que se utiliza para implementar arquitecturas de anillo tolerantes a fallas.<\/p>\n<\/p><\/div>\n<\/p><\/div>\n<p> <!-- Secci\u00f3n de caracter\u00edsticas adicionales --> <\/p>\n<div style='margin-bottom: 30px;'>\n<h3 style='font-size: 22px; border-bottom: 2px solid currentColor; padding-bottom: 5px; margin-top: 0; color: inherit; opacity: 0.8;'>Modbus TCP proporciona conectividad de red flexible para la automatizaci\u00f3n de f\u00e1bricas<\/h3>\n<p style='margin: 15px 0; color: inherit; font-size: 15px;'>Con el protocolo Modbus TCP \/ IP compatible&comma; el IGS-10080MFT puede integrarse f\u00e1cilmente con sistemas SCADA&comma; sistemas HMI y otros sistemas de adquisici\u00f3n de datos en plantas de f\u00e1brica. Permite a los administradores supervisar a distancia del interruptor de Ethernet industrial de la informaci\u00f3n operativa&comma; la informaci\u00f3n de puerto&comma; estado de la comunicaci\u00f3n&comma; y la DI y DO de estado&comma; por lo tanto lograr f\u00e1cilmente el seguimiento y el mantenimiento de toda la f\u00e1brica mejorada.<\/p>\n<\/p><\/div>\n<p> <!-- Imagen 2 --> <\/p>\n<div style='margin-bottom: 30px; text-align: center;'> <img style='width: 100%; height: auto; border: 1px solid rgba(150&comma;150&comma;150&comma;0.3); border-radius: 8px; max-width: 700px;' src='https:\/\/www.planet.com.tw\/storage\/products\/47783\/IGS-10080MFTv1.2-2.png' alt=''> <\/div>\n<p> <!-- Secci\u00f3n de caracter\u00edsticas adicionales --> <\/p>\n<div style='margin-bottom: 30px;'>\n<h3 style='font-size: 22px; border-bottom: 2px solid currentColor; padding-bottom: 5px; margin-top: 0; color: inherit; opacity: 0.8;'>Protocolo de tiempo de precisi\u00f3n 1588 para redes de computaci\u00f3n industrial<\/h3>\n<p style='margin: 15px 0; color: inherit; font-size: 15px;'>El IGS-10080MFT est\u00e1 dise\u00f1ado para aplicaciones de telecomunicaciones y Ethernet de operador&comma; y admite la entrega de servicios MEF y soluciones de temporizaci\u00f3n sobre paquetes para el Protocolo de tiempo de precisi\u00f3n IEEE 1588 y Ethernet s\u00edncrona. El protocolo puede sincronizar con precisi\u00f3n varios relojes en una red.<\/p>\n<\/p><\/div>\n<p> <!-- Imagen 3 --> <\/p>\n<div style='margin-bottom: 30px; text-align: center;'> <img style='width: 100%; height: auto; border: 1px solid rgba(150&comma;150&comma;150&comma;0.3); border-radius: 8px; max-width: 701px;' src='https:\/\/www.planet.comtw\/storage\/products\/47783\/IGS-10080MFTv1.1_3.png' alt=''> <\/div>\n<p> <!-- Secci\u00f3n de especificaciones --> <\/p>\n<div style='display: flex; flex-wrap: wrap; gap: 20px; margin-bottom: 30px;'>\n<div style='flex: 1 1 250px; border: 1px solid rgba(150&comma; 150&comma; 150&comma; 0.4); border-radius: 8px; overflow: hidden;'>\n<div style='padding: 15px; border-bottom: 1px solid rgba(150&comma; 150&comma; 150&comma; 0.2); font-weight: bold; font-size: 18px; color: inherit;'>Puerto f\u00edsico<\/div>\n<div style='padding: 15px; color: inherit;'>\n<ul style='padding-left: 20px; margin: 0; font-size: 14px; list-style-type: disc; color: inherit;'>\n<li style='margin-bottom: 5px;'><strong>2 puertos Ethernet 10\/100 \/ 1000BASE-T<\/strong> (puerto 1 al puerto 2)<\/li>\n<li style='margin-bottom: 5px;'><strong>2 puertos SFP mini-GBIC 100\/1000 \/ 2500BASE-X<\/strong> (puerto 3 al puerto 4)<\/li>\n<li style='margin-bottom: 5px;'><strong>6 puertos SFP mini-GBIC 100 \/ 1000BASE-X<\/strong> (puerto 5 al puerto 10)<\/li>\n<\/ul><\/div>\n<\/p><\/div>\n<div style='flex: 1 1 250px; border: 1px solid rgba(150&comma; 150&comma; 150&comma; 0.4); border-radius: 8px; overflow: hidden;'>\n<div style='padding: 15px; border-bottom: 1px solid rgba(150&comma; 150&comma; 150&comma; 0.2); font-weight: bold; font-size: 18px; color: inherit;'>Caja industrial \/ instalaci\u00f3n<\/div>\n<div style='padding: 15px; color: inherit;'>\n<ul style='padding-left: 20px; margin: 0; font-size: 14px; list-style-type: disc; color: inherit;'>\n<li style='margin-bottom: 5px;'>Protecci\u00f3n de caja de aluminio IP30<\/li>\n<li style='margin-bottom: 5px;'>Dise\u00f1o de montaje en pared y riel DIN<\/li>\n<li style='margin-bottom: 5px;'>Dise\u00f1o de energ\u00eda redundante<\/li>\n<\/ul>\n<p style='margin: 10px 0; color: inherit; font-size: 14px;'>&#8211; 12 a 48 V CC&comma; alimentaci\u00f3n redundante con funci\u00f3n de protecci\u00f3n contra inversi\u00f3n de polaridad<\/p>\n<p style='margin: 10px 0; color: inherit; font-size: 14px;'>&#8211; Adaptador de corriente AC 24V aceptable<\/p>\n<ul style='padding-left: 20px; margin: 0; font-size: 14px; list-style-type: disc; color: inherit;'>\n<li style='margin-bottom: 5px;'>Soporta protecci\u00f3n EFT 6000 VDC para l\u00ednea el\u00e9ctrica<\/li>\n<li style='margin-bottom: 5px;'>Admite protecci\u00f3n ESD Ethernet de 6000 V CC<\/li>\n<li style='margin-bottom: 5px;'>-40 a 75 grados C de temperatura de funcionamiento<\/li>\n<\/ul><\/div>\n<\/p><\/div>\n<div style='flex: 1 1 250px; border: 1px solid rgba(150&comma; 150&comma; 150&comma; 0.4); border-radius: 8px; overflow: hidden;'>\n<div style='padding: 15px; border-bottom: 1px solid rgba(150&comma; 150&comma; 150&comma; 0.2); font-weight: bold; font-size: 18px; color: inherit;'>Protocolo industrial<\/div>\n<div style='padding: 15px; color: inherit;'>\n<ul style='padding-left: 20px; margin: 0; font-size: 14px; list-style-type: disc; color: inherit;'>\n<li style='margin-bottom: 5px;'>Modbus TCP para monitoreo en tiempo real en sistema SCADA<\/li>\n<li style='margin-bottom: 5px;'>IEEE 1588v2 PTP (Protocolo de tiempo de precisi\u00f3n)<\/li>\n<\/ul><\/div>\n<\/p><\/div>\n<\/p><\/div>\n<p> <!-- Secci\u00f3n de especificaciones detalladas --> <\/p>\n<div style='display: flex; flex-wrap: wrap; gap: 20px; margin-bottom: 30px;'>\n<div style='flex: 1 1 250px; border: 1px solid rgba(150&comma; 150&comma; 150&comma; 0.4); border-radius: 8px; overflow: hidden;'>\n<div style='padding: 15px; border-bottom: 1px solid rgba(150&comma; 150&comma; 150&comma; 0.2); font-weight: bold; font-size: 18px; color: inherit;'>Caracter\u00edsticas de la capa 2<\/div>\n<div style='padding: 15px; color: inherit;'>\n<ul style='padding-left: 20px; margin: 0; font-size: 14px; list-style-type: disc; color: inherit;'>\n<li style='margin-bottom: 5px;'>Evita la p\u00e9rdida de paquetes con contrapresi\u00f3n (Half-Duplex) y control de flujo de tramas IEEE 802.3x PAUSE (Full-Duplex)<\/li>\n<li style='margin-bottom: 5px;'>El alto rendimiento de la arquitectura Store-and-Forward y el filtrado Runt \/ CRC eliminan los paquetes err\u00f3neos para optimizar el ancho de banda de la red<\/li>\n<li style='margin-bottom: 5px;'>Soporte de Storm Control<\/li>\n<\/ul>\n<p style='margin: 10px 0; color: inherit; font-size: 14px; padding-left: 20px;'>&#8211; Multicast \/ Unicast desconocido<\/p>\n<ul style='padding-left: 20px; margin: 0; font-size: 14px; list-style-type: disc; color: inherit;'>\n<li style='margin-bottom: 5px;'>Soporta VLAN<\/li>\n<\/ul>\n<p style='margin: 10px 0 10px 30px; color: inherit; font-size: 14px;'>&#8211; VLAN etiquetada IEEE 802.1Q<\/p>\n<p style='margin: 10px 0 10px 30px; color: inherit; font-size: 14px;'>&#8211; Hasta 255 grupos de VLAN&comma; de 4095 ID de VLAN<\/p>\n<p style='margin: 10px 0 10px 30px; color: inherit; font-size: 14px;'>&#8211; Soporte de puenteo de proveedor (VLAN Q-in-Q) (IEEE 802.1ad)<\/p>\n<p style='margin: 10px 0 10px 30px; color: inherit; font-size: 14px;'>&#8211; VLAN privada<\/p>\n<p style='margin: 10px 0 10px 30px; color: inherit; font-size: 14px;'>&#8211; VLAN basada en protocolo<\/p>\n<p style='margin: 10px 0 10px 30px; color: inherit; font-size: 14px;'>&#8211; VLAN basada en MAC<\/p>\n<p style='margin: 10px 0 10px 30px; color: inherit; font-size: 14px;'>&#8211; VLAN de voz<\/p>\n<ul style='padding-left: 20px; margin: 0; font-size: 14px; list-style-type: disc; color: inherit;'>\n<li style='margin-bottom: 5px;'>Admite el protocolo de \u00e1rbol de expansi\u00f3n<\/li>\n<\/ul>\n<p style='margin: 10px 0 10px 30px; color: inherit; font-size: 14px;'>&#8211; STP&comma; IEEE 802.1D Spanning Tree Protocol &#8211; RSTP&comma; IEEE 802.1w Rapid Spanning Tree Protocol &#8211; MSTP&comma; IEEE 802.1s Multiple Spanning Tree Protocol&comma; spanning tree por VLAN &#8211; BPDU Guard<\/p>\n<ul style='padding-left: 20px; margin: 0; font-size: 14px; list-style-type: disc; color: inherit;'>\n<li style='margin-bottom: 5px;'>Admite agregaci\u00f3n de enlaces<\/li>\n<\/ul>\n<p style='margin: 10px 0 10px 30px; color: inherit; font-size: 14px;'>&#8211; Protocolo de control de agregaci\u00f3n de enlaces 802.3ad (LACP)<\/p>\n<p style='margin: 10px 0 10px 30px; color: inherit; font-size: 14px;'>&#8211; Cisco ether-channel (troncal est\u00e1tica)<\/p>\n<p style='margin: 10px 0 10px 30px; color: inherit; font-size: 14px;'>&#8211; M\u00e1ximo 5 grupos de troncales&comma; hasta 10 puertos por grupo de troncales<\/p>\n<p style='margin: 10px 0 10px 30px; color: inherit; font-size: 14px;'>&#8211; Ancho de banda de hasta 26 Gbps (modo d\u00faplex)<\/p>\n<ul style='padding-left: 20px; margin: 0; font-size: 14px; list-style-type: disc; color: inherit;'>\n<li style='margin-bottom: 5px;'>Proporciona Port Mirror (muchos a 1)<\/li>\n<li style='margin-bottom: 5px;'>Port Mirroring para monitorear el tr\u00e1fico entrante o saliente en un puerto en particular<\/li>\n<li style='margin-bottom: 5px;'>Admite ERPS (conmutaci\u00f3n de protecci\u00f3n de anillo Ethernet)<\/li>\n<\/ul><\/div>\n<\/p><\/div>\n<div style='flex: 1 1 250px; border: 1px solid rgba(150&comma; 150&comma; 150&comma; 0.4); border-radius: 8px; overflow: hidden;'>\n<div style='padding: 15px; border-bottom: 1px solid rgba(150&comma; 150&comma; 150&comma; 0.2); font-weight: bold; font-size: 18px; color: inherit;'>Calidad de servicio<\/div>\n<div style='padding: 15px; color: inherit;'>\n<ul style='padding-left: 20px; margin: 0; font-size: 14px; list-style-type: disc; color: inherit;'>\n<li style='margin-bottom: 5px;'>Control de ancho de banda de Ingress Shaper y Egress Rate Limit por puerto<\/li>\n<li style='margin-bottom: 5px;'>8 colas de prioridad en todos los puertos del switch<\/li>\n<li style='margin-bottom: 5px;'>Clasificaci\u00f3n de tr\u00e1fico<\/li>\n<\/ul>\n<p style='margin: 10px 0 10px 30px; color: inherit; font-size: 14px;'>&#8211; CoS IEEE 802.1p<\/p>\n<p style='margin: 10px 0 10px 30px; color: inherit; font-size: 14px;'>&#8211; Precedencia IP TOS \/ DSCP \/ IP<\/p>\n<p style='margin: 10px 0 10px 30px; color: inherit; font-size: 14px;'>&#8211; N\u00famero de puerto IP TCP \/ UDP<\/p>\n<p style='margin: 10px 0 10px 30px; color: inherit; font-size: 14px;'>&#8211; Aplicaci\u00f3n de red t\u00edpica<\/p>\n<ul style='padding-left: 20px; margin: 0; font-size: 14px; list-style-type: disc; color: inherit;'>\n<li style='margin-bottom: 5px;'>Pol\u00edticas CoS de prioridad estricta y Round Robin ponderado (WRR)<\/li>\n<li style='margin-bottom: 5px;'>Admite QoS y control de ancho de banda de entrada \/ salida en cada puerto<\/li>\n<li style='margin-bottom: 5px;'>Pol\u00edticas de vigilancia del tr\u00e1fico en el puerto del conmutador<\/li>\n<li style='margin-bottom: 5px;'>Remarketing DSCP<\/li>\n<\/ul><\/div>\n<\/p><\/div>\n<div style='flex: 1 1 250px; border: 1px solid rgba(150&comma; 150&comma; 150&comma; 0.4); border-radius: 8px; overflow: hidden;'>\n<div style='padding: 15px; border-bottom: 1px solid rgba(150&comma; 150&comma; 150&comma; 0.2); font-weight: bold; font-size: 18px; color: inherit;'>Multidifusi\u00f3n<\/div>\n<div style='padding: 15px; color: inherit;'>\n<ul style='padding-left: 20px; margin: 0; font-size: 14px; list-style-type: disc; color: inherit;'>\n<li style='margin-bottom: 5px;'>Soporta IGMP Snooping v1&comma; v2 y v3<\/li>\n<li style='margin-bottom: 5px;'>Soporta MLD Snooping v1 y v2<\/li>\n<li style='margin-bottom: 5px;'>Compatibilidad con el modo de consulta<\/li>\n<li style='margin-bottom: 5px;'>Filtrado de puertos IGMP Snooping<\/li>\n<li style='margin-bottom: 5px;'>Filtrado de puertos MLD Snooping<\/li>\n<li style='margin-bottom: 5px;'>MVR (registro de VLAN de multidifusi\u00f3n)<\/li>\n<\/ul><\/div>\n<\/p><\/div>\n<div style='flex: 1 1 250px; border: 1px solid rgba(150&comma; 150&comma; 150&comma; 0.4); border-radius: 8px; overflow: hidden;'>\n<div style='padding: 15px; border-bottom: 1px solid rgba(150&comma; 150&comma; 150&comma; 0.2); font-weight: bold; font-size: 18px; color: inherit;'>Seguridad<\/div>\n<div style='padding: 15px; color: inherit;'>\n<ul style='padding-left: 20px; margin: 0; font-size: 14px; list-style-type: disc; color: inherit;'>\n<li style='margin-bottom: 5px;'>Autenticaci\u00f3n de acceso a la red IEEE 802.1x basada en puerto \/ basada en MAC<\/li>\n<li style='margin-bottom: 5px;'>Cliente RADIUS incorporado para cooperar con los servidores RADIUS<\/li>\n<li style='margin-bottom: 5px;'>Autenticaci\u00f3n de acceso de usuarios de inicio de sesi\u00f3n TACACS+<\/li>\n<li style='margin-bottom: 5px;'>Autenticaci\u00f3n de acceso de usuarios RADIUS \/ TACACS+<\/li>\n<li style='margin-bottom: 5px;'>Lista de control de acceso basada en IP (ACL)<\/li>\n<li style='margin-bottom: 5px;'>Lista de control de acceso basada en MAC<\/li>\n<li style='margin-bottom: 5px;'>Enlace de direcci\u00f3n MAC \/ IP de origen<\/li>\n<li style='margin-bottom: 5px;'><strong>Inspecci\u00f3n de DHCP<\/strong> para filtrar mensajes DHCP no confiables<\/li>\n<li style='margin-bottom: 5px;'><strong>La inspecci\u00f3n din\u00e1mica de ARP<\/strong> descarta los paquetes ARP con una direcci\u00f3n MAC inv\u00e1lida a un enlace de direcci\u00f3n IP<\/li>\n<li style='margin-bottom: 5px;'><strong>IP Source Guard<\/strong> evita los ataques de suplantaci\u00f3n de IP<\/li>\n<li style='margin-bottom: 5px;'><strong>Protecci\u00f3n de bucle<\/strong><\/li>\n<li style='margin-bottom: 5px;'>Gesti\u00f3n de acceso a la direcci\u00f3n IP para evitar intrusos no autorizados<\/li>\n<\/ul><\/div>\n<\/p><\/div>\n<div style='flex: 1 1 250px; border: 1px solid rgba(150&comma; 150&comma; 150&comma; 0.4); border-radius: 8px; overflow: hidden;'>\n<div style='padding: 15px; border-bottom: 1px solid rgba(150&comma; 150&comma; 150&comma; 0.2); font-weight: bold; font-size: 18px; color: inherit;'>Administraci\u00f3n<\/div>\n<div style='padding: 15px; color: inherit;'>\n<ul style='padding-left: 20px; margin: 0; font-size: 14px; list-style-type: disc; color: inherit;'>\n<li style='margin-bottom: 5px;'>Interfaces de conmutaci\u00f3n \/ administraci\u00f3n<\/li>\n<\/ul>\n<p style='margin: 10px 0 10px 30px; color: inherit; font-size: 14px;'>&#8211; Gesti\u00f3n de conmutadores web<\/p>\n<p style='margin: 10px 0 10px 30px; color: inherit; font-size: 14px;'>&#8211; Gesti\u00f3n remota de Telnet<\/p>\n<p style='margin: 10px 0 10px 30px; color: inherit; font-size: 14px;'>&#8211; Gesti\u00f3n de conmutadores SNMP v1&comma; v2c y v3<\/p>\n<p style='margin: 10px 0 10px 30px; color: inherit; font-size: 14px;'>&#8211; Acceso seguro SSH \/ SSL<\/p>\n<ul style='padding-left: 20px; margin: 0; font-size: 14px; list-style-type: disc; color: inherit;'>\n<li style='margin-bottom: 5px;'>Cuatro grupos RMON (historial&comma; estad\u00edsticas&comma; alarmas y eventos)<\/li>\n<\/ul>\n<p style='margin: 10px 0 10px 30px; color: inherit; font-size: 14px;'>&#8211; Gesti\u00f3n de direcciones IP \/ NTP \/ DNS IPv6<\/p>\n<ul style='padding-left: 20px; margin: 0; font-size: 14px; list-style-type: disc; color: inherit;'>\n<li style='margin-bottom: 5px;'>Cliente TFTP (Trivial File Transfer Protocol) integrado<\/li>\n<li style='margin-bottom: 5px;'>BOOTP y DHCP para la asignaci\u00f3n de direcciones IP<\/li>\n<li style='margin-bottom: 5px;'>Carga \/ descarga de firmware a trav\u00e9s de HTTP \/ TFTP<\/li>\n<li style='margin-bottom: 5px;'>Rel\u00e9 DHCP<\/li>\n<li style='margin-bottom: 5px;'>Opci\u00f3n DHCP 82<\/li>\n<li style='margin-bottom: 5px;'>Control de niveles de privilegios de usuario<\/li>\n<li style='margin-bottom: 5px;'>NTP (Protocolo de tiempo de red)<\/li>\n<li style='margin-bottom: 5px;'>PTP (Protocolo de tiempo de precisi\u00f3n)<\/li>\n<li style='margin-bottom: 5px;'>Protocolo Link Layer Discovery Protocol (LLDP)<\/li>\n<li style='margin-bottom: 5px;'>La tecnolog\u00eda de diagn\u00f3stico de cables proporciona el mecanismo para detectar e informar posibles problemas de cableado<\/li>\n<li style='margin-bottom: 5px;'>Bot\u00f3n de reinicio para reiniciar el sistema o restablecer los valores predeterminados de f\u00e1brica<\/li>\n<li style='margin-bottom: 5px;'>PLANET Smart Discovery Utility para la gesti\u00f3n de despliegues<\/li>\n<\/ul><\/div>\n<\/p><\/div>\n<\/p><\/div>\n<p> <!-- Separador final --> <\/p>\n<hr style='border: 0; border-top: 1px solid rgba(150&comma; 150&comma; 150&comma; 0.3); margin: 30px 0;'> <\/div>\n","protected":false},"excerpt":{"rendered":"<p>Switch Industrial Administrable L2+, 8 Puertos 1G SFP, 2 Puertos TP Gigabit, (-40 ~75 grados C)<\/p>\n","protected":false},"featured_media":71193,"comment_status":"open","ping_status":"closed","template":"","meta":[],"product_brand":[],"product_cat":[1984],"product_tag":[1985,664,2033],"class_list":{"0":"post-71194","1":"product","2":"type-product","3":"status-publish","4":"has-post-thumbnail","6":"product_cat-industrial","7":"product_tag-industrial","8":"product_tag-networking","9":"product_tag-planet","11":"first","12":"instock","13":"sale","14":"shipping-taxable","15":"purchasable","16":"product-type-simple"},"_links":{"self":[{"href":"https:\/\/soydeaqui.ddns.net\/pachuca\/index.php\/wp-json\/wp\/v2\/product\/71194","targetHints":{"allow":["GET"]}}],"collection":[{"href":"https:\/\/soydeaqui.ddns.net\/pachuca\/index.php\/wp-json\/wp\/v2\/product"}],"about":[{"href":"https:\/\/soydeaqui.ddns.net\/pachuca\/index.php\/wp-json\/wp\/v2\/types\/product"}],"replies":[{"embeddable":true,"href":"https:\/\/soydeaqui.ddns.net\/pachuca\/index.php\/wp-json\/wp\/v2\/comments?post=71194"}],"wp:featuredmedia":[{"embeddable":true,"href":"https:\/\/soydeaqui.ddns.net\/pachuca\/index.php\/wp-json\/wp\/v2\/media\/71193"}],"wp:attachment":[{"href":"https:\/\/soydeaqui.ddns.net\/pachuca\/index.php\/wp-json\/wp\/v2\/media?parent=71194"}],"wp:term":[{"taxonomy":"product_brand","embeddable":true,"href":"https:\/\/soydeaqui.ddns.net\/pachuca\/index.php\/wp-json\/wp\/v2\/product_brand?post=71194"},{"taxonomy":"product_cat","embeddable":true,"href":"https:\/\/soydeaqui.ddns.net\/pachuca\/index.php\/wp-json\/wp\/v2\/product_cat?post=71194"},{"taxonomy":"product_tag","embeddable":true,"href":"https:\/\/soydeaqui.ddns.net\/pachuca\/index.php\/wp-json\/wp\/v2\/product_tag?post=71194"}],"curies":[{"name":"wp","href":"https:\/\/api.w.org\/{rel}","templated":true}]}}