{"id":71183,"date":"2026-03-19T11:55:30","date_gmt":"2026-03-19T11:55:30","guid":{"rendered":"https:\/\/soydeaqui.ddns.net\/pachuca\/index.php\/producto\/cpe-de-exterior-de-5-ghz-ac-867-mbps-antena-direccional-de-23-dbi-potencia-de-29-dbm-poe-pasivo\/"},"modified":"2026-03-19T11:55:36","modified_gmt":"2026-03-19T11:55:36","slug":"cpe-de-exterior-de-5-ghz-ac-867-mbps-antena-direccional-de-23-dbi-potencia-de-29-dbm-poe-pasivo","status":"publish","type":"product","link":"https:\/\/soydeaqui.ddns.net\/pachuca\/index.php\/producto\/cpe-de-exterior-de-5-ghz-ac-867-mbps-antena-direccional-de-23-dbi-potencia-de-29-dbm-poe-pasivo\/","title":{"rendered":"CPE de Exterior de 5 GHz AC 867 Mbps, Antena direccional de 23 dBi, potencia de 29 dBm, PoE pasivo"},"content":{"rendered":"<div style='width: 100%; max-width: 1200px; margin: 0 auto; font-family: sans-serif; line-height: 1.6; color: inherit; background-color: transparent;'> <!-- Secci\u00f3n de caracter\u00edsticas con cards --> <\/p>\n<div style='display: flex; flex-wrap: wrap; gap: 20px; margin-bottom: 30px;'>\n<div style='flex: 1 1 250px; border: 1px solid rgba(150&comma; 150&comma; 150&comma; 0.4); border-radius: 8px; overflow: hidden; display: flex; flex-direction: column;'>\n<div style='padding: 15px; border-bottom: 1px solid rgba(150&comma; 150&comma; 150&comma; 0.2); font-weight: bold; font-size: 18px; color: inherit;'>CARACTER\u00cdSTICAS DE HARDWARE<\/div>\n<div style='padding: 15px; color: inherit;'>\n<ul style='padding-left: 20px; margin: 0; font-size: 14px; list-style-type: disc; color: inherit;'>\n<li style='margin-bottom: 5px;'><strong>Procesador:<\/strong> Qualcomm 750MHz CPU&comma; MIPS 74Kc<\/li>\n<li style='margin-bottom: 5px;'><strong>Memoria:<\/strong> 128 MB DDR2 RAM&comma; 16 MB Flash<\/li>\n<li style='margin-bottom: 5px;'><strong>Interfaz:<\/strong> 1 Puerto 10\/100\/1000 Mbps Shielded Ethernet (LAN\/POE)&comma; 1 Bot\u00f3n Reset<\/li>\n<li style='margin-bottom: 5px;'><strong>Fuente de Alimentaci\u00f3n:<\/strong> Passive Power over Ethernet via LAN (+4&comma;5pins; -7&comma;8pins)&comma; Voltage range: 16-27V DC<\/li>\n<li style='margin-bottom: 5px;'><strong>Dimensiones:<\/strong> 366 x 280 x 207 mm (14.4 x 11.0 x 8.1 in.)<\/li>\n<li style='margin-bottom: 5px;'><strong>Ganancia de Antena:<\/strong> 23 dBi<\/li>\n<li style='margin-bottom: 5px;'><strong>Ancho de Haz de la Antena:<\/strong> 9\u00b0 (Azimuth)\/7\u00b0 (Elevation)<\/li>\n<li style='margin-bottom: 5px;'><strong>Protecci\u00f3n:<\/strong> 15 KV Protecci\u00f3n ESD&comma; 6 KV Protecci\u00f3n contra rayos<\/li>\n<li style='margin-bottom: 5px;'><strong>Carcasa:<\/strong> Material: Plastico Exterior PC&comma; Prueba Intemperie: IP65 Dise\u00f1o anti agua y polvo<\/li>\n<\/ul><\/div>\n<\/p><\/div>\n<div style='flex: 1 1 250px; border: 1px solid rgba(150&comma; 150&comma; 150&comma; 0.4); border-radius: 8px; overflow: hidden; display: flex; flex-direction: column;'>\n<div style='padding: 15px; border-bottom: 1px solid rgba(150&comma; 150&comma; 150&comma; 0.2); font-weight: bold; font-size: 18px; color: inherit;'>CARACTER\u00cdSTICAS INAL\u00c1MBRICAS<\/div>\n<div style='padding: 15px; color: inherit;'>\n<ul style='padding-left: 20px; margin: 0; font-size: 14px; list-style-type: disc; color: inherit;'>\n<li style='margin-bottom: 5px;'><strong>Est\u00e1ndares Inal\u00e1mbricos:<\/strong> IEEE 802.11a\/n\/ac<\/li>\n<li style='margin-bottom: 5px;'><strong>Velocidad Inal\u00e1mbrica:<\/strong> Up to 867 Mbps (80 MHz&comma; Dynamic)&comma; Up to 400 Mbps (40 MHz&comma; Dynamic)&comma; Up to 173.4 Mbps (20 MHz&comma; Dynamic)<\/li>\n<li style='margin-bottom: 5px;'><strong>Frecuencia:<\/strong> 5.15~5.85 GHz<\/li>\n<li style='margin-bottom: 5px;'><strong>Potencia de Transmisi\u00f3n:<\/strong> Max. 27 dBm (Potencia ajustable 1dBm)<\/li>\n<\/ul><\/div>\n<\/p><\/div>\n<div style='flex: 1 1 250px; border: 1px solid rgba(150&comma; 150&comma; 150&comma; 0.4); border-radius: 8px; overflow: hidden; display: flex; flex-direction: column;'>\n<div style='padding: 15px; border-bottom: 1px solid rgba(150&comma; 150&comma; 150&comma; 0.2); font-weight: bold; font-size: 18px; color: inherit;'>CARACTER\u00cdSTICAS DE SOFTWARE<\/div>\n<div style='padding: 15px; color: inherit;'>\n<ul style='padding-left: 20px; margin: 0; font-size: 14px; list-style-type: disc; color: inherit;'>\n<li style='margin-bottom: 5px;'><strong>Configuraci\u00f3n de Red:<\/strong> WAN: est\u00e1tico \/ din\u00e1mico \/ PPPoE&comma; LAN: Est\u00e1tica \/ Din\u00e1mica \/ DHCP&comma; Reenv\u00edo: ALG \/ UPnP \/ Servidor virtual \/ Activador de puertos&comma; Seguridad: Firewall SPI \/ Ping prohibido \/ Protecci\u00f3n DoS&comma; Control de acceso&comma; enrutamiento estatico&comma; Control de Ancho de Banda&comma; Enlace de IP y MAC<\/li>\n<li style='margin-bottom: 5px;'><strong>Configuraciones Inal\u00e1mbricas:<\/strong> Ancho de canal seleccionable: 20\/40\/80 MHz&comma; Selecci\u00f3n autom\u00e1tica de canales&comma; Control de potencia de transmisi\u00f3n&comma; Selecci\u00f3n de frecuencia din\u00e1mica (DFS)&comma; WDS Habilitar \/ Deshabilitar&comma; Seguridad: Cifrado WPA \/ WPA2&comma; WPA-PSK \/ WPA2-PSK (AES \/ TKIP)&comma; SSID Broadcast Habilitar \/ Deshabilitar&comma; Multi-SSID con etiquetado VLAN (solo modo AP)&comma; Distancia \/ Configuraci\u00f3n de tiempo de espera ACK&comma; filtro direcci\u00f3n MAC in\u00e1lambrico&comma; Inal\u00e1mbrica avanzada: Intervalo de baliza \/ Umbral RTS \/ Umbral de fragmentaci\u00f3n \/ Intervalo DTIM \/ Aislamiento AP \/ GI corto \/ Multimedia Wi-Fi&comma; PtP de largo alcance<\/li>\n<li style='margin-bottom: 5px;'><strong>Gesti\u00f3n:<\/strong> Descubrimiento y gesti\u00f3n remota a trav\u00e9s de la aplicaci\u00f3n Pharos Control&comma; Administraci\u00f3n basada en web HTTP \/ HTTPS&comma; Registro del sistema&comma; Agente SNMP (v2c)&comma; Ping Watch Dog&comma; DDNS din\u00e1mico&comma; Servidor SSH<\/li>\n<li style='margin-bottom: 5px;'><strong>Herramientas Del Sistema:<\/strong> Indicadores: intensidad de la se\u00f1al \/ ruido \/ transmisi\u00f3n CCQ \/ CPU \/ memoria&comma; Monitores: Rendimiento \/ Estaciones \/ Interfaces \/ ARP \/ Rutas \/ WAN \/ DHCP&comma; Analizador de espectro&comma; Prueba de velocidad&comma; Silbido&comma; Traceroute&comma; Alineaci\u00f3n de la antena<\/li>\n<li style='margin-bottom: 5px;'><strong>Optimizaciones Nivel de Sistema:<\/strong> IGMP Snooping Optimizado \/ Proxy para aplicaciones multicast<\/li>\n<\/ul><\/div>\n<\/p><\/div>\n<div style='flex: 1 1 250px; border: 1px solid rgba(150&comma; 150&comma; 150&comma; 0.4); border-radius: 8px; overflow: hidden; display: flex; flex-direction: column;'>\n<div style='padding: 15px; border-bottom: 1px solid rgba(150&comma; 150&comma; 150&comma; 0.2); font-weight: bold; font-size: 18px; color: inherit;'>CARACTER\u00cdSTICAS DE ADAPTADOR POE<\/div>\n<div style='padding: 15px; color: inherit;'>\n<ul style='padding-left: 20px; margin: 0; font-size: 14px; list-style-type: disc; color: inherit;'>\n<li style='margin-bottom: 5px;'><strong>Dimensiones(W*D*H):<\/strong> 85.8\u00d743.9\u00d729.7 mm<\/li>\n<li style='margin-bottom: 5px;'><strong>Interfaces:<\/strong> 1 Toma AC con protecci\u00f3n tierra&comma; 1 Puerto \u00d7 10\/100\/1000 Mbps Shielded Ethernet (Energ\u00eda + Datos)&comma; 1 Puerto\u00d7 10\/100\/1000 Mbps Shielded Ethernet (Datos)<\/li>\n<li style='margin-bottom: 5px;'><strong>Bot\u00f3n:<\/strong> Bot\u00f3n Reset Remoto<\/li>\n<li style='margin-bottom: 5px;'><strong>LEDs de Estado Power:<\/strong> Green<\/li>\n<li style='margin-bottom: 5px;'><strong>Entrada:<\/strong> 100-240VAC&comma; 50\/60Hz<\/li>\n<li style='margin-bottom: 5px;'><strong>Salida:<\/strong> 24VDC&comma; 0.5A Max&comma; +4&comma; 5pins; -7&comma; 8pins. (Soporte hasta 60m Energ\u00eda sobre Ethernet)<\/li>\n<li style='margin-bottom: 5px;'><strong>Eficiencia:<\/strong> >84.29%<\/li>\n<li style='margin-bottom: 5px;'><strong>Certificaciones:<\/strong> CE\/FCC\/UL\/IC\/GS\/PSB\/C-tick\/SAA\/S-Mark\/KC-mark<\/li>\n<\/ul><\/div>\n<\/p><\/div>\n<div style='flex: 1 1 250px; border: 1px solid rgba(150&comma; 150&comma; 150&comma; 0.4); border-radius: 8px; overflow: hidden; display: flex; flex-direction: column;'>\n<div style='padding: 15px; border-bottom: 1px solid rgba(150&comma; 150&comma; 150&comma; 0.2); font-weight: bold; font-size: 18px; color: inherit;'>OTROS<\/div>\n<div style='padding: 15px; color: inherit;'>\n<ul style='padding-left: 20px; margin: 0; font-size: 14px; list-style-type: disc; color: inherit;'>\n<li style='margin-bottom: 5px;'><strong>Certificaciones:<\/strong> CE&comma; FCC&comma; RoHS&comma; IP65&comma; IC<\/li>\n<li style='margin-bottom: 5px;'><strong>Contenido del Paquete:<\/strong> Outdoor Wireless CPE&comma; Adaptador 24V 0.5A PoE Passivo PoE&comma; Kit Montaje en M\u00e1stil&comma; Cable de energ\u00eda AC&comma; Gu\u00eda de Instalaci\u00f3n<\/li>\n<li style='margin-bottom: 5px;'><strong>Requisitos del sistema:<\/strong> Microsoft Windows 98SE&comma; NT&comma; 2000&comma; XP&comma; Vista\u2122 or Windows 10&comma; Windows 8&comma; Windows 7&comma; MAC OS&comma; NetWare&comma; UNIX o Linux. Nota: se recomienda el uso de los siguiente navegadores web: Google Chrome&comma; Safari&comma; Firefox.<\/li>\n<li style='margin-bottom: 5px;'><strong>Factores Ambientales:<\/strong> Temperatura en funcionamiento: -40\u00b0C~70\u00b0C (-40\u00e2\u201e\u2030~158\u00e2\u201e\u2030)&comma; Temperatura de almacenamiento: -40\u00e2\u201e\u0192~70\u00e2\u201e\u0192 (-40\u00e2\u201e\u2030~158\u00e2\u201e\u2030)&comma; Humedad en funcionamiento: 10%~90% sin condensaci\u00f3n&comma; Humedad de almacenamiento: 5%~95% sin condensaci\u00f3n<\/li>\n<\/ul><\/div>\n<\/p><\/div>\n<\/p><\/div>\n<p> <!-- Separador --> <\/p>\n<hr style='border: 0; border-top: 1px solid rgba(150&comma; 150&comma; 150&comma; 0.3); margin: 30px 0;'> <\/div>\n","protected":false},"excerpt":{"rendered":"<p>CPE de Exterior de 5 GHz AC 867 Mbps, Antena direccional de 23 dBi, potencia de 29 dBm, PoE pasivo<\/p>\n","protected":false},"featured_media":71182,"comment_status":"open","ping_status":"closed","template":"","meta":[],"product_brand":[],"product_cat":[1998],"product_tag":[1999,1980,71],"class_list":{"0":"post-71183","1":"product","2":"type-product","3":"status-publish","4":"has-post-thumbnail","6":"product_cat-5-y-6-ghz","7":"product_tag-5-y-6-ghz","8":"product_tag-enlaces-ptp-y-ptmp","9":"product_tag-tp-link","11":"first","12":"instock","13":"sale","14":"shipping-taxable","15":"purchasable","16":"product-type-simple"},"_links":{"self":[{"href":"https:\/\/soydeaqui.ddns.net\/pachuca\/index.php\/wp-json\/wp\/v2\/product\/71183","targetHints":{"allow":["GET"]}}],"collection":[{"href":"https:\/\/soydeaqui.ddns.net\/pachuca\/index.php\/wp-json\/wp\/v2\/product"}],"about":[{"href":"https:\/\/soydeaqui.ddns.net\/pachuca\/index.php\/wp-json\/wp\/v2\/types\/product"}],"replies":[{"embeddable":true,"href":"https:\/\/soydeaqui.ddns.net\/pachuca\/index.php\/wp-json\/wp\/v2\/comments?post=71183"}],"wp:featuredmedia":[{"embeddable":true,"href":"https:\/\/soydeaqui.ddns.net\/pachuca\/index.php\/wp-json\/wp\/v2\/media\/71182"}],"wp:attachment":[{"href":"https:\/\/soydeaqui.ddns.net\/pachuca\/index.php\/wp-json\/wp\/v2\/media?parent=71183"}],"wp:term":[{"taxonomy":"product_brand","embeddable":true,"href":"https:\/\/soydeaqui.ddns.net\/pachuca\/index.php\/wp-json\/wp\/v2\/product_brand?post=71183"},{"taxonomy":"product_cat","embeddable":true,"href":"https:\/\/soydeaqui.ddns.net\/pachuca\/index.php\/wp-json\/wp\/v2\/product_cat?post=71183"},{"taxonomy":"product_tag","embeddable":true,"href":"https:\/\/soydeaqui.ddns.net\/pachuca\/index.php\/wp-json\/wp\/v2\/product_tag?post=71183"}],"curies":[{"name":"wp","href":"https:\/\/api.w.org\/{rel}","templated":true}]}}