{"id":71181,"date":"2026-03-19T11:55:25","date_gmt":"2026-03-19T11:55:25","guid":{"rendered":"https:\/\/soydeaqui.ddns.net\/pachuca\/index.php\/producto\/fundamentos-de-rf-principios-de-una-antena-comunicacion-de-una-antena-comunicaciones-digitales-principio-basico-de-alineacion-alineacion-en-ptp\/"},"modified":"2026-03-19T11:55:26","modified_gmt":"2026-03-19T11:55:26","slug":"fundamentos-de-rf-principios-de-una-antena-comunicacion-de-una-antena-comunicaciones-digitales-principio-basico-de-alineacion-alineacion-en-ptp","status":"publish","type":"product","link":"https:\/\/soydeaqui.ddns.net\/pachuca\/index.php\/producto\/fundamentos-de-rf-principios-de-una-antena-comunicacion-de-una-antena-comunicaciones-digitales-principio-basico-de-alineacion-alineacion-en-ptp\/","title":{"rendered":"Fundamentos  de RF, principios de una antena, comunicaci\u00f3n de una antena, comunicaciones digitales, principio b\u00e1sico de alineaci\u00f3n, alineaci\u00f3n en PTP"},"content":{"rendered":"<div style='width: 100%; max-width: 1200px; margin: 0 auto; font-family: sans-serif; line-height: 1.6; color: inherit; background-color: transparent;'> <!-- Secci\u00f3n de objetivo --> <\/p>\n<div style='margin-bottom: 30px;'>\n<h3 style='font-size: 22px; border-bottom: 2px solid currentColor; padding-bottom: 5px; margin-top: 0; color: inherit; opacity: 0.8;'>Objetivo<\/h3>\n<p style='font-size: 15px; color: inherit; margin-top: 15px;'>Al t\u00e9rmino del curso el participante conocer\u00e1 los principios y propagaci\u00f3n de RF&comma; conocimiento sobre la comunicaci\u00f3n y comunicaciones digitales&comma; as\u00ed como los principios b\u00e1sicos de alineaci\u00f3n y dominio de alineaci\u00f3n en un enlace PTP.<\/p>\n<\/p><\/div>\n<p> <!-- Secci\u00f3n de descripci\u00f3n --> <\/p>\n<div style='margin-bottom: 30px;'>\n<h3 style='font-size: 22px; border-bottom: 2px solid currentColor; padding-bottom: 5px; margin-top: 0; color: inherit; opacity: 0.8;'>Descripci\u00f3n<\/h3>\n<p style='font-size: 15px; color: inherit; margin-top: 15px;'>El curso express de RF y alineaci\u00f3n de antenas resume cuidadosamente todos los conceptos y fundamentos para aprender las mejores pr\u00e1cticas y conocer el equipamiento ideal para implementar enlaces PTP&comma; mantener redes WISP estable&comma; con el mejor rendimiento y capacidad. Capacite a su equipo de trabajo con este entrenamiento especialmente dise\u00f1ado para aprender remotamente de forma efectiva.<\/p>\n<\/p><\/div>\n<p> <!-- Secci\u00f3n de a qui\u00e9n va dirigido --> <\/p>\n<div style='margin-bottom: 30px;'>\n<h3 style='font-size: 22px; border-bottom: 2px solid currentColor; padding-bottom: 5px; margin-top: 0; color: inherit; opacity: 0.8;'>A qui\u00e9n est\u00e1 dirigido<\/h3>\n<p style='font-size: 15px; color: inherit; margin-top: 15px;'>T\u00e9cnicos instaladores&comma; empresas de telecomunicaciones e integradores de servicios de red.<\/p>\n<\/p><\/div>\n<p> <!-- Secci\u00f3n de temario --> <\/p>\n<div style='margin-bottom: 30px;'>\n<h3 style='font-size: 22px; border-bottom: 2px solid currentColor; padding-bottom: 5px; margin-top: 0; color: inherit; opacity: 0.8;'>Temario<\/h3>\n<div style='margin-top: 15px;'>\n<h4 style='font-size: 18px; color: inherit; margin-top: 0; margin-bottom: 10px;'><strong>1. Principios b\u00e1sicos de RF<\/strong><\/h4>\n<ul style='padding-left: 20px; font-size: 15px; color: inherit; list-style-type: disc;'>\n<li style='margin-bottom: 5px;'>\u00bfQu\u00e9 es un sistema de comunicaci\u00f3n?<\/li>\n<li style='margin-bottom: 5px;'>Conceptos de comunicaci\u00f3n inal\u00e1mbrica<\/li>\n<li style='margin-bottom: 5px;'>Espectro Electromagn\u00e9tico<\/li>\n<li style='margin-bottom: 5px;'>Caracter\u00edsticas de una onda<\/li>\n<\/ul>\n<h4 style='font-size: 18px; color: inherit; margin-top: 20px; margin-bottom: 10px;'><strong>2. Antenas<\/strong><\/h4>\n<ul style='padding-left: 20px; font-size: 15px; color: inherit; list-style-type: disc;'>\n<li style='margin-bottom: 5px;'>\u00bfQu\u00e9 es una antena?<\/li>\n<li style='margin-bottom: 5px;'>Par\u00e1metros de una antena<\/li>\n<li style='margin-bottom: 5px;'>Diagramas de radiaci\u00f3n de una antena<\/li>\n<li style='margin-bottom: 5px;'>Ganancia de una antena<\/li>\n<li style='margin-bottom: 5px;'>Eficiencia de una antena<\/li>\n<li style='margin-bottom: 5px;'>Polarizaci\u00f3n de una antena<\/li>\n<\/ul>\n<h4 style='font-size: 18px; color: inherit; margin-top: 20px; margin-bottom: 10px;'><strong>3. Conceptos de las comunicaciones digitales<\/strong><\/h4>\n<ul style='padding-left: 20px; font-size: 15px; color: inherit; list-style-type: disc;'>\n<li style='margin-bottom: 5px;'>Introducci\u00f3n a una comunicaci\u00f3n digital<\/li>\n<li style='margin-bottom: 5px;'>Duplexaci\u00f3n<\/li>\n<li style='margin-bottom: 5px;'>Multiplexaci\u00f3n<\/li>\n<li style='margin-bottom: 5px;'>Modulaci\u00f3n<\/li>\n<\/ul>\n<h4 style='font-size: 18px; color: inherit; margin-top: 20px; margin-bottom: 10px;'><strong>4. Alineaci\u00f3n de antenas<\/strong><\/h4>\n<ul style='padding-left: 20px; font-size: 15px; color: inherit; list-style-type: disc;'>\n<li style='margin-bottom: 5px;'>Ejemplo pr\u00e1ctico con antenas<\/li>\n<li style='margin-bottom: 5px;'>Verificar modulaci\u00f3n y estabilidad del enlace<\/li>\n<\/ul><\/div>\n<\/p><\/div>\n<p> <!-- Secci\u00f3n de requisitos --> <\/p>\n<div style='margin-bottom: 30px;'>\n<h3 style='font-size: 22px; border-bottom: 2px solid currentColor; padding-bottom: 5px; margin-top: 0; color: inherit; opacity: 0.8;'>Requisitos<\/h3>\n<ul style='padding-left: 20px; font-size: 15px; color: inherit; list-style-type: disc; margin-top: 15px;'>\n<li style='margin-bottom: 5px;'>Estar registrado como integrador SYSCOM<\/li>\n<li style='margin-bottom: 5px;'>Computadora con acceso estable a internet<\/li>\n<li style='margin-bottom: 5px;'>Altamente recomendado usar aud\u00edfonos para una mejor experiencia<\/li>\n<li style='margin-bottom: 5px;'>Libreta y pluma a la mano para facilitar tomar apuntes<\/li>\n<\/ul><\/div>\n<\/p><\/div>\n","protected":false},"excerpt":{"rendered":"<p>Fundamentos  de RF, principios de una antena, comunicaci\u00f3n de una antena, comunicaciones digitales, principio b\u00e1sico de alineaci\u00f3n, alineaci\u00f3n en PTP<\/p>\n","protected":false},"featured_media":71180,"comment_status":"open","ping_status":"closed","template":"","meta":[],"product_brand":[],"product_cat":[1998],"product_tag":[1999,1980,1729],"class_list":{"0":"post-71181","1":"product","2":"type-product","3":"status-publish","4":"has-post-thumbnail","6":"product_cat-5-y-6-ghz","7":"product_tag-5-y-6-ghz","8":"product_tag-enlaces-ptp-y-ptmp","9":"product_tag-netpoint","11":"first","12":"outofstock","13":"sale","14":"shipping-taxable","15":"purchasable","16":"product-type-simple"},"_links":{"self":[{"href":"https:\/\/soydeaqui.ddns.net\/pachuca\/index.php\/wp-json\/wp\/v2\/product\/71181","targetHints":{"allow":["GET"]}}],"collection":[{"href":"https:\/\/soydeaqui.ddns.net\/pachuca\/index.php\/wp-json\/wp\/v2\/product"}],"about":[{"href":"https:\/\/soydeaqui.ddns.net\/pachuca\/index.php\/wp-json\/wp\/v2\/types\/product"}],"replies":[{"embeddable":true,"href":"https:\/\/soydeaqui.ddns.net\/pachuca\/index.php\/wp-json\/wp\/v2\/comments?post=71181"}],"wp:featuredmedia":[{"embeddable":true,"href":"https:\/\/soydeaqui.ddns.net\/pachuca\/index.php\/wp-json\/wp\/v2\/media\/71180"}],"wp:attachment":[{"href":"https:\/\/soydeaqui.ddns.net\/pachuca\/index.php\/wp-json\/wp\/v2\/media?parent=71181"}],"wp:term":[{"taxonomy":"product_brand","embeddable":true,"href":"https:\/\/soydeaqui.ddns.net\/pachuca\/index.php\/wp-json\/wp\/v2\/product_brand?post=71181"},{"taxonomy":"product_cat","embeddable":true,"href":"https:\/\/soydeaqui.ddns.net\/pachuca\/index.php\/wp-json\/wp\/v2\/product_cat?post=71181"},{"taxonomy":"product_tag","embeddable":true,"href":"https:\/\/soydeaqui.ddns.net\/pachuca\/index.php\/wp-json\/wp\/v2\/product_tag?post=71181"}],"curies":[{"name":"wp","href":"https:\/\/api.w.org\/{rel}","templated":true}]}}